{"id":65175,"date":"2022-01-22T19:24:49","date_gmt":"2022-01-22T18:24:49","guid":{"rendered":"https:\/\/demoweb.info\/sexshop001\/producto\/3-piece-ball-stretcher-training-set-negro\/"},"modified":"2022-01-22T19:25:11","modified_gmt":"2022-01-22T18:25:11","slug":"3-piece-ball-stretcher-training-set-negro","status":"publish","type":"product","link":"https:\/\/demoweb.info\/sexshop001\/producto\/3-piece-ball-stretcher-training-set-negro\/","title":{"rendered":"3 PIECE BALL STRETCHER TRAINING SET NEGRO"},"content":{"rendered":"<\/p>\n<p><strong>3 PIECE BALL STRETCHER TRAINING SET BLACK<\/strong><\/p>\n<p>Este conjunto de Isabella Sinclaire de 4 piezas , incluye 3 arneses de escroto ajustables, hechos de un material de cuero PU f\u00e1cil de limpiar y duradero. La correa tiene un cierre de gancho simple con presilla para la mu\u00f1eca y mucha longitud para controlar o dirigir a su sujeto. Incluso puede colocar pesas, cuerdas u otros accesorios como lo desee. El metal no contiene n\u00edquel para evitar irritaciones y el material se limpia f\u00e1cilmente.<\/p>\n<p>Una de las Dominas m\u00e1s buscadas en el mundo, Isabella Sinclaire ha sido un pilar de la comunidad fetichista y un \u00edcono fetichista desde 1993 y una de las primeras Pro Dommes con presencia en l\u00ednea. Ella es una experta venerada con un conocimiento incomparable sobre todo tipo de actividades BDSM y un profundo conocimiento para aquellos que participan en ellas. Isabella Sinclaire tambi\u00e9n es una estrella de cine internacional que ha creado o protagonizado m\u00e1s de 60 pel\u00edculas de BDSM.<\/p>\n<p>La Colecci\u00f3n Signature de Isabella Sinclaire presenta herramientas personalmente seleccionadas por Isabella Sinclaire para su satisfacci\u00f3n. Cada pieza refleja su estilo, sofisticaci\u00f3n, habilidad y clase.<\/p>\n<p>Medidas: Peque\u00f1o: 1 pulgada de di\u00e1metro; Mediano: 1.5 pulgadas de di\u00e1metro; Grande: 2 pulgadas de di\u00e1metro. La correa mide 37 pulgadas de largo<\/p>\n<ul>\n<li>Dimensiones del producto    94 x 2,5 cm<\/li>\n<li>Peso del producto    254,00 gram<\/li>\n<li>Di\u00e1metro del producto    3,8 cm<\/li>\n<li>Di\u00e1metro interno    2,0 cm<\/li>\n<li>Materiales    PU leather, metal<\/li>\n<\/ul>\n","protected":false},"excerpt":{"rendered":"<p>3 PIECE BALL STRETCHER TRAINING SET BLACK Este conjunto de Isabella Sinclaire de 4 piezas , incluye 3 arneses de<\/p>\n","protected":false},"featured_media":65176,"comment_status":"open","ping_status":"open","template":"","meta":[],"product_cat":[508],"product_tag":[274],"class_list":["post-65175","product","type-product","status-publish","has-post-thumbnail","hentry","product_cat-cuero","product_tag-xr-brands"],"bundled_by":[],"bundle_stock_status":"instock","bundle_stock_quantity":2,"bundle_virtual":false,"bundle_layout":"","bundle_add_to_cart_form_location":"","bundle_editable_in_cart":false,"bundle_sold_individually_context":"","bundle_item_grouping":"","bundle_min_size":"","bundle_max_size":"","bundled_items":[],"yoast_head":"<!-- This site is optimized with the Yoast SEO plugin v20.6 - https:\/\/yoast.com\/wordpress\/plugins\/seo\/ -->\n<title>3 PIECE BALL STRETCHER TRAINING SET NEGRO - Tienda Er\u00f3tica<\/title>\n<meta name=\"robots\" content=\"noindex, follow, max-snippet:-1, max-image-preview:large, max-video-preview:-1\" \/>\n<meta property=\"og:locale\" content=\"es_ES\" \/>\n<meta property=\"og:type\" content=\"article\" \/>\n<meta property=\"og:title\" content=\"3 PIECE BALL STRETCHER TRAINING SET NEGRO - Tienda Er\u00f3tica\" \/>\n<meta property=\"og:description\" content=\"3 PIECE BALL STRETCHER TRAINING SET BLACK Este conjunto de Isabella Sinclaire de 4 piezas , incluye 3 arneses de\" \/>\n<meta property=\"og:url\" content=\"https:\/\/demoweb.info\/sexshop001\/producto\/3-piece-ball-stretcher-training-set-negro\/\" \/>\n<meta property=\"og:site_name\" content=\"Tienda Er\u00f3tica\" \/>\n<meta property=\"article:modified_time\" content=\"2022-01-22T18:25:11+00:00\" \/>\n<meta property=\"og:image\" content=\"https:\/\/demoweb.info\/sexshop001\/wp-content\/uploads\/2022\/01\/3-PIECE-BALL-STRETCHER-TRAINING-SET-NEGRO.jpg\" \/>\n\t<meta property=\"og:image:width\" content=\"550\" \/>\n\t<meta property=\"og:image:height\" content=\"550\" \/>\n\t<meta property=\"og:image:type\" content=\"image\/jpeg\" \/>\n<meta name=\"twitter:card\" content=\"summary_large_image\" \/>\n<meta name=\"twitter:label1\" content=\"Tiempo de lectura\" \/>\n\t<meta name=\"twitter:data1\" content=\"1 minuto\" \/>\n<script type=\"application\/ld+json\" class=\"yoast-schema-graph\">{\"@context\":\"https:\/\/schema.org\",\"@graph\":[{\"@type\":\"WebPage\",\"@id\":\"https:\/\/demoweb.info\/sexshop001\/producto\/3-piece-ball-stretcher-training-set-negro\/\",\"url\":\"https:\/\/demoweb.info\/sexshop001\/producto\/3-piece-ball-stretcher-training-set-negro\/\",\"name\":\"3 PIECE BALL STRETCHER TRAINING SET NEGRO - Tienda Er\u00f3tica\",\"isPartOf\":{\"@id\":\"https:\/\/demoweb.info\/sexshop001\/#website\"},\"datePublished\":\"2022-01-22T18:24:49+00:00\",\"dateModified\":\"2022-01-22T18:25:11+00:00\",\"breadcrumb\":{\"@id\":\"https:\/\/demoweb.info\/sexshop001\/producto\/3-piece-ball-stretcher-training-set-negro\/#breadcrumb\"},\"inLanguage\":\"es\",\"potentialAction\":[{\"@type\":\"ReadAction\",\"target\":[\"https:\/\/demoweb.info\/sexshop001\/producto\/3-piece-ball-stretcher-training-set-negro\/\"]}]},{\"@type\":\"BreadcrumbList\",\"@id\":\"https:\/\/demoweb.info\/sexshop001\/producto\/3-piece-ball-stretcher-training-set-negro\/#breadcrumb\",\"itemListElement\":[{\"@type\":\"ListItem\",\"position\":1,\"name\":\"Portada\",\"item\":\"https:\/\/demoweb.info\/sexshop001\/\"},{\"@type\":\"ListItem\",\"position\":2,\"name\":\"Tienda\",\"item\":\"https:\/\/demoweb.info\/sexshop001\/tienda\/\"},{\"@type\":\"ListItem\",\"position\":3,\"name\":\"3 PIECE BALL STRETCHER TRAINING SET NEGRO\"}]},{\"@type\":\"WebSite\",\"@id\":\"https:\/\/demoweb.info\/sexshop001\/#website\",\"url\":\"https:\/\/demoweb.info\/sexshop001\/\",\"name\":\"Tienda Er\u00f3tica\",\"description\":\"DEMOWEB SL\",\"potentialAction\":[{\"@type\":\"SearchAction\",\"target\":{\"@type\":\"EntryPoint\",\"urlTemplate\":\"https:\/\/demoweb.info\/sexshop001\/?s={search_term_string}\"},\"query-input\":\"required name=search_term_string\"}],\"inLanguage\":\"es\"}]}<\/script>\n<!-- \/ Yoast SEO plugin. -->","yoast_head_json":{"title":"3 PIECE BALL STRETCHER TRAINING SET NEGRO - Tienda Er\u00f3tica","robots":{"index":"noindex","follow":"follow","max-snippet":"max-snippet:-1","max-image-preview":"max-image-preview:large","max-video-preview":"max-video-preview:-1"},"og_locale":"es_ES","og_type":"article","og_title":"3 PIECE BALL STRETCHER TRAINING SET NEGRO - Tienda Er\u00f3tica","og_description":"3 PIECE BALL STRETCHER TRAINING SET BLACK Este conjunto de Isabella Sinclaire de 4 piezas , incluye 3 arneses de","og_url":"https:\/\/demoweb.info\/sexshop001\/producto\/3-piece-ball-stretcher-training-set-negro\/","og_site_name":"Tienda Er\u00f3tica","article_modified_time":"2022-01-22T18:25:11+00:00","og_image":[{"width":550,"height":550,"url":"https:\/\/demoweb.info\/sexshop001\/wp-content\/uploads\/2022\/01\/3-PIECE-BALL-STRETCHER-TRAINING-SET-NEGRO.jpg","type":"image\/jpeg"}],"twitter_card":"summary_large_image","twitter_misc":{"Tiempo de lectura":"1 minuto"},"schema":{"@context":"https:\/\/schema.org","@graph":[{"@type":"WebPage","@id":"https:\/\/demoweb.info\/sexshop001\/producto\/3-piece-ball-stretcher-training-set-negro\/","url":"https:\/\/demoweb.info\/sexshop001\/producto\/3-piece-ball-stretcher-training-set-negro\/","name":"3 PIECE BALL STRETCHER TRAINING SET NEGRO - Tienda Er\u00f3tica","isPartOf":{"@id":"https:\/\/demoweb.info\/sexshop001\/#website"},"datePublished":"2022-01-22T18:24:49+00:00","dateModified":"2022-01-22T18:25:11+00:00","breadcrumb":{"@id":"https:\/\/demoweb.info\/sexshop001\/producto\/3-piece-ball-stretcher-training-set-negro\/#breadcrumb"},"inLanguage":"es","potentialAction":[{"@type":"ReadAction","target":["https:\/\/demoweb.info\/sexshop001\/producto\/3-piece-ball-stretcher-training-set-negro\/"]}]},{"@type":"BreadcrumbList","@id":"https:\/\/demoweb.info\/sexshop001\/producto\/3-piece-ball-stretcher-training-set-negro\/#breadcrumb","itemListElement":[{"@type":"ListItem","position":1,"name":"Portada","item":"https:\/\/demoweb.info\/sexshop001\/"},{"@type":"ListItem","position":2,"name":"Tienda","item":"https:\/\/demoweb.info\/sexshop001\/tienda\/"},{"@type":"ListItem","position":3,"name":"3 PIECE BALL STRETCHER TRAINING SET NEGRO"}]},{"@type":"WebSite","@id":"https:\/\/demoweb.info\/sexshop001\/#website","url":"https:\/\/demoweb.info\/sexshop001\/","name":"Tienda Er\u00f3tica","description":"DEMOWEB SL","potentialAction":[{"@type":"SearchAction","target":{"@type":"EntryPoint","urlTemplate":"https:\/\/demoweb.info\/sexshop001\/?s={search_term_string}"},"query-input":"required name=search_term_string"}],"inLanguage":"es"}]}},"_links":{"self":[{"href":"https:\/\/demoweb.info\/sexshop001\/wp-json\/wp\/v3\/product\/65175","targetHints":{"allow":["GET"]}}],"collection":[{"href":"https:\/\/demoweb.info\/sexshop001\/wp-json\/wp\/v3\/product"}],"about":[{"href":"https:\/\/demoweb.info\/sexshop001\/wp-json\/wp\/v2\/types\/product"}],"replies":[{"embeddable":true,"href":"https:\/\/demoweb.info\/sexshop001\/wp-json\/wp\/v2\/comments?post=65175"}],"wp:featuredmedia":[{"embeddable":true,"href":"https:\/\/demoweb.info\/sexshop001\/wp-json\/wp\/v2\/media\/65176"}],"wp:attachment":[{"href":"https:\/\/demoweb.info\/sexshop001\/wp-json\/wp\/v2\/media?parent=65175"}],"wp:term":[{"taxonomy":"product_cat","embeddable":true,"href":"https:\/\/demoweb.info\/sexshop001\/wp-json\/wp\/v2\/product_cat?post=65175"},{"taxonomy":"product_tag","embeddable":true,"href":"https:\/\/demoweb.info\/sexshop001\/wp-json\/wp\/v2\/product_tag?post=65175"}],"curies":[{"name":"wp","href":"https:\/\/api.w.org\/{rel}","templated":true}]}}