{"id":65170,"date":"2022-01-22T19:24:49","date_gmt":"2022-01-22T18:24:49","guid":{"rendered":"https:\/\/demoweb.info\/sexshop001\/producto\/slim-m-curved-rimming\/"},"modified":"2022-01-22T19:25:07","modified_gmt":"2022-01-22T18:25:07","slug":"slim-m-curved-rimming","status":"publish","type":"product","link":"https:\/\/demoweb.info\/sexshop001\/producto\/slim-m-curved-rimming\/","title":{"rendered":"SLIM M CURVED RIMMING"},"content":{"rendered":"<p><strong>THE PLUG 10X SILICONE VIBRATING THRUSTER BLACK<\/strong><\/p>\n<p>\u00a1Nuestra curva modelo M Rimmer ahora est\u00e1 disponible en un tama\u00f1o m\u00e1s delgado para aquellos que prefieren menos circunferencia! Dise\u00f1ado para apuntar al punto P o, en las mujeres, para alcanzar el punto G, este masajeador anal tambi\u00e9n cuenta con un bulbo abultado para su placer interior. \u00a1Mejor que el tap\u00f3n de tope promedio, este revolucionario juguete sexual realmente masajear\u00e1 la abertura de su agujero con cuentas giratorias y una textura en espiral a lo largo de su tallo, proporcionando una sensaci\u00f3n similar a un trabajo de borde!<\/p>\n<p>Juega con 3 velocidades y 2 funciones de remolino de satisfacci\u00f3n alrededor de tu esf\u00ednter. Tambi\u00e9n recibir\u00e1s 3 velocidades y 5 patrones de vibraci\u00f3n mientras el enchufe vibra dentro de ti. Un control remoto opcional puede facilitar la reproducci\u00f3n por su cuenta, pero tambi\u00e9n puede proporcionar diversi\u00f3n inal\u00e1mbrica con un compa\u00f1ero. Los botones iluminados en el control remoto y el enchufe los hacen f\u00e1ciles de ver en la oscuridad. Hecho de silicona de primera calidad, esta emocionante herramienta es no porosa, libre de ftalatos e impermeable para una experiencia segura para el cuerpo y una desinfecci\u00f3n completa con agua y jab\u00f3n.<\/p>\n<ul>\n<li>Dimensiones del producto 14 x 11,8 x 4,2 cm<\/li>\n<li>Peso del producto 331,42 gram<\/li>\n<li>Di\u00e1metro del producto 4,2 cm<\/li>\n<li>Longitud insertable 11,8 cm<\/li>\n<li>Tipos de velocidad 8<\/li>\n<li>Se requieren bater\u00edas 1<\/li>\n<li>Tipo de bater\u00edas 27A (12V)<\/li>\n<li>Bater\u00edas incluidas S\u00ed<\/li>\n<li>Recargable S\u00ed<\/li>\n<li>Tiempo de recarga 120 min<\/li>\n<li>Vida de la recarga de las bater\u00edas 60 min<\/li>\n<li>A prueba de agua S\u00ed<\/li>\n<li>Libre de ftalato S\u00ed<\/li>\n<li>Materiales Silicona<\/li>\n<\/ul>\n","protected":false},"excerpt":{"rendered":"<p>THE PLUG 10X SILICONE VIBRATING THRUSTER BLACK \u00a1Nuestra curva modelo M Rimmer ahora est\u00e1 disponible en un tama\u00f1o m\u00e1s delgado<\/p>\n","protected":false},"featured_media":65171,"comment_status":"open","ping_status":"open","template":"","meta":[],"product_cat":[338],"product_tag":[274],"class_list":["post-65170","product","type-product","status-publish","has-post-thumbnail","hentry","product_cat-silicona-plugs","product_tag-xr-brands"],"bundled_by":[],"bundle_stock_status":"instock","bundle_stock_quantity":15,"bundle_virtual":false,"bundle_layout":"","bundle_add_to_cart_form_location":"","bundle_editable_in_cart":false,"bundle_sold_individually_context":"","bundle_item_grouping":"","bundle_min_size":"","bundle_max_size":"","bundled_items":[],"yoast_head":"<!-- This site is optimized with the Yoast SEO plugin v20.6 - https:\/\/yoast.com\/wordpress\/plugins\/seo\/ -->\n<title>SLIM M CURVED RIMMING - Tienda Er\u00f3tica<\/title>\n<meta name=\"robots\" content=\"noindex, follow, max-snippet:-1, max-image-preview:large, max-video-preview:-1\" \/>\n<meta property=\"og:locale\" content=\"es_ES\" \/>\n<meta property=\"og:type\" content=\"article\" \/>\n<meta property=\"og:title\" content=\"SLIM M CURVED RIMMING - Tienda Er\u00f3tica\" \/>\n<meta property=\"og:description\" content=\"THE PLUG 10X SILICONE VIBRATING THRUSTER BLACK \u00a1Nuestra curva modelo M Rimmer ahora est\u00e1 disponible en un tama\u00f1o m\u00e1s delgado\" \/>\n<meta property=\"og:url\" content=\"https:\/\/demoweb.info\/sexshop001\/producto\/slim-m-curved-rimming\/\" \/>\n<meta property=\"og:site_name\" content=\"Tienda Er\u00f3tica\" \/>\n<meta property=\"article:modified_time\" content=\"2022-01-22T18:25:07+00:00\" \/>\n<meta property=\"og:image\" content=\"https:\/\/demoweb.info\/sexshop001\/wp-content\/uploads\/2022\/01\/SLIM-M-CURVED-RIMMING.jpg\" \/>\n\t<meta property=\"og:image:width\" content=\"550\" \/>\n\t<meta property=\"og:image:height\" content=\"550\" \/>\n\t<meta property=\"og:image:type\" content=\"image\/jpeg\" \/>\n<meta name=\"twitter:card\" content=\"summary_large_image\" \/>\n<meta name=\"twitter:label1\" content=\"Tiempo de lectura\" \/>\n\t<meta name=\"twitter:data1\" content=\"1 minuto\" \/>\n<script type=\"application\/ld+json\" class=\"yoast-schema-graph\">{\"@context\":\"https:\/\/schema.org\",\"@graph\":[{\"@type\":\"WebPage\",\"@id\":\"https:\/\/demoweb.info\/sexshop001\/producto\/slim-m-curved-rimming\/\",\"url\":\"https:\/\/demoweb.info\/sexshop001\/producto\/slim-m-curved-rimming\/\",\"name\":\"SLIM M CURVED RIMMING - Tienda Er\u00f3tica\",\"isPartOf\":{\"@id\":\"https:\/\/demoweb.info\/sexshop001\/#website\"},\"datePublished\":\"2022-01-22T18:24:49+00:00\",\"dateModified\":\"2022-01-22T18:25:07+00:00\",\"breadcrumb\":{\"@id\":\"https:\/\/demoweb.info\/sexshop001\/producto\/slim-m-curved-rimming\/#breadcrumb\"},\"inLanguage\":\"es\",\"potentialAction\":[{\"@type\":\"ReadAction\",\"target\":[\"https:\/\/demoweb.info\/sexshop001\/producto\/slim-m-curved-rimming\/\"]}]},{\"@type\":\"BreadcrumbList\",\"@id\":\"https:\/\/demoweb.info\/sexshop001\/producto\/slim-m-curved-rimming\/#breadcrumb\",\"itemListElement\":[{\"@type\":\"ListItem\",\"position\":1,\"name\":\"Portada\",\"item\":\"https:\/\/demoweb.info\/sexshop001\/\"},{\"@type\":\"ListItem\",\"position\":2,\"name\":\"Tienda\",\"item\":\"https:\/\/demoweb.info\/sexshop001\/tienda\/\"},{\"@type\":\"ListItem\",\"position\":3,\"name\":\"SLIM M CURVED RIMMING\"}]},{\"@type\":\"WebSite\",\"@id\":\"https:\/\/demoweb.info\/sexshop001\/#website\",\"url\":\"https:\/\/demoweb.info\/sexshop001\/\",\"name\":\"Tienda Er\u00f3tica\",\"description\":\"DEMOWEB SL\",\"potentialAction\":[{\"@type\":\"SearchAction\",\"target\":{\"@type\":\"EntryPoint\",\"urlTemplate\":\"https:\/\/demoweb.info\/sexshop001\/?s={search_term_string}\"},\"query-input\":\"required name=search_term_string\"}],\"inLanguage\":\"es\"}]}<\/script>\n<!-- \/ Yoast SEO plugin. -->","yoast_head_json":{"title":"SLIM M CURVED RIMMING - Tienda Er\u00f3tica","robots":{"index":"noindex","follow":"follow","max-snippet":"max-snippet:-1","max-image-preview":"max-image-preview:large","max-video-preview":"max-video-preview:-1"},"og_locale":"es_ES","og_type":"article","og_title":"SLIM M CURVED RIMMING - Tienda Er\u00f3tica","og_description":"THE PLUG 10X SILICONE VIBRATING THRUSTER BLACK \u00a1Nuestra curva modelo M Rimmer ahora est\u00e1 disponible en un tama\u00f1o m\u00e1s delgado","og_url":"https:\/\/demoweb.info\/sexshop001\/producto\/slim-m-curved-rimming\/","og_site_name":"Tienda Er\u00f3tica","article_modified_time":"2022-01-22T18:25:07+00:00","og_image":[{"width":550,"height":550,"url":"https:\/\/demoweb.info\/sexshop001\/wp-content\/uploads\/2022\/01\/SLIM-M-CURVED-RIMMING.jpg","type":"image\/jpeg"}],"twitter_card":"summary_large_image","twitter_misc":{"Tiempo de lectura":"1 minuto"},"schema":{"@context":"https:\/\/schema.org","@graph":[{"@type":"WebPage","@id":"https:\/\/demoweb.info\/sexshop001\/producto\/slim-m-curved-rimming\/","url":"https:\/\/demoweb.info\/sexshop001\/producto\/slim-m-curved-rimming\/","name":"SLIM M CURVED RIMMING - Tienda Er\u00f3tica","isPartOf":{"@id":"https:\/\/demoweb.info\/sexshop001\/#website"},"datePublished":"2022-01-22T18:24:49+00:00","dateModified":"2022-01-22T18:25:07+00:00","breadcrumb":{"@id":"https:\/\/demoweb.info\/sexshop001\/producto\/slim-m-curved-rimming\/#breadcrumb"},"inLanguage":"es","potentialAction":[{"@type":"ReadAction","target":["https:\/\/demoweb.info\/sexshop001\/producto\/slim-m-curved-rimming\/"]}]},{"@type":"BreadcrumbList","@id":"https:\/\/demoweb.info\/sexshop001\/producto\/slim-m-curved-rimming\/#breadcrumb","itemListElement":[{"@type":"ListItem","position":1,"name":"Portada","item":"https:\/\/demoweb.info\/sexshop001\/"},{"@type":"ListItem","position":2,"name":"Tienda","item":"https:\/\/demoweb.info\/sexshop001\/tienda\/"},{"@type":"ListItem","position":3,"name":"SLIM M CURVED RIMMING"}]},{"@type":"WebSite","@id":"https:\/\/demoweb.info\/sexshop001\/#website","url":"https:\/\/demoweb.info\/sexshop001\/","name":"Tienda Er\u00f3tica","description":"DEMOWEB SL","potentialAction":[{"@type":"SearchAction","target":{"@type":"EntryPoint","urlTemplate":"https:\/\/demoweb.info\/sexshop001\/?s={search_term_string}"},"query-input":"required name=search_term_string"}],"inLanguage":"es"}]}},"_links":{"self":[{"href":"https:\/\/demoweb.info\/sexshop001\/wp-json\/wp\/v3\/product\/65170","targetHints":{"allow":["GET"]}}],"collection":[{"href":"https:\/\/demoweb.info\/sexshop001\/wp-json\/wp\/v3\/product"}],"about":[{"href":"https:\/\/demoweb.info\/sexshop001\/wp-json\/wp\/v2\/types\/product"}],"replies":[{"embeddable":true,"href":"https:\/\/demoweb.info\/sexshop001\/wp-json\/wp\/v2\/comments?post=65170"}],"wp:featuredmedia":[{"embeddable":true,"href":"https:\/\/demoweb.info\/sexshop001\/wp-json\/wp\/v2\/media\/65171"}],"wp:attachment":[{"href":"https:\/\/demoweb.info\/sexshop001\/wp-json\/wp\/v2\/media?parent=65170"}],"wp:term":[{"taxonomy":"product_cat","embeddable":true,"href":"https:\/\/demoweb.info\/sexshop001\/wp-json\/wp\/v2\/product_cat?post=65170"},{"taxonomy":"product_tag","embeddable":true,"href":"https:\/\/demoweb.info\/sexshop001\/wp-json\/wp\/v2\/product_tag?post=65170"}],"curies":[{"name":"wp","href":"https:\/\/api.w.org\/{rel}","templated":true}]}}