{"id":65165,"date":"2022-01-22T19:24:49","date_gmt":"2022-01-22T18:24:49","guid":{"rendered":"https:\/\/demoweb.info\/sexshop001\/producto\/slim-r-smooth-plug-vibrador-con-control-remoto-negro\/"},"modified":"2022-01-22T19:25:04","modified_gmt":"2022-01-22T18:25:04","slug":"slim-r-smooth-plug-vibrador-con-control-remoto-negro","status":"publish","type":"product","link":"https:\/\/demoweb.info\/sexshop001\/producto\/slim-r-smooth-plug-vibrador-con-control-remoto-negro\/","title":{"rendered":"SLIM R SMOOTH PLUG VIBRADOR CON CONTROL REMOTO &#8211; NEGRO"},"content":{"rendered":"<p><strong>SLIM R SMOOTH RIMMING PLUG WITH REMOTE CONTROL<\/strong><\/p>\n<p>\u00a1Nuestro cl\u00e1sico modelo R Rimmer ahora est\u00e1 disponible en un tama\u00f1o m\u00e1s delgado para aquellos que prefieren menos circunferencia!<\/p>\n<p>Esta herramienta de alta tecnolog\u00eda tiene una punta c\u00f3nica para que pueda deslizarse c\u00f3modamente y brindar el m\u00e1ximo placer anal. \u00a1Mejor que el tap\u00f3n de tope promedio, este revolucionario juguete sexual realmente masajear\u00e1 la abertura del agujero con cuentas giratorias y una textura en espiral a lo largo de su tallo!<\/p>\n<p>Juega con 3 velocidades y 2 funciones de remolino de satisfacci\u00f3n alrededor de tu esf\u00ednter. Tambi\u00e9n recibir\u00e1s 3 velocidades y 5 patrones de vibraci\u00f3n mientras el enchufe vibra dentro de ti. Un control remoto opcional puede facilitar la reproducci\u00f3n por tu cuenta, pero tambi\u00e9n puede proporcionar diversi\u00f3n inal\u00e1mbrica con un compa\u00f1ero. Los botones iluminados en el control remoto y el enchufe los hacen f\u00e1ciles de ver en la oscuridad.<\/p>\n<p>Hecho de silicona de primera calidad, esta emocionante herramienta es no porosa, libre de ftalatos e impermeable para una experiencia segura para el cuerpo y una desinfecci\u00f3n completa con agua y jab\u00f3n.<\/p>\n<p>Caracter\u00edsticas:<\/p>\n<ul>\n<li>Dimensiones del producto: 14 x 11,8 x 3,9 cm<\/li>\n<li>Peso del producto:  345,04 gr<\/li>\n<li>Di\u00e1metro del producto:  3,9 cm<\/li>\n<li>Longitud insertable:  11,8 cm<\/li>\n<li>Tipos de velocidad:  8<\/li>\n<li>Recargable<\/li>\n<li>Tiempo de recarga: 120 min<\/li>\n<li>Vida de la recarga de las bater\u00edas: 60 min<\/li>\n<li>A prueba de agua    <\/li>\n<li>Materiales: Silicona<\/li>\n<\/ul>\n","protected":false},"excerpt":{"rendered":"<p>SLIM R SMOOTH RIMMING PLUG WITH REMOTE CONTROL \u00a1Nuestro cl\u00e1sico modelo R Rimmer ahora est\u00e1 disponible en un tama\u00f1o m\u00e1s<\/p>\n","protected":false},"featured_media":65166,"comment_status":"open","ping_status":"open","template":"","meta":[],"product_cat":[295],"product_tag":[784,274],"class_list":["post-65165","product","type-product","status-publish","has-post-thumbnail","hentry","product_cat-vibradores-plugs","product_tag-rimmers","product_tag-xr-brands"],"bundled_by":[],"bundle_stock_status":"instock","bundle_stock_quantity":1,"bundle_virtual":false,"bundle_layout":"","bundle_add_to_cart_form_location":"","bundle_editable_in_cart":false,"bundle_sold_individually_context":"","bundle_item_grouping":"","bundle_min_size":"","bundle_max_size":"","bundled_items":[],"yoast_head":"<!-- This site is optimized with the Yoast SEO plugin v20.6 - https:\/\/yoast.com\/wordpress\/plugins\/seo\/ -->\n<title>SLIM R SMOOTH PLUG VIBRADOR CON CONTROL REMOTO - NEGRO - Tienda Er\u00f3tica<\/title>\n<meta name=\"robots\" content=\"noindex, follow, max-snippet:-1, max-image-preview:large, max-video-preview:-1\" \/>\n<meta property=\"og:locale\" content=\"es_ES\" \/>\n<meta property=\"og:type\" content=\"article\" \/>\n<meta property=\"og:title\" content=\"SLIM R SMOOTH PLUG VIBRADOR CON CONTROL REMOTO - NEGRO - Tienda Er\u00f3tica\" \/>\n<meta property=\"og:description\" content=\"SLIM R SMOOTH RIMMING PLUG WITH REMOTE CONTROL \u00a1Nuestro cl\u00e1sico modelo R Rimmer ahora est\u00e1 disponible en un tama\u00f1o m\u00e1s\" \/>\n<meta property=\"og:url\" content=\"https:\/\/demoweb.info\/sexshop001\/producto\/slim-r-smooth-plug-vibrador-con-control-remoto-negro\/\" \/>\n<meta property=\"og:site_name\" content=\"Tienda Er\u00f3tica\" \/>\n<meta property=\"article:modified_time\" content=\"2022-01-22T18:25:04+00:00\" \/>\n<meta property=\"og:image\" content=\"https:\/\/demoweb.info\/sexshop001\/wp-content\/uploads\/2022\/01\/SLIM-R-SMOOTH-PLUG-VIBRADOR-CON-CONTROL-REMOTO-NEGRO.jpg\" \/>\n\t<meta property=\"og:image:width\" content=\"550\" \/>\n\t<meta property=\"og:image:height\" content=\"550\" \/>\n\t<meta property=\"og:image:type\" content=\"image\/jpeg\" \/>\n<meta name=\"twitter:card\" content=\"summary_large_image\" \/>\n<meta name=\"twitter:label1\" content=\"Tiempo de lectura\" \/>\n\t<meta name=\"twitter:data1\" content=\"1 minuto\" \/>\n<script type=\"application\/ld+json\" class=\"yoast-schema-graph\">{\"@context\":\"https:\/\/schema.org\",\"@graph\":[{\"@type\":\"WebPage\",\"@id\":\"https:\/\/demoweb.info\/sexshop001\/producto\/slim-r-smooth-plug-vibrador-con-control-remoto-negro\/\",\"url\":\"https:\/\/demoweb.info\/sexshop001\/producto\/slim-r-smooth-plug-vibrador-con-control-remoto-negro\/\",\"name\":\"SLIM R SMOOTH PLUG VIBRADOR CON CONTROL REMOTO - NEGRO - Tienda Er\u00f3tica\",\"isPartOf\":{\"@id\":\"https:\/\/demoweb.info\/sexshop001\/#website\"},\"datePublished\":\"2022-01-22T18:24:49+00:00\",\"dateModified\":\"2022-01-22T18:25:04+00:00\",\"breadcrumb\":{\"@id\":\"https:\/\/demoweb.info\/sexshop001\/producto\/slim-r-smooth-plug-vibrador-con-control-remoto-negro\/#breadcrumb\"},\"inLanguage\":\"es\",\"potentialAction\":[{\"@type\":\"ReadAction\",\"target\":[\"https:\/\/demoweb.info\/sexshop001\/producto\/slim-r-smooth-plug-vibrador-con-control-remoto-negro\/\"]}]},{\"@type\":\"BreadcrumbList\",\"@id\":\"https:\/\/demoweb.info\/sexshop001\/producto\/slim-r-smooth-plug-vibrador-con-control-remoto-negro\/#breadcrumb\",\"itemListElement\":[{\"@type\":\"ListItem\",\"position\":1,\"name\":\"Portada\",\"item\":\"https:\/\/demoweb.info\/sexshop001\/\"},{\"@type\":\"ListItem\",\"position\":2,\"name\":\"Tienda\",\"item\":\"https:\/\/demoweb.info\/sexshop001\/tienda\/\"},{\"@type\":\"ListItem\",\"position\":3,\"name\":\"SLIM R SMOOTH PLUG VIBRADOR CON CONTROL REMOTO &#8211; NEGRO\"}]},{\"@type\":\"WebSite\",\"@id\":\"https:\/\/demoweb.info\/sexshop001\/#website\",\"url\":\"https:\/\/demoweb.info\/sexshop001\/\",\"name\":\"Tienda Er\u00f3tica\",\"description\":\"DEMOWEB SL\",\"potentialAction\":[{\"@type\":\"SearchAction\",\"target\":{\"@type\":\"EntryPoint\",\"urlTemplate\":\"https:\/\/demoweb.info\/sexshop001\/?s={search_term_string}\"},\"query-input\":\"required name=search_term_string\"}],\"inLanguage\":\"es\"}]}<\/script>\n<!-- \/ Yoast SEO plugin. -->","yoast_head_json":{"title":"SLIM R SMOOTH PLUG VIBRADOR CON CONTROL REMOTO - NEGRO - Tienda Er\u00f3tica","robots":{"index":"noindex","follow":"follow","max-snippet":"max-snippet:-1","max-image-preview":"max-image-preview:large","max-video-preview":"max-video-preview:-1"},"og_locale":"es_ES","og_type":"article","og_title":"SLIM R SMOOTH PLUG VIBRADOR CON CONTROL REMOTO - NEGRO - Tienda Er\u00f3tica","og_description":"SLIM R SMOOTH RIMMING PLUG WITH REMOTE CONTROL \u00a1Nuestro cl\u00e1sico modelo R Rimmer ahora est\u00e1 disponible en un tama\u00f1o m\u00e1s","og_url":"https:\/\/demoweb.info\/sexshop001\/producto\/slim-r-smooth-plug-vibrador-con-control-remoto-negro\/","og_site_name":"Tienda Er\u00f3tica","article_modified_time":"2022-01-22T18:25:04+00:00","og_image":[{"width":550,"height":550,"url":"https:\/\/demoweb.info\/sexshop001\/wp-content\/uploads\/2022\/01\/SLIM-R-SMOOTH-PLUG-VIBRADOR-CON-CONTROL-REMOTO-NEGRO.jpg","type":"image\/jpeg"}],"twitter_card":"summary_large_image","twitter_misc":{"Tiempo de lectura":"1 minuto"},"schema":{"@context":"https:\/\/schema.org","@graph":[{"@type":"WebPage","@id":"https:\/\/demoweb.info\/sexshop001\/producto\/slim-r-smooth-plug-vibrador-con-control-remoto-negro\/","url":"https:\/\/demoweb.info\/sexshop001\/producto\/slim-r-smooth-plug-vibrador-con-control-remoto-negro\/","name":"SLIM R SMOOTH PLUG VIBRADOR CON CONTROL REMOTO - NEGRO - Tienda Er\u00f3tica","isPartOf":{"@id":"https:\/\/demoweb.info\/sexshop001\/#website"},"datePublished":"2022-01-22T18:24:49+00:00","dateModified":"2022-01-22T18:25:04+00:00","breadcrumb":{"@id":"https:\/\/demoweb.info\/sexshop001\/producto\/slim-r-smooth-plug-vibrador-con-control-remoto-negro\/#breadcrumb"},"inLanguage":"es","potentialAction":[{"@type":"ReadAction","target":["https:\/\/demoweb.info\/sexshop001\/producto\/slim-r-smooth-plug-vibrador-con-control-remoto-negro\/"]}]},{"@type":"BreadcrumbList","@id":"https:\/\/demoweb.info\/sexshop001\/producto\/slim-r-smooth-plug-vibrador-con-control-remoto-negro\/#breadcrumb","itemListElement":[{"@type":"ListItem","position":1,"name":"Portada","item":"https:\/\/demoweb.info\/sexshop001\/"},{"@type":"ListItem","position":2,"name":"Tienda","item":"https:\/\/demoweb.info\/sexshop001\/tienda\/"},{"@type":"ListItem","position":3,"name":"SLIM R SMOOTH PLUG VIBRADOR CON CONTROL REMOTO &#8211; NEGRO"}]},{"@type":"WebSite","@id":"https:\/\/demoweb.info\/sexshop001\/#website","url":"https:\/\/demoweb.info\/sexshop001\/","name":"Tienda Er\u00f3tica","description":"DEMOWEB SL","potentialAction":[{"@type":"SearchAction","target":{"@type":"EntryPoint","urlTemplate":"https:\/\/demoweb.info\/sexshop001\/?s={search_term_string}"},"query-input":"required name=search_term_string"}],"inLanguage":"es"}]}},"_links":{"self":[{"href":"https:\/\/demoweb.info\/sexshop001\/wp-json\/wp\/v3\/product\/65165","targetHints":{"allow":["GET"]}}],"collection":[{"href":"https:\/\/demoweb.info\/sexshop001\/wp-json\/wp\/v3\/product"}],"about":[{"href":"https:\/\/demoweb.info\/sexshop001\/wp-json\/wp\/v2\/types\/product"}],"replies":[{"embeddable":true,"href":"https:\/\/demoweb.info\/sexshop001\/wp-json\/wp\/v2\/comments?post=65165"}],"wp:featuredmedia":[{"embeddable":true,"href":"https:\/\/demoweb.info\/sexshop001\/wp-json\/wp\/v2\/media\/65166"}],"wp:attachment":[{"href":"https:\/\/demoweb.info\/sexshop001\/wp-json\/wp\/v2\/media?parent=65165"}],"wp:term":[{"taxonomy":"product_cat","embeddable":true,"href":"https:\/\/demoweb.info\/sexshop001\/wp-json\/wp\/v2\/product_cat?post=65165"},{"taxonomy":"product_tag","embeddable":true,"href":"https:\/\/demoweb.info\/sexshop001\/wp-json\/wp\/v2\/product_tag?post=65165"}],"curies":[{"name":"wp","href":"https:\/\/api.w.org\/{rel}","templated":true}]}}