{"id":65160,"date":"2022-01-22T19:24:49","date_gmt":"2022-01-22T18:24:49","guid":{"rendered":"https:\/\/demoweb.info\/sexshop001\/producto\/bomba-de-succion-con-copa-pequena-rosa\/"},"modified":"2022-01-22T19:25:00","modified_gmt":"2022-01-22T18:25:00","slug":"bomba-de-succion-con-copa-pequena-rosa","status":"publish","type":"product","link":"https:\/\/demoweb.info\/sexshop001\/producto\/bomba-de-succion-con-copa-pequena-rosa\/","title":{"rendered":"BOMBA DE SUCCI\u00d3N CON COPA PEQUE\u00d1A &#8211; ROSA"},"content":{"rendered":"<p><strong>VAGINAL PUMP WITH 3.8 INCH SMALL CUP <\/strong><\/p>\n<p>\u00a1Experimenta nuevos niveles de excitaci\u00f3n!<\/p>\n<p>Con este kit de bomba vaginal Size Matters, tanto tu como tu pareja disfrutar\u00e9is de las sensaciones er\u00f3ticas y la apariencia acogedora de una vagina reci\u00e9n bombeada. Coloca el cilindro grande y ergon\u00f3mico sobre lu vagina y tu o tu amante podr\u00e9is apretar la bomba de mano estilo bola para crear succi\u00f3n contra las \u00e1reas m\u00e1s \u00edntimas.<\/p>\n<p>La sensibilidad aumenta a medida que tus labios se agrandan para obtener lo \u00faltimo en placer para hacer el amor. La v\u00e1lvula de liberaci\u00f3n r\u00e1pida y la manguera sin pliegues hacen que sea f\u00e1cil de usar tanto para principiantes como para expertos. Adem\u00e1s, el sistema de liberaci\u00f3n de la esclusa de aire mantiene la presi\u00f3n incluso cuando retiras la bomba y el tubo del cilindro.<\/p>\n<ul>\n<li>Medidas: 7,1 x 9,7 cm<\/li>\n<li>Di\u00e1metro: 5,1 cm<\/li>\n<li>Material: Policarbonato<\/li>\n<\/ul>\n","protected":false},"excerpt":{"rendered":"<p>VAGINAL PUMP WITH 3.8 INCH SMALL CUP \u00a1Experimenta nuevos niveles de excitaci\u00f3n! Con este kit de bomba vaginal Size Matters,<\/p>\n","protected":false},"featured_media":65161,"comment_status":"open","ping_status":"open","template":"","meta":[],"product_cat":[405],"product_tag":[789,274],"class_list":["post-65160","product","type-product","status-publish","has-post-thumbnail","hentry","product_cat-succionadores","product_tag-size-matters","product_tag-xr-brands"],"bundled_by":[],"bundle_stock_status":"outofstock","bundle_stock_quantity":0,"bundle_virtual":false,"bundle_layout":"","bundle_add_to_cart_form_location":"","bundle_editable_in_cart":false,"bundle_sold_individually_context":"","bundle_item_grouping":"","bundle_min_size":"","bundle_max_size":"","bundled_items":[],"yoast_head":"<!-- This site is optimized with the Yoast SEO plugin v20.6 - https:\/\/yoast.com\/wordpress\/plugins\/seo\/ -->\n<title>BOMBA DE SUCCI\u00d3N CON COPA PEQUE\u00d1A - ROSA - Tienda Er\u00f3tica<\/title>\n<meta name=\"robots\" content=\"noindex, follow, max-snippet:-1, max-image-preview:large, max-video-preview:-1\" \/>\n<meta property=\"og:locale\" content=\"es_ES\" \/>\n<meta property=\"og:type\" content=\"article\" \/>\n<meta property=\"og:title\" content=\"BOMBA DE SUCCI\u00d3N CON COPA PEQUE\u00d1A - ROSA - Tienda Er\u00f3tica\" \/>\n<meta property=\"og:description\" content=\"VAGINAL PUMP WITH 3.8 INCH SMALL CUP \u00a1Experimenta nuevos niveles de excitaci\u00f3n! Con este kit de bomba vaginal Size Matters,\" \/>\n<meta property=\"og:url\" content=\"https:\/\/demoweb.info\/sexshop001\/producto\/bomba-de-succion-con-copa-pequena-rosa\/\" \/>\n<meta property=\"og:site_name\" content=\"Tienda Er\u00f3tica\" \/>\n<meta property=\"article:modified_time\" content=\"2022-01-22T18:25:00+00:00\" \/>\n<meta property=\"og:image\" content=\"https:\/\/demoweb.info\/sexshop001\/wp-content\/uploads\/2022\/01\/BOMBA-DE-SUCCION-CON-COPA-PEQUENA-ROSA.jpg\" \/>\n\t<meta property=\"og:image:width\" content=\"550\" \/>\n\t<meta property=\"og:image:height\" content=\"550\" \/>\n\t<meta property=\"og:image:type\" content=\"image\/jpeg\" \/>\n<meta name=\"twitter:card\" content=\"summary_large_image\" \/>\n<meta name=\"twitter:label1\" content=\"Tiempo de lectura\" \/>\n\t<meta name=\"twitter:data1\" content=\"1 minuto\" \/>\n<script type=\"application\/ld+json\" class=\"yoast-schema-graph\">{\"@context\":\"https:\/\/schema.org\",\"@graph\":[{\"@type\":\"WebPage\",\"@id\":\"https:\/\/demoweb.info\/sexshop001\/producto\/bomba-de-succion-con-copa-pequena-rosa\/\",\"url\":\"https:\/\/demoweb.info\/sexshop001\/producto\/bomba-de-succion-con-copa-pequena-rosa\/\",\"name\":\"BOMBA DE SUCCI\u00d3N CON COPA PEQUE\u00d1A - ROSA - Tienda Er\u00f3tica\",\"isPartOf\":{\"@id\":\"https:\/\/demoweb.info\/sexshop001\/#website\"},\"datePublished\":\"2022-01-22T18:24:49+00:00\",\"dateModified\":\"2022-01-22T18:25:00+00:00\",\"breadcrumb\":{\"@id\":\"https:\/\/demoweb.info\/sexshop001\/producto\/bomba-de-succion-con-copa-pequena-rosa\/#breadcrumb\"},\"inLanguage\":\"es\",\"potentialAction\":[{\"@type\":\"ReadAction\",\"target\":[\"https:\/\/demoweb.info\/sexshop001\/producto\/bomba-de-succion-con-copa-pequena-rosa\/\"]}]},{\"@type\":\"BreadcrumbList\",\"@id\":\"https:\/\/demoweb.info\/sexshop001\/producto\/bomba-de-succion-con-copa-pequena-rosa\/#breadcrumb\",\"itemListElement\":[{\"@type\":\"ListItem\",\"position\":1,\"name\":\"Portada\",\"item\":\"https:\/\/demoweb.info\/sexshop001\/\"},{\"@type\":\"ListItem\",\"position\":2,\"name\":\"Tienda\",\"item\":\"https:\/\/demoweb.info\/sexshop001\/tienda\/\"},{\"@type\":\"ListItem\",\"position\":3,\"name\":\"BOMBA DE SUCCI\u00d3N CON COPA PEQUE\u00d1A &#8211; ROSA\"}]},{\"@type\":\"WebSite\",\"@id\":\"https:\/\/demoweb.info\/sexshop001\/#website\",\"url\":\"https:\/\/demoweb.info\/sexshop001\/\",\"name\":\"Tienda Er\u00f3tica\",\"description\":\"DEMOWEB SL\",\"potentialAction\":[{\"@type\":\"SearchAction\",\"target\":{\"@type\":\"EntryPoint\",\"urlTemplate\":\"https:\/\/demoweb.info\/sexshop001\/?s={search_term_string}\"},\"query-input\":\"required name=search_term_string\"}],\"inLanguage\":\"es\"}]}<\/script>\n<!-- \/ Yoast SEO plugin. -->","yoast_head_json":{"title":"BOMBA DE SUCCI\u00d3N CON COPA PEQUE\u00d1A - ROSA - Tienda Er\u00f3tica","robots":{"index":"noindex","follow":"follow","max-snippet":"max-snippet:-1","max-image-preview":"max-image-preview:large","max-video-preview":"max-video-preview:-1"},"og_locale":"es_ES","og_type":"article","og_title":"BOMBA DE SUCCI\u00d3N CON COPA PEQUE\u00d1A - ROSA - Tienda Er\u00f3tica","og_description":"VAGINAL PUMP WITH 3.8 INCH SMALL CUP \u00a1Experimenta nuevos niveles de excitaci\u00f3n! Con este kit de bomba vaginal Size Matters,","og_url":"https:\/\/demoweb.info\/sexshop001\/producto\/bomba-de-succion-con-copa-pequena-rosa\/","og_site_name":"Tienda Er\u00f3tica","article_modified_time":"2022-01-22T18:25:00+00:00","og_image":[{"width":550,"height":550,"url":"https:\/\/demoweb.info\/sexshop001\/wp-content\/uploads\/2022\/01\/BOMBA-DE-SUCCION-CON-COPA-PEQUENA-ROSA.jpg","type":"image\/jpeg"}],"twitter_card":"summary_large_image","twitter_misc":{"Tiempo de lectura":"1 minuto"},"schema":{"@context":"https:\/\/schema.org","@graph":[{"@type":"WebPage","@id":"https:\/\/demoweb.info\/sexshop001\/producto\/bomba-de-succion-con-copa-pequena-rosa\/","url":"https:\/\/demoweb.info\/sexshop001\/producto\/bomba-de-succion-con-copa-pequena-rosa\/","name":"BOMBA DE SUCCI\u00d3N CON COPA PEQUE\u00d1A - ROSA - Tienda Er\u00f3tica","isPartOf":{"@id":"https:\/\/demoweb.info\/sexshop001\/#website"},"datePublished":"2022-01-22T18:24:49+00:00","dateModified":"2022-01-22T18:25:00+00:00","breadcrumb":{"@id":"https:\/\/demoweb.info\/sexshop001\/producto\/bomba-de-succion-con-copa-pequena-rosa\/#breadcrumb"},"inLanguage":"es","potentialAction":[{"@type":"ReadAction","target":["https:\/\/demoweb.info\/sexshop001\/producto\/bomba-de-succion-con-copa-pequena-rosa\/"]}]},{"@type":"BreadcrumbList","@id":"https:\/\/demoweb.info\/sexshop001\/producto\/bomba-de-succion-con-copa-pequena-rosa\/#breadcrumb","itemListElement":[{"@type":"ListItem","position":1,"name":"Portada","item":"https:\/\/demoweb.info\/sexshop001\/"},{"@type":"ListItem","position":2,"name":"Tienda","item":"https:\/\/demoweb.info\/sexshop001\/tienda\/"},{"@type":"ListItem","position":3,"name":"BOMBA DE SUCCI\u00d3N CON COPA PEQUE\u00d1A &#8211; ROSA"}]},{"@type":"WebSite","@id":"https:\/\/demoweb.info\/sexshop001\/#website","url":"https:\/\/demoweb.info\/sexshop001\/","name":"Tienda Er\u00f3tica","description":"DEMOWEB SL","potentialAction":[{"@type":"SearchAction","target":{"@type":"EntryPoint","urlTemplate":"https:\/\/demoweb.info\/sexshop001\/?s={search_term_string}"},"query-input":"required name=search_term_string"}],"inLanguage":"es"}]}},"_links":{"self":[{"href":"https:\/\/demoweb.info\/sexshop001\/wp-json\/wp\/v3\/product\/65160","targetHints":{"allow":["GET"]}}],"collection":[{"href":"https:\/\/demoweb.info\/sexshop001\/wp-json\/wp\/v3\/product"}],"about":[{"href":"https:\/\/demoweb.info\/sexshop001\/wp-json\/wp\/v2\/types\/product"}],"replies":[{"embeddable":true,"href":"https:\/\/demoweb.info\/sexshop001\/wp-json\/wp\/v2\/comments?post=65160"}],"wp:featuredmedia":[{"embeddable":true,"href":"https:\/\/demoweb.info\/sexshop001\/wp-json\/wp\/v2\/media\/65161"}],"wp:attachment":[{"href":"https:\/\/demoweb.info\/sexshop001\/wp-json\/wp\/v2\/media?parent=65160"}],"wp:term":[{"taxonomy":"product_cat","embeddable":true,"href":"https:\/\/demoweb.info\/sexshop001\/wp-json\/wp\/v2\/product_cat?post=65160"},{"taxonomy":"product_tag","embeddable":true,"href":"https:\/\/demoweb.info\/sexshop001\/wp-json\/wp\/v2\/product_tag?post=65160"}],"curies":[{"name":"wp","href":"https:\/\/api.w.org\/{rel}","templated":true}]}}