{"id":65145,"date":"2022-01-22T19:24:49","date_gmt":"2022-01-22T18:24:49","guid":{"rendered":"https:\/\/demoweb.info\/sexshop001\/producto\/lightning-stroke-silicone-stroker-with-vibrating-bullet-black\/"},"modified":"2022-01-22T19:24:49","modified_gmt":"2022-01-22T18:24:49","slug":"lightning-stroke-silicone-stroker-with-vibrating-bullet-black","status":"publish","type":"product","link":"https:\/\/demoweb.info\/sexshop001\/producto\/lightning-stroke-silicone-stroker-with-vibrating-bullet-black\/","title":{"rendered":"LIGHTNING STROKE SILICONE STROKER WITH VIBRATING BULLET &#8211; BLACK"},"content":{"rendered":"<p><strong>LIGHTNING STROKE SILICONE STROKER WITH VIBRATING BULLET<\/strong><\/p>\n<p>\u00a1Mejora a\u00fan m\u00e1s la masturbaci\u00f3n con una manga de stroker que te brinda texturas de placer y vibraciones intensas!<\/p>\n<p>Este juguete sexual masculino de silicona presenta una manga de calidad superior que est\u00e1 texturizada en el exterior para un agarre seguro y contiene docenas de costillas blandas y blandas que masajear\u00e1n su pene. Envuelve tu sensible cabeza y eje en 3 velocidades y 7 patrones de felicidad zumbante.<\/p>\n<p>\u00a1La bala con cable y el controlador incluso se pueden quitar para usar en otras partes de su cuerpo o su pareja! \u00daselo solo con lubricantes a base de agua para preservar este material de alta calidad. Lave despu\u00e9s de usar con limpiador de juguetes o jab\u00f3n suave.<\/p>\n<p>Caracter\u00edsticas:<\/p>\n<ul>\n<li>Dimensiones del producto: 20,3 x 5,7 x 5,7 cm<\/li>\n<li>Peso del producto: 154 gr<\/li>\n<li>Di\u00e1metro del producto: 5,7 cm<\/li>\n<li>Di\u00e1metro interno: 3,6 cm<\/li>\n<li>Longitud insertable: 14 cm<\/li>\n<li>Tipos de velocidad: 10<\/li>\n<li>Se requieren bater\u00edas: 2<\/li>\n<li>Tipo de bater\u00edas: AAA<\/li>\n<li>Bater\u00edas incluidas: No<\/li>\n<li>Materiales: Silicona, pl\u00e1stico ABS<\/li>\n<\/ul>\n","protected":false},"excerpt":{"rendered":"<p>LIGHTNING STROKE SILICONE STROKER WITH VIBRATING BULLET \u00a1Mejora a\u00fan m\u00e1s la masturbaci\u00f3n con una manga de stroker que te brinda<\/p>\n","protected":false},"featured_media":65146,"comment_status":"open","ping_status":"open","template":"","meta":[],"product_cat":[364],"product_tag":[494,274],"class_list":["post-65145","product","type-product","status-publish","has-post-thumbnail","hentry","product_cat-con-vibracion","product_tag-trinity-vibes","product_tag-xr-brands"],"bundled_by":[],"bundle_stock_status":"instock","bundle_stock_quantity":2,"bundle_virtual":false,"bundle_layout":"","bundle_add_to_cart_form_location":"","bundle_editable_in_cart":false,"bundle_sold_individually_context":"","bundle_item_grouping":"","bundle_min_size":"","bundle_max_size":"","bundled_items":[],"yoast_head":"<!-- This site is optimized with the Yoast SEO plugin v20.6 - https:\/\/yoast.com\/wordpress\/plugins\/seo\/ -->\n<title>LIGHTNING STROKE SILICONE STROKER WITH VIBRATING BULLET - BLACK - Tienda Er\u00f3tica<\/title>\n<meta name=\"robots\" content=\"noindex, follow, max-snippet:-1, max-image-preview:large, max-video-preview:-1\" \/>\n<meta property=\"og:locale\" content=\"es_ES\" \/>\n<meta property=\"og:type\" content=\"article\" \/>\n<meta property=\"og:title\" content=\"LIGHTNING STROKE SILICONE STROKER WITH VIBRATING BULLET - BLACK - Tienda Er\u00f3tica\" \/>\n<meta property=\"og:description\" content=\"LIGHTNING STROKE SILICONE STROKER WITH VIBRATING BULLET \u00a1Mejora a\u00fan m\u00e1s la masturbaci\u00f3n con una manga de stroker que te brinda\" \/>\n<meta property=\"og:url\" content=\"https:\/\/demoweb.info\/sexshop001\/producto\/lightning-stroke-silicone-stroker-with-vibrating-bullet-black\/\" \/>\n<meta property=\"og:site_name\" content=\"Tienda Er\u00f3tica\" \/>\n<meta property=\"og:image\" content=\"https:\/\/demoweb.info\/sexshop001\/wp-content\/uploads\/2022\/01\/LIGHTNING-STROKE-SILICONE-STROKER-WITH-VIBRATING-BULLET-BLACK.jpg\" \/>\n\t<meta property=\"og:image:width\" content=\"550\" \/>\n\t<meta property=\"og:image:height\" content=\"550\" \/>\n\t<meta property=\"og:image:type\" content=\"image\/jpeg\" \/>\n<meta name=\"twitter:card\" content=\"summary_large_image\" \/>\n<meta name=\"twitter:label1\" content=\"Tiempo de lectura\" \/>\n\t<meta name=\"twitter:data1\" content=\"1 minuto\" \/>\n<script type=\"application\/ld+json\" class=\"yoast-schema-graph\">{\"@context\":\"https:\/\/schema.org\",\"@graph\":[{\"@type\":\"WebPage\",\"@id\":\"https:\/\/demoweb.info\/sexshop001\/producto\/lightning-stroke-silicone-stroker-with-vibrating-bullet-black\/\",\"url\":\"https:\/\/demoweb.info\/sexshop001\/producto\/lightning-stroke-silicone-stroker-with-vibrating-bullet-black\/\",\"name\":\"LIGHTNING STROKE SILICONE STROKER WITH VIBRATING BULLET - BLACK - Tienda Er\u00f3tica\",\"isPartOf\":{\"@id\":\"https:\/\/demoweb.info\/sexshop001\/#website\"},\"datePublished\":\"2022-01-22T18:24:49+00:00\",\"dateModified\":\"2022-01-22T18:24:49+00:00\",\"breadcrumb\":{\"@id\":\"https:\/\/demoweb.info\/sexshop001\/producto\/lightning-stroke-silicone-stroker-with-vibrating-bullet-black\/#breadcrumb\"},\"inLanguage\":\"es\",\"potentialAction\":[{\"@type\":\"ReadAction\",\"target\":[\"https:\/\/demoweb.info\/sexshop001\/producto\/lightning-stroke-silicone-stroker-with-vibrating-bullet-black\/\"]}]},{\"@type\":\"BreadcrumbList\",\"@id\":\"https:\/\/demoweb.info\/sexshop001\/producto\/lightning-stroke-silicone-stroker-with-vibrating-bullet-black\/#breadcrumb\",\"itemListElement\":[{\"@type\":\"ListItem\",\"position\":1,\"name\":\"Portada\",\"item\":\"https:\/\/demoweb.info\/sexshop001\/\"},{\"@type\":\"ListItem\",\"position\":2,\"name\":\"Tienda\",\"item\":\"https:\/\/demoweb.info\/sexshop001\/tienda\/\"},{\"@type\":\"ListItem\",\"position\":3,\"name\":\"LIGHTNING STROKE SILICONE STROKER WITH VIBRATING BULLET &#8211; BLACK\"}]},{\"@type\":\"WebSite\",\"@id\":\"https:\/\/demoweb.info\/sexshop001\/#website\",\"url\":\"https:\/\/demoweb.info\/sexshop001\/\",\"name\":\"Tienda Er\u00f3tica\",\"description\":\"DEMOWEB SL\",\"potentialAction\":[{\"@type\":\"SearchAction\",\"target\":{\"@type\":\"EntryPoint\",\"urlTemplate\":\"https:\/\/demoweb.info\/sexshop001\/?s={search_term_string}\"},\"query-input\":\"required name=search_term_string\"}],\"inLanguage\":\"es\"}]}<\/script>\n<!-- \/ Yoast SEO plugin. -->","yoast_head_json":{"title":"LIGHTNING STROKE SILICONE STROKER WITH VIBRATING BULLET - BLACK - Tienda Er\u00f3tica","robots":{"index":"noindex","follow":"follow","max-snippet":"max-snippet:-1","max-image-preview":"max-image-preview:large","max-video-preview":"max-video-preview:-1"},"og_locale":"es_ES","og_type":"article","og_title":"LIGHTNING STROKE SILICONE STROKER WITH VIBRATING BULLET - BLACK - Tienda Er\u00f3tica","og_description":"LIGHTNING STROKE SILICONE STROKER WITH VIBRATING BULLET \u00a1Mejora a\u00fan m\u00e1s la masturbaci\u00f3n con una manga de stroker que te brinda","og_url":"https:\/\/demoweb.info\/sexshop001\/producto\/lightning-stroke-silicone-stroker-with-vibrating-bullet-black\/","og_site_name":"Tienda Er\u00f3tica","og_image":[{"width":550,"height":550,"url":"https:\/\/demoweb.info\/sexshop001\/wp-content\/uploads\/2022\/01\/LIGHTNING-STROKE-SILICONE-STROKER-WITH-VIBRATING-BULLET-BLACK.jpg","type":"image\/jpeg"}],"twitter_card":"summary_large_image","twitter_misc":{"Tiempo de lectura":"1 minuto"},"schema":{"@context":"https:\/\/schema.org","@graph":[{"@type":"WebPage","@id":"https:\/\/demoweb.info\/sexshop001\/producto\/lightning-stroke-silicone-stroker-with-vibrating-bullet-black\/","url":"https:\/\/demoweb.info\/sexshop001\/producto\/lightning-stroke-silicone-stroker-with-vibrating-bullet-black\/","name":"LIGHTNING STROKE SILICONE STROKER WITH VIBRATING BULLET - BLACK - Tienda Er\u00f3tica","isPartOf":{"@id":"https:\/\/demoweb.info\/sexshop001\/#website"},"datePublished":"2022-01-22T18:24:49+00:00","dateModified":"2022-01-22T18:24:49+00:00","breadcrumb":{"@id":"https:\/\/demoweb.info\/sexshop001\/producto\/lightning-stroke-silicone-stroker-with-vibrating-bullet-black\/#breadcrumb"},"inLanguage":"es","potentialAction":[{"@type":"ReadAction","target":["https:\/\/demoweb.info\/sexshop001\/producto\/lightning-stroke-silicone-stroker-with-vibrating-bullet-black\/"]}]},{"@type":"BreadcrumbList","@id":"https:\/\/demoweb.info\/sexshop001\/producto\/lightning-stroke-silicone-stroker-with-vibrating-bullet-black\/#breadcrumb","itemListElement":[{"@type":"ListItem","position":1,"name":"Portada","item":"https:\/\/demoweb.info\/sexshop001\/"},{"@type":"ListItem","position":2,"name":"Tienda","item":"https:\/\/demoweb.info\/sexshop001\/tienda\/"},{"@type":"ListItem","position":3,"name":"LIGHTNING STROKE SILICONE STROKER WITH VIBRATING BULLET &#8211; BLACK"}]},{"@type":"WebSite","@id":"https:\/\/demoweb.info\/sexshop001\/#website","url":"https:\/\/demoweb.info\/sexshop001\/","name":"Tienda Er\u00f3tica","description":"DEMOWEB SL","potentialAction":[{"@type":"SearchAction","target":{"@type":"EntryPoint","urlTemplate":"https:\/\/demoweb.info\/sexshop001\/?s={search_term_string}"},"query-input":"required name=search_term_string"}],"inLanguage":"es"}]}},"_links":{"self":[{"href":"https:\/\/demoweb.info\/sexshop001\/wp-json\/wp\/v3\/product\/65145","targetHints":{"allow":["GET"]}}],"collection":[{"href":"https:\/\/demoweb.info\/sexshop001\/wp-json\/wp\/v3\/product"}],"about":[{"href":"https:\/\/demoweb.info\/sexshop001\/wp-json\/wp\/v2\/types\/product"}],"replies":[{"embeddable":true,"href":"https:\/\/demoweb.info\/sexshop001\/wp-json\/wp\/v2\/comments?post=65145"}],"wp:featuredmedia":[{"embeddable":true,"href":"https:\/\/demoweb.info\/sexshop001\/wp-json\/wp\/v2\/media\/65146"}],"wp:attachment":[{"href":"https:\/\/demoweb.info\/sexshop001\/wp-json\/wp\/v2\/media?parent=65145"}],"wp:term":[{"taxonomy":"product_cat","embeddable":true,"href":"https:\/\/demoweb.info\/sexshop001\/wp-json\/wp\/v2\/product_cat?post=65145"},{"taxonomy":"product_tag","embeddable":true,"href":"https:\/\/demoweb.info\/sexshop001\/wp-json\/wp\/v2\/product_tag?post=65145"}],"curies":[{"name":"wp","href":"https:\/\/api.w.org\/{rel}","templated":true}]}}