{"id":65126,"date":"2022-01-22T19:24:20","date_gmt":"2022-01-22T18:24:20","guid":{"rendered":"https:\/\/demoweb.info\/sexshop001\/producto\/vibrador-para-prostata-de-silicona-con-control-remoto-negro\/"},"modified":"2022-01-22T19:24:35","modified_gmt":"2022-01-22T18:24:35","slug":"vibrador-para-prostata-de-silicona-con-control-remoto-negro","status":"publish","type":"product","link":"https:\/\/demoweb.info\/sexshop001\/producto\/vibrador-para-prostata-de-silicona-con-control-remoto-negro\/","title":{"rendered":"VIBRADOR PARA PR\u00d3STATA DE SILICONA CON CONTROL REMOTO &#8211; NEGRO"},"content":{"rendered":"<p><strong>SILICONE PROSTATE VIBRATOR WITH REMOTE CONTROL<\/strong><\/p>\n<p>Disfruta de vibraciones poderosas, por dentro y por fuera con este masajeador de pr\u00f3stata con textura. Los motores duales env\u00edan emocionantes emociones en tu ano mientras el pene se mantiene duro como una roca. Ya sea que aprecie la conveniencia durante el juego en solitario o el poder durante el juego en pareja, \u00a1el control remoto inal\u00e1mbrico es una caracter\u00edstica emocionante para usar en casa o en la ciudad!<\/p>\n<p>Los botones separados te permiten moverte hacia adelante y hacia atr\u00e1s entre 4 velocidades y 7 patrones de vibraci\u00f3n. Deja que el placer tome el control con esta herramienta de placer masculino f\u00e1cil de usar y controlada a distancia.<\/p>\n<p>Hecho de silicona premium, no contiene ftalatos para la seguridad del cuerpo y no es poroso para una desinfecci\u00f3n completa. Limpia este dispositivo resistente al agua despu\u00e9s de usarlo con agua tibia y jab\u00f3n suave o limpiador de juguetes.<\/p>\n<p>Caracter\u00edsticas:<\/p>\n<ul>\n<li>Dimensiones del producto: 14,3 x 3,2 x 9,7 cm<\/li>\n<li>Peso del producto: 154,36 gr<\/li>\n<li>Di\u00e1metro del producto:   3,2 cm<\/li>\n<li>Longitud insertable: 10,2 cm<\/li>\n<li>Tipos de velocidad:   4<\/li>\n<li>Se requieren bater\u00edas:  1<\/li>\n<li>Tipo de bater\u00eda:   CR2032<\/li>\n<li>Bater\u00edas incluidas: S\u00ed<\/li>\n<li>Recargable:   S\u00ed<\/li>\n<li>Tiempo de recarga: 150 min<\/li>\n<li>Vida de la recarga de las bater\u00edas:  60 min<\/li>\n<li>Materiales:  Silicona &#038; ABS<\/li>\n<\/ul>\n","protected":false},"excerpt":{"rendered":"<p>SILICONE PROSTATE VIBRATOR WITH REMOTE CONTROL Disfruta de vibraciones poderosas, por dentro y por fuera con este masajeador de pr\u00f3stata<\/p>\n","protected":false},"featured_media":65127,"comment_status":"open","ping_status":"open","template":"","meta":[],"product_cat":[301],"product_tag":[1638,274],"class_list":["post-65126","product","type-product","status-publish","has-post-thumbnail","hentry","product_cat-punto-p","product_tag-under-control","product_tag-xr-brands"],"bundled_by":[],"bundle_stock_status":"instock","bundle_stock_quantity":2,"bundle_virtual":false,"bundle_layout":"","bundle_add_to_cart_form_location":"","bundle_editable_in_cart":false,"bundle_sold_individually_context":"","bundle_item_grouping":"","bundle_min_size":"","bundle_max_size":"","bundled_items":[],"yoast_head":"<!-- This site is optimized with the Yoast SEO plugin v20.6 - https:\/\/yoast.com\/wordpress\/plugins\/seo\/ -->\n<title>VIBRADOR PARA PR\u00d3STATA DE SILICONA CON CONTROL REMOTO - NEGRO - Tienda Er\u00f3tica<\/title>\n<meta name=\"robots\" content=\"noindex, follow, max-snippet:-1, max-image-preview:large, max-video-preview:-1\" \/>\n<meta property=\"og:locale\" content=\"es_ES\" \/>\n<meta property=\"og:type\" content=\"article\" \/>\n<meta property=\"og:title\" content=\"VIBRADOR PARA PR\u00d3STATA DE SILICONA CON CONTROL REMOTO - NEGRO - Tienda Er\u00f3tica\" \/>\n<meta property=\"og:description\" content=\"SILICONE PROSTATE VIBRATOR WITH REMOTE CONTROL Disfruta de vibraciones poderosas, por dentro y por fuera con este masajeador de pr\u00f3stata\" \/>\n<meta property=\"og:url\" content=\"https:\/\/demoweb.info\/sexshop001\/producto\/vibrador-para-prostata-de-silicona-con-control-remoto-negro\/\" \/>\n<meta property=\"og:site_name\" content=\"Tienda Er\u00f3tica\" \/>\n<meta property=\"article:modified_time\" content=\"2022-01-22T18:24:35+00:00\" \/>\n<meta property=\"og:image\" content=\"https:\/\/demoweb.info\/sexshop001\/wp-content\/uploads\/2022\/01\/VIBRADOR-PARA-PROSTATA-DE-SILICONA-CON-CONTROL-REMOTO-NEGRO.jpg\" \/>\n\t<meta property=\"og:image:width\" content=\"550\" \/>\n\t<meta property=\"og:image:height\" content=\"550\" \/>\n\t<meta property=\"og:image:type\" content=\"image\/jpeg\" \/>\n<meta name=\"twitter:card\" content=\"summary_large_image\" \/>\n<meta name=\"twitter:label1\" content=\"Tiempo de lectura\" \/>\n\t<meta name=\"twitter:data1\" content=\"1 minuto\" \/>\n<script type=\"application\/ld+json\" class=\"yoast-schema-graph\">{\"@context\":\"https:\/\/schema.org\",\"@graph\":[{\"@type\":\"WebPage\",\"@id\":\"https:\/\/demoweb.info\/sexshop001\/producto\/vibrador-para-prostata-de-silicona-con-control-remoto-negro\/\",\"url\":\"https:\/\/demoweb.info\/sexshop001\/producto\/vibrador-para-prostata-de-silicona-con-control-remoto-negro\/\",\"name\":\"VIBRADOR PARA PR\u00d3STATA DE SILICONA CON CONTROL REMOTO - NEGRO - Tienda Er\u00f3tica\",\"isPartOf\":{\"@id\":\"https:\/\/demoweb.info\/sexshop001\/#website\"},\"datePublished\":\"2022-01-22T18:24:20+00:00\",\"dateModified\":\"2022-01-22T18:24:35+00:00\",\"breadcrumb\":{\"@id\":\"https:\/\/demoweb.info\/sexshop001\/producto\/vibrador-para-prostata-de-silicona-con-control-remoto-negro\/#breadcrumb\"},\"inLanguage\":\"es\",\"potentialAction\":[{\"@type\":\"ReadAction\",\"target\":[\"https:\/\/demoweb.info\/sexshop001\/producto\/vibrador-para-prostata-de-silicona-con-control-remoto-negro\/\"]}]},{\"@type\":\"BreadcrumbList\",\"@id\":\"https:\/\/demoweb.info\/sexshop001\/producto\/vibrador-para-prostata-de-silicona-con-control-remoto-negro\/#breadcrumb\",\"itemListElement\":[{\"@type\":\"ListItem\",\"position\":1,\"name\":\"Portada\",\"item\":\"https:\/\/demoweb.info\/sexshop001\/\"},{\"@type\":\"ListItem\",\"position\":2,\"name\":\"Tienda\",\"item\":\"https:\/\/demoweb.info\/sexshop001\/tienda\/\"},{\"@type\":\"ListItem\",\"position\":3,\"name\":\"VIBRADOR PARA PR\u00d3STATA DE SILICONA CON CONTROL REMOTO &#8211; NEGRO\"}]},{\"@type\":\"WebSite\",\"@id\":\"https:\/\/demoweb.info\/sexshop001\/#website\",\"url\":\"https:\/\/demoweb.info\/sexshop001\/\",\"name\":\"Tienda Er\u00f3tica\",\"description\":\"DEMOWEB SL\",\"potentialAction\":[{\"@type\":\"SearchAction\",\"target\":{\"@type\":\"EntryPoint\",\"urlTemplate\":\"https:\/\/demoweb.info\/sexshop001\/?s={search_term_string}\"},\"query-input\":\"required name=search_term_string\"}],\"inLanguage\":\"es\"}]}<\/script>\n<!-- \/ Yoast SEO plugin. -->","yoast_head_json":{"title":"VIBRADOR PARA PR\u00d3STATA DE SILICONA CON CONTROL REMOTO - NEGRO - Tienda Er\u00f3tica","robots":{"index":"noindex","follow":"follow","max-snippet":"max-snippet:-1","max-image-preview":"max-image-preview:large","max-video-preview":"max-video-preview:-1"},"og_locale":"es_ES","og_type":"article","og_title":"VIBRADOR PARA PR\u00d3STATA DE SILICONA CON CONTROL REMOTO - NEGRO - Tienda Er\u00f3tica","og_description":"SILICONE PROSTATE VIBRATOR WITH REMOTE CONTROL Disfruta de vibraciones poderosas, por dentro y por fuera con este masajeador de pr\u00f3stata","og_url":"https:\/\/demoweb.info\/sexshop001\/producto\/vibrador-para-prostata-de-silicona-con-control-remoto-negro\/","og_site_name":"Tienda Er\u00f3tica","article_modified_time":"2022-01-22T18:24:35+00:00","og_image":[{"width":550,"height":550,"url":"https:\/\/demoweb.info\/sexshop001\/wp-content\/uploads\/2022\/01\/VIBRADOR-PARA-PROSTATA-DE-SILICONA-CON-CONTROL-REMOTO-NEGRO.jpg","type":"image\/jpeg"}],"twitter_card":"summary_large_image","twitter_misc":{"Tiempo de lectura":"1 minuto"},"schema":{"@context":"https:\/\/schema.org","@graph":[{"@type":"WebPage","@id":"https:\/\/demoweb.info\/sexshop001\/producto\/vibrador-para-prostata-de-silicona-con-control-remoto-negro\/","url":"https:\/\/demoweb.info\/sexshop001\/producto\/vibrador-para-prostata-de-silicona-con-control-remoto-negro\/","name":"VIBRADOR PARA PR\u00d3STATA DE SILICONA CON CONTROL REMOTO - NEGRO - Tienda Er\u00f3tica","isPartOf":{"@id":"https:\/\/demoweb.info\/sexshop001\/#website"},"datePublished":"2022-01-22T18:24:20+00:00","dateModified":"2022-01-22T18:24:35+00:00","breadcrumb":{"@id":"https:\/\/demoweb.info\/sexshop001\/producto\/vibrador-para-prostata-de-silicona-con-control-remoto-negro\/#breadcrumb"},"inLanguage":"es","potentialAction":[{"@type":"ReadAction","target":["https:\/\/demoweb.info\/sexshop001\/producto\/vibrador-para-prostata-de-silicona-con-control-remoto-negro\/"]}]},{"@type":"BreadcrumbList","@id":"https:\/\/demoweb.info\/sexshop001\/producto\/vibrador-para-prostata-de-silicona-con-control-remoto-negro\/#breadcrumb","itemListElement":[{"@type":"ListItem","position":1,"name":"Portada","item":"https:\/\/demoweb.info\/sexshop001\/"},{"@type":"ListItem","position":2,"name":"Tienda","item":"https:\/\/demoweb.info\/sexshop001\/tienda\/"},{"@type":"ListItem","position":3,"name":"VIBRADOR PARA PR\u00d3STATA DE SILICONA CON CONTROL REMOTO &#8211; NEGRO"}]},{"@type":"WebSite","@id":"https:\/\/demoweb.info\/sexshop001\/#website","url":"https:\/\/demoweb.info\/sexshop001\/","name":"Tienda Er\u00f3tica","description":"DEMOWEB SL","potentialAction":[{"@type":"SearchAction","target":{"@type":"EntryPoint","urlTemplate":"https:\/\/demoweb.info\/sexshop001\/?s={search_term_string}"},"query-input":"required name=search_term_string"}],"inLanguage":"es"}]}},"_links":{"self":[{"href":"https:\/\/demoweb.info\/sexshop001\/wp-json\/wp\/v3\/product\/65126","targetHints":{"allow":["GET"]}}],"collection":[{"href":"https:\/\/demoweb.info\/sexshop001\/wp-json\/wp\/v3\/product"}],"about":[{"href":"https:\/\/demoweb.info\/sexshop001\/wp-json\/wp\/v2\/types\/product"}],"replies":[{"embeddable":true,"href":"https:\/\/demoweb.info\/sexshop001\/wp-json\/wp\/v2\/comments?post=65126"}],"wp:featuredmedia":[{"embeddable":true,"href":"https:\/\/demoweb.info\/sexshop001\/wp-json\/wp\/v2\/media\/65127"}],"wp:attachment":[{"href":"https:\/\/demoweb.info\/sexshop001\/wp-json\/wp\/v2\/media?parent=65126"}],"wp:term":[{"taxonomy":"product_cat","embeddable":true,"href":"https:\/\/demoweb.info\/sexshop001\/wp-json\/wp\/v2\/product_cat?post=65126"},{"taxonomy":"product_tag","embeddable":true,"href":"https:\/\/demoweb.info\/sexshop001\/wp-json\/wp\/v2\/product_tag?post=65126"}],"curies":[{"name":"wp","href":"https:\/\/api.w.org\/{rel}","templated":true}]}}