{"id":65121,"date":"2022-01-22T19:24:20","date_gmt":"2022-01-22T18:24:20","guid":{"rendered":"https:\/\/demoweb.info\/sexshop001\/producto\/plug-anal-de-silicona-con-mando-negro\/"},"modified":"2022-01-22T19:24:31","modified_gmt":"2022-01-22T18:24:31","slug":"plug-anal-de-silicona-con-mando-negro","status":"publish","type":"product","link":"https:\/\/demoweb.info\/sexshop001\/producto\/plug-anal-de-silicona-con-mando-negro\/","title":{"rendered":"PLUG ANAL DE SILICONA CON MANDO &#8211; NEGRO"},"content":{"rendered":"<p><strong>SILICONE VIBRATING ANAL PLUG WITH REMOTE CONTROL<\/strong><\/p>\n<p>Este tap\u00f3n c\u00f3nico con textura vibrar\u00e1 dentro de tu trasero con solo presionar un bot\u00f3n. Deja que el placer tome el control con este vibrador anal recargable, f\u00e1cil de usar y controlado a distancia.<\/p>\n<p>Ya sea que aprecie la conveniencia durante el juego en solitario o el poder durante el juego en pareja, \u00a1el control remoto inal\u00e1mbrico es una caracter\u00edstica emocionante para usar en casa o en la ciudad! Los botones simples te permiten moverte hacia adelante y hacia atr\u00e1s entre 3 velocidades y 7 patrones de vibraci\u00f3n con un alcance remoto de 4,5 metros. <\/p>\n<p>La punta estrecha permite una inserci\u00f3n c\u00f3moda mientras que la cresta en espiral enrolla el enchufe para un masaje interno. Hecho de silicona premium, esta herramienta de placer no contiene ftalatos para la seguridad del cuerpo y no es porosa para una desinfecci\u00f3n completa. Limpia este dispositivo resistente al agua despu\u00e9s de usarlo con agua tibia y jab\u00f3n suave o limpiador de juguetes.<\/p>\n<p>Caracter\u00edsticas:<\/p>\n<ul>\n<li>Dimensiones del producto:  14,6 x 4 x 4 cm<\/li>\n<li>Peso del producto:  113,50 gr<\/li>\n<li>Di\u00e1metro del producto:  4,0 cm<\/li>\n<li>Longitud insertable:  12,1 cm<\/li>\n<li>Tipos de velocidad: 4<\/li>\n<li>Se requieren bater\u00edas: 1<\/li>\n<li>Tipo de bater\u00edas: CR2032<\/li>\n<li>Bater\u00edas incluidas: S\u00ed<\/li>\n<li>Recargable: S\u00ed<\/li>\n<li>Tiempo de recarga:  120 min<\/li>\n<li>Vida de la recarga de las bater\u00edas: 40 min<\/li>\n<li>Materiales:  Silicona &#038; ABS<\/li>\n<\/ul>\n","protected":false},"excerpt":{"rendered":"<p>SILICONE VIBRATING ANAL PLUG WITH REMOTE CONTROL Este tap\u00f3n c\u00f3nico con textura vibrar\u00e1 dentro de tu trasero con solo presionar<\/p>\n","protected":false},"featured_media":65122,"comment_status":"open","ping_status":"open","template":"","meta":[],"product_cat":[338],"product_tag":[1638,274],"class_list":["post-65121","product","type-product","status-publish","has-post-thumbnail","hentry","product_cat-silicona-plugs","product_tag-under-control","product_tag-xr-brands"],"bundled_by":[],"bundle_stock_status":"instock","bundle_stock_quantity":1,"bundle_virtual":false,"bundle_layout":"","bundle_add_to_cart_form_location":"","bundle_editable_in_cart":false,"bundle_sold_individually_context":"","bundle_item_grouping":"","bundle_min_size":"","bundle_max_size":"","bundled_items":[],"yoast_head":"<!-- This site is optimized with the Yoast SEO plugin v20.6 - https:\/\/yoast.com\/wordpress\/plugins\/seo\/ -->\n<title>PLUG ANAL DE SILICONA CON MANDO - NEGRO - Tienda Er\u00f3tica<\/title>\n<meta name=\"robots\" content=\"noindex, follow, max-snippet:-1, max-image-preview:large, max-video-preview:-1\" \/>\n<meta property=\"og:locale\" content=\"es_ES\" \/>\n<meta property=\"og:type\" content=\"article\" \/>\n<meta property=\"og:title\" content=\"PLUG ANAL DE SILICONA CON MANDO - NEGRO - Tienda Er\u00f3tica\" \/>\n<meta property=\"og:description\" content=\"SILICONE VIBRATING ANAL PLUG WITH REMOTE CONTROL Este tap\u00f3n c\u00f3nico con textura vibrar\u00e1 dentro de tu trasero con solo presionar\" \/>\n<meta property=\"og:url\" content=\"https:\/\/demoweb.info\/sexshop001\/producto\/plug-anal-de-silicona-con-mando-negro\/\" \/>\n<meta property=\"og:site_name\" content=\"Tienda Er\u00f3tica\" \/>\n<meta property=\"article:modified_time\" content=\"2022-01-22T18:24:31+00:00\" \/>\n<meta property=\"og:image\" content=\"https:\/\/demoweb.info\/sexshop001\/wp-content\/uploads\/2022\/01\/PLUG-ANAL-DE-SILICONA-CON-MANDO-NEGRO.jpg\" \/>\n\t<meta property=\"og:image:width\" content=\"550\" \/>\n\t<meta property=\"og:image:height\" content=\"550\" \/>\n\t<meta property=\"og:image:type\" content=\"image\/jpeg\" \/>\n<meta name=\"twitter:card\" content=\"summary_large_image\" \/>\n<meta name=\"twitter:label1\" content=\"Tiempo de lectura\" \/>\n\t<meta name=\"twitter:data1\" content=\"1 minuto\" \/>\n<script type=\"application\/ld+json\" class=\"yoast-schema-graph\">{\"@context\":\"https:\/\/schema.org\",\"@graph\":[{\"@type\":\"WebPage\",\"@id\":\"https:\/\/demoweb.info\/sexshop001\/producto\/plug-anal-de-silicona-con-mando-negro\/\",\"url\":\"https:\/\/demoweb.info\/sexshop001\/producto\/plug-anal-de-silicona-con-mando-negro\/\",\"name\":\"PLUG ANAL DE SILICONA CON MANDO - NEGRO - Tienda Er\u00f3tica\",\"isPartOf\":{\"@id\":\"https:\/\/demoweb.info\/sexshop001\/#website\"},\"datePublished\":\"2022-01-22T18:24:20+00:00\",\"dateModified\":\"2022-01-22T18:24:31+00:00\",\"breadcrumb\":{\"@id\":\"https:\/\/demoweb.info\/sexshop001\/producto\/plug-anal-de-silicona-con-mando-negro\/#breadcrumb\"},\"inLanguage\":\"es\",\"potentialAction\":[{\"@type\":\"ReadAction\",\"target\":[\"https:\/\/demoweb.info\/sexshop001\/producto\/plug-anal-de-silicona-con-mando-negro\/\"]}]},{\"@type\":\"BreadcrumbList\",\"@id\":\"https:\/\/demoweb.info\/sexshop001\/producto\/plug-anal-de-silicona-con-mando-negro\/#breadcrumb\",\"itemListElement\":[{\"@type\":\"ListItem\",\"position\":1,\"name\":\"Portada\",\"item\":\"https:\/\/demoweb.info\/sexshop001\/\"},{\"@type\":\"ListItem\",\"position\":2,\"name\":\"Tienda\",\"item\":\"https:\/\/demoweb.info\/sexshop001\/tienda\/\"},{\"@type\":\"ListItem\",\"position\":3,\"name\":\"PLUG ANAL DE SILICONA CON MANDO &#8211; NEGRO\"}]},{\"@type\":\"WebSite\",\"@id\":\"https:\/\/demoweb.info\/sexshop001\/#website\",\"url\":\"https:\/\/demoweb.info\/sexshop001\/\",\"name\":\"Tienda Er\u00f3tica\",\"description\":\"DEMOWEB SL\",\"potentialAction\":[{\"@type\":\"SearchAction\",\"target\":{\"@type\":\"EntryPoint\",\"urlTemplate\":\"https:\/\/demoweb.info\/sexshop001\/?s={search_term_string}\"},\"query-input\":\"required name=search_term_string\"}],\"inLanguage\":\"es\"}]}<\/script>\n<!-- \/ Yoast SEO plugin. -->","yoast_head_json":{"title":"PLUG ANAL DE SILICONA CON MANDO - NEGRO - Tienda Er\u00f3tica","robots":{"index":"noindex","follow":"follow","max-snippet":"max-snippet:-1","max-image-preview":"max-image-preview:large","max-video-preview":"max-video-preview:-1"},"og_locale":"es_ES","og_type":"article","og_title":"PLUG ANAL DE SILICONA CON MANDO - NEGRO - Tienda Er\u00f3tica","og_description":"SILICONE VIBRATING ANAL PLUG WITH REMOTE CONTROL Este tap\u00f3n c\u00f3nico con textura vibrar\u00e1 dentro de tu trasero con solo presionar","og_url":"https:\/\/demoweb.info\/sexshop001\/producto\/plug-anal-de-silicona-con-mando-negro\/","og_site_name":"Tienda Er\u00f3tica","article_modified_time":"2022-01-22T18:24:31+00:00","og_image":[{"width":550,"height":550,"url":"https:\/\/demoweb.info\/sexshop001\/wp-content\/uploads\/2022\/01\/PLUG-ANAL-DE-SILICONA-CON-MANDO-NEGRO.jpg","type":"image\/jpeg"}],"twitter_card":"summary_large_image","twitter_misc":{"Tiempo de lectura":"1 minuto"},"schema":{"@context":"https:\/\/schema.org","@graph":[{"@type":"WebPage","@id":"https:\/\/demoweb.info\/sexshop001\/producto\/plug-anal-de-silicona-con-mando-negro\/","url":"https:\/\/demoweb.info\/sexshop001\/producto\/plug-anal-de-silicona-con-mando-negro\/","name":"PLUG ANAL DE SILICONA CON MANDO - NEGRO - Tienda Er\u00f3tica","isPartOf":{"@id":"https:\/\/demoweb.info\/sexshop001\/#website"},"datePublished":"2022-01-22T18:24:20+00:00","dateModified":"2022-01-22T18:24:31+00:00","breadcrumb":{"@id":"https:\/\/demoweb.info\/sexshop001\/producto\/plug-anal-de-silicona-con-mando-negro\/#breadcrumb"},"inLanguage":"es","potentialAction":[{"@type":"ReadAction","target":["https:\/\/demoweb.info\/sexshop001\/producto\/plug-anal-de-silicona-con-mando-negro\/"]}]},{"@type":"BreadcrumbList","@id":"https:\/\/demoweb.info\/sexshop001\/producto\/plug-anal-de-silicona-con-mando-negro\/#breadcrumb","itemListElement":[{"@type":"ListItem","position":1,"name":"Portada","item":"https:\/\/demoweb.info\/sexshop001\/"},{"@type":"ListItem","position":2,"name":"Tienda","item":"https:\/\/demoweb.info\/sexshop001\/tienda\/"},{"@type":"ListItem","position":3,"name":"PLUG ANAL DE SILICONA CON MANDO &#8211; NEGRO"}]},{"@type":"WebSite","@id":"https:\/\/demoweb.info\/sexshop001\/#website","url":"https:\/\/demoweb.info\/sexshop001\/","name":"Tienda Er\u00f3tica","description":"DEMOWEB SL","potentialAction":[{"@type":"SearchAction","target":{"@type":"EntryPoint","urlTemplate":"https:\/\/demoweb.info\/sexshop001\/?s={search_term_string}"},"query-input":"required name=search_term_string"}],"inLanguage":"es"}]}},"_links":{"self":[{"href":"https:\/\/demoweb.info\/sexshop001\/wp-json\/wp\/v3\/product\/65121","targetHints":{"allow":["GET"]}}],"collection":[{"href":"https:\/\/demoweb.info\/sexshop001\/wp-json\/wp\/v3\/product"}],"about":[{"href":"https:\/\/demoweb.info\/sexshop001\/wp-json\/wp\/v2\/types\/product"}],"replies":[{"embeddable":true,"href":"https:\/\/demoweb.info\/sexshop001\/wp-json\/wp\/v2\/comments?post=65121"}],"wp:featuredmedia":[{"embeddable":true,"href":"https:\/\/demoweb.info\/sexshop001\/wp-json\/wp\/v2\/media\/65122"}],"wp:attachment":[{"href":"https:\/\/demoweb.info\/sexshop001\/wp-json\/wp\/v2\/media?parent=65121"}],"wp:term":[{"taxonomy":"product_cat","embeddable":true,"href":"https:\/\/demoweb.info\/sexshop001\/wp-json\/wp\/v2\/product_cat?post=65121"},{"taxonomy":"product_tag","embeddable":true,"href":"https:\/\/demoweb.info\/sexshop001\/wp-json\/wp\/v2\/product_tag?post=65121"}],"curies":[{"name":"wp","href":"https:\/\/api.w.org\/{rel}","templated":true}]}}