{"id":65061,"date":"2022-01-22T19:23:25","date_gmt":"2022-01-22T18:23:25","guid":{"rendered":"https:\/\/demoweb.info\/sexshop001\/producto\/g-pearl-estimulador-punto-g-10x-con-perlas-de-movimiento-morado\/"},"modified":"2022-01-22T19:23:46","modified_gmt":"2022-01-22T18:23:46","slug":"g-pearl-estimulador-punto-g-10x-con-perlas-de-movimiento-morado","status":"publish","type":"product","link":"https:\/\/demoweb.info\/sexshop001\/producto\/g-pearl-estimulador-punto-g-10x-con-perlas-de-movimiento-morado\/","title":{"rendered":"G-PEARL ESTIMULADOR PUNTO G 10X CON PERLAS DE MOVIMIENTO &#8211; MORADO"},"content":{"rendered":"<p><strong>10X G-PEARL G-SPOT STIMULATOR WITH MOVING BEADS<\/strong><\/p>\n<p>El \u00e9xtasis se une a la innovaci\u00f3n con este punto G y vibrador del cl\u00edtoris de \u00faltima generaci\u00f3n.<\/p>\n<p>El dise\u00f1o controlado a distancia lo convierte en un emocionante juguete para parejas, y un juguete en solitario m\u00e1s conveniente. Sin embargo, la caracter\u00edstica que distingue este juguete es el conjunto de cuentas debajo de la superficie de la porci\u00f3n exterior, que giran para imitar la sensaci\u00f3n de una lengua girando alrededor del cl\u00edtoris durante el sexo oral.<\/p>\n<p>Mientras tanto, el eje peque\u00f1o y curvo aplica presi\u00f3n a tu punto G a medida que vibra con 10 funciones emocionantes, incluidas 3 velocidades y 7 patrones. El control remoto se desplaza f\u00e1cilmente a trav\u00e9s de ellos mientras el ambiente se guarda discretamente dentro de un par de bragas. Esta lujosa herramienta de placer es, por supuesto, recargable.<\/p>\n<p>La silicona suave como la seda es de primera calidad, libre de ftalatos y no porosa para una experiencia segura para el cuerpo. Preserva el material evitando su uso con lubricantes de silicona y limpi\u00e1ndolo con un jab\u00f3n suave o limpiador de juguetes.<\/p>\n<p>Caracter\u00edsticas:<\/p>\n<ul>\n<li>Dimensiones del producto: 10,9 x 10,9 x 3,2 cm<\/li>\n<li>Peso del producto:  136,20 gram<\/li>\n<li>Di\u00e1metro del producto: 3,2 cm<\/li>\n<li>Longitud insertable:   8,9 cm<\/li>\n<li>Tipos de velocidad: 10<\/li>\n<li>Se requieren bater\u00edas:  1<\/li>\n<li>Tipo de bater\u00edas: AAA<\/li>\n<li>Bater\u00edas incluidas: No<\/li>\n<li>Recargable:  S\u00ed<\/li>\n<li>Tiempo de recarga:120 min<\/li>\n<li>Vida de la recarga de las bater\u00edas: 60 min<\/li>\n<li>Materiales: Silicona, pl\u00e1stico ABS<\/li>\n<\/ul>\n","protected":false},"excerpt":{"rendered":"<p>10X G-PEARL G-SPOT STIMULATOR WITH MOVING BEADS El \u00e9xtasis se une a la innovaci\u00f3n con este punto G y vibrador<\/p>\n","protected":false},"featured_media":65062,"comment_status":"open","ping_status":"open","template":"","meta":[],"product_cat":[639],"product_tag":[491,274],"class_list":["post-65061","product","type-product","status-publish","has-post-thumbnail","hentry","product_cat-punto-g","product_tag-inmi","product_tag-xr-brands"],"bundled_by":[],"bundle_stock_status":"instock","bundle_stock_quantity":1,"bundle_virtual":false,"bundle_layout":"","bundle_add_to_cart_form_location":"","bundle_editable_in_cart":false,"bundle_sold_individually_context":"","bundle_item_grouping":"","bundle_min_size":"","bundle_max_size":"","bundled_items":[],"yoast_head":"<!-- This site is optimized with the Yoast SEO plugin v20.6 - https:\/\/yoast.com\/wordpress\/plugins\/seo\/ -->\n<title>G-PEARL ESTIMULADOR PUNTO G 10X CON PERLAS DE MOVIMIENTO - MORADO - Tienda Er\u00f3tica<\/title>\n<meta name=\"robots\" content=\"noindex, follow, max-snippet:-1, max-image-preview:large, max-video-preview:-1\" \/>\n<meta property=\"og:locale\" content=\"es_ES\" \/>\n<meta property=\"og:type\" content=\"article\" \/>\n<meta property=\"og:title\" content=\"G-PEARL ESTIMULADOR PUNTO G 10X CON PERLAS DE MOVIMIENTO - MORADO - Tienda Er\u00f3tica\" \/>\n<meta property=\"og:description\" content=\"10X G-PEARL G-SPOT STIMULATOR WITH MOVING BEADS El \u00e9xtasis se une a la innovaci\u00f3n con este punto G y vibrador\" \/>\n<meta property=\"og:url\" content=\"https:\/\/demoweb.info\/sexshop001\/producto\/g-pearl-estimulador-punto-g-10x-con-perlas-de-movimiento-morado\/\" \/>\n<meta property=\"og:site_name\" content=\"Tienda Er\u00f3tica\" \/>\n<meta property=\"article:modified_time\" content=\"2022-01-22T18:23:46+00:00\" \/>\n<meta property=\"og:image\" content=\"https:\/\/demoweb.info\/sexshop001\/wp-content\/uploads\/2022\/01\/G-PEARL-ESTIMULADOR-PUNTO-G-10X-CON-PERLAS-DE-MOVIMIENTO-MORADO.jpg\" \/>\n\t<meta property=\"og:image:width\" content=\"550\" \/>\n\t<meta property=\"og:image:height\" content=\"550\" \/>\n\t<meta property=\"og:image:type\" content=\"image\/jpeg\" \/>\n<meta name=\"twitter:card\" content=\"summary_large_image\" \/>\n<meta name=\"twitter:label1\" content=\"Tiempo de lectura\" \/>\n\t<meta name=\"twitter:data1\" content=\"1 minuto\" \/>\n<script type=\"application\/ld+json\" class=\"yoast-schema-graph\">{\"@context\":\"https:\/\/schema.org\",\"@graph\":[{\"@type\":\"WebPage\",\"@id\":\"https:\/\/demoweb.info\/sexshop001\/producto\/g-pearl-estimulador-punto-g-10x-con-perlas-de-movimiento-morado\/\",\"url\":\"https:\/\/demoweb.info\/sexshop001\/producto\/g-pearl-estimulador-punto-g-10x-con-perlas-de-movimiento-morado\/\",\"name\":\"G-PEARL ESTIMULADOR PUNTO G 10X CON PERLAS DE MOVIMIENTO - MORADO - Tienda Er\u00f3tica\",\"isPartOf\":{\"@id\":\"https:\/\/demoweb.info\/sexshop001\/#website\"},\"datePublished\":\"2022-01-22T18:23:25+00:00\",\"dateModified\":\"2022-01-22T18:23:46+00:00\",\"breadcrumb\":{\"@id\":\"https:\/\/demoweb.info\/sexshop001\/producto\/g-pearl-estimulador-punto-g-10x-con-perlas-de-movimiento-morado\/#breadcrumb\"},\"inLanguage\":\"es\",\"potentialAction\":[{\"@type\":\"ReadAction\",\"target\":[\"https:\/\/demoweb.info\/sexshop001\/producto\/g-pearl-estimulador-punto-g-10x-con-perlas-de-movimiento-morado\/\"]}]},{\"@type\":\"BreadcrumbList\",\"@id\":\"https:\/\/demoweb.info\/sexshop001\/producto\/g-pearl-estimulador-punto-g-10x-con-perlas-de-movimiento-morado\/#breadcrumb\",\"itemListElement\":[{\"@type\":\"ListItem\",\"position\":1,\"name\":\"Portada\",\"item\":\"https:\/\/demoweb.info\/sexshop001\/\"},{\"@type\":\"ListItem\",\"position\":2,\"name\":\"Tienda\",\"item\":\"https:\/\/demoweb.info\/sexshop001\/tienda\/\"},{\"@type\":\"ListItem\",\"position\":3,\"name\":\"G-PEARL ESTIMULADOR PUNTO G 10X CON PERLAS DE MOVIMIENTO &#8211; MORADO\"}]},{\"@type\":\"WebSite\",\"@id\":\"https:\/\/demoweb.info\/sexshop001\/#website\",\"url\":\"https:\/\/demoweb.info\/sexshop001\/\",\"name\":\"Tienda Er\u00f3tica\",\"description\":\"DEMOWEB SL\",\"potentialAction\":[{\"@type\":\"SearchAction\",\"target\":{\"@type\":\"EntryPoint\",\"urlTemplate\":\"https:\/\/demoweb.info\/sexshop001\/?s={search_term_string}\"},\"query-input\":\"required name=search_term_string\"}],\"inLanguage\":\"es\"}]}<\/script>\n<!-- \/ Yoast SEO plugin. -->","yoast_head_json":{"title":"G-PEARL ESTIMULADOR PUNTO G 10X CON PERLAS DE MOVIMIENTO - MORADO - Tienda Er\u00f3tica","robots":{"index":"noindex","follow":"follow","max-snippet":"max-snippet:-1","max-image-preview":"max-image-preview:large","max-video-preview":"max-video-preview:-1"},"og_locale":"es_ES","og_type":"article","og_title":"G-PEARL ESTIMULADOR PUNTO G 10X CON PERLAS DE MOVIMIENTO - MORADO - Tienda Er\u00f3tica","og_description":"10X G-PEARL G-SPOT STIMULATOR WITH MOVING BEADS El \u00e9xtasis se une a la innovaci\u00f3n con este punto G y vibrador","og_url":"https:\/\/demoweb.info\/sexshop001\/producto\/g-pearl-estimulador-punto-g-10x-con-perlas-de-movimiento-morado\/","og_site_name":"Tienda Er\u00f3tica","article_modified_time":"2022-01-22T18:23:46+00:00","og_image":[{"width":550,"height":550,"url":"https:\/\/demoweb.info\/sexshop001\/wp-content\/uploads\/2022\/01\/G-PEARL-ESTIMULADOR-PUNTO-G-10X-CON-PERLAS-DE-MOVIMIENTO-MORADO.jpg","type":"image\/jpeg"}],"twitter_card":"summary_large_image","twitter_misc":{"Tiempo de lectura":"1 minuto"},"schema":{"@context":"https:\/\/schema.org","@graph":[{"@type":"WebPage","@id":"https:\/\/demoweb.info\/sexshop001\/producto\/g-pearl-estimulador-punto-g-10x-con-perlas-de-movimiento-morado\/","url":"https:\/\/demoweb.info\/sexshop001\/producto\/g-pearl-estimulador-punto-g-10x-con-perlas-de-movimiento-morado\/","name":"G-PEARL ESTIMULADOR PUNTO G 10X CON PERLAS DE MOVIMIENTO - MORADO - Tienda Er\u00f3tica","isPartOf":{"@id":"https:\/\/demoweb.info\/sexshop001\/#website"},"datePublished":"2022-01-22T18:23:25+00:00","dateModified":"2022-01-22T18:23:46+00:00","breadcrumb":{"@id":"https:\/\/demoweb.info\/sexshop001\/producto\/g-pearl-estimulador-punto-g-10x-con-perlas-de-movimiento-morado\/#breadcrumb"},"inLanguage":"es","potentialAction":[{"@type":"ReadAction","target":["https:\/\/demoweb.info\/sexshop001\/producto\/g-pearl-estimulador-punto-g-10x-con-perlas-de-movimiento-morado\/"]}]},{"@type":"BreadcrumbList","@id":"https:\/\/demoweb.info\/sexshop001\/producto\/g-pearl-estimulador-punto-g-10x-con-perlas-de-movimiento-morado\/#breadcrumb","itemListElement":[{"@type":"ListItem","position":1,"name":"Portada","item":"https:\/\/demoweb.info\/sexshop001\/"},{"@type":"ListItem","position":2,"name":"Tienda","item":"https:\/\/demoweb.info\/sexshop001\/tienda\/"},{"@type":"ListItem","position":3,"name":"G-PEARL ESTIMULADOR PUNTO G 10X CON PERLAS DE MOVIMIENTO &#8211; MORADO"}]},{"@type":"WebSite","@id":"https:\/\/demoweb.info\/sexshop001\/#website","url":"https:\/\/demoweb.info\/sexshop001\/","name":"Tienda Er\u00f3tica","description":"DEMOWEB SL","potentialAction":[{"@type":"SearchAction","target":{"@type":"EntryPoint","urlTemplate":"https:\/\/demoweb.info\/sexshop001\/?s={search_term_string}"},"query-input":"required name=search_term_string"}],"inLanguage":"es"}]}},"_links":{"self":[{"href":"https:\/\/demoweb.info\/sexshop001\/wp-json\/wp\/v3\/product\/65061","targetHints":{"allow":["GET"]}}],"collection":[{"href":"https:\/\/demoweb.info\/sexshop001\/wp-json\/wp\/v3\/product"}],"about":[{"href":"https:\/\/demoweb.info\/sexshop001\/wp-json\/wp\/v2\/types\/product"}],"replies":[{"embeddable":true,"href":"https:\/\/demoweb.info\/sexshop001\/wp-json\/wp\/v2\/comments?post=65061"}],"wp:featuredmedia":[{"embeddable":true,"href":"https:\/\/demoweb.info\/sexshop001\/wp-json\/wp\/v2\/media\/65062"}],"wp:attachment":[{"href":"https:\/\/demoweb.info\/sexshop001\/wp-json\/wp\/v2\/media?parent=65061"}],"wp:term":[{"taxonomy":"product_cat","embeddable":true,"href":"https:\/\/demoweb.info\/sexshop001\/wp-json\/wp\/v2\/product_cat?post=65061"},{"taxonomy":"product_tag","embeddable":true,"href":"https:\/\/demoweb.info\/sexshop001\/wp-json\/wp\/v2\/product_tag?post=65061"}],"curies":[{"name":"wp","href":"https:\/\/api.w.org\/{rel}","templated":true}]}}