{"id":65051,"date":"2022-01-22T19:23:25","date_gmt":"2022-01-22T18:23:25","guid":{"rendered":"https:\/\/demoweb.info\/sexshop001\/producto\/slim-rider-pene-sin-sujecion-de-silicona-con-vibracion-negro\/"},"modified":"2022-01-22T19:23:38","modified_gmt":"2022-01-22T18:23:38","slug":"slim-rider-pene-sin-sujecion-de-silicona-con-vibracion-negro","status":"publish","type":"product","link":"https:\/\/demoweb.info\/sexshop001\/producto\/slim-rider-pene-sin-sujecion-de-silicona-con-vibracion-negro\/","title":{"rendered":"SLIM RIDER PENE SIN SUJECI\u00d3N DE SILICONA CON VIBRACI\u00d3N &#8211; NEGRO"},"content":{"rendered":"<p><strong>SLIM RIDER RIBBED VIBRATING STRAPLESS STRAP-ON<\/strong><\/p>\n<p>Un eje delgado, texturas sutiles y 9 modos incre\u00edbles de vibraci\u00f3n distinguen a este hermoso arn\u00e9s sin tirantes.<\/p>\n<p>Esta herramienta de placer recargable cuenta con motores duales para proporcionarte 3 velocidades y 6 patrones de potente impulso interno. El bot\u00f3n de control \u00fanico es f\u00e1cil de usar y accesible durante la penetraci\u00f3n.<\/p>\n<p>Ambos extremos de este consolador doble ingeniosamente dise\u00f1ado tienen la forma de lo \u00faltimo en \u00e9xtasis: la bombilla est\u00e1 adornada con suaves olas mientras mueves tu cl\u00edtoris contra las estr\u00edas de la almohadilla frontal. Mientras tanto, tu compa\u00f1ero ser\u00e1 tratado con un eje estrecho y c\u00f3modo con una ligera cresta. \u00a1Incluso es resistente al agua para que puedas jugar en la ducha, el ba\u00f1o, la piscina y m\u00e1s!<\/p>\n<p>Explora una mayor intimidad con un vibrador consolador Strap-on de doble punta. Hecho de silicona sedosa, el Slim Rider no es poroso y no contiene ftalatos. Limpiar con jab\u00f3n suave y agua tibia y evite su uso con lubricantes de silicona.<\/p>\n<p>Caracteristicas:<\/p>\n<ul>\n<li>Medidas: 21,6 x 12,7 x 3,8 cm<\/li>\n<li>Di\u00e1metro: 3,8 cm<\/li>\n<li>Longitud insertable: 12,7 cm<\/li>\n<li>9 velocidades diferentes<\/li>\n<li>Material: Silicona<\/li>\n<\/ul>\n","protected":false},"excerpt":{"rendered":"<p>SLIM RIDER RIBBED VIBRATING STRAPLESS STRAP-ON Un eje delgado, texturas sutiles y 9 modos incre\u00edbles de vibraci\u00f3n distinguen a este<\/p>\n","protected":false},"featured_media":65052,"comment_status":"open","ping_status":"open","template":"","meta":[],"product_cat":[273],"product_tag":[275,274],"class_list":["post-65051","product","type-product","status-publish","has-post-thumbnail","hentry","product_cat-silicona-sin-sujecion","product_tag-strap-u","product_tag-xr-brands"],"bundled_by":[],"bundle_stock_status":"instock","bundle_stock_quantity":1,"bundle_virtual":false,"bundle_layout":"","bundle_add_to_cart_form_location":"","bundle_editable_in_cart":false,"bundle_sold_individually_context":"","bundle_item_grouping":"","bundle_min_size":"","bundle_max_size":"","bundled_items":[],"yoast_head":"<!-- This site is optimized with the Yoast SEO plugin v20.6 - https:\/\/yoast.com\/wordpress\/plugins\/seo\/ -->\n<title>SLIM RIDER PENE SIN SUJECI\u00d3N DE SILICONA CON VIBRACI\u00d3N - NEGRO - Tienda Er\u00f3tica<\/title>\n<meta name=\"robots\" content=\"noindex, follow, max-snippet:-1, max-image-preview:large, max-video-preview:-1\" \/>\n<meta property=\"og:locale\" content=\"es_ES\" \/>\n<meta property=\"og:type\" content=\"article\" \/>\n<meta property=\"og:title\" content=\"SLIM RIDER PENE SIN SUJECI\u00d3N DE SILICONA CON VIBRACI\u00d3N - NEGRO - Tienda Er\u00f3tica\" \/>\n<meta property=\"og:description\" content=\"SLIM RIDER RIBBED VIBRATING STRAPLESS STRAP-ON Un eje delgado, texturas sutiles y 9 modos incre\u00edbles de vibraci\u00f3n distinguen a este\" \/>\n<meta property=\"og:url\" content=\"https:\/\/demoweb.info\/sexshop001\/producto\/slim-rider-pene-sin-sujecion-de-silicona-con-vibracion-negro\/\" \/>\n<meta property=\"og:site_name\" content=\"Tienda Er\u00f3tica\" \/>\n<meta property=\"article:modified_time\" content=\"2022-01-22T18:23:38+00:00\" \/>\n<meta property=\"og:image\" content=\"https:\/\/demoweb.info\/sexshop001\/wp-content\/uploads\/2022\/01\/SLIM-RIDER-PENE-SIN-SUJECION-DE-SILICONA-CON-VIBRACION-NEGRO.jpg\" \/>\n\t<meta property=\"og:image:width\" content=\"550\" \/>\n\t<meta property=\"og:image:height\" content=\"550\" \/>\n\t<meta property=\"og:image:type\" content=\"image\/jpeg\" \/>\n<meta name=\"twitter:card\" content=\"summary_large_image\" \/>\n<meta name=\"twitter:label1\" content=\"Tiempo de lectura\" \/>\n\t<meta name=\"twitter:data1\" content=\"1 minuto\" \/>\n<script type=\"application\/ld+json\" class=\"yoast-schema-graph\">{\"@context\":\"https:\/\/schema.org\",\"@graph\":[{\"@type\":\"WebPage\",\"@id\":\"https:\/\/demoweb.info\/sexshop001\/producto\/slim-rider-pene-sin-sujecion-de-silicona-con-vibracion-negro\/\",\"url\":\"https:\/\/demoweb.info\/sexshop001\/producto\/slim-rider-pene-sin-sujecion-de-silicona-con-vibracion-negro\/\",\"name\":\"SLIM RIDER PENE SIN SUJECI\u00d3N DE SILICONA CON VIBRACI\u00d3N - NEGRO - Tienda Er\u00f3tica\",\"isPartOf\":{\"@id\":\"https:\/\/demoweb.info\/sexshop001\/#website\"},\"datePublished\":\"2022-01-22T18:23:25+00:00\",\"dateModified\":\"2022-01-22T18:23:38+00:00\",\"breadcrumb\":{\"@id\":\"https:\/\/demoweb.info\/sexshop001\/producto\/slim-rider-pene-sin-sujecion-de-silicona-con-vibracion-negro\/#breadcrumb\"},\"inLanguage\":\"es\",\"potentialAction\":[{\"@type\":\"ReadAction\",\"target\":[\"https:\/\/demoweb.info\/sexshop001\/producto\/slim-rider-pene-sin-sujecion-de-silicona-con-vibracion-negro\/\"]}]},{\"@type\":\"BreadcrumbList\",\"@id\":\"https:\/\/demoweb.info\/sexshop001\/producto\/slim-rider-pene-sin-sujecion-de-silicona-con-vibracion-negro\/#breadcrumb\",\"itemListElement\":[{\"@type\":\"ListItem\",\"position\":1,\"name\":\"Portada\",\"item\":\"https:\/\/demoweb.info\/sexshop001\/\"},{\"@type\":\"ListItem\",\"position\":2,\"name\":\"Tienda\",\"item\":\"https:\/\/demoweb.info\/sexshop001\/tienda\/\"},{\"@type\":\"ListItem\",\"position\":3,\"name\":\"SLIM RIDER PENE SIN SUJECI\u00d3N DE SILICONA CON VIBRACI\u00d3N &#8211; NEGRO\"}]},{\"@type\":\"WebSite\",\"@id\":\"https:\/\/demoweb.info\/sexshop001\/#website\",\"url\":\"https:\/\/demoweb.info\/sexshop001\/\",\"name\":\"Tienda Er\u00f3tica\",\"description\":\"DEMOWEB SL\",\"potentialAction\":[{\"@type\":\"SearchAction\",\"target\":{\"@type\":\"EntryPoint\",\"urlTemplate\":\"https:\/\/demoweb.info\/sexshop001\/?s={search_term_string}\"},\"query-input\":\"required name=search_term_string\"}],\"inLanguage\":\"es\"}]}<\/script>\n<!-- \/ Yoast SEO plugin. -->","yoast_head_json":{"title":"SLIM RIDER PENE SIN SUJECI\u00d3N DE SILICONA CON VIBRACI\u00d3N - NEGRO - Tienda Er\u00f3tica","robots":{"index":"noindex","follow":"follow","max-snippet":"max-snippet:-1","max-image-preview":"max-image-preview:large","max-video-preview":"max-video-preview:-1"},"og_locale":"es_ES","og_type":"article","og_title":"SLIM RIDER PENE SIN SUJECI\u00d3N DE SILICONA CON VIBRACI\u00d3N - NEGRO - Tienda Er\u00f3tica","og_description":"SLIM RIDER RIBBED VIBRATING STRAPLESS STRAP-ON Un eje delgado, texturas sutiles y 9 modos incre\u00edbles de vibraci\u00f3n distinguen a este","og_url":"https:\/\/demoweb.info\/sexshop001\/producto\/slim-rider-pene-sin-sujecion-de-silicona-con-vibracion-negro\/","og_site_name":"Tienda Er\u00f3tica","article_modified_time":"2022-01-22T18:23:38+00:00","og_image":[{"width":550,"height":550,"url":"https:\/\/demoweb.info\/sexshop001\/wp-content\/uploads\/2022\/01\/SLIM-RIDER-PENE-SIN-SUJECION-DE-SILICONA-CON-VIBRACION-NEGRO.jpg","type":"image\/jpeg"}],"twitter_card":"summary_large_image","twitter_misc":{"Tiempo de lectura":"1 minuto"},"schema":{"@context":"https:\/\/schema.org","@graph":[{"@type":"WebPage","@id":"https:\/\/demoweb.info\/sexshop001\/producto\/slim-rider-pene-sin-sujecion-de-silicona-con-vibracion-negro\/","url":"https:\/\/demoweb.info\/sexshop001\/producto\/slim-rider-pene-sin-sujecion-de-silicona-con-vibracion-negro\/","name":"SLIM RIDER PENE SIN SUJECI\u00d3N DE SILICONA CON VIBRACI\u00d3N - NEGRO - Tienda Er\u00f3tica","isPartOf":{"@id":"https:\/\/demoweb.info\/sexshop001\/#website"},"datePublished":"2022-01-22T18:23:25+00:00","dateModified":"2022-01-22T18:23:38+00:00","breadcrumb":{"@id":"https:\/\/demoweb.info\/sexshop001\/producto\/slim-rider-pene-sin-sujecion-de-silicona-con-vibracion-negro\/#breadcrumb"},"inLanguage":"es","potentialAction":[{"@type":"ReadAction","target":["https:\/\/demoweb.info\/sexshop001\/producto\/slim-rider-pene-sin-sujecion-de-silicona-con-vibracion-negro\/"]}]},{"@type":"BreadcrumbList","@id":"https:\/\/demoweb.info\/sexshop001\/producto\/slim-rider-pene-sin-sujecion-de-silicona-con-vibracion-negro\/#breadcrumb","itemListElement":[{"@type":"ListItem","position":1,"name":"Portada","item":"https:\/\/demoweb.info\/sexshop001\/"},{"@type":"ListItem","position":2,"name":"Tienda","item":"https:\/\/demoweb.info\/sexshop001\/tienda\/"},{"@type":"ListItem","position":3,"name":"SLIM RIDER PENE SIN SUJECI\u00d3N DE SILICONA CON VIBRACI\u00d3N &#8211; NEGRO"}]},{"@type":"WebSite","@id":"https:\/\/demoweb.info\/sexshop001\/#website","url":"https:\/\/demoweb.info\/sexshop001\/","name":"Tienda Er\u00f3tica","description":"DEMOWEB SL","potentialAction":[{"@type":"SearchAction","target":{"@type":"EntryPoint","urlTemplate":"https:\/\/demoweb.info\/sexshop001\/?s={search_term_string}"},"query-input":"required name=search_term_string"}],"inLanguage":"es"}]}},"_links":{"self":[{"href":"https:\/\/demoweb.info\/sexshop001\/wp-json\/wp\/v3\/product\/65051","targetHints":{"allow":["GET"]}}],"collection":[{"href":"https:\/\/demoweb.info\/sexshop001\/wp-json\/wp\/v3\/product"}],"about":[{"href":"https:\/\/demoweb.info\/sexshop001\/wp-json\/wp\/v2\/types\/product"}],"replies":[{"embeddable":true,"href":"https:\/\/demoweb.info\/sexshop001\/wp-json\/wp\/v2\/comments?post=65051"}],"wp:featuredmedia":[{"embeddable":true,"href":"https:\/\/demoweb.info\/sexshop001\/wp-json\/wp\/v2\/media\/65052"}],"wp:attachment":[{"href":"https:\/\/demoweb.info\/sexshop001\/wp-json\/wp\/v2\/media?parent=65051"}],"wp:term":[{"taxonomy":"product_cat","embeddable":true,"href":"https:\/\/demoweb.info\/sexshop001\/wp-json\/wp\/v2\/product_cat?post=65051"},{"taxonomy":"product_tag","embeddable":true,"href":"https:\/\/demoweb.info\/sexshop001\/wp-json\/wp\/v2\/product_tag?post=65051"}],"curies":[{"name":"wp","href":"https:\/\/api.w.org\/{rel}","templated":true}]}}