{"id":65008,"date":"2022-01-22T19:22:58","date_gmt":"2022-01-22T18:22:58","guid":{"rendered":"https:\/\/demoweb.info\/sexshop001\/producto\/the-drop-10x-plug-vibrador-de-silicona-negro\/"},"modified":"2022-01-22T19:23:08","modified_gmt":"2022-01-22T18:23:08","slug":"the-drop-10x-plug-vibrador-de-silicona-negro","status":"publish","type":"product","link":"https:\/\/demoweb.info\/sexshop001\/producto\/the-drop-10x-plug-vibrador-de-silicona-negro\/","title":{"rendered":"THE DROP 10X PLUG VIBRADOR DE SILICONA NEGRO"},"content":{"rendered":"<p><strong>THE DROP 10X SILICONE VIBRATING THRUSTER BLACK<\/strong><\/p>\n<p>\u00a1Una cabeza tipo gallo con 3 bultos m\u00e1s definidos ofrece una textura incre\u00edble! Sujete la empu\u00f1adura texturizada y sumerja este suave y sedoso plug a trav\u00e9s de su puerta trasera para experimentar 10 potentes configuraciones de vibraci\u00f3n. Con solo presionar un bot\u00f3n en la base del mango, recorra 3 intensidades y 7 patrones de pulsaci\u00f3n que lo dejar\u00e1n boquiabierto mientras le sacuden el culo.<\/p>\n<p>Esta herramienta recargable tambi\u00e9n es resistente al agua, por lo que es perfecta para sesiones de ducha con vapor o fiestas privadas en la piscina. Hecho de silicona premium, este propulsor vibratorio no es poroso, est\u00e1 libre de ftalatos y es f\u00e1cil de desinfectar con un jab\u00f3n suave y agua tibia. Evite su uso con lubricantes de silicona.<\/p>\n<ul>\n<li>Dimensiones del producto    19,7 x 19,1 x 3,8 cm<\/li>\n<li>Peso del producto    263,32 gram<\/li>\n<li>Di\u00e1metro del producto    4,1 cm<\/li>\n<li>Longitud insertable    12,7 cm<\/li>\n<li>Tipos de velocidad    10<\/li>\n<li>Recargable    S\u00ed<\/li>\n<li>Tiempo de recarga    180 min<\/li>\n<li>Vida de la recarga de las bater\u00edas    60 min<\/li>\n<li>Materiales    Silicone, ABS plastic<\/li>\n<\/ul>\n","protected":false},"excerpt":{"rendered":"<p>THE DROP 10X SILICONE VIBRATING THRUSTER BLACK \u00a1Una cabeza tipo gallo con 3 bultos m\u00e1s definidos ofrece una textura incre\u00edble!<\/p>\n","protected":false},"featured_media":65009,"comment_status":"open","ping_status":"open","template":"","meta":[],"product_cat":[279],"product_tag":[274],"class_list":["post-65008","product","type-product","status-publish","has-post-thumbnail","hentry","product_cat-plugs","product_tag-xr-brands"],"bundled_by":[],"bundle_stock_status":"instock","bundle_stock_quantity":1,"bundle_virtual":false,"bundle_layout":"","bundle_add_to_cart_form_location":"","bundle_editable_in_cart":false,"bundle_sold_individually_context":"","bundle_item_grouping":"","bundle_min_size":"","bundle_max_size":"","bundled_items":[],"yoast_head":"<!-- This site is optimized with the Yoast SEO plugin v20.6 - https:\/\/yoast.com\/wordpress\/plugins\/seo\/ -->\n<title>THE DROP 10X PLUG VIBRADOR DE SILICONA NEGRO - Tienda Er\u00f3tica<\/title>\n<meta name=\"robots\" content=\"noindex, follow, max-snippet:-1, max-image-preview:large, max-video-preview:-1\" \/>\n<meta property=\"og:locale\" content=\"es_ES\" \/>\n<meta property=\"og:type\" content=\"article\" \/>\n<meta property=\"og:title\" content=\"THE DROP 10X PLUG VIBRADOR DE SILICONA NEGRO - Tienda Er\u00f3tica\" \/>\n<meta property=\"og:description\" content=\"THE DROP 10X SILICONE VIBRATING THRUSTER BLACK \u00a1Una cabeza tipo gallo con 3 bultos m\u00e1s definidos ofrece una textura incre\u00edble!\" \/>\n<meta property=\"og:url\" content=\"https:\/\/demoweb.info\/sexshop001\/producto\/the-drop-10x-plug-vibrador-de-silicona-negro\/\" \/>\n<meta property=\"og:site_name\" content=\"Tienda Er\u00f3tica\" \/>\n<meta property=\"article:modified_time\" content=\"2022-01-22T18:23:08+00:00\" \/>\n<meta property=\"og:image\" content=\"https:\/\/demoweb.info\/sexshop001\/wp-content\/uploads\/2022\/01\/THE-DROP-10X-PLUG-VIBRADOR-DE-SILICONA-NEGRO.jpg\" \/>\n\t<meta property=\"og:image:width\" content=\"550\" \/>\n\t<meta property=\"og:image:height\" content=\"550\" \/>\n\t<meta property=\"og:image:type\" content=\"image\/jpeg\" \/>\n<meta name=\"twitter:card\" content=\"summary_large_image\" \/>\n<meta name=\"twitter:label1\" content=\"Tiempo de lectura\" \/>\n\t<meta name=\"twitter:data1\" content=\"1 minuto\" \/>\n<script type=\"application\/ld+json\" class=\"yoast-schema-graph\">{\"@context\":\"https:\/\/schema.org\",\"@graph\":[{\"@type\":\"WebPage\",\"@id\":\"https:\/\/demoweb.info\/sexshop001\/producto\/the-drop-10x-plug-vibrador-de-silicona-negro\/\",\"url\":\"https:\/\/demoweb.info\/sexshop001\/producto\/the-drop-10x-plug-vibrador-de-silicona-negro\/\",\"name\":\"THE DROP 10X PLUG VIBRADOR DE SILICONA NEGRO - Tienda Er\u00f3tica\",\"isPartOf\":{\"@id\":\"https:\/\/demoweb.info\/sexshop001\/#website\"},\"datePublished\":\"2022-01-22T18:22:58+00:00\",\"dateModified\":\"2022-01-22T18:23:08+00:00\",\"breadcrumb\":{\"@id\":\"https:\/\/demoweb.info\/sexshop001\/producto\/the-drop-10x-plug-vibrador-de-silicona-negro\/#breadcrumb\"},\"inLanguage\":\"es\",\"potentialAction\":[{\"@type\":\"ReadAction\",\"target\":[\"https:\/\/demoweb.info\/sexshop001\/producto\/the-drop-10x-plug-vibrador-de-silicona-negro\/\"]}]},{\"@type\":\"BreadcrumbList\",\"@id\":\"https:\/\/demoweb.info\/sexshop001\/producto\/the-drop-10x-plug-vibrador-de-silicona-negro\/#breadcrumb\",\"itemListElement\":[{\"@type\":\"ListItem\",\"position\":1,\"name\":\"Portada\",\"item\":\"https:\/\/demoweb.info\/sexshop001\/\"},{\"@type\":\"ListItem\",\"position\":2,\"name\":\"Tienda\",\"item\":\"https:\/\/demoweb.info\/sexshop001\/tienda\/\"},{\"@type\":\"ListItem\",\"position\":3,\"name\":\"THE DROP 10X PLUG VIBRADOR DE SILICONA NEGRO\"}]},{\"@type\":\"WebSite\",\"@id\":\"https:\/\/demoweb.info\/sexshop001\/#website\",\"url\":\"https:\/\/demoweb.info\/sexshop001\/\",\"name\":\"Tienda Er\u00f3tica\",\"description\":\"DEMOWEB SL\",\"potentialAction\":[{\"@type\":\"SearchAction\",\"target\":{\"@type\":\"EntryPoint\",\"urlTemplate\":\"https:\/\/demoweb.info\/sexshop001\/?s={search_term_string}\"},\"query-input\":\"required name=search_term_string\"}],\"inLanguage\":\"es\"}]}<\/script>\n<!-- \/ Yoast SEO plugin. -->","yoast_head_json":{"title":"THE DROP 10X PLUG VIBRADOR DE SILICONA NEGRO - Tienda Er\u00f3tica","robots":{"index":"noindex","follow":"follow","max-snippet":"max-snippet:-1","max-image-preview":"max-image-preview:large","max-video-preview":"max-video-preview:-1"},"og_locale":"es_ES","og_type":"article","og_title":"THE DROP 10X PLUG VIBRADOR DE SILICONA NEGRO - Tienda Er\u00f3tica","og_description":"THE DROP 10X SILICONE VIBRATING THRUSTER BLACK \u00a1Una cabeza tipo gallo con 3 bultos m\u00e1s definidos ofrece una textura incre\u00edble!","og_url":"https:\/\/demoweb.info\/sexshop001\/producto\/the-drop-10x-plug-vibrador-de-silicona-negro\/","og_site_name":"Tienda Er\u00f3tica","article_modified_time":"2022-01-22T18:23:08+00:00","og_image":[{"width":550,"height":550,"url":"https:\/\/demoweb.info\/sexshop001\/wp-content\/uploads\/2022\/01\/THE-DROP-10X-PLUG-VIBRADOR-DE-SILICONA-NEGRO.jpg","type":"image\/jpeg"}],"twitter_card":"summary_large_image","twitter_misc":{"Tiempo de lectura":"1 minuto"},"schema":{"@context":"https:\/\/schema.org","@graph":[{"@type":"WebPage","@id":"https:\/\/demoweb.info\/sexshop001\/producto\/the-drop-10x-plug-vibrador-de-silicona-negro\/","url":"https:\/\/demoweb.info\/sexshop001\/producto\/the-drop-10x-plug-vibrador-de-silicona-negro\/","name":"THE DROP 10X PLUG VIBRADOR DE SILICONA NEGRO - Tienda Er\u00f3tica","isPartOf":{"@id":"https:\/\/demoweb.info\/sexshop001\/#website"},"datePublished":"2022-01-22T18:22:58+00:00","dateModified":"2022-01-22T18:23:08+00:00","breadcrumb":{"@id":"https:\/\/demoweb.info\/sexshop001\/producto\/the-drop-10x-plug-vibrador-de-silicona-negro\/#breadcrumb"},"inLanguage":"es","potentialAction":[{"@type":"ReadAction","target":["https:\/\/demoweb.info\/sexshop001\/producto\/the-drop-10x-plug-vibrador-de-silicona-negro\/"]}]},{"@type":"BreadcrumbList","@id":"https:\/\/demoweb.info\/sexshop001\/producto\/the-drop-10x-plug-vibrador-de-silicona-negro\/#breadcrumb","itemListElement":[{"@type":"ListItem","position":1,"name":"Portada","item":"https:\/\/demoweb.info\/sexshop001\/"},{"@type":"ListItem","position":2,"name":"Tienda","item":"https:\/\/demoweb.info\/sexshop001\/tienda\/"},{"@type":"ListItem","position":3,"name":"THE DROP 10X PLUG VIBRADOR DE SILICONA NEGRO"}]},{"@type":"WebSite","@id":"https:\/\/demoweb.info\/sexshop001\/#website","url":"https:\/\/demoweb.info\/sexshop001\/","name":"Tienda Er\u00f3tica","description":"DEMOWEB SL","potentialAction":[{"@type":"SearchAction","target":{"@type":"EntryPoint","urlTemplate":"https:\/\/demoweb.info\/sexshop001\/?s={search_term_string}"},"query-input":"required name=search_term_string"}],"inLanguage":"es"}]}},"_links":{"self":[{"href":"https:\/\/demoweb.info\/sexshop001\/wp-json\/wp\/v3\/product\/65008","targetHints":{"allow":["GET"]}}],"collection":[{"href":"https:\/\/demoweb.info\/sexshop001\/wp-json\/wp\/v3\/product"}],"about":[{"href":"https:\/\/demoweb.info\/sexshop001\/wp-json\/wp\/v2\/types\/product"}],"replies":[{"embeddable":true,"href":"https:\/\/demoweb.info\/sexshop001\/wp-json\/wp\/v2\/comments?post=65008"}],"wp:featuredmedia":[{"embeddable":true,"href":"https:\/\/demoweb.info\/sexshop001\/wp-json\/wp\/v2\/media\/65009"}],"wp:attachment":[{"href":"https:\/\/demoweb.info\/sexshop001\/wp-json\/wp\/v2\/media?parent=65008"}],"wp:term":[{"taxonomy":"product_cat","embeddable":true,"href":"https:\/\/demoweb.info\/sexshop001\/wp-json\/wp\/v2\/product_cat?post=65008"},{"taxonomy":"product_tag","embeddable":true,"href":"https:\/\/demoweb.info\/sexshop001\/wp-json\/wp\/v2\/product_tag?post=65008"}],"curies":[{"name":"wp","href":"https:\/\/api.w.org\/{rel}","templated":true}]}}