{"id":64999,"date":"2022-01-22T19:22:58","date_gmt":"2022-01-22T18:22:58","guid":{"rendered":"https:\/\/demoweb.info\/sexshop001\/producto\/onslaught-13-mode-xxl-dildo-gigante-con-vibracion\/"},"modified":"2022-01-22T19:23:01","modified_gmt":"2022-01-22T18:23:01","slug":"onslaught-13-mode-xxl-dildo-gigante-con-vibracion","status":"publish","type":"product","link":"https:\/\/demoweb.info\/sexshop001\/producto\/onslaught-13-mode-xxl-dildo-gigante-con-vibracion\/","title":{"rendered":"ONSLAUGHT 13 MODE XXL DILDO GIGANTE CON VIBRACI\u00d3N"},"content":{"rendered":"<p><strong>ONSLAUGHT 13 MODE XXL VIBRATING GIANT DILDO THRUSTER<\/strong><\/p>\n<p>Este enorme dildo es ultra realista, con venas abultadas y una cabeza bulbosa.<\/p>\n<p> Este propulsor inolvidable te masajear\u00e1 por dentro con cada carnero de ese enorme eje. \u00bfCu\u00e1nto crees que puedes manejar? Con 36 cm de longitud texturizada, 3 velocidades de vibraci\u00f3n intensas y 10 patrones \u00fanicos de pulsaci\u00f3n, \u00a1tienes mucho con qu\u00e9 trabajar!<\/p>\n<p>Sujeta el mango ranurado y f\u00e1cil de agarrar y apunte a su agujero favorito. \u00a1\u00dasalo solo o con un compa\u00f1ero para una experiencia intensa y penetrante! Compatible con lubricantes a base de agua y silicona.<\/p>\n<p>Caracter\u00edsticas:<\/p>\n<ul>\n<li>Dimensiones del producto: 36,8 x 5,8 x 5,8 cm<\/li>\n<li>Peso del producto: 967,02 gr<\/li>\n<li>Di\u00e1metro del producto: 5,8 cm<\/li>\n<li>Longitud insertable: 24,8 cm<\/li>\n<li>Tipos de velocidad: 13<\/li>\n<li>Se requieren bater\u00edas:  4<\/li>\n<li>Tipo de bater\u00edas: AAA<\/li>\n<li>Bater\u00edas incluidas: No<\/li>\n<li>Libre de ftalato: S\u00ed<\/li>\n<li>Materiales: Non-phthalate PVC, ABS plastic.\n\t <\/li>\n<\/ul>\n","protected":false},"excerpt":{"rendered":"<p>ONSLAUGHT 13 MODE XXL VIBRATING GIANT DILDO THRUSTER Este enorme dildo es ultra realista, con venas abultadas y una cabeza<\/p>\n","protected":false},"featured_media":65000,"comment_status":"open","ping_status":"open","template":"","meta":[],"product_cat":[317],"product_tag":[463,274],"class_list":["post-64999","product","type-product","status-publish","has-post-thumbnail","hentry","product_cat-con-vibrador","product_tag-master-series","product_tag-xr-brands"],"bundled_by":[],"bundle_stock_status":"instock","bundle_stock_quantity":1,"bundle_virtual":false,"bundle_layout":"","bundle_add_to_cart_form_location":"","bundle_editable_in_cart":false,"bundle_sold_individually_context":"","bundle_item_grouping":"","bundle_min_size":"","bundle_max_size":"","bundled_items":[],"yoast_head":"<!-- This site is optimized with the Yoast SEO plugin v20.6 - https:\/\/yoast.com\/wordpress\/plugins\/seo\/ -->\n<title>ONSLAUGHT 13 MODE XXL DILDO GIGANTE CON VIBRACI\u00d3N - Tienda Er\u00f3tica<\/title>\n<meta name=\"robots\" content=\"noindex, follow, max-snippet:-1, max-image-preview:large, max-video-preview:-1\" \/>\n<meta property=\"og:locale\" content=\"es_ES\" \/>\n<meta property=\"og:type\" content=\"article\" \/>\n<meta property=\"og:title\" content=\"ONSLAUGHT 13 MODE XXL DILDO GIGANTE CON VIBRACI\u00d3N - Tienda Er\u00f3tica\" \/>\n<meta property=\"og:description\" content=\"ONSLAUGHT 13 MODE XXL VIBRATING GIANT DILDO THRUSTER Este enorme dildo es ultra realista, con venas abultadas y una cabeza\" \/>\n<meta property=\"og:url\" content=\"https:\/\/demoweb.info\/sexshop001\/producto\/onslaught-13-mode-xxl-dildo-gigante-con-vibracion\/\" \/>\n<meta property=\"og:site_name\" content=\"Tienda Er\u00f3tica\" \/>\n<meta property=\"article:modified_time\" content=\"2022-01-22T18:23:01+00:00\" \/>\n<meta property=\"og:image\" content=\"https:\/\/demoweb.info\/sexshop001\/wp-content\/uploads\/2022\/01\/ONSLAUGHT-13-MODE-XXL-DILDO-GIGANTE-CON-VIBRACION.jpg\" \/>\n\t<meta property=\"og:image:width\" content=\"550\" \/>\n\t<meta property=\"og:image:height\" content=\"550\" \/>\n\t<meta property=\"og:image:type\" content=\"image\/jpeg\" \/>\n<meta name=\"twitter:card\" content=\"summary_large_image\" \/>\n<meta name=\"twitter:label1\" content=\"Tiempo de lectura\" \/>\n\t<meta name=\"twitter:data1\" content=\"1 minuto\" \/>\n<script type=\"application\/ld+json\" class=\"yoast-schema-graph\">{\"@context\":\"https:\/\/schema.org\",\"@graph\":[{\"@type\":\"WebPage\",\"@id\":\"https:\/\/demoweb.info\/sexshop001\/producto\/onslaught-13-mode-xxl-dildo-gigante-con-vibracion\/\",\"url\":\"https:\/\/demoweb.info\/sexshop001\/producto\/onslaught-13-mode-xxl-dildo-gigante-con-vibracion\/\",\"name\":\"ONSLAUGHT 13 MODE XXL DILDO GIGANTE CON VIBRACI\u00d3N - Tienda Er\u00f3tica\",\"isPartOf\":{\"@id\":\"https:\/\/demoweb.info\/sexshop001\/#website\"},\"datePublished\":\"2022-01-22T18:22:58+00:00\",\"dateModified\":\"2022-01-22T18:23:01+00:00\",\"breadcrumb\":{\"@id\":\"https:\/\/demoweb.info\/sexshop001\/producto\/onslaught-13-mode-xxl-dildo-gigante-con-vibracion\/#breadcrumb\"},\"inLanguage\":\"es\",\"potentialAction\":[{\"@type\":\"ReadAction\",\"target\":[\"https:\/\/demoweb.info\/sexshop001\/producto\/onslaught-13-mode-xxl-dildo-gigante-con-vibracion\/\"]}]},{\"@type\":\"BreadcrumbList\",\"@id\":\"https:\/\/demoweb.info\/sexshop001\/producto\/onslaught-13-mode-xxl-dildo-gigante-con-vibracion\/#breadcrumb\",\"itemListElement\":[{\"@type\":\"ListItem\",\"position\":1,\"name\":\"Portada\",\"item\":\"https:\/\/demoweb.info\/sexshop001\/\"},{\"@type\":\"ListItem\",\"position\":2,\"name\":\"Tienda\",\"item\":\"https:\/\/demoweb.info\/sexshop001\/tienda\/\"},{\"@type\":\"ListItem\",\"position\":3,\"name\":\"ONSLAUGHT 13 MODE XXL DILDO GIGANTE CON VIBRACI\u00d3N\"}]},{\"@type\":\"WebSite\",\"@id\":\"https:\/\/demoweb.info\/sexshop001\/#website\",\"url\":\"https:\/\/demoweb.info\/sexshop001\/\",\"name\":\"Tienda Er\u00f3tica\",\"description\":\"DEMOWEB SL\",\"potentialAction\":[{\"@type\":\"SearchAction\",\"target\":{\"@type\":\"EntryPoint\",\"urlTemplate\":\"https:\/\/demoweb.info\/sexshop001\/?s={search_term_string}\"},\"query-input\":\"required name=search_term_string\"}],\"inLanguage\":\"es\"}]}<\/script>\n<!-- \/ Yoast SEO plugin. -->","yoast_head_json":{"title":"ONSLAUGHT 13 MODE XXL DILDO GIGANTE CON VIBRACI\u00d3N - Tienda Er\u00f3tica","robots":{"index":"noindex","follow":"follow","max-snippet":"max-snippet:-1","max-image-preview":"max-image-preview:large","max-video-preview":"max-video-preview:-1"},"og_locale":"es_ES","og_type":"article","og_title":"ONSLAUGHT 13 MODE XXL DILDO GIGANTE CON VIBRACI\u00d3N - Tienda Er\u00f3tica","og_description":"ONSLAUGHT 13 MODE XXL VIBRATING GIANT DILDO THRUSTER Este enorme dildo es ultra realista, con venas abultadas y una cabeza","og_url":"https:\/\/demoweb.info\/sexshop001\/producto\/onslaught-13-mode-xxl-dildo-gigante-con-vibracion\/","og_site_name":"Tienda Er\u00f3tica","article_modified_time":"2022-01-22T18:23:01+00:00","og_image":[{"width":550,"height":550,"url":"https:\/\/demoweb.info\/sexshop001\/wp-content\/uploads\/2022\/01\/ONSLAUGHT-13-MODE-XXL-DILDO-GIGANTE-CON-VIBRACION.jpg","type":"image\/jpeg"}],"twitter_card":"summary_large_image","twitter_misc":{"Tiempo de lectura":"1 minuto"},"schema":{"@context":"https:\/\/schema.org","@graph":[{"@type":"WebPage","@id":"https:\/\/demoweb.info\/sexshop001\/producto\/onslaught-13-mode-xxl-dildo-gigante-con-vibracion\/","url":"https:\/\/demoweb.info\/sexshop001\/producto\/onslaught-13-mode-xxl-dildo-gigante-con-vibracion\/","name":"ONSLAUGHT 13 MODE XXL DILDO GIGANTE CON VIBRACI\u00d3N - Tienda Er\u00f3tica","isPartOf":{"@id":"https:\/\/demoweb.info\/sexshop001\/#website"},"datePublished":"2022-01-22T18:22:58+00:00","dateModified":"2022-01-22T18:23:01+00:00","breadcrumb":{"@id":"https:\/\/demoweb.info\/sexshop001\/producto\/onslaught-13-mode-xxl-dildo-gigante-con-vibracion\/#breadcrumb"},"inLanguage":"es","potentialAction":[{"@type":"ReadAction","target":["https:\/\/demoweb.info\/sexshop001\/producto\/onslaught-13-mode-xxl-dildo-gigante-con-vibracion\/"]}]},{"@type":"BreadcrumbList","@id":"https:\/\/demoweb.info\/sexshop001\/producto\/onslaught-13-mode-xxl-dildo-gigante-con-vibracion\/#breadcrumb","itemListElement":[{"@type":"ListItem","position":1,"name":"Portada","item":"https:\/\/demoweb.info\/sexshop001\/"},{"@type":"ListItem","position":2,"name":"Tienda","item":"https:\/\/demoweb.info\/sexshop001\/tienda\/"},{"@type":"ListItem","position":3,"name":"ONSLAUGHT 13 MODE XXL DILDO GIGANTE CON VIBRACI\u00d3N"}]},{"@type":"WebSite","@id":"https:\/\/demoweb.info\/sexshop001\/#website","url":"https:\/\/demoweb.info\/sexshop001\/","name":"Tienda Er\u00f3tica","description":"DEMOWEB SL","potentialAction":[{"@type":"SearchAction","target":{"@type":"EntryPoint","urlTemplate":"https:\/\/demoweb.info\/sexshop001\/?s={search_term_string}"},"query-input":"required name=search_term_string"}],"inLanguage":"es"}]}},"_links":{"self":[{"href":"https:\/\/demoweb.info\/sexshop001\/wp-json\/wp\/v3\/product\/64999","targetHints":{"allow":["GET"]}}],"collection":[{"href":"https:\/\/demoweb.info\/sexshop001\/wp-json\/wp\/v3\/product"}],"about":[{"href":"https:\/\/demoweb.info\/sexshop001\/wp-json\/wp\/v2\/types\/product"}],"replies":[{"embeddable":true,"href":"https:\/\/demoweb.info\/sexshop001\/wp-json\/wp\/v2\/comments?post=64999"}],"wp:featuredmedia":[{"embeddable":true,"href":"https:\/\/demoweb.info\/sexshop001\/wp-json\/wp\/v2\/media\/65000"}],"wp:attachment":[{"href":"https:\/\/demoweb.info\/sexshop001\/wp-json\/wp\/v2\/media?parent=64999"}],"wp:term":[{"taxonomy":"product_cat","embeddable":true,"href":"https:\/\/demoweb.info\/sexshop001\/wp-json\/wp\/v2\/product_cat?post=64999"},{"taxonomy":"product_tag","embeddable":true,"href":"https:\/\/demoweb.info\/sexshop001\/wp-json\/wp\/v2\/product_tag?post=64999"}],"curies":[{"name":"wp","href":"https:\/\/api.w.org\/{rel}","templated":true}]}}