{"id":64989,"date":"2022-01-22T19:22:36","date_gmt":"2022-01-22T18:22:36","guid":{"rendered":"https:\/\/demoweb.info\/sexshop001\/producto\/shegasm-supreme-3-en-1-vibrador-rampante-con-succionador-negro\/"},"modified":"2022-01-22T19:22:53","modified_gmt":"2022-01-22T18:22:53","slug":"shegasm-supreme-3-en-1-vibrador-rampante-con-succionador-negro","status":"publish","type":"product","link":"https:\/\/demoweb.info\/sexshop001\/producto\/shegasm-supreme-3-en-1-vibrador-rampante-con-succionador-negro\/","title":{"rendered":"SHEGASM SUPREME 3 EN 1 VIBRADOR RAMPANTE CON SUCCIONADOR &#8211; NEGRO"},"content":{"rendered":"<p><strong>SHEGASM SUPREME 3 IN 1 SILICONE SUCTION RABBIT VIBE<\/strong><\/p>\n<p>Esta herramienta de placer de doble cara proporciona el \u00e9xtasis supremo en tres formas irresistibles.<\/p>\n<p>No solo es un conejo poderoso con 10 modos de vibraci\u00f3n, sino que cuando lo giras, \u00a1tambi\u00e9n es un estimulador de succi\u00f3n del cl\u00edtoris!<\/p>\n<p>Explora 7 niveles y patrones incre\u00edbles de sensaciones de succi\u00f3n presurizadas que se dirigen a tu cl\u00edtoris sensible al igual que el sexo oral.<\/p>\n<p>Dos accesorios proporcionan orificios de diferentes tama\u00f1os que rodean tu peque\u00f1a protuberancia. Sea lo que sea lo que te apetezca, el Shegasm Supreme puede satisfacer tus necesidades.<\/p>\n<p>Hecho de silicona premium, este juguete sexual recargable no es poroso, no contiene ftalatos y se desinfecta a fondo con jab\u00f3n suave y agua tibia. Conservar el material evitando su uso con lubricantes de silicona.<\/p>\n<p>Caracter\u00edsticas:<\/p>\n<ul>\n<li>Dimensiones del producto: 22,4 x 3,6 x 3,6 cm<\/li>\n<li>Peso del producto: 294 gramos<\/li>\n<li>Di\u00e1metro del producto: 3,8 cm<\/li>\n<li>Longitud insertable: 11,4 cm<\/li>\n<li>Tipos de velocidad: 7<\/li>\n<li>Recargable: S\u00ed<\/li>\n<li>Tiempo de recarga: 150 min<\/li>\n<li>Vida de la recarga de las bater\u00edas: 60 min<\/li>\n<li>Libre de ftalato: S\u00ed<\/li>\n<li>Materiales: Silicona, pl\u00e1stico ABS<\/li>\n<\/ul>\n","protected":false},"excerpt":{"rendered":"<p>SHEGASM SUPREME 3 IN 1 SILICONE SUCTION RABBIT VIBE Esta herramienta de placer de doble cara proporciona el \u00e9xtasis supremo<\/p>\n","protected":false},"featured_media":64990,"comment_status":"open","ping_status":"open","template":"","meta":[],"product_cat":[434],"product_tag":[491,274],"class_list":["post-64989","product","type-product","status-publish","has-post-thumbnail","hentry","product_cat-doble-estimulacion-vibradores-juguetes-xxx","product_tag-inmi","product_tag-xr-brands"],"bundled_by":[],"bundle_stock_status":"instock","bundle_stock_quantity":4,"bundle_virtual":false,"bundle_layout":"","bundle_add_to_cart_form_location":"","bundle_editable_in_cart":false,"bundle_sold_individually_context":"","bundle_item_grouping":"","bundle_min_size":"","bundle_max_size":"","bundled_items":[],"yoast_head":"<!-- This site is optimized with the Yoast SEO plugin v20.6 - https:\/\/yoast.com\/wordpress\/plugins\/seo\/ -->\n<title>SHEGASM SUPREME 3 EN 1 VIBRADOR RAMPANTE CON SUCCIONADOR - NEGRO - Tienda Er\u00f3tica<\/title>\n<meta name=\"robots\" content=\"noindex, follow, max-snippet:-1, max-image-preview:large, max-video-preview:-1\" \/>\n<meta property=\"og:locale\" content=\"es_ES\" \/>\n<meta property=\"og:type\" content=\"article\" \/>\n<meta property=\"og:title\" content=\"SHEGASM SUPREME 3 EN 1 VIBRADOR RAMPANTE CON SUCCIONADOR - NEGRO - Tienda Er\u00f3tica\" \/>\n<meta property=\"og:description\" content=\"SHEGASM SUPREME 3 IN 1 SILICONE SUCTION RABBIT VIBE Esta herramienta de placer de doble cara proporciona el \u00e9xtasis supremo\" \/>\n<meta property=\"og:url\" content=\"https:\/\/demoweb.info\/sexshop001\/producto\/shegasm-supreme-3-en-1-vibrador-rampante-con-succionador-negro\/\" \/>\n<meta property=\"og:site_name\" content=\"Tienda Er\u00f3tica\" \/>\n<meta property=\"article:modified_time\" content=\"2022-01-22T18:22:53+00:00\" \/>\n<meta property=\"og:image\" content=\"https:\/\/demoweb.info\/sexshop001\/wp-content\/uploads\/2022\/01\/SHEGASM-SUPREME-3-EN-1-VIBRADOR-RAMPANTE-CON-SUCCIONADOR-NEGRO.jpg\" \/>\n\t<meta property=\"og:image:width\" content=\"550\" \/>\n\t<meta property=\"og:image:height\" content=\"550\" \/>\n\t<meta property=\"og:image:type\" content=\"image\/jpeg\" \/>\n<meta name=\"twitter:card\" content=\"summary_large_image\" \/>\n<meta name=\"twitter:label1\" content=\"Tiempo de lectura\" \/>\n\t<meta name=\"twitter:data1\" content=\"1 minuto\" \/>\n<script type=\"application\/ld+json\" class=\"yoast-schema-graph\">{\"@context\":\"https:\/\/schema.org\",\"@graph\":[{\"@type\":\"WebPage\",\"@id\":\"https:\/\/demoweb.info\/sexshop001\/producto\/shegasm-supreme-3-en-1-vibrador-rampante-con-succionador-negro\/\",\"url\":\"https:\/\/demoweb.info\/sexshop001\/producto\/shegasm-supreme-3-en-1-vibrador-rampante-con-succionador-negro\/\",\"name\":\"SHEGASM SUPREME 3 EN 1 VIBRADOR RAMPANTE CON SUCCIONADOR - NEGRO - Tienda Er\u00f3tica\",\"isPartOf\":{\"@id\":\"https:\/\/demoweb.info\/sexshop001\/#website\"},\"datePublished\":\"2022-01-22T18:22:36+00:00\",\"dateModified\":\"2022-01-22T18:22:53+00:00\",\"breadcrumb\":{\"@id\":\"https:\/\/demoweb.info\/sexshop001\/producto\/shegasm-supreme-3-en-1-vibrador-rampante-con-succionador-negro\/#breadcrumb\"},\"inLanguage\":\"es\",\"potentialAction\":[{\"@type\":\"ReadAction\",\"target\":[\"https:\/\/demoweb.info\/sexshop001\/producto\/shegasm-supreme-3-en-1-vibrador-rampante-con-succionador-negro\/\"]}]},{\"@type\":\"BreadcrumbList\",\"@id\":\"https:\/\/demoweb.info\/sexshop001\/producto\/shegasm-supreme-3-en-1-vibrador-rampante-con-succionador-negro\/#breadcrumb\",\"itemListElement\":[{\"@type\":\"ListItem\",\"position\":1,\"name\":\"Portada\",\"item\":\"https:\/\/demoweb.info\/sexshop001\/\"},{\"@type\":\"ListItem\",\"position\":2,\"name\":\"Tienda\",\"item\":\"https:\/\/demoweb.info\/sexshop001\/tienda\/\"},{\"@type\":\"ListItem\",\"position\":3,\"name\":\"SHEGASM SUPREME 3 EN 1 VIBRADOR RAMPANTE CON SUCCIONADOR &#8211; NEGRO\"}]},{\"@type\":\"WebSite\",\"@id\":\"https:\/\/demoweb.info\/sexshop001\/#website\",\"url\":\"https:\/\/demoweb.info\/sexshop001\/\",\"name\":\"Tienda Er\u00f3tica\",\"description\":\"DEMOWEB SL\",\"potentialAction\":[{\"@type\":\"SearchAction\",\"target\":{\"@type\":\"EntryPoint\",\"urlTemplate\":\"https:\/\/demoweb.info\/sexshop001\/?s={search_term_string}\"},\"query-input\":\"required name=search_term_string\"}],\"inLanguage\":\"es\"}]}<\/script>\n<!-- \/ Yoast SEO plugin. -->","yoast_head_json":{"title":"SHEGASM SUPREME 3 EN 1 VIBRADOR RAMPANTE CON SUCCIONADOR - NEGRO - Tienda Er\u00f3tica","robots":{"index":"noindex","follow":"follow","max-snippet":"max-snippet:-1","max-image-preview":"max-image-preview:large","max-video-preview":"max-video-preview:-1"},"og_locale":"es_ES","og_type":"article","og_title":"SHEGASM SUPREME 3 EN 1 VIBRADOR RAMPANTE CON SUCCIONADOR - NEGRO - Tienda Er\u00f3tica","og_description":"SHEGASM SUPREME 3 IN 1 SILICONE SUCTION RABBIT VIBE Esta herramienta de placer de doble cara proporciona el \u00e9xtasis supremo","og_url":"https:\/\/demoweb.info\/sexshop001\/producto\/shegasm-supreme-3-en-1-vibrador-rampante-con-succionador-negro\/","og_site_name":"Tienda Er\u00f3tica","article_modified_time":"2022-01-22T18:22:53+00:00","og_image":[{"width":550,"height":550,"url":"https:\/\/demoweb.info\/sexshop001\/wp-content\/uploads\/2022\/01\/SHEGASM-SUPREME-3-EN-1-VIBRADOR-RAMPANTE-CON-SUCCIONADOR-NEGRO.jpg","type":"image\/jpeg"}],"twitter_card":"summary_large_image","twitter_misc":{"Tiempo de lectura":"1 minuto"},"schema":{"@context":"https:\/\/schema.org","@graph":[{"@type":"WebPage","@id":"https:\/\/demoweb.info\/sexshop001\/producto\/shegasm-supreme-3-en-1-vibrador-rampante-con-succionador-negro\/","url":"https:\/\/demoweb.info\/sexshop001\/producto\/shegasm-supreme-3-en-1-vibrador-rampante-con-succionador-negro\/","name":"SHEGASM SUPREME 3 EN 1 VIBRADOR RAMPANTE CON SUCCIONADOR - NEGRO - Tienda Er\u00f3tica","isPartOf":{"@id":"https:\/\/demoweb.info\/sexshop001\/#website"},"datePublished":"2022-01-22T18:22:36+00:00","dateModified":"2022-01-22T18:22:53+00:00","breadcrumb":{"@id":"https:\/\/demoweb.info\/sexshop001\/producto\/shegasm-supreme-3-en-1-vibrador-rampante-con-succionador-negro\/#breadcrumb"},"inLanguage":"es","potentialAction":[{"@type":"ReadAction","target":["https:\/\/demoweb.info\/sexshop001\/producto\/shegasm-supreme-3-en-1-vibrador-rampante-con-succionador-negro\/"]}]},{"@type":"BreadcrumbList","@id":"https:\/\/demoweb.info\/sexshop001\/producto\/shegasm-supreme-3-en-1-vibrador-rampante-con-succionador-negro\/#breadcrumb","itemListElement":[{"@type":"ListItem","position":1,"name":"Portada","item":"https:\/\/demoweb.info\/sexshop001\/"},{"@type":"ListItem","position":2,"name":"Tienda","item":"https:\/\/demoweb.info\/sexshop001\/tienda\/"},{"@type":"ListItem","position":3,"name":"SHEGASM SUPREME 3 EN 1 VIBRADOR RAMPANTE CON SUCCIONADOR &#8211; NEGRO"}]},{"@type":"WebSite","@id":"https:\/\/demoweb.info\/sexshop001\/#website","url":"https:\/\/demoweb.info\/sexshop001\/","name":"Tienda Er\u00f3tica","description":"DEMOWEB SL","potentialAction":[{"@type":"SearchAction","target":{"@type":"EntryPoint","urlTemplate":"https:\/\/demoweb.info\/sexshop001\/?s={search_term_string}"},"query-input":"required name=search_term_string"}],"inLanguage":"es"}]}},"_links":{"self":[{"href":"https:\/\/demoweb.info\/sexshop001\/wp-json\/wp\/v3\/product\/64989","targetHints":{"allow":["GET"]}}],"collection":[{"href":"https:\/\/demoweb.info\/sexshop001\/wp-json\/wp\/v3\/product"}],"about":[{"href":"https:\/\/demoweb.info\/sexshop001\/wp-json\/wp\/v2\/types\/product"}],"replies":[{"embeddable":true,"href":"https:\/\/demoweb.info\/sexshop001\/wp-json\/wp\/v2\/comments?post=64989"}],"wp:featuredmedia":[{"embeddable":true,"href":"https:\/\/demoweb.info\/sexshop001\/wp-json\/wp\/v2\/media\/64990"}],"wp:attachment":[{"href":"https:\/\/demoweb.info\/sexshop001\/wp-json\/wp\/v2\/media?parent=64989"}],"wp:term":[{"taxonomy":"product_cat","embeddable":true,"href":"https:\/\/demoweb.info\/sexshop001\/wp-json\/wp\/v2\/product_cat?post=64989"},{"taxonomy":"product_tag","embeddable":true,"href":"https:\/\/demoweb.info\/sexshop001\/wp-json\/wp\/v2\/product_tag?post=64989"}],"curies":[{"name":"wp","href":"https:\/\/api.w.org\/{rel}","templated":true}]}}