{"id":64970,"date":"2022-01-22T19:22:36","date_gmt":"2022-01-22T18:22:36","guid":{"rendered":"https:\/\/demoweb.info\/sexshop001\/producto\/the-dicktator-maquina-extreme-sex\/"},"modified":"2022-01-22T19:22:40","modified_gmt":"2022-01-22T18:22:40","slug":"the-dicktator-maquina-extreme-sex","status":"publish","type":"product","link":"https:\/\/demoweb.info\/sexshop001\/producto\/the-dicktator-maquina-extreme-sex\/","title":{"rendered":"THE DICKTATOR M\u00c1QUINA EXTREME SEX"},"content":{"rendered":"<p><strong>THE DICKTATOR EXTREME SEX MACHINE<\/strong><\/p>\n<p>Crea tu espacio BDSM y tu estaci\u00f3n sexual con esta m\u00e1quina vers\u00e1til.<\/p>\n<p>El Dicktator proporciona placer penetrante. Esta m\u00e1quina fue dise\u00f1ada para montarse en Obedience Sex Bench<strong> (REF: 57963)<\/strong> para atornillar sin parar mientras est\u00e1n c\u00f3modamente restringidos, pero tambi\u00e9n es una m\u00e1quina conveniente para usar en solitario.<\/p>\n<p>Se creativo con la configuraci\u00f3n de bondage y simplemente agrea el Dicktator con su soporte personalizable. El brazo de montaje se ajusta en longitud y altura.<\/p>\n<p>Ajusta la altura y el \u00e1ngulo de la m\u00e1quina para adaptarte perfectamente a tu compa\u00f1ero. Incluso puedes ajustar la longitud de empuje.<\/p>\n<p>Utiliza el dial para jugar con varias velocidades de empuje, desde lentas y sensuales, hasta r\u00e1pidas y deslumbrantes.<\/p>\n<p>El consolador grueso y veteado es compatible con lubricantes a base de agua y silicona y se coloca f\u00e1cilmente enel brazo de empuje. El marco de acero duradero de esta m\u00e1quina soportar\u00e1 un uso vigoroso a trav\u00e9s de muchas sesiones de juego.<\/p>\n<p>\u00a1T\u00fa dictar\u00e1s los golpes que recibe tu compa\u00f1ero!<\/p>\n<p>Caracter\u00edsticas:<\/p>\n<ul>\n<li>Medidas del producto: 87 x 54,6 x 34,9 cm<\/li>\n<li>Medidas insertables del dildo: 17,8 x 5,1 cm<\/li>\n<li>Material: Acero, ABS y TPE.<\/li>\n<\/ul>\n","protected":false},"excerpt":{"rendered":"<p>THE DICKTATOR EXTREME SEX MACHINE Crea tu espacio BDSM y tu estaci\u00f3n sexual con esta m\u00e1quina vers\u00e1til. El Dicktator proporciona<\/p>\n","protected":false},"featured_media":64971,"comment_status":"open","ping_status":"open","template":"","meta":[],"product_cat":[680],"product_tag":[463,274],"class_list":["post-64970","product","type-product","status-publish","has-post-thumbnail","hentry","product_cat-maquinas-del-amor","product_tag-master-series","product_tag-xr-brands"],"bundled_by":[],"bundle_stock_status":"instock","bundle_stock_quantity":1,"bundle_virtual":false,"bundle_layout":"","bundle_add_to_cart_form_location":"","bundle_editable_in_cart":false,"bundle_sold_individually_context":"","bundle_item_grouping":"","bundle_min_size":"","bundle_max_size":"","bundled_items":[],"yoast_head":"<!-- This site is optimized with the Yoast SEO plugin v20.6 - https:\/\/yoast.com\/wordpress\/plugins\/seo\/ -->\n<title>THE DICKTATOR M\u00c1QUINA EXTREME SEX - Tienda Er\u00f3tica<\/title>\n<meta name=\"robots\" content=\"noindex, follow, max-snippet:-1, max-image-preview:large, max-video-preview:-1\" \/>\n<meta property=\"og:locale\" content=\"es_ES\" \/>\n<meta property=\"og:type\" content=\"article\" \/>\n<meta property=\"og:title\" content=\"THE DICKTATOR M\u00c1QUINA EXTREME SEX - Tienda Er\u00f3tica\" \/>\n<meta property=\"og:description\" content=\"THE DICKTATOR EXTREME SEX MACHINE Crea tu espacio BDSM y tu estaci\u00f3n sexual con esta m\u00e1quina vers\u00e1til. El Dicktator proporciona\" \/>\n<meta property=\"og:url\" content=\"https:\/\/demoweb.info\/sexshop001\/producto\/the-dicktator-maquina-extreme-sex\/\" \/>\n<meta property=\"og:site_name\" content=\"Tienda Er\u00f3tica\" \/>\n<meta property=\"article:modified_time\" content=\"2022-01-22T18:22:40+00:00\" \/>\n<meta property=\"og:image\" content=\"https:\/\/demoweb.info\/sexshop001\/wp-content\/uploads\/2022\/01\/THE-DICKTATOR-MAQUINA-EXTREME-SEX.jpg\" \/>\n\t<meta property=\"og:image:width\" content=\"550\" \/>\n\t<meta property=\"og:image:height\" content=\"550\" \/>\n\t<meta property=\"og:image:type\" content=\"image\/jpeg\" \/>\n<meta name=\"twitter:card\" content=\"summary_large_image\" \/>\n<meta name=\"twitter:label1\" content=\"Tiempo de lectura\" \/>\n\t<meta name=\"twitter:data1\" content=\"1 minuto\" \/>\n<script type=\"application\/ld+json\" class=\"yoast-schema-graph\">{\"@context\":\"https:\/\/schema.org\",\"@graph\":[{\"@type\":\"WebPage\",\"@id\":\"https:\/\/demoweb.info\/sexshop001\/producto\/the-dicktator-maquina-extreme-sex\/\",\"url\":\"https:\/\/demoweb.info\/sexshop001\/producto\/the-dicktator-maquina-extreme-sex\/\",\"name\":\"THE DICKTATOR M\u00c1QUINA EXTREME SEX - Tienda Er\u00f3tica\",\"isPartOf\":{\"@id\":\"https:\/\/demoweb.info\/sexshop001\/#website\"},\"datePublished\":\"2022-01-22T18:22:36+00:00\",\"dateModified\":\"2022-01-22T18:22:40+00:00\",\"breadcrumb\":{\"@id\":\"https:\/\/demoweb.info\/sexshop001\/producto\/the-dicktator-maquina-extreme-sex\/#breadcrumb\"},\"inLanguage\":\"es\",\"potentialAction\":[{\"@type\":\"ReadAction\",\"target\":[\"https:\/\/demoweb.info\/sexshop001\/producto\/the-dicktator-maquina-extreme-sex\/\"]}]},{\"@type\":\"BreadcrumbList\",\"@id\":\"https:\/\/demoweb.info\/sexshop001\/producto\/the-dicktator-maquina-extreme-sex\/#breadcrumb\",\"itemListElement\":[{\"@type\":\"ListItem\",\"position\":1,\"name\":\"Portada\",\"item\":\"https:\/\/demoweb.info\/sexshop001\/\"},{\"@type\":\"ListItem\",\"position\":2,\"name\":\"Tienda\",\"item\":\"https:\/\/demoweb.info\/sexshop001\/tienda\/\"},{\"@type\":\"ListItem\",\"position\":3,\"name\":\"THE DICKTATOR M\u00c1QUINA EXTREME SEX\"}]},{\"@type\":\"WebSite\",\"@id\":\"https:\/\/demoweb.info\/sexshop001\/#website\",\"url\":\"https:\/\/demoweb.info\/sexshop001\/\",\"name\":\"Tienda Er\u00f3tica\",\"description\":\"DEMOWEB SL\",\"potentialAction\":[{\"@type\":\"SearchAction\",\"target\":{\"@type\":\"EntryPoint\",\"urlTemplate\":\"https:\/\/demoweb.info\/sexshop001\/?s={search_term_string}\"},\"query-input\":\"required name=search_term_string\"}],\"inLanguage\":\"es\"}]}<\/script>\n<!-- \/ Yoast SEO plugin. -->","yoast_head_json":{"title":"THE DICKTATOR M\u00c1QUINA EXTREME SEX - Tienda Er\u00f3tica","robots":{"index":"noindex","follow":"follow","max-snippet":"max-snippet:-1","max-image-preview":"max-image-preview:large","max-video-preview":"max-video-preview:-1"},"og_locale":"es_ES","og_type":"article","og_title":"THE DICKTATOR M\u00c1QUINA EXTREME SEX - Tienda Er\u00f3tica","og_description":"THE DICKTATOR EXTREME SEX MACHINE Crea tu espacio BDSM y tu estaci\u00f3n sexual con esta m\u00e1quina vers\u00e1til. El Dicktator proporciona","og_url":"https:\/\/demoweb.info\/sexshop001\/producto\/the-dicktator-maquina-extreme-sex\/","og_site_name":"Tienda Er\u00f3tica","article_modified_time":"2022-01-22T18:22:40+00:00","og_image":[{"width":550,"height":550,"url":"https:\/\/demoweb.info\/sexshop001\/wp-content\/uploads\/2022\/01\/THE-DICKTATOR-MAQUINA-EXTREME-SEX.jpg","type":"image\/jpeg"}],"twitter_card":"summary_large_image","twitter_misc":{"Tiempo de lectura":"1 minuto"},"schema":{"@context":"https:\/\/schema.org","@graph":[{"@type":"WebPage","@id":"https:\/\/demoweb.info\/sexshop001\/producto\/the-dicktator-maquina-extreme-sex\/","url":"https:\/\/demoweb.info\/sexshop001\/producto\/the-dicktator-maquina-extreme-sex\/","name":"THE DICKTATOR M\u00c1QUINA EXTREME SEX - Tienda Er\u00f3tica","isPartOf":{"@id":"https:\/\/demoweb.info\/sexshop001\/#website"},"datePublished":"2022-01-22T18:22:36+00:00","dateModified":"2022-01-22T18:22:40+00:00","breadcrumb":{"@id":"https:\/\/demoweb.info\/sexshop001\/producto\/the-dicktator-maquina-extreme-sex\/#breadcrumb"},"inLanguage":"es","potentialAction":[{"@type":"ReadAction","target":["https:\/\/demoweb.info\/sexshop001\/producto\/the-dicktator-maquina-extreme-sex\/"]}]},{"@type":"BreadcrumbList","@id":"https:\/\/demoweb.info\/sexshop001\/producto\/the-dicktator-maquina-extreme-sex\/#breadcrumb","itemListElement":[{"@type":"ListItem","position":1,"name":"Portada","item":"https:\/\/demoweb.info\/sexshop001\/"},{"@type":"ListItem","position":2,"name":"Tienda","item":"https:\/\/demoweb.info\/sexshop001\/tienda\/"},{"@type":"ListItem","position":3,"name":"THE DICKTATOR M\u00c1QUINA EXTREME SEX"}]},{"@type":"WebSite","@id":"https:\/\/demoweb.info\/sexshop001\/#website","url":"https:\/\/demoweb.info\/sexshop001\/","name":"Tienda Er\u00f3tica","description":"DEMOWEB SL","potentialAction":[{"@type":"SearchAction","target":{"@type":"EntryPoint","urlTemplate":"https:\/\/demoweb.info\/sexshop001\/?s={search_term_string}"},"query-input":"required name=search_term_string"}],"inLanguage":"es"}]}},"_links":{"self":[{"href":"https:\/\/demoweb.info\/sexshop001\/wp-json\/wp\/v3\/product\/64970","targetHints":{"allow":["GET"]}}],"collection":[{"href":"https:\/\/demoweb.info\/sexshop001\/wp-json\/wp\/v3\/product"}],"about":[{"href":"https:\/\/demoweb.info\/sexshop001\/wp-json\/wp\/v2\/types\/product"}],"replies":[{"embeddable":true,"href":"https:\/\/demoweb.info\/sexshop001\/wp-json\/wp\/v2\/comments?post=64970"}],"wp:featuredmedia":[{"embeddable":true,"href":"https:\/\/demoweb.info\/sexshop001\/wp-json\/wp\/v2\/media\/64971"}],"wp:attachment":[{"href":"https:\/\/demoweb.info\/sexshop001\/wp-json\/wp\/v2\/media?parent=64970"}],"wp:term":[{"taxonomy":"product_cat","embeddable":true,"href":"https:\/\/demoweb.info\/sexshop001\/wp-json\/wp\/v2\/product_cat?post=64970"},{"taxonomy":"product_tag","embeddable":true,"href":"https:\/\/demoweb.info\/sexshop001\/wp-json\/wp\/v2\/product_tag?post=64970"}],"curies":[{"name":"wp","href":"https:\/\/api.w.org\/{rel}","templated":true}]}}