{"id":64939,"date":"2022-01-22T19:21:59","date_gmt":"2022-01-22T18:21:59","guid":{"rendered":"https:\/\/demoweb.info\/sexshop001\/producto\/voy-a-hablar-de-sarah\/"},"modified":"2022-01-22T19:22:18","modified_gmt":"2022-01-22T18:22:18","slug":"voy-a-hablar-de-sarah","status":"publish","type":"product","link":"https:\/\/demoweb.info\/sexshop001\/producto\/voy-a-hablar-de-sarah\/","title":{"rendered":"VOY A HABLAR DE SARAH"},"content":{"rendered":"<p><strong>VOY A HABLAR DE SARAH<\/strong><\/p>\n<p>PAULINE DELABROY-ALLARD.<\/p>\n<p>\u00abMorir de amor. Eso que solo pasa a los dem\u00e1s.\u00bb Le PointLa historia de una obsesi\u00f3n er\u00f3tica es el descubrimiento literario del a\u00f1o en Francia: favorita de la cr\u00edtica y los lectores, finalista del Premio Goncourt y ganadora del Premio de los Libreros de Nancy-Le Point.<\/p>\n<p>Una noche, en una fiesta, dos mujeres se conocen por azar. Una, la narradora, vive su rutina de madre soltera y profesora con una pareja circunstancial. La otra es violinista, exc\u00e9ntrica, sensual y culta. Habla y r\u00ede demasiado. Es Sarah. A partir de entonces se suceden citas improvisadas, almuerzos, conciertos, lecturas, los cuartetos de Beethoven y la primavera en Par\u00eds.<\/p>\n<p>Hasta que un d\u00eda Sarah dice: \u00abCreo que me he enamorado de ti\u00bb. Y se desata elamourfou, la pasi\u00f3n que quema a cada instante, y que, como ocurre con todas las grandes pasiones, no puede acabar bien.<\/p>\n<p>Voy a hablar de Sarah es la \u00faltima gran revelaci\u00f3n literaria francesa. Ha ganado importantes premios (estuvo a un paso del Goncourt) y ha sido comparada con Marguerite Duras y Yourcenar con solo treinta a\u00f1os y una primera novela hipn\u00f3tica y arrasadora que deja una huella indeleble. La cr\u00edtica ha dicho&#8230;Pauline Delabroy-Allard pone en la p\u00e1gina un acorde perfecto, una rara armon\u00eda entre dos mujeres, por un tiempo.<\/p>\n<ul>\n<li>176 p\u00e1ginas.<\/li>\n<li>Tapa blanda.<\/li>\n<\/ul>\n","protected":false},"excerpt":{"rendered":"<p>VOY A HABLAR DE SARAH PAULINE DELABROY-ALLARD. \u00abMorir de amor. Eso que solo pasa a los dem\u00e1s.\u00bb Le PointLa historia<\/p>\n","protected":false},"featured_media":64940,"comment_status":"open","ping_status":"open","template":"","meta":[],"product_cat":[414],"product_tag":[1285,415],"class_list":["post-64939","product","type-product","status-publish","has-post-thumbnail","hentry","product_cat-libros","product_tag-lumen","product_tag-random-house"],"bundled_by":[],"bundle_stock_status":"instock","bundle_stock_quantity":1,"bundle_virtual":false,"bundle_layout":"","bundle_add_to_cart_form_location":"","bundle_editable_in_cart":false,"bundle_sold_individually_context":"","bundle_item_grouping":"","bundle_min_size":"","bundle_max_size":"","bundled_items":[],"yoast_head":"<!-- This site is optimized with the Yoast SEO plugin v20.6 - https:\/\/yoast.com\/wordpress\/plugins\/seo\/ -->\n<title>VOY A HABLAR DE SARAH - Tienda Er\u00f3tica<\/title>\n<meta name=\"robots\" content=\"noindex, follow, max-snippet:-1, max-image-preview:large, max-video-preview:-1\" \/>\n<meta property=\"og:locale\" content=\"es_ES\" \/>\n<meta property=\"og:type\" content=\"article\" \/>\n<meta property=\"og:title\" content=\"VOY A HABLAR DE SARAH - Tienda Er\u00f3tica\" \/>\n<meta property=\"og:description\" content=\"VOY A HABLAR DE SARAH PAULINE DELABROY-ALLARD. \u00abMorir de amor. Eso que solo pasa a los dem\u00e1s.\u00bb Le PointLa historia\" \/>\n<meta property=\"og:url\" content=\"https:\/\/demoweb.info\/sexshop001\/producto\/voy-a-hablar-de-sarah\/\" \/>\n<meta property=\"og:site_name\" content=\"Tienda Er\u00f3tica\" \/>\n<meta property=\"article:modified_time\" content=\"2022-01-22T18:22:18+00:00\" \/>\n<meta property=\"og:image\" content=\"https:\/\/demoweb.info\/sexshop001\/wp-content\/uploads\/2022\/01\/VOY-A-HABLAR-DE-SARAH.jpg\" \/>\n\t<meta property=\"og:image:width\" content=\"550\" \/>\n\t<meta property=\"og:image:height\" content=\"550\" \/>\n\t<meta property=\"og:image:type\" content=\"image\/jpeg\" \/>\n<meta name=\"twitter:card\" content=\"summary_large_image\" \/>\n<meta name=\"twitter:label1\" content=\"Tiempo de lectura\" \/>\n\t<meta name=\"twitter:data1\" content=\"1 minuto\" \/>\n<script type=\"application\/ld+json\" class=\"yoast-schema-graph\">{\"@context\":\"https:\/\/schema.org\",\"@graph\":[{\"@type\":\"WebPage\",\"@id\":\"https:\/\/demoweb.info\/sexshop001\/producto\/voy-a-hablar-de-sarah\/\",\"url\":\"https:\/\/demoweb.info\/sexshop001\/producto\/voy-a-hablar-de-sarah\/\",\"name\":\"VOY A HABLAR DE SARAH - Tienda Er\u00f3tica\",\"isPartOf\":{\"@id\":\"https:\/\/demoweb.info\/sexshop001\/#website\"},\"datePublished\":\"2022-01-22T18:21:59+00:00\",\"dateModified\":\"2022-01-22T18:22:18+00:00\",\"breadcrumb\":{\"@id\":\"https:\/\/demoweb.info\/sexshop001\/producto\/voy-a-hablar-de-sarah\/#breadcrumb\"},\"inLanguage\":\"es\",\"potentialAction\":[{\"@type\":\"ReadAction\",\"target\":[\"https:\/\/demoweb.info\/sexshop001\/producto\/voy-a-hablar-de-sarah\/\"]}]},{\"@type\":\"BreadcrumbList\",\"@id\":\"https:\/\/demoweb.info\/sexshop001\/producto\/voy-a-hablar-de-sarah\/#breadcrumb\",\"itemListElement\":[{\"@type\":\"ListItem\",\"position\":1,\"name\":\"Portada\",\"item\":\"https:\/\/demoweb.info\/sexshop001\/\"},{\"@type\":\"ListItem\",\"position\":2,\"name\":\"Tienda\",\"item\":\"https:\/\/demoweb.info\/sexshop001\/tienda\/\"},{\"@type\":\"ListItem\",\"position\":3,\"name\":\"VOY A HABLAR DE SARAH\"}]},{\"@type\":\"WebSite\",\"@id\":\"https:\/\/demoweb.info\/sexshop001\/#website\",\"url\":\"https:\/\/demoweb.info\/sexshop001\/\",\"name\":\"Tienda Er\u00f3tica\",\"description\":\"DEMOWEB SL\",\"potentialAction\":[{\"@type\":\"SearchAction\",\"target\":{\"@type\":\"EntryPoint\",\"urlTemplate\":\"https:\/\/demoweb.info\/sexshop001\/?s={search_term_string}\"},\"query-input\":\"required name=search_term_string\"}],\"inLanguage\":\"es\"}]}<\/script>\n<!-- \/ Yoast SEO plugin. -->","yoast_head_json":{"title":"VOY A HABLAR DE SARAH - Tienda Er\u00f3tica","robots":{"index":"noindex","follow":"follow","max-snippet":"max-snippet:-1","max-image-preview":"max-image-preview:large","max-video-preview":"max-video-preview:-1"},"og_locale":"es_ES","og_type":"article","og_title":"VOY A HABLAR DE SARAH - Tienda Er\u00f3tica","og_description":"VOY A HABLAR DE SARAH PAULINE DELABROY-ALLARD. \u00abMorir de amor. Eso que solo pasa a los dem\u00e1s.\u00bb Le PointLa historia","og_url":"https:\/\/demoweb.info\/sexshop001\/producto\/voy-a-hablar-de-sarah\/","og_site_name":"Tienda Er\u00f3tica","article_modified_time":"2022-01-22T18:22:18+00:00","og_image":[{"width":550,"height":550,"url":"https:\/\/demoweb.info\/sexshop001\/wp-content\/uploads\/2022\/01\/VOY-A-HABLAR-DE-SARAH.jpg","type":"image\/jpeg"}],"twitter_card":"summary_large_image","twitter_misc":{"Tiempo de lectura":"1 minuto"},"schema":{"@context":"https:\/\/schema.org","@graph":[{"@type":"WebPage","@id":"https:\/\/demoweb.info\/sexshop001\/producto\/voy-a-hablar-de-sarah\/","url":"https:\/\/demoweb.info\/sexshop001\/producto\/voy-a-hablar-de-sarah\/","name":"VOY A HABLAR DE SARAH - Tienda Er\u00f3tica","isPartOf":{"@id":"https:\/\/demoweb.info\/sexshop001\/#website"},"datePublished":"2022-01-22T18:21:59+00:00","dateModified":"2022-01-22T18:22:18+00:00","breadcrumb":{"@id":"https:\/\/demoweb.info\/sexshop001\/producto\/voy-a-hablar-de-sarah\/#breadcrumb"},"inLanguage":"es","potentialAction":[{"@type":"ReadAction","target":["https:\/\/demoweb.info\/sexshop001\/producto\/voy-a-hablar-de-sarah\/"]}]},{"@type":"BreadcrumbList","@id":"https:\/\/demoweb.info\/sexshop001\/producto\/voy-a-hablar-de-sarah\/#breadcrumb","itemListElement":[{"@type":"ListItem","position":1,"name":"Portada","item":"https:\/\/demoweb.info\/sexshop001\/"},{"@type":"ListItem","position":2,"name":"Tienda","item":"https:\/\/demoweb.info\/sexshop001\/tienda\/"},{"@type":"ListItem","position":3,"name":"VOY A HABLAR DE SARAH"}]},{"@type":"WebSite","@id":"https:\/\/demoweb.info\/sexshop001\/#website","url":"https:\/\/demoweb.info\/sexshop001\/","name":"Tienda Er\u00f3tica","description":"DEMOWEB SL","potentialAction":[{"@type":"SearchAction","target":{"@type":"EntryPoint","urlTemplate":"https:\/\/demoweb.info\/sexshop001\/?s={search_term_string}"},"query-input":"required name=search_term_string"}],"inLanguage":"es"}]}},"_links":{"self":[{"href":"https:\/\/demoweb.info\/sexshop001\/wp-json\/wp\/v3\/product\/64939","targetHints":{"allow":["GET"]}}],"collection":[{"href":"https:\/\/demoweb.info\/sexshop001\/wp-json\/wp\/v3\/product"}],"about":[{"href":"https:\/\/demoweb.info\/sexshop001\/wp-json\/wp\/v2\/types\/product"}],"replies":[{"embeddable":true,"href":"https:\/\/demoweb.info\/sexshop001\/wp-json\/wp\/v2\/comments?post=64939"}],"wp:featuredmedia":[{"embeddable":true,"href":"https:\/\/demoweb.info\/sexshop001\/wp-json\/wp\/v2\/media\/64940"}],"wp:attachment":[{"href":"https:\/\/demoweb.info\/sexshop001\/wp-json\/wp\/v2\/media?parent=64939"}],"wp:term":[{"taxonomy":"product_cat","embeddable":true,"href":"https:\/\/demoweb.info\/sexshop001\/wp-json\/wp\/v2\/product_cat?post=64939"},{"taxonomy":"product_tag","embeddable":true,"href":"https:\/\/demoweb.info\/sexshop001\/wp-json\/wp\/v2\/product_tag?post=64939"}],"curies":[{"name":"wp","href":"https:\/\/api.w.org\/{rel}","templated":true}]}}