{"id":64937,"date":"2022-01-22T19:21:59","date_gmt":"2022-01-22T18:21:59","guid":{"rendered":"https:\/\/demoweb.info\/sexshop001\/producto\/su-cereza\/"},"modified":"2022-01-22T19:22:17","modified_gmt":"2022-01-22T18:22:17","slug":"su-cereza","status":"publish","type":"product","link":"https:\/\/demoweb.info\/sexshop001\/producto\/su-cereza\/","title":{"rendered":"SU CEREZA"},"content":{"rendered":"<p><strong>SU CEREZA<\/strong><\/p>\n<p>Penelope Bloom.<\/p>\n<p><em>Segundo volumen de la bilog\u00eda que se inici\u00f3 con Su banana. <\/em><\/p>\n<p><em>Pen\u00e9lope Bloom llega a Espa\u00f1a con sus grandes bestseller. Una nueva forma de endulzar tu postre.<\/em><\/p>\n<p>\u00bfQue c\u00f3mo la conoc\u00ed? A ver, un caballero no alardea. Menos mal que yo no soy un caballero. En primer lugar, pagu\u00e9 por su cereza&#8230;(su tarta de cereza, aunque no viene a cuento). Luego la desflor\u00e9. \u00bfDespu\u00e9s? Le dej\u00e9 mi tarjeta de visita y sal\u00ed de all\u00ed pavone\u00e1ndome. S\u00ed, ya ves que lo nuestro fue un flechazo.<\/p>\n<p>Hailey: \u00bfQue c\u00f3mo conoc\u00ed a William? Entr\u00f3 en mi pasteler\u00eda, compr\u00f3 una tarta de cereza, rob\u00f3 un jarr\u00f3n de flores (que sigo saber para qu\u00e9 las quer\u00eda) y me dej\u00f3 su tarjeta de visita. Antes de decirte lo que hice con la tarjeta de visita, deber\u00eda dejar algo claro: William no pod\u00eda haber aparecido en peor momento. Mi pasteler\u00eda iba cuesta abajo. El asqueroso de mi ex no me dejaba tranquila. Ah, y era una virgen de veinticinco a\u00f1os, un detalle con el que mis amigos no dejaban de darme la tabarra. Arreglar el problemilla de mi virginidad con William ser\u00eda como matar moscas&#8230;<\/p>\n<ul>\n<li>N&ordm; de p\u00e1ginas: 190 p\u00e1gs.<\/li>\n<li>Tapa blanda.<\/li>\n<\/ul>\n","protected":false},"excerpt":{"rendered":"<p>SU CEREZA Penelope Bloom. Segundo volumen de la bilog\u00eda que se inici\u00f3 con Su banana. Pen\u00e9lope Bloom llega a Espa\u00f1a<\/p>\n","protected":false},"featured_media":64938,"comment_status":"open","ping_status":"open","template":"","meta":[],"product_cat":[414],"product_tag":[415,714],"class_list":["post-64937","product","type-product","status-publish","has-post-thumbnail","hentry","product_cat-libros","product_tag-random-house","product_tag-terciopelo"],"bundled_by":[],"bundle_stock_status":"instock","bundle_stock_quantity":3,"bundle_virtual":false,"bundle_layout":"","bundle_add_to_cart_form_location":"","bundle_editable_in_cart":false,"bundle_sold_individually_context":"","bundle_item_grouping":"","bundle_min_size":"","bundle_max_size":"","bundled_items":[],"yoast_head":"<!-- This site is optimized with the Yoast SEO plugin v20.6 - https:\/\/yoast.com\/wordpress\/plugins\/seo\/ -->\n<title>SU CEREZA - Tienda Er\u00f3tica<\/title>\n<meta name=\"robots\" content=\"noindex, follow, max-snippet:-1, max-image-preview:large, max-video-preview:-1\" \/>\n<meta property=\"og:locale\" content=\"es_ES\" \/>\n<meta property=\"og:type\" content=\"article\" \/>\n<meta property=\"og:title\" content=\"SU CEREZA - Tienda Er\u00f3tica\" \/>\n<meta property=\"og:description\" content=\"SU CEREZA Penelope Bloom. Segundo volumen de la bilog\u00eda que se inici\u00f3 con Su banana. Pen\u00e9lope Bloom llega a Espa\u00f1a\" \/>\n<meta property=\"og:url\" content=\"https:\/\/demoweb.info\/sexshop001\/producto\/su-cereza\/\" \/>\n<meta property=\"og:site_name\" content=\"Tienda Er\u00f3tica\" \/>\n<meta property=\"article:modified_time\" content=\"2022-01-22T18:22:17+00:00\" \/>\n<meta property=\"og:image\" content=\"https:\/\/demoweb.info\/sexshop001\/wp-content\/uploads\/2022\/01\/SU-CEREZA.jpg\" \/>\n\t<meta property=\"og:image:width\" content=\"550\" \/>\n\t<meta property=\"og:image:height\" content=\"550\" \/>\n\t<meta property=\"og:image:type\" content=\"image\/jpeg\" \/>\n<meta name=\"twitter:card\" content=\"summary_large_image\" \/>\n<meta name=\"twitter:label1\" content=\"Tiempo de lectura\" \/>\n\t<meta name=\"twitter:data1\" content=\"1 minuto\" \/>\n<script type=\"application\/ld+json\" class=\"yoast-schema-graph\">{\"@context\":\"https:\/\/schema.org\",\"@graph\":[{\"@type\":\"WebPage\",\"@id\":\"https:\/\/demoweb.info\/sexshop001\/producto\/su-cereza\/\",\"url\":\"https:\/\/demoweb.info\/sexshop001\/producto\/su-cereza\/\",\"name\":\"SU CEREZA - Tienda Er\u00f3tica\",\"isPartOf\":{\"@id\":\"https:\/\/demoweb.info\/sexshop001\/#website\"},\"datePublished\":\"2022-01-22T18:21:59+00:00\",\"dateModified\":\"2022-01-22T18:22:17+00:00\",\"breadcrumb\":{\"@id\":\"https:\/\/demoweb.info\/sexshop001\/producto\/su-cereza\/#breadcrumb\"},\"inLanguage\":\"es\",\"potentialAction\":[{\"@type\":\"ReadAction\",\"target\":[\"https:\/\/demoweb.info\/sexshop001\/producto\/su-cereza\/\"]}]},{\"@type\":\"BreadcrumbList\",\"@id\":\"https:\/\/demoweb.info\/sexshop001\/producto\/su-cereza\/#breadcrumb\",\"itemListElement\":[{\"@type\":\"ListItem\",\"position\":1,\"name\":\"Portada\",\"item\":\"https:\/\/demoweb.info\/sexshop001\/\"},{\"@type\":\"ListItem\",\"position\":2,\"name\":\"Tienda\",\"item\":\"https:\/\/demoweb.info\/sexshop001\/tienda\/\"},{\"@type\":\"ListItem\",\"position\":3,\"name\":\"SU CEREZA\"}]},{\"@type\":\"WebSite\",\"@id\":\"https:\/\/demoweb.info\/sexshop001\/#website\",\"url\":\"https:\/\/demoweb.info\/sexshop001\/\",\"name\":\"Tienda Er\u00f3tica\",\"description\":\"DEMOWEB SL\",\"potentialAction\":[{\"@type\":\"SearchAction\",\"target\":{\"@type\":\"EntryPoint\",\"urlTemplate\":\"https:\/\/demoweb.info\/sexshop001\/?s={search_term_string}\"},\"query-input\":\"required name=search_term_string\"}],\"inLanguage\":\"es\"}]}<\/script>\n<!-- \/ Yoast SEO plugin. -->","yoast_head_json":{"title":"SU CEREZA - Tienda Er\u00f3tica","robots":{"index":"noindex","follow":"follow","max-snippet":"max-snippet:-1","max-image-preview":"max-image-preview:large","max-video-preview":"max-video-preview:-1"},"og_locale":"es_ES","og_type":"article","og_title":"SU CEREZA - Tienda Er\u00f3tica","og_description":"SU CEREZA Penelope Bloom. Segundo volumen de la bilog\u00eda que se inici\u00f3 con Su banana. Pen\u00e9lope Bloom llega a Espa\u00f1a","og_url":"https:\/\/demoweb.info\/sexshop001\/producto\/su-cereza\/","og_site_name":"Tienda Er\u00f3tica","article_modified_time":"2022-01-22T18:22:17+00:00","og_image":[{"width":550,"height":550,"url":"https:\/\/demoweb.info\/sexshop001\/wp-content\/uploads\/2022\/01\/SU-CEREZA.jpg","type":"image\/jpeg"}],"twitter_card":"summary_large_image","twitter_misc":{"Tiempo de lectura":"1 minuto"},"schema":{"@context":"https:\/\/schema.org","@graph":[{"@type":"WebPage","@id":"https:\/\/demoweb.info\/sexshop001\/producto\/su-cereza\/","url":"https:\/\/demoweb.info\/sexshop001\/producto\/su-cereza\/","name":"SU CEREZA - Tienda Er\u00f3tica","isPartOf":{"@id":"https:\/\/demoweb.info\/sexshop001\/#website"},"datePublished":"2022-01-22T18:21:59+00:00","dateModified":"2022-01-22T18:22:17+00:00","breadcrumb":{"@id":"https:\/\/demoweb.info\/sexshop001\/producto\/su-cereza\/#breadcrumb"},"inLanguage":"es","potentialAction":[{"@type":"ReadAction","target":["https:\/\/demoweb.info\/sexshop001\/producto\/su-cereza\/"]}]},{"@type":"BreadcrumbList","@id":"https:\/\/demoweb.info\/sexshop001\/producto\/su-cereza\/#breadcrumb","itemListElement":[{"@type":"ListItem","position":1,"name":"Portada","item":"https:\/\/demoweb.info\/sexshop001\/"},{"@type":"ListItem","position":2,"name":"Tienda","item":"https:\/\/demoweb.info\/sexshop001\/tienda\/"},{"@type":"ListItem","position":3,"name":"SU CEREZA"}]},{"@type":"WebSite","@id":"https:\/\/demoweb.info\/sexshop001\/#website","url":"https:\/\/demoweb.info\/sexshop001\/","name":"Tienda Er\u00f3tica","description":"DEMOWEB SL","potentialAction":[{"@type":"SearchAction","target":{"@type":"EntryPoint","urlTemplate":"https:\/\/demoweb.info\/sexshop001\/?s={search_term_string}"},"query-input":"required name=search_term_string"}],"inLanguage":"es"}]}},"_links":{"self":[{"href":"https:\/\/demoweb.info\/sexshop001\/wp-json\/wp\/v3\/product\/64937","targetHints":{"allow":["GET"]}}],"collection":[{"href":"https:\/\/demoweb.info\/sexshop001\/wp-json\/wp\/v3\/product"}],"about":[{"href":"https:\/\/demoweb.info\/sexshop001\/wp-json\/wp\/v2\/types\/product"}],"replies":[{"embeddable":true,"href":"https:\/\/demoweb.info\/sexshop001\/wp-json\/wp\/v2\/comments?post=64937"}],"wp:featuredmedia":[{"embeddable":true,"href":"https:\/\/demoweb.info\/sexshop001\/wp-json\/wp\/v2\/media\/64938"}],"wp:attachment":[{"href":"https:\/\/demoweb.info\/sexshop001\/wp-json\/wp\/v2\/media?parent=64937"}],"wp:term":[{"taxonomy":"product_cat","embeddable":true,"href":"https:\/\/demoweb.info\/sexshop001\/wp-json\/wp\/v2\/product_cat?post=64937"},{"taxonomy":"product_tag","embeddable":true,"href":"https:\/\/demoweb.info\/sexshop001\/wp-json\/wp\/v2\/product_tag?post=64937"}],"curies":[{"name":"wp","href":"https:\/\/api.w.org\/{rel}","templated":true}]}}