{"id":64919,"date":"2022-01-22T19:21:59","date_gmt":"2022-01-22T18:21:59","guid":{"rendered":"https:\/\/demoweb.info\/sexshop001\/producto\/fleshlight-girls-elsa-jean-tasty\/"},"modified":"2022-01-22T19:22:01","modified_gmt":"2022-01-22T18:22:01","slug":"fleshlight-girls-elsa-jean-tasty","status":"publish","type":"product","link":"https:\/\/demoweb.info\/sexshop001\/producto\/fleshlight-girls-elsa-jean-tasty\/","title":{"rendered":"FLESHLIGHT GIRLS ELSA JEAN TASTY"},"content":{"rendered":"<p><strong>FLESHLIGHT GIRLS ELSA JEAN TASTY<\/strong><\/p>\n<p>Elsa Jean es una joven belleza rubia de la que no podr\u00e1s evitar enamorarte. Su largo cabello dorado y sus perfectos labios carnosos son lo que los fans y seguidores adoran de esta chica criada en el Medio Oeste. Tanto en sus papeles de universitaria sexy como en su rol de zorrita sensual que calienta a los mirones, Elsa Jean es el paradigma del descaro y el estilo juveniles: \u00a1todo lo que se puede desear en una estrella porno del momento!<\/p>\n<p><strong>Sensaci\u00f3n de Fleshlight:<\/strong> <strong>TASTY<\/strong>. Introduce tu miembro dentro de la estrecha y h\u00e1bilmente dise\u00f1ada sensaci\u00f3n Tasty de Elsa Jean. Nunca habr\u00e1s disfrutado m\u00e1s.<\/p>\n<p>Disponible en color carne realista con su exclusiva textura <em>tasty<\/em>. Cada manga de masturbaci\u00f3n personalizada Fleshlight Girls es un molde exacto de las partes m\u00e1s \u00edntimas de cada estrella.<\/p>\n<p>Cada unidad incluye la funda patentada Fleshlight Masturbation y la exclusiva funda Pearlescent.<\/p>\n<p>Caracter\u00edsticas principales:<\/p>\n<ul>\n<li>Hecho de material Superskin patentado.<\/li>\n<li>F\u00e1cil de usar y limpio.<\/li>\n<li>Discreto.<\/li>\n<li>Canal interno de textura intensa.<\/li>\n<\/ul>\n","protected":false},"excerpt":{"rendered":"<p>FLESHLIGHT GIRLS ELSA JEAN TASTY Elsa Jean es una joven belleza rubia de la que no podr\u00e1s evitar enamorarte. Su<\/p>\n","protected":false},"featured_media":64920,"comment_status":"open","ping_status":"open","template":"","meta":[],"product_cat":[541],"product_tag":[576,690],"class_list":["post-64919","product","type-product","status-publish","has-post-thumbnail","hentry","product_cat-vaginas","product_tag-fleshlight","product_tag-fleshlight-girls"],"bundled_by":[],"bundle_stock_status":"instock","bundle_stock_quantity":3,"bundle_virtual":false,"bundle_layout":"","bundle_add_to_cart_form_location":"","bundle_editable_in_cart":false,"bundle_sold_individually_context":"","bundle_item_grouping":"","bundle_min_size":"","bundle_max_size":"","bundled_items":[],"yoast_head":"<!-- This site is optimized with the Yoast SEO plugin v20.6 - https:\/\/yoast.com\/wordpress\/plugins\/seo\/ -->\n<title>FLESHLIGHT GIRLS ELSA JEAN TASTY - Tienda Er\u00f3tica<\/title>\n<meta name=\"robots\" content=\"noindex, follow, max-snippet:-1, max-image-preview:large, max-video-preview:-1\" \/>\n<meta property=\"og:locale\" content=\"es_ES\" \/>\n<meta property=\"og:type\" content=\"article\" \/>\n<meta property=\"og:title\" content=\"FLESHLIGHT GIRLS ELSA JEAN TASTY - Tienda Er\u00f3tica\" \/>\n<meta property=\"og:description\" content=\"FLESHLIGHT GIRLS ELSA JEAN TASTY Elsa Jean es una joven belleza rubia de la que no podr\u00e1s evitar enamorarte. Su\" \/>\n<meta property=\"og:url\" content=\"https:\/\/demoweb.info\/sexshop001\/producto\/fleshlight-girls-elsa-jean-tasty\/\" \/>\n<meta property=\"og:site_name\" content=\"Tienda Er\u00f3tica\" \/>\n<meta property=\"article:modified_time\" content=\"2022-01-22T18:22:01+00:00\" \/>\n<meta property=\"og:image\" content=\"https:\/\/demoweb.info\/sexshop001\/wp-content\/uploads\/2022\/01\/FLESHLIGHT-GIRLS-ELSA-JEAN-TASTY.jpg\" \/>\n\t<meta property=\"og:image:width\" content=\"550\" \/>\n\t<meta property=\"og:image:height\" content=\"550\" \/>\n\t<meta property=\"og:image:type\" content=\"image\/jpeg\" \/>\n<meta name=\"twitter:card\" content=\"summary_large_image\" \/>\n<meta name=\"twitter:label1\" content=\"Tiempo de lectura\" \/>\n\t<meta name=\"twitter:data1\" content=\"1 minuto\" \/>\n<script type=\"application\/ld+json\" class=\"yoast-schema-graph\">{\"@context\":\"https:\/\/schema.org\",\"@graph\":[{\"@type\":\"WebPage\",\"@id\":\"https:\/\/demoweb.info\/sexshop001\/producto\/fleshlight-girls-elsa-jean-tasty\/\",\"url\":\"https:\/\/demoweb.info\/sexshop001\/producto\/fleshlight-girls-elsa-jean-tasty\/\",\"name\":\"FLESHLIGHT GIRLS ELSA JEAN TASTY - Tienda Er\u00f3tica\",\"isPartOf\":{\"@id\":\"https:\/\/demoweb.info\/sexshop001\/#website\"},\"datePublished\":\"2022-01-22T18:21:59+00:00\",\"dateModified\":\"2022-01-22T18:22:01+00:00\",\"breadcrumb\":{\"@id\":\"https:\/\/demoweb.info\/sexshop001\/producto\/fleshlight-girls-elsa-jean-tasty\/#breadcrumb\"},\"inLanguage\":\"es\",\"potentialAction\":[{\"@type\":\"ReadAction\",\"target\":[\"https:\/\/demoweb.info\/sexshop001\/producto\/fleshlight-girls-elsa-jean-tasty\/\"]}]},{\"@type\":\"BreadcrumbList\",\"@id\":\"https:\/\/demoweb.info\/sexshop001\/producto\/fleshlight-girls-elsa-jean-tasty\/#breadcrumb\",\"itemListElement\":[{\"@type\":\"ListItem\",\"position\":1,\"name\":\"Portada\",\"item\":\"https:\/\/demoweb.info\/sexshop001\/\"},{\"@type\":\"ListItem\",\"position\":2,\"name\":\"Tienda\",\"item\":\"https:\/\/demoweb.info\/sexshop001\/tienda\/\"},{\"@type\":\"ListItem\",\"position\":3,\"name\":\"FLESHLIGHT GIRLS ELSA JEAN TASTY\"}]},{\"@type\":\"WebSite\",\"@id\":\"https:\/\/demoweb.info\/sexshop001\/#website\",\"url\":\"https:\/\/demoweb.info\/sexshop001\/\",\"name\":\"Tienda Er\u00f3tica\",\"description\":\"DEMOWEB SL\",\"potentialAction\":[{\"@type\":\"SearchAction\",\"target\":{\"@type\":\"EntryPoint\",\"urlTemplate\":\"https:\/\/demoweb.info\/sexshop001\/?s={search_term_string}\"},\"query-input\":\"required name=search_term_string\"}],\"inLanguage\":\"es\"}]}<\/script>\n<!-- \/ Yoast SEO plugin. -->","yoast_head_json":{"title":"FLESHLIGHT GIRLS ELSA JEAN TASTY - Tienda Er\u00f3tica","robots":{"index":"noindex","follow":"follow","max-snippet":"max-snippet:-1","max-image-preview":"max-image-preview:large","max-video-preview":"max-video-preview:-1"},"og_locale":"es_ES","og_type":"article","og_title":"FLESHLIGHT GIRLS ELSA JEAN TASTY - Tienda Er\u00f3tica","og_description":"FLESHLIGHT GIRLS ELSA JEAN TASTY Elsa Jean es una joven belleza rubia de la que no podr\u00e1s evitar enamorarte. Su","og_url":"https:\/\/demoweb.info\/sexshop001\/producto\/fleshlight-girls-elsa-jean-tasty\/","og_site_name":"Tienda Er\u00f3tica","article_modified_time":"2022-01-22T18:22:01+00:00","og_image":[{"width":550,"height":550,"url":"https:\/\/demoweb.info\/sexshop001\/wp-content\/uploads\/2022\/01\/FLESHLIGHT-GIRLS-ELSA-JEAN-TASTY.jpg","type":"image\/jpeg"}],"twitter_card":"summary_large_image","twitter_misc":{"Tiempo de lectura":"1 minuto"},"schema":{"@context":"https:\/\/schema.org","@graph":[{"@type":"WebPage","@id":"https:\/\/demoweb.info\/sexshop001\/producto\/fleshlight-girls-elsa-jean-tasty\/","url":"https:\/\/demoweb.info\/sexshop001\/producto\/fleshlight-girls-elsa-jean-tasty\/","name":"FLESHLIGHT GIRLS ELSA JEAN TASTY - Tienda Er\u00f3tica","isPartOf":{"@id":"https:\/\/demoweb.info\/sexshop001\/#website"},"datePublished":"2022-01-22T18:21:59+00:00","dateModified":"2022-01-22T18:22:01+00:00","breadcrumb":{"@id":"https:\/\/demoweb.info\/sexshop001\/producto\/fleshlight-girls-elsa-jean-tasty\/#breadcrumb"},"inLanguage":"es","potentialAction":[{"@type":"ReadAction","target":["https:\/\/demoweb.info\/sexshop001\/producto\/fleshlight-girls-elsa-jean-tasty\/"]}]},{"@type":"BreadcrumbList","@id":"https:\/\/demoweb.info\/sexshop001\/producto\/fleshlight-girls-elsa-jean-tasty\/#breadcrumb","itemListElement":[{"@type":"ListItem","position":1,"name":"Portada","item":"https:\/\/demoweb.info\/sexshop001\/"},{"@type":"ListItem","position":2,"name":"Tienda","item":"https:\/\/demoweb.info\/sexshop001\/tienda\/"},{"@type":"ListItem","position":3,"name":"FLESHLIGHT GIRLS ELSA JEAN TASTY"}]},{"@type":"WebSite","@id":"https:\/\/demoweb.info\/sexshop001\/#website","url":"https:\/\/demoweb.info\/sexshop001\/","name":"Tienda Er\u00f3tica","description":"DEMOWEB SL","potentialAction":[{"@type":"SearchAction","target":{"@type":"EntryPoint","urlTemplate":"https:\/\/demoweb.info\/sexshop001\/?s={search_term_string}"},"query-input":"required name=search_term_string"}],"inLanguage":"es"}]}},"_links":{"self":[{"href":"https:\/\/demoweb.info\/sexshop001\/wp-json\/wp\/v3\/product\/64919","targetHints":{"allow":["GET"]}}],"collection":[{"href":"https:\/\/demoweb.info\/sexshop001\/wp-json\/wp\/v3\/product"}],"about":[{"href":"https:\/\/demoweb.info\/sexshop001\/wp-json\/wp\/v2\/types\/product"}],"replies":[{"embeddable":true,"href":"https:\/\/demoweb.info\/sexshop001\/wp-json\/wp\/v2\/comments?post=64919"}],"wp:featuredmedia":[{"embeddable":true,"href":"https:\/\/demoweb.info\/sexshop001\/wp-json\/wp\/v2\/media\/64920"}],"wp:attachment":[{"href":"https:\/\/demoweb.info\/sexshop001\/wp-json\/wp\/v2\/media?parent=64919"}],"wp:term":[{"taxonomy":"product_cat","embeddable":true,"href":"https:\/\/demoweb.info\/sexshop001\/wp-json\/wp\/v2\/product_cat?post=64919"},{"taxonomy":"product_tag","embeddable":true,"href":"https:\/\/demoweb.info\/sexshop001\/wp-json\/wp\/v2\/product_tag?post=64919"}],"curies":[{"name":"wp","href":"https:\/\/api.w.org\/{rel}","templated":true}]}}