{"id":64907,"date":"2022-01-22T19:21:47","date_gmt":"2022-01-22T18:21:47","guid":{"rendered":"https:\/\/demoweb.info\/sexshop001\/producto\/control-madagascar-sweetness-gel-de-masaje-efecto-calor-200ml\/"},"modified":"2022-01-22T19:21:53","modified_gmt":"2022-01-22T18:21:53","slug":"control-madagascar-sweetness-gel-de-masaje-efecto-calor-200ml","status":"publish","type":"product","link":"https:\/\/demoweb.info\/sexshop001\/producto\/control-madagascar-sweetness-gel-de-masaje-efecto-calor-200ml\/","title":{"rendered":"CONTROL MADAGASCAR SWEETNESS GEL DE MASAJE EFECTO CALOR 200ML"},"content":{"rendered":"<p><strong>CONTROL MADAGASCAR SWEETNESS WARM MASSAGE GEL 200ML<\/strong><\/p>\n<p>Los momentos de placer se encienden con energ\u00eda renovada gracias a Madagascar Sweetness, el gel de masaje 2 en 1 con un dulce aroma a vainilla de Madagascar y un envolvente efecto calor.<\/p>\n<p>Su acci\u00f3n hidratante y estimulante contribuye al bienestar, la tranquilidad y el equilibrio.<\/p>\n<p>Ideal para masajes sensuales por todo el cuerpo gracias a su textura suave y sedosa. Base acuosa e hipoalerg\u00e9nica, sin parabenos y sin fenoxietanol.<\/p>\n<p>Madagascar Sweetness no mancha, se puede ingerir en peque\u00f1as cantidades y es compatible con el uso del preservativo.<\/p>\n<p>Si se combina los sex toys de silicona, se explorar\u00e1n nuevos territorios de placer y se conseguir\u00e1n sensaciones a\u00fan m\u00e1s intensas.<\/p>\n<ul>\n<li>Contiene: 200 ml.<\/li>\n<li>Textura suave y sedosa.<\/li>\n<li>Aroma: Vainilla<\/li>\n<li>Hidratante.<\/li>\n<li>Extremadamente sensorial.<\/li>\n<li>Efecto calor.<\/li>\n<li>Composici\u00f3n: Base acuosa; sin az\u00facar, sin parabenos y sin fenoxietano<\/li>\n<\/ul><\/p>\n","protected":false},"excerpt":{"rendered":"<p>CONTROL MADAGASCAR SWEETNESS WARM MASSAGE GEL 200ML Los momentos de placer se encienden con energ\u00eda renovada gracias a Madagascar Sweetness,<\/p>\n","protected":false},"featured_media":64908,"comment_status":"open","ping_status":"open","template":"","meta":[],"product_cat":[532],"product_tag":[604],"class_list":["post-64907","product","type-product","status-publish","has-post-thumbnail","hentry","product_cat-efecto-calor","product_tag-control"],"bundled_by":[],"bundle_stock_status":"outofstock","bundle_stock_quantity":0,"bundle_virtual":false,"bundle_layout":"","bundle_add_to_cart_form_location":"","bundle_editable_in_cart":false,"bundle_sold_individually_context":"","bundle_item_grouping":"","bundle_min_size":"","bundle_max_size":"","bundled_items":[],"yoast_head":"<!-- This site is optimized with the Yoast SEO plugin v20.6 - https:\/\/yoast.com\/wordpress\/plugins\/seo\/ -->\n<title>CONTROL MADAGASCAR SWEETNESS GEL DE MASAJE EFECTO CALOR 200ML - Tienda Er\u00f3tica<\/title>\n<meta name=\"robots\" content=\"noindex, follow, max-snippet:-1, max-image-preview:large, max-video-preview:-1\" \/>\n<meta property=\"og:locale\" content=\"es_ES\" \/>\n<meta property=\"og:type\" content=\"article\" \/>\n<meta property=\"og:title\" content=\"CONTROL MADAGASCAR SWEETNESS GEL DE MASAJE EFECTO CALOR 200ML - Tienda Er\u00f3tica\" \/>\n<meta property=\"og:description\" content=\"CONTROL MADAGASCAR SWEETNESS WARM MASSAGE GEL 200ML Los momentos de placer se encienden con energ\u00eda renovada gracias a Madagascar Sweetness,\" \/>\n<meta property=\"og:url\" content=\"https:\/\/demoweb.info\/sexshop001\/producto\/control-madagascar-sweetness-gel-de-masaje-efecto-calor-200ml\/\" \/>\n<meta property=\"og:site_name\" content=\"Tienda Er\u00f3tica\" \/>\n<meta property=\"article:modified_time\" content=\"2022-01-22T18:21:53+00:00\" \/>\n<meta property=\"og:image\" content=\"https:\/\/demoweb.info\/sexshop001\/wp-content\/uploads\/2022\/01\/CONTROL-MADAGASCAR-SWEETNESS-GEL-DE-MASAJE-EFECTO-CALOR-200ML.jpg\" \/>\n\t<meta property=\"og:image:width\" content=\"550\" \/>\n\t<meta property=\"og:image:height\" content=\"550\" \/>\n\t<meta property=\"og:image:type\" content=\"image\/jpeg\" \/>\n<meta name=\"twitter:card\" content=\"summary_large_image\" \/>\n<meta name=\"twitter:label1\" content=\"Tiempo de lectura\" \/>\n\t<meta name=\"twitter:data1\" content=\"1 minuto\" \/>\n<script type=\"application\/ld+json\" class=\"yoast-schema-graph\">{\"@context\":\"https:\/\/schema.org\",\"@graph\":[{\"@type\":\"WebPage\",\"@id\":\"https:\/\/demoweb.info\/sexshop001\/producto\/control-madagascar-sweetness-gel-de-masaje-efecto-calor-200ml\/\",\"url\":\"https:\/\/demoweb.info\/sexshop001\/producto\/control-madagascar-sweetness-gel-de-masaje-efecto-calor-200ml\/\",\"name\":\"CONTROL MADAGASCAR SWEETNESS GEL DE MASAJE EFECTO CALOR 200ML - Tienda Er\u00f3tica\",\"isPartOf\":{\"@id\":\"https:\/\/demoweb.info\/sexshop001\/#website\"},\"datePublished\":\"2022-01-22T18:21:47+00:00\",\"dateModified\":\"2022-01-22T18:21:53+00:00\",\"breadcrumb\":{\"@id\":\"https:\/\/demoweb.info\/sexshop001\/producto\/control-madagascar-sweetness-gel-de-masaje-efecto-calor-200ml\/#breadcrumb\"},\"inLanguage\":\"es\",\"potentialAction\":[{\"@type\":\"ReadAction\",\"target\":[\"https:\/\/demoweb.info\/sexshop001\/producto\/control-madagascar-sweetness-gel-de-masaje-efecto-calor-200ml\/\"]}]},{\"@type\":\"BreadcrumbList\",\"@id\":\"https:\/\/demoweb.info\/sexshop001\/producto\/control-madagascar-sweetness-gel-de-masaje-efecto-calor-200ml\/#breadcrumb\",\"itemListElement\":[{\"@type\":\"ListItem\",\"position\":1,\"name\":\"Portada\",\"item\":\"https:\/\/demoweb.info\/sexshop001\/\"},{\"@type\":\"ListItem\",\"position\":2,\"name\":\"Tienda\",\"item\":\"https:\/\/demoweb.info\/sexshop001\/tienda\/\"},{\"@type\":\"ListItem\",\"position\":3,\"name\":\"CONTROL MADAGASCAR SWEETNESS GEL DE MASAJE EFECTO CALOR 200ML\"}]},{\"@type\":\"WebSite\",\"@id\":\"https:\/\/demoweb.info\/sexshop001\/#website\",\"url\":\"https:\/\/demoweb.info\/sexshop001\/\",\"name\":\"Tienda Er\u00f3tica\",\"description\":\"DEMOWEB SL\",\"potentialAction\":[{\"@type\":\"SearchAction\",\"target\":{\"@type\":\"EntryPoint\",\"urlTemplate\":\"https:\/\/demoweb.info\/sexshop001\/?s={search_term_string}\"},\"query-input\":\"required name=search_term_string\"}],\"inLanguage\":\"es\"}]}<\/script>\n<!-- \/ Yoast SEO plugin. -->","yoast_head_json":{"title":"CONTROL MADAGASCAR SWEETNESS GEL DE MASAJE EFECTO CALOR 200ML - Tienda Er\u00f3tica","robots":{"index":"noindex","follow":"follow","max-snippet":"max-snippet:-1","max-image-preview":"max-image-preview:large","max-video-preview":"max-video-preview:-1"},"og_locale":"es_ES","og_type":"article","og_title":"CONTROL MADAGASCAR SWEETNESS GEL DE MASAJE EFECTO CALOR 200ML - Tienda Er\u00f3tica","og_description":"CONTROL MADAGASCAR SWEETNESS WARM MASSAGE GEL 200ML Los momentos de placer se encienden con energ\u00eda renovada gracias a Madagascar Sweetness,","og_url":"https:\/\/demoweb.info\/sexshop001\/producto\/control-madagascar-sweetness-gel-de-masaje-efecto-calor-200ml\/","og_site_name":"Tienda Er\u00f3tica","article_modified_time":"2022-01-22T18:21:53+00:00","og_image":[{"width":550,"height":550,"url":"https:\/\/demoweb.info\/sexshop001\/wp-content\/uploads\/2022\/01\/CONTROL-MADAGASCAR-SWEETNESS-GEL-DE-MASAJE-EFECTO-CALOR-200ML.jpg","type":"image\/jpeg"}],"twitter_card":"summary_large_image","twitter_misc":{"Tiempo de lectura":"1 minuto"},"schema":{"@context":"https:\/\/schema.org","@graph":[{"@type":"WebPage","@id":"https:\/\/demoweb.info\/sexshop001\/producto\/control-madagascar-sweetness-gel-de-masaje-efecto-calor-200ml\/","url":"https:\/\/demoweb.info\/sexshop001\/producto\/control-madagascar-sweetness-gel-de-masaje-efecto-calor-200ml\/","name":"CONTROL MADAGASCAR SWEETNESS GEL DE MASAJE EFECTO CALOR 200ML - Tienda Er\u00f3tica","isPartOf":{"@id":"https:\/\/demoweb.info\/sexshop001\/#website"},"datePublished":"2022-01-22T18:21:47+00:00","dateModified":"2022-01-22T18:21:53+00:00","breadcrumb":{"@id":"https:\/\/demoweb.info\/sexshop001\/producto\/control-madagascar-sweetness-gel-de-masaje-efecto-calor-200ml\/#breadcrumb"},"inLanguage":"es","potentialAction":[{"@type":"ReadAction","target":["https:\/\/demoweb.info\/sexshop001\/producto\/control-madagascar-sweetness-gel-de-masaje-efecto-calor-200ml\/"]}]},{"@type":"BreadcrumbList","@id":"https:\/\/demoweb.info\/sexshop001\/producto\/control-madagascar-sweetness-gel-de-masaje-efecto-calor-200ml\/#breadcrumb","itemListElement":[{"@type":"ListItem","position":1,"name":"Portada","item":"https:\/\/demoweb.info\/sexshop001\/"},{"@type":"ListItem","position":2,"name":"Tienda","item":"https:\/\/demoweb.info\/sexshop001\/tienda\/"},{"@type":"ListItem","position":3,"name":"CONTROL MADAGASCAR SWEETNESS GEL DE MASAJE EFECTO CALOR 200ML"}]},{"@type":"WebSite","@id":"https:\/\/demoweb.info\/sexshop001\/#website","url":"https:\/\/demoweb.info\/sexshop001\/","name":"Tienda Er\u00f3tica","description":"DEMOWEB SL","potentialAction":[{"@type":"SearchAction","target":{"@type":"EntryPoint","urlTemplate":"https:\/\/demoweb.info\/sexshop001\/?s={search_term_string}"},"query-input":"required name=search_term_string"}],"inLanguage":"es"}]}},"_links":{"self":[{"href":"https:\/\/demoweb.info\/sexshop001\/wp-json\/wp\/v3\/product\/64907","targetHints":{"allow":["GET"]}}],"collection":[{"href":"https:\/\/demoweb.info\/sexshop001\/wp-json\/wp\/v3\/product"}],"about":[{"href":"https:\/\/demoweb.info\/sexshop001\/wp-json\/wp\/v2\/types\/product"}],"replies":[{"embeddable":true,"href":"https:\/\/demoweb.info\/sexshop001\/wp-json\/wp\/v2\/comments?post=64907"}],"wp:featuredmedia":[{"embeddable":true,"href":"https:\/\/demoweb.info\/sexshop001\/wp-json\/wp\/v2\/media\/64908"}],"wp:attachment":[{"href":"https:\/\/demoweb.info\/sexshop001\/wp-json\/wp\/v2\/media?parent=64907"}],"wp:term":[{"taxonomy":"product_cat","embeddable":true,"href":"https:\/\/demoweb.info\/sexshop001\/wp-json\/wp\/v2\/product_cat?post=64907"},{"taxonomy":"product_tag","embeddable":true,"href":"https:\/\/demoweb.info\/sexshop001\/wp-json\/wp\/v2\/product_tag?post=64907"}],"curies":[{"name":"wp","href":"https:\/\/api.w.org\/{rel}","templated":true}]}}