{"id":64848,"date":"2022-01-22T19:20:57","date_gmt":"2022-01-22T18:20:57","guid":{"rendered":"https:\/\/demoweb.info\/sexshop001\/producto\/s8-lubricante-base-agua-aloe-vera-50ml\/"},"modified":"2022-01-22T19:21:11","modified_gmt":"2022-01-22T18:21:11","slug":"s8-lubricante-base-agua-aloe-vera-50ml","status":"publish","type":"product","link":"https:\/\/demoweb.info\/sexshop001\/producto\/s8-lubricante-base-agua-aloe-vera-50ml\/","title":{"rendered":"S8 LUBRICANTE BASE AGUA ALOE VERA 50ML"},"content":{"rendered":"<p><strong>S8 ALOE VERA WATER BASED LUBE <\/strong><\/p>\n<p>El lubricante a base de agua de alta calidad Aloe Vera de S8 es una combinaci\u00f3n perfecta para los consumidores que buscan un lubricante de alta calidad y que sea seguro para el cuerpo para mejorar y nutrir la intimidad personal.<\/p>\n<p>Esta excelente f\u00f3rmula de S8 contiene compuestos especiales derivados de Aloe Vera, conocidos por su efecto hidratante. Esta elecci\u00f3n natural en lubricaci\u00f3n agrega un deslizamiento sensacional, a la vez que es completamente segura y suave para las membranas mucosas que rodean sus puntos calientes.<\/p>\n<p>El Aloe Vera a base de agua lubricante por S8 es completamente libre de parabenos, ftalatos, sin gluten, sin sulfatos, adem\u00e1s de que no contiene colores ni conservantes fuertes para una apariencia totalmente natural. Con la aprobaci\u00f3n de grado m\u00e9dico, el lubricante a base de agua S8 Aloe Vera tambi\u00e9n cumple con todas las regulaciones actuales de la UE con respecto a los productos de cuidado \u00edntimo y ofrece una alternativa confiable, transparente y de precio competitivo frente a otras opciones no aprobadas en el mercado.<\/p>\n<p>Este es un lubricante sin aceite y una base de agua no irrita la piel ni las mucosas, est\u00e1 indicado para utilizar con preservativos y se puede quitar con agua sin dejar restos. No es un producto anticonceptivo y no protegido frente a infecciones.<\/p>\n<p>No se puede utilizar un embarazo. En el caso de uso con preservativo, aplicar el lubricante sobre el preservativo y el puesto en el pene erecto. Guardar en un lugar seco y fresco.<\/p>\n<p>Contiene: 50 ml<\/p>\n","protected":false},"excerpt":{"rendered":"<p>S8 ALOE VERA WATER BASED LUBE El lubricante a base de agua de alta calidad Aloe Vera de S8 es<\/p>\n","protected":false},"featured_media":64849,"comment_status":"open","ping_status":"open","template":"","meta":[],"product_cat":[606],"product_tag":[672],"class_list":["post-64848","product","type-product","status-publish","has-post-thumbnail","hentry","product_cat-sabores-lubricantes-aceites-y-lubricantes","product_tag-stimul8"],"bundled_by":[],"bundle_stock_status":"instock","bundle_stock_quantity":1,"bundle_virtual":false,"bundle_layout":"","bundle_add_to_cart_form_location":"","bundle_editable_in_cart":false,"bundle_sold_individually_context":"","bundle_item_grouping":"","bundle_min_size":"","bundle_max_size":"","bundled_items":[],"yoast_head":"<!-- This site is optimized with the Yoast SEO plugin v20.6 - https:\/\/yoast.com\/wordpress\/plugins\/seo\/ -->\n<title>S8 LUBRICANTE BASE AGUA ALOE VERA 50ML - Tienda Er\u00f3tica<\/title>\n<meta name=\"robots\" content=\"noindex, follow, max-snippet:-1, max-image-preview:large, max-video-preview:-1\" \/>\n<meta property=\"og:locale\" content=\"es_ES\" \/>\n<meta property=\"og:type\" content=\"article\" \/>\n<meta property=\"og:title\" content=\"S8 LUBRICANTE BASE AGUA ALOE VERA 50ML - Tienda Er\u00f3tica\" \/>\n<meta property=\"og:description\" content=\"S8 ALOE VERA WATER BASED LUBE El lubricante a base de agua de alta calidad Aloe Vera de S8 es\" \/>\n<meta property=\"og:url\" content=\"https:\/\/demoweb.info\/sexshop001\/producto\/s8-lubricante-base-agua-aloe-vera-50ml\/\" \/>\n<meta property=\"og:site_name\" content=\"Tienda Er\u00f3tica\" \/>\n<meta property=\"article:modified_time\" content=\"2022-01-22T18:21:11+00:00\" \/>\n<meta property=\"og:image\" content=\"https:\/\/demoweb.info\/sexshop001\/wp-content\/uploads\/2022\/01\/S8-LUBRICANTE-BASE-AGUA-ALOE-VERA-50ML.jpg\" \/>\n\t<meta property=\"og:image:width\" content=\"550\" \/>\n\t<meta property=\"og:image:height\" content=\"550\" \/>\n\t<meta property=\"og:image:type\" content=\"image\/jpeg\" \/>\n<meta name=\"twitter:card\" content=\"summary_large_image\" \/>\n<meta name=\"twitter:label1\" content=\"Tiempo de lectura\" \/>\n\t<meta name=\"twitter:data1\" content=\"1 minuto\" \/>\n<script type=\"application\/ld+json\" class=\"yoast-schema-graph\">{\"@context\":\"https:\/\/schema.org\",\"@graph\":[{\"@type\":\"WebPage\",\"@id\":\"https:\/\/demoweb.info\/sexshop001\/producto\/s8-lubricante-base-agua-aloe-vera-50ml\/\",\"url\":\"https:\/\/demoweb.info\/sexshop001\/producto\/s8-lubricante-base-agua-aloe-vera-50ml\/\",\"name\":\"S8 LUBRICANTE BASE AGUA ALOE VERA 50ML - Tienda Er\u00f3tica\",\"isPartOf\":{\"@id\":\"https:\/\/demoweb.info\/sexshop001\/#website\"},\"datePublished\":\"2022-01-22T18:20:57+00:00\",\"dateModified\":\"2022-01-22T18:21:11+00:00\",\"breadcrumb\":{\"@id\":\"https:\/\/demoweb.info\/sexshop001\/producto\/s8-lubricante-base-agua-aloe-vera-50ml\/#breadcrumb\"},\"inLanguage\":\"es\",\"potentialAction\":[{\"@type\":\"ReadAction\",\"target\":[\"https:\/\/demoweb.info\/sexshop001\/producto\/s8-lubricante-base-agua-aloe-vera-50ml\/\"]}]},{\"@type\":\"BreadcrumbList\",\"@id\":\"https:\/\/demoweb.info\/sexshop001\/producto\/s8-lubricante-base-agua-aloe-vera-50ml\/#breadcrumb\",\"itemListElement\":[{\"@type\":\"ListItem\",\"position\":1,\"name\":\"Portada\",\"item\":\"https:\/\/demoweb.info\/sexshop001\/\"},{\"@type\":\"ListItem\",\"position\":2,\"name\":\"Tienda\",\"item\":\"https:\/\/demoweb.info\/sexshop001\/tienda\/\"},{\"@type\":\"ListItem\",\"position\":3,\"name\":\"S8 LUBRICANTE BASE AGUA ALOE VERA 50ML\"}]},{\"@type\":\"WebSite\",\"@id\":\"https:\/\/demoweb.info\/sexshop001\/#website\",\"url\":\"https:\/\/demoweb.info\/sexshop001\/\",\"name\":\"Tienda Er\u00f3tica\",\"description\":\"DEMOWEB SL\",\"potentialAction\":[{\"@type\":\"SearchAction\",\"target\":{\"@type\":\"EntryPoint\",\"urlTemplate\":\"https:\/\/demoweb.info\/sexshop001\/?s={search_term_string}\"},\"query-input\":\"required name=search_term_string\"}],\"inLanguage\":\"es\"}]}<\/script>\n<!-- \/ Yoast SEO plugin. -->","yoast_head_json":{"title":"S8 LUBRICANTE BASE AGUA ALOE VERA 50ML - Tienda Er\u00f3tica","robots":{"index":"noindex","follow":"follow","max-snippet":"max-snippet:-1","max-image-preview":"max-image-preview:large","max-video-preview":"max-video-preview:-1"},"og_locale":"es_ES","og_type":"article","og_title":"S8 LUBRICANTE BASE AGUA ALOE VERA 50ML - Tienda Er\u00f3tica","og_description":"S8 ALOE VERA WATER BASED LUBE El lubricante a base de agua de alta calidad Aloe Vera de S8 es","og_url":"https:\/\/demoweb.info\/sexshop001\/producto\/s8-lubricante-base-agua-aloe-vera-50ml\/","og_site_name":"Tienda Er\u00f3tica","article_modified_time":"2022-01-22T18:21:11+00:00","og_image":[{"width":550,"height":550,"url":"https:\/\/demoweb.info\/sexshop001\/wp-content\/uploads\/2022\/01\/S8-LUBRICANTE-BASE-AGUA-ALOE-VERA-50ML.jpg","type":"image\/jpeg"}],"twitter_card":"summary_large_image","twitter_misc":{"Tiempo de lectura":"1 minuto"},"schema":{"@context":"https:\/\/schema.org","@graph":[{"@type":"WebPage","@id":"https:\/\/demoweb.info\/sexshop001\/producto\/s8-lubricante-base-agua-aloe-vera-50ml\/","url":"https:\/\/demoweb.info\/sexshop001\/producto\/s8-lubricante-base-agua-aloe-vera-50ml\/","name":"S8 LUBRICANTE BASE AGUA ALOE VERA 50ML - Tienda Er\u00f3tica","isPartOf":{"@id":"https:\/\/demoweb.info\/sexshop001\/#website"},"datePublished":"2022-01-22T18:20:57+00:00","dateModified":"2022-01-22T18:21:11+00:00","breadcrumb":{"@id":"https:\/\/demoweb.info\/sexshop001\/producto\/s8-lubricante-base-agua-aloe-vera-50ml\/#breadcrumb"},"inLanguage":"es","potentialAction":[{"@type":"ReadAction","target":["https:\/\/demoweb.info\/sexshop001\/producto\/s8-lubricante-base-agua-aloe-vera-50ml\/"]}]},{"@type":"BreadcrumbList","@id":"https:\/\/demoweb.info\/sexshop001\/producto\/s8-lubricante-base-agua-aloe-vera-50ml\/#breadcrumb","itemListElement":[{"@type":"ListItem","position":1,"name":"Portada","item":"https:\/\/demoweb.info\/sexshop001\/"},{"@type":"ListItem","position":2,"name":"Tienda","item":"https:\/\/demoweb.info\/sexshop001\/tienda\/"},{"@type":"ListItem","position":3,"name":"S8 LUBRICANTE BASE AGUA ALOE VERA 50ML"}]},{"@type":"WebSite","@id":"https:\/\/demoweb.info\/sexshop001\/#website","url":"https:\/\/demoweb.info\/sexshop001\/","name":"Tienda Er\u00f3tica","description":"DEMOWEB SL","potentialAction":[{"@type":"SearchAction","target":{"@type":"EntryPoint","urlTemplate":"https:\/\/demoweb.info\/sexshop001\/?s={search_term_string}"},"query-input":"required name=search_term_string"}],"inLanguage":"es"}]}},"_links":{"self":[{"href":"https:\/\/demoweb.info\/sexshop001\/wp-json\/wp\/v3\/product\/64848","targetHints":{"allow":["GET"]}}],"collection":[{"href":"https:\/\/demoweb.info\/sexshop001\/wp-json\/wp\/v3\/product"}],"about":[{"href":"https:\/\/demoweb.info\/sexshop001\/wp-json\/wp\/v2\/types\/product"}],"replies":[{"embeddable":true,"href":"https:\/\/demoweb.info\/sexshop001\/wp-json\/wp\/v2\/comments?post=64848"}],"wp:featuredmedia":[{"embeddable":true,"href":"https:\/\/demoweb.info\/sexshop001\/wp-json\/wp\/v2\/media\/64849"}],"wp:attachment":[{"href":"https:\/\/demoweb.info\/sexshop001\/wp-json\/wp\/v2\/media?parent=64848"}],"wp:term":[{"taxonomy":"product_cat","embeddable":true,"href":"https:\/\/demoweb.info\/sexshop001\/wp-json\/wp\/v2\/product_cat?post=64848"},{"taxonomy":"product_tag","embeddable":true,"href":"https:\/\/demoweb.info\/sexshop001\/wp-json\/wp\/v2\/product_tag?post=64848"}],"curies":[{"name":"wp","href":"https:\/\/api.w.org\/{rel}","templated":true}]}}