{"id":64720,"date":"2022-01-22T19:19:29","date_gmt":"2022-01-22T18:19:29","guid":{"rendered":"https:\/\/demoweb.info\/sexshop001\/producto\/pro-performance-anillo-para-el-pene-azul\/"},"modified":"2022-01-22T19:19:38","modified_gmt":"2022-01-22T18:19:38","slug":"pro-performance-anillo-para-el-pene-azul","status":"publish","type":"product","link":"https:\/\/demoweb.info\/sexshop001\/producto\/pro-performance-anillo-para-el-pene-azul\/","title":{"rendered":"PRO PERFORMANCE ANILLO PARA EL PENE &#8211; AZUL"},"content":{"rendered":"<p><strong>PRO PERFORMANCE RING<\/strong><\/p>\n<p>Los anillos en C Pro Performance pueden ayudar a combatir la disfunci\u00f3n er\u00e9ctil (DE): los anillos en C pueden usarse alrededor de la base del pene (juntos o por separado) para restringir el flujo sangu\u00edneo y ayudar a extender las erecciones.<\/p>\n<p>Cuando se usan alrededor de los test\u00edculos, los anillos en C pueden ayudar a que las erecciones duren m\u00e1s tiempo y pueden crear un cl\u00edmax m\u00e1s fuerte.<\/p>\n<p>\u00a1Consejo clave!: Un anillo en C puede impedir que la sangre salga de un pene erecto, pero tambi\u00e9n puede impedir que la sangre fluya hacia un pene. Por lo tanto, es mejor colocar un anillo en C en un pene casi erecto para permitir que se desempe\u00f1e correctamente.<\/p>\n<p>Puedes elegir entre 3 modelos diferentes:<\/p>\n<p>AZUL: el anillo principal es negro, el anillo de apriete es azul &#8211; Soft Stretch (PRINCIPIANTE)<\/p>\n<p>NEGRO: el anillo principal es transparente, el anillo de ajuste es negro &#8211; Ajuste regular (REGULAR)<\/p>\n<p>GRIS: el anillo principal es negro, el anillo de apriete es gris &#8211; Apret\u00f3n firme (AVANZADO)<\/p>\n","protected":false},"excerpt":{"rendered":"<p>PRO PERFORMANCE RING Los anillos en C Pro Performance pueden ayudar a combatir la disfunci\u00f3n er\u00e9ctil (DE): los anillos en<\/p>\n","protected":false},"featured_media":64721,"comment_status":"open","ping_status":"open","template":"","meta":[],"product_cat":[643],"product_tag":[259,490],"class_list":["post-64720","product","type-product","status-publish","has-post-thumbnail","hentry","product_cat-basicos-anillos","product_tag-pipedream","product_tag-sir-richards"],"bundled_by":[],"bundle_stock_status":"instock","bundle_stock_quantity":5,"bundle_virtual":false,"bundle_layout":"","bundle_add_to_cart_form_location":"","bundle_editable_in_cart":false,"bundle_sold_individually_context":"","bundle_item_grouping":"","bundle_min_size":"","bundle_max_size":"","bundled_items":[],"yoast_head":"<!-- This site is optimized with the Yoast SEO plugin v20.6 - https:\/\/yoast.com\/wordpress\/plugins\/seo\/ -->\n<title>PRO PERFORMANCE ANILLO PARA EL PENE - AZUL - Tienda Er\u00f3tica<\/title>\n<meta name=\"robots\" content=\"noindex, follow, max-snippet:-1, max-image-preview:large, max-video-preview:-1\" \/>\n<meta property=\"og:locale\" content=\"es_ES\" \/>\n<meta property=\"og:type\" content=\"article\" \/>\n<meta property=\"og:title\" content=\"PRO PERFORMANCE ANILLO PARA EL PENE - AZUL - Tienda Er\u00f3tica\" \/>\n<meta property=\"og:description\" content=\"PRO PERFORMANCE RING Los anillos en C Pro Performance pueden ayudar a combatir la disfunci\u00f3n er\u00e9ctil (DE): los anillos en\" \/>\n<meta property=\"og:url\" content=\"https:\/\/demoweb.info\/sexshop001\/producto\/pro-performance-anillo-para-el-pene-azul\/\" \/>\n<meta property=\"og:site_name\" content=\"Tienda Er\u00f3tica\" \/>\n<meta property=\"article:modified_time\" content=\"2022-01-22T18:19:38+00:00\" \/>\n<meta property=\"og:image\" content=\"https:\/\/demoweb.info\/sexshop001\/wp-content\/uploads\/2022\/01\/PRO-PERFORMANCE-ANILLO-PARA-EL-PENE-AZUL.jpg\" \/>\n\t<meta property=\"og:image:width\" content=\"550\" \/>\n\t<meta property=\"og:image:height\" content=\"550\" \/>\n\t<meta property=\"og:image:type\" content=\"image\/jpeg\" \/>\n<meta name=\"twitter:card\" content=\"summary_large_image\" \/>\n<meta name=\"twitter:label1\" content=\"Tiempo de lectura\" \/>\n\t<meta name=\"twitter:data1\" content=\"1 minuto\" \/>\n<script type=\"application\/ld+json\" class=\"yoast-schema-graph\">{\"@context\":\"https:\/\/schema.org\",\"@graph\":[{\"@type\":\"WebPage\",\"@id\":\"https:\/\/demoweb.info\/sexshop001\/producto\/pro-performance-anillo-para-el-pene-azul\/\",\"url\":\"https:\/\/demoweb.info\/sexshop001\/producto\/pro-performance-anillo-para-el-pene-azul\/\",\"name\":\"PRO PERFORMANCE ANILLO PARA EL PENE - AZUL - Tienda Er\u00f3tica\",\"isPartOf\":{\"@id\":\"https:\/\/demoweb.info\/sexshop001\/#website\"},\"datePublished\":\"2022-01-22T18:19:29+00:00\",\"dateModified\":\"2022-01-22T18:19:38+00:00\",\"breadcrumb\":{\"@id\":\"https:\/\/demoweb.info\/sexshop001\/producto\/pro-performance-anillo-para-el-pene-azul\/#breadcrumb\"},\"inLanguage\":\"es\",\"potentialAction\":[{\"@type\":\"ReadAction\",\"target\":[\"https:\/\/demoweb.info\/sexshop001\/producto\/pro-performance-anillo-para-el-pene-azul\/\"]}]},{\"@type\":\"BreadcrumbList\",\"@id\":\"https:\/\/demoweb.info\/sexshop001\/producto\/pro-performance-anillo-para-el-pene-azul\/#breadcrumb\",\"itemListElement\":[{\"@type\":\"ListItem\",\"position\":1,\"name\":\"Portada\",\"item\":\"https:\/\/demoweb.info\/sexshop001\/\"},{\"@type\":\"ListItem\",\"position\":2,\"name\":\"Tienda\",\"item\":\"https:\/\/demoweb.info\/sexshop001\/tienda\/\"},{\"@type\":\"ListItem\",\"position\":3,\"name\":\"PRO PERFORMANCE ANILLO PARA EL PENE &#8211; AZUL\"}]},{\"@type\":\"WebSite\",\"@id\":\"https:\/\/demoweb.info\/sexshop001\/#website\",\"url\":\"https:\/\/demoweb.info\/sexshop001\/\",\"name\":\"Tienda Er\u00f3tica\",\"description\":\"DEMOWEB SL\",\"potentialAction\":[{\"@type\":\"SearchAction\",\"target\":{\"@type\":\"EntryPoint\",\"urlTemplate\":\"https:\/\/demoweb.info\/sexshop001\/?s={search_term_string}\"},\"query-input\":\"required name=search_term_string\"}],\"inLanguage\":\"es\"}]}<\/script>\n<!-- \/ Yoast SEO plugin. -->","yoast_head_json":{"title":"PRO PERFORMANCE ANILLO PARA EL PENE - AZUL - Tienda Er\u00f3tica","robots":{"index":"noindex","follow":"follow","max-snippet":"max-snippet:-1","max-image-preview":"max-image-preview:large","max-video-preview":"max-video-preview:-1"},"og_locale":"es_ES","og_type":"article","og_title":"PRO PERFORMANCE ANILLO PARA EL PENE - AZUL - Tienda Er\u00f3tica","og_description":"PRO PERFORMANCE RING Los anillos en C Pro Performance pueden ayudar a combatir la disfunci\u00f3n er\u00e9ctil (DE): los anillos en","og_url":"https:\/\/demoweb.info\/sexshop001\/producto\/pro-performance-anillo-para-el-pene-azul\/","og_site_name":"Tienda Er\u00f3tica","article_modified_time":"2022-01-22T18:19:38+00:00","og_image":[{"width":550,"height":550,"url":"https:\/\/demoweb.info\/sexshop001\/wp-content\/uploads\/2022\/01\/PRO-PERFORMANCE-ANILLO-PARA-EL-PENE-AZUL.jpg","type":"image\/jpeg"}],"twitter_card":"summary_large_image","twitter_misc":{"Tiempo de lectura":"1 minuto"},"schema":{"@context":"https:\/\/schema.org","@graph":[{"@type":"WebPage","@id":"https:\/\/demoweb.info\/sexshop001\/producto\/pro-performance-anillo-para-el-pene-azul\/","url":"https:\/\/demoweb.info\/sexshop001\/producto\/pro-performance-anillo-para-el-pene-azul\/","name":"PRO PERFORMANCE ANILLO PARA EL PENE - AZUL - Tienda Er\u00f3tica","isPartOf":{"@id":"https:\/\/demoweb.info\/sexshop001\/#website"},"datePublished":"2022-01-22T18:19:29+00:00","dateModified":"2022-01-22T18:19:38+00:00","breadcrumb":{"@id":"https:\/\/demoweb.info\/sexshop001\/producto\/pro-performance-anillo-para-el-pene-azul\/#breadcrumb"},"inLanguage":"es","potentialAction":[{"@type":"ReadAction","target":["https:\/\/demoweb.info\/sexshop001\/producto\/pro-performance-anillo-para-el-pene-azul\/"]}]},{"@type":"BreadcrumbList","@id":"https:\/\/demoweb.info\/sexshop001\/producto\/pro-performance-anillo-para-el-pene-azul\/#breadcrumb","itemListElement":[{"@type":"ListItem","position":1,"name":"Portada","item":"https:\/\/demoweb.info\/sexshop001\/"},{"@type":"ListItem","position":2,"name":"Tienda","item":"https:\/\/demoweb.info\/sexshop001\/tienda\/"},{"@type":"ListItem","position":3,"name":"PRO PERFORMANCE ANILLO PARA EL PENE &#8211; AZUL"}]},{"@type":"WebSite","@id":"https:\/\/demoweb.info\/sexshop001\/#website","url":"https:\/\/demoweb.info\/sexshop001\/","name":"Tienda Er\u00f3tica","description":"DEMOWEB SL","potentialAction":[{"@type":"SearchAction","target":{"@type":"EntryPoint","urlTemplate":"https:\/\/demoweb.info\/sexshop001\/?s={search_term_string}"},"query-input":"required name=search_term_string"}],"inLanguage":"es"}]}},"_links":{"self":[{"href":"https:\/\/demoweb.info\/sexshop001\/wp-json\/wp\/v3\/product\/64720","targetHints":{"allow":["GET"]}}],"collection":[{"href":"https:\/\/demoweb.info\/sexshop001\/wp-json\/wp\/v3\/product"}],"about":[{"href":"https:\/\/demoweb.info\/sexshop001\/wp-json\/wp\/v2\/types\/product"}],"replies":[{"embeddable":true,"href":"https:\/\/demoweb.info\/sexshop001\/wp-json\/wp\/v2\/comments?post=64720"}],"wp:featuredmedia":[{"embeddable":true,"href":"https:\/\/demoweb.info\/sexshop001\/wp-json\/wp\/v2\/media\/64721"}],"wp:attachment":[{"href":"https:\/\/demoweb.info\/sexshop001\/wp-json\/wp\/v2\/media?parent=64720"}],"wp:term":[{"taxonomy":"product_cat","embeddable":true,"href":"https:\/\/demoweb.info\/sexshop001\/wp-json\/wp\/v2\/product_cat?post=64720"},{"taxonomy":"product_tag","embeddable":true,"href":"https:\/\/demoweb.info\/sexshop001\/wp-json\/wp\/v2\/product_tag?post=64720"}],"curies":[{"name":"wp","href":"https:\/\/api.w.org\/{rel}","templated":true}]}}