{"id":64714,"date":"2022-01-22T19:19:29","date_gmt":"2022-01-22T18:19:29","guid":{"rendered":"https:\/\/demoweb.info\/sexshop001\/producto\/twin-turbo-masturbador-de-silicona\/"},"modified":"2022-01-22T19:19:34","modified_gmt":"2022-01-22T18:19:34","slug":"twin-turbo-masturbador-de-silicona","status":"publish","type":"product","link":"https:\/\/demoweb.info\/sexshop001\/producto\/twin-turbo-masturbador-de-silicona\/","title":{"rendered":"TWIN TURBO MASTURBADOR DE SILICONA"},"content":{"rendered":"<p><strong>SILICONE TWIN TURBO STROKER<\/strong><\/p>\n<p>Dise\u00f1ado con el poder de influenciar, CONTROL ofrece tecnolog\u00eda para mejorar la masturbaci\u00f3n y elevar las experiencias \u00edntimas.<\/p>\n<p>El Silicone Twin Turbo Stroker fue dise\u00f1ado para la m\u00e1xima estimulaci\u00f3n en solitario rodeando el pene con calidez agradable y vibraciones poderosas de balas duales ubicadas estrat\u00e9gicamente en la parte superior e inferior.<\/p>\n<p>La funda de silicona ultra suave se calienta hasta la temperatura adecuada para una sensaci\u00f3n c\u00e1lida y realista. Ambos potentes motores ofrecen patrones vibratorios intensos para un entretenimiento personal incre\u00edblemente satisfactorio.<\/p>\n<p>La masturbaci\u00f3n regular fortalece los m\u00fasculos del piso p\u00e9lvico, ayudando a prevenir la disfunci\u00f3n er\u00e9ctil (DE) en los hombres. Los bordes, la pr\u00e1ctica de retrasar deliberadamente el orgasmo, pueden aumentar la resistencia sexual y pueden ayudar con la disfunci\u00f3n er\u00e9ctil al estimular el flujo sangu\u00edneo saludable hacia el pene.<\/p>\n<ul>\n<li>10 modos de vibraci\u00f3n<\/li>\n<li>Impermeable<\/li>\n<li>Con calor<\/li>\n<li>De silicona y pl\u00e1stico ABS<\/li>\n<li>Recargable con USB<\/li>\n<li>Medidas: 15,5 x 8,9 cm<\/li>\n<li>Medidas interior: 10 cm<\/li>\n<li>Di\u00e1metro aprox. 4,5 cm<\/li>\n<\/ul>\n","protected":false},"excerpt":{"rendered":"<p>SILICONE TWIN TURBO STROKER Dise\u00f1ado con el poder de influenciar, CONTROL ofrece tecnolog\u00eda para mejorar la masturbaci\u00f3n y elevar las<\/p>\n","protected":false},"featured_media":64715,"comment_status":"open","ping_status":"open","template":"","meta":[],"product_cat":[364],"product_tag":[259,490],"class_list":["post-64714","product","type-product","status-publish","has-post-thumbnail","hentry","product_cat-con-vibracion","product_tag-pipedream","product_tag-sir-richards"],"bundled_by":[],"bundle_stock_status":"instock","bundle_stock_quantity":2,"bundle_virtual":false,"bundle_layout":"","bundle_add_to_cart_form_location":"","bundle_editable_in_cart":false,"bundle_sold_individually_context":"","bundle_item_grouping":"","bundle_min_size":"","bundle_max_size":"","bundled_items":[],"yoast_head":"<!-- This site is optimized with the Yoast SEO plugin v20.6 - https:\/\/yoast.com\/wordpress\/plugins\/seo\/ -->\n<title>TWIN TURBO MASTURBADOR DE SILICONA - Tienda Er\u00f3tica<\/title>\n<meta name=\"robots\" content=\"noindex, follow, max-snippet:-1, max-image-preview:large, max-video-preview:-1\" \/>\n<meta property=\"og:locale\" content=\"es_ES\" \/>\n<meta property=\"og:type\" content=\"article\" \/>\n<meta property=\"og:title\" content=\"TWIN TURBO MASTURBADOR DE SILICONA - Tienda Er\u00f3tica\" \/>\n<meta property=\"og:description\" content=\"SILICONE TWIN TURBO STROKER Dise\u00f1ado con el poder de influenciar, CONTROL ofrece tecnolog\u00eda para mejorar la masturbaci\u00f3n y elevar las\" \/>\n<meta property=\"og:url\" content=\"https:\/\/demoweb.info\/sexshop001\/producto\/twin-turbo-masturbador-de-silicona\/\" \/>\n<meta property=\"og:site_name\" content=\"Tienda Er\u00f3tica\" \/>\n<meta property=\"article:modified_time\" content=\"2022-01-22T18:19:34+00:00\" \/>\n<meta property=\"og:image\" content=\"https:\/\/demoweb.info\/sexshop001\/wp-content\/uploads\/2022\/01\/TWIN-TURBO-MASTURBADOR-DE-SILICONA.jpg\" \/>\n\t<meta property=\"og:image:width\" content=\"550\" \/>\n\t<meta property=\"og:image:height\" content=\"550\" \/>\n\t<meta property=\"og:image:type\" content=\"image\/jpeg\" \/>\n<meta name=\"twitter:card\" content=\"summary_large_image\" \/>\n<meta name=\"twitter:label1\" content=\"Tiempo de lectura\" \/>\n\t<meta name=\"twitter:data1\" content=\"1 minuto\" \/>\n<script type=\"application\/ld+json\" class=\"yoast-schema-graph\">{\"@context\":\"https:\/\/schema.org\",\"@graph\":[{\"@type\":\"WebPage\",\"@id\":\"https:\/\/demoweb.info\/sexshop001\/producto\/twin-turbo-masturbador-de-silicona\/\",\"url\":\"https:\/\/demoweb.info\/sexshop001\/producto\/twin-turbo-masturbador-de-silicona\/\",\"name\":\"TWIN TURBO MASTURBADOR DE SILICONA - Tienda Er\u00f3tica\",\"isPartOf\":{\"@id\":\"https:\/\/demoweb.info\/sexshop001\/#website\"},\"datePublished\":\"2022-01-22T18:19:29+00:00\",\"dateModified\":\"2022-01-22T18:19:34+00:00\",\"breadcrumb\":{\"@id\":\"https:\/\/demoweb.info\/sexshop001\/producto\/twin-turbo-masturbador-de-silicona\/#breadcrumb\"},\"inLanguage\":\"es\",\"potentialAction\":[{\"@type\":\"ReadAction\",\"target\":[\"https:\/\/demoweb.info\/sexshop001\/producto\/twin-turbo-masturbador-de-silicona\/\"]}]},{\"@type\":\"BreadcrumbList\",\"@id\":\"https:\/\/demoweb.info\/sexshop001\/producto\/twin-turbo-masturbador-de-silicona\/#breadcrumb\",\"itemListElement\":[{\"@type\":\"ListItem\",\"position\":1,\"name\":\"Portada\",\"item\":\"https:\/\/demoweb.info\/sexshop001\/\"},{\"@type\":\"ListItem\",\"position\":2,\"name\":\"Tienda\",\"item\":\"https:\/\/demoweb.info\/sexshop001\/tienda\/\"},{\"@type\":\"ListItem\",\"position\":3,\"name\":\"TWIN TURBO MASTURBADOR DE SILICONA\"}]},{\"@type\":\"WebSite\",\"@id\":\"https:\/\/demoweb.info\/sexshop001\/#website\",\"url\":\"https:\/\/demoweb.info\/sexshop001\/\",\"name\":\"Tienda Er\u00f3tica\",\"description\":\"DEMOWEB SL\",\"potentialAction\":[{\"@type\":\"SearchAction\",\"target\":{\"@type\":\"EntryPoint\",\"urlTemplate\":\"https:\/\/demoweb.info\/sexshop001\/?s={search_term_string}\"},\"query-input\":\"required name=search_term_string\"}],\"inLanguage\":\"es\"}]}<\/script>\n<!-- \/ Yoast SEO plugin. -->","yoast_head_json":{"title":"TWIN TURBO MASTURBADOR DE SILICONA - Tienda Er\u00f3tica","robots":{"index":"noindex","follow":"follow","max-snippet":"max-snippet:-1","max-image-preview":"max-image-preview:large","max-video-preview":"max-video-preview:-1"},"og_locale":"es_ES","og_type":"article","og_title":"TWIN TURBO MASTURBADOR DE SILICONA - Tienda Er\u00f3tica","og_description":"SILICONE TWIN TURBO STROKER Dise\u00f1ado con el poder de influenciar, CONTROL ofrece tecnolog\u00eda para mejorar la masturbaci\u00f3n y elevar las","og_url":"https:\/\/demoweb.info\/sexshop001\/producto\/twin-turbo-masturbador-de-silicona\/","og_site_name":"Tienda Er\u00f3tica","article_modified_time":"2022-01-22T18:19:34+00:00","og_image":[{"width":550,"height":550,"url":"https:\/\/demoweb.info\/sexshop001\/wp-content\/uploads\/2022\/01\/TWIN-TURBO-MASTURBADOR-DE-SILICONA.jpg","type":"image\/jpeg"}],"twitter_card":"summary_large_image","twitter_misc":{"Tiempo de lectura":"1 minuto"},"schema":{"@context":"https:\/\/schema.org","@graph":[{"@type":"WebPage","@id":"https:\/\/demoweb.info\/sexshop001\/producto\/twin-turbo-masturbador-de-silicona\/","url":"https:\/\/demoweb.info\/sexshop001\/producto\/twin-turbo-masturbador-de-silicona\/","name":"TWIN TURBO MASTURBADOR DE SILICONA - Tienda Er\u00f3tica","isPartOf":{"@id":"https:\/\/demoweb.info\/sexshop001\/#website"},"datePublished":"2022-01-22T18:19:29+00:00","dateModified":"2022-01-22T18:19:34+00:00","breadcrumb":{"@id":"https:\/\/demoweb.info\/sexshop001\/producto\/twin-turbo-masturbador-de-silicona\/#breadcrumb"},"inLanguage":"es","potentialAction":[{"@type":"ReadAction","target":["https:\/\/demoweb.info\/sexshop001\/producto\/twin-turbo-masturbador-de-silicona\/"]}]},{"@type":"BreadcrumbList","@id":"https:\/\/demoweb.info\/sexshop001\/producto\/twin-turbo-masturbador-de-silicona\/#breadcrumb","itemListElement":[{"@type":"ListItem","position":1,"name":"Portada","item":"https:\/\/demoweb.info\/sexshop001\/"},{"@type":"ListItem","position":2,"name":"Tienda","item":"https:\/\/demoweb.info\/sexshop001\/tienda\/"},{"@type":"ListItem","position":3,"name":"TWIN TURBO MASTURBADOR DE SILICONA"}]},{"@type":"WebSite","@id":"https:\/\/demoweb.info\/sexshop001\/#website","url":"https:\/\/demoweb.info\/sexshop001\/","name":"Tienda Er\u00f3tica","description":"DEMOWEB SL","potentialAction":[{"@type":"SearchAction","target":{"@type":"EntryPoint","urlTemplate":"https:\/\/demoweb.info\/sexshop001\/?s={search_term_string}"},"query-input":"required name=search_term_string"}],"inLanguage":"es"}]}},"_links":{"self":[{"href":"https:\/\/demoweb.info\/sexshop001\/wp-json\/wp\/v3\/product\/64714","targetHints":{"allow":["GET"]}}],"collection":[{"href":"https:\/\/demoweb.info\/sexshop001\/wp-json\/wp\/v3\/product"}],"about":[{"href":"https:\/\/demoweb.info\/sexshop001\/wp-json\/wp\/v2\/types\/product"}],"replies":[{"embeddable":true,"href":"https:\/\/demoweb.info\/sexshop001\/wp-json\/wp\/v2\/comments?post=64714"}],"wp:featuredmedia":[{"embeddable":true,"href":"https:\/\/demoweb.info\/sexshop001\/wp-json\/wp\/v2\/media\/64715"}],"wp:attachment":[{"href":"https:\/\/demoweb.info\/sexshop001\/wp-json\/wp\/v2\/media?parent=64714"}],"wp:term":[{"taxonomy":"product_cat","embeddable":true,"href":"https:\/\/demoweb.info\/sexshop001\/wp-json\/wp\/v2\/product_cat?post=64714"},{"taxonomy":"product_tag","embeddable":true,"href":"https:\/\/demoweb.info\/sexshop001\/wp-json\/wp\/v2\/product_tag?post=64714"}],"curies":[{"name":"wp","href":"https:\/\/api.w.org\/{rel}","templated":true}]}}