{"id":64701,"date":"2022-01-22T19:18:49","date_gmt":"2022-01-22T18:18:49","guid":{"rendered":"https:\/\/demoweb.info\/sexshop001\/producto\/edger-masturbador-de-silicona-con-vibracion\/"},"modified":"2022-01-22T19:19:23","modified_gmt":"2022-01-22T18:19:23","slug":"edger-masturbador-de-silicona-con-vibracion","status":"publish","type":"product","link":"https:\/\/demoweb.info\/sexshop001\/producto\/edger-masturbador-de-silicona-con-vibracion\/","title":{"rendered":"EDGER MASTURBADOR DE SILICONA CON VIBRACI\u00d3N"},"content":{"rendered":"<p><strong>VIBRATING SILICONE EDGER<\/strong><\/p>\n<p>Dise\u00f1ado con el poder de influenciar, CONTROL ofrece tecnolog\u00eda para mejorar la masturbaci\u00f3n y elevar las experiencias \u00edntimas.<\/p>\n<p>Edger es un masturbador vibrante de silicona, dise\u00f1ado para la m\u00e1xima estimulaci\u00f3n individual al rodear todo el eje con flexibles alas FlexFit y una potente vibraci\u00f3n.<\/p>\n<p>Las dos alas FlexFit se envuelven y permiten un ajuste y presi\u00f3n personalizable, mientras que el motor recargable est\u00e1 siempre listo para intensificar el placer.<\/p>\n<p>El dise\u00f1o impermeable se puede disfrutar en cualquier ambiente h\u00famedo.<\/p>\n<p>La masturbaci\u00f3n regular fortalece los m\u00fasculos del suelo p\u00e9lvico, ayudando a prevenir la disfunci\u00f3n er\u00e9ctil (DE) en los hombres. Los bordes, la pr\u00e1ctica de retrasar deliberadamente el orgasmo, pueden aumentar la resistencia sexual y pueden ayudar con la disfunci\u00f3n er\u00e9ctil al estimular el flujo sangu\u00edneo saludable hacia el pene.<\/p>\n<ul>\n<li>Impermeable<\/li>\n<li>8 modos de vibraci\u00f3n<\/li>\n<li>Material: Silicona<\/li>\n<li>Recargable con USB<\/li>\n<li>Medidas: 6,4 x 2,4 x 7,1 cm<\/li>\n<\/ul>\n","protected":false},"excerpt":{"rendered":"<p>VIBRATING SILICONE EDGER Dise\u00f1ado con el poder de influenciar, CONTROL ofrece tecnolog\u00eda para mejorar la masturbaci\u00f3n y elevar las experiencias<\/p>\n","protected":false},"featured_media":64702,"comment_status":"open","ping_status":"open","template":"","meta":[],"product_cat":[364],"product_tag":[259,490],"class_list":["post-64701","product","type-product","status-publish","has-post-thumbnail","hentry","product_cat-con-vibracion","product_tag-pipedream","product_tag-sir-richards"],"bundled_by":[],"bundle_stock_status":"instock","bundle_stock_quantity":2,"bundle_virtual":false,"bundle_layout":"","bundle_add_to_cart_form_location":"","bundle_editable_in_cart":false,"bundle_sold_individually_context":"","bundle_item_grouping":"","bundle_min_size":"","bundle_max_size":"","bundled_items":[],"yoast_head":"<!-- This site is optimized with the Yoast SEO plugin v20.6 - https:\/\/yoast.com\/wordpress\/plugins\/seo\/ -->\n<title>EDGER MASTURBADOR DE SILICONA CON VIBRACI\u00d3N - Tienda Er\u00f3tica<\/title>\n<meta name=\"robots\" content=\"noindex, follow, max-snippet:-1, max-image-preview:large, max-video-preview:-1\" \/>\n<meta property=\"og:locale\" content=\"es_ES\" \/>\n<meta property=\"og:type\" content=\"article\" \/>\n<meta property=\"og:title\" content=\"EDGER MASTURBADOR DE SILICONA CON VIBRACI\u00d3N - Tienda Er\u00f3tica\" \/>\n<meta property=\"og:description\" content=\"VIBRATING SILICONE EDGER Dise\u00f1ado con el poder de influenciar, CONTROL ofrece tecnolog\u00eda para mejorar la masturbaci\u00f3n y elevar las experiencias\" \/>\n<meta property=\"og:url\" content=\"https:\/\/demoweb.info\/sexshop001\/producto\/edger-masturbador-de-silicona-con-vibracion\/\" \/>\n<meta property=\"og:site_name\" content=\"Tienda Er\u00f3tica\" \/>\n<meta property=\"article:modified_time\" content=\"2022-01-22T18:19:23+00:00\" \/>\n<meta property=\"og:image\" content=\"https:\/\/demoweb.info\/sexshop001\/wp-content\/uploads\/2022\/01\/EDGER-MASTURBADOR-DE-SILICONA-CON-VIBRACION.jpg\" \/>\n\t<meta property=\"og:image:width\" content=\"550\" \/>\n\t<meta property=\"og:image:height\" content=\"550\" \/>\n\t<meta property=\"og:image:type\" content=\"image\/jpeg\" \/>\n<meta name=\"twitter:card\" content=\"summary_large_image\" \/>\n<meta name=\"twitter:label1\" content=\"Tiempo de lectura\" \/>\n\t<meta name=\"twitter:data1\" content=\"1 minuto\" \/>\n<script type=\"application\/ld+json\" class=\"yoast-schema-graph\">{\"@context\":\"https:\/\/schema.org\",\"@graph\":[{\"@type\":\"WebPage\",\"@id\":\"https:\/\/demoweb.info\/sexshop001\/producto\/edger-masturbador-de-silicona-con-vibracion\/\",\"url\":\"https:\/\/demoweb.info\/sexshop001\/producto\/edger-masturbador-de-silicona-con-vibracion\/\",\"name\":\"EDGER MASTURBADOR DE SILICONA CON VIBRACI\u00d3N - Tienda Er\u00f3tica\",\"isPartOf\":{\"@id\":\"https:\/\/demoweb.info\/sexshop001\/#website\"},\"datePublished\":\"2022-01-22T18:18:49+00:00\",\"dateModified\":\"2022-01-22T18:19:23+00:00\",\"breadcrumb\":{\"@id\":\"https:\/\/demoweb.info\/sexshop001\/producto\/edger-masturbador-de-silicona-con-vibracion\/#breadcrumb\"},\"inLanguage\":\"es\",\"potentialAction\":[{\"@type\":\"ReadAction\",\"target\":[\"https:\/\/demoweb.info\/sexshop001\/producto\/edger-masturbador-de-silicona-con-vibracion\/\"]}]},{\"@type\":\"BreadcrumbList\",\"@id\":\"https:\/\/demoweb.info\/sexshop001\/producto\/edger-masturbador-de-silicona-con-vibracion\/#breadcrumb\",\"itemListElement\":[{\"@type\":\"ListItem\",\"position\":1,\"name\":\"Portada\",\"item\":\"https:\/\/demoweb.info\/sexshop001\/\"},{\"@type\":\"ListItem\",\"position\":2,\"name\":\"Tienda\",\"item\":\"https:\/\/demoweb.info\/sexshop001\/tienda\/\"},{\"@type\":\"ListItem\",\"position\":3,\"name\":\"EDGER MASTURBADOR DE SILICONA CON VIBRACI\u00d3N\"}]},{\"@type\":\"WebSite\",\"@id\":\"https:\/\/demoweb.info\/sexshop001\/#website\",\"url\":\"https:\/\/demoweb.info\/sexshop001\/\",\"name\":\"Tienda Er\u00f3tica\",\"description\":\"DEMOWEB SL\",\"potentialAction\":[{\"@type\":\"SearchAction\",\"target\":{\"@type\":\"EntryPoint\",\"urlTemplate\":\"https:\/\/demoweb.info\/sexshop001\/?s={search_term_string}\"},\"query-input\":\"required name=search_term_string\"}],\"inLanguage\":\"es\"}]}<\/script>\n<!-- \/ Yoast SEO plugin. -->","yoast_head_json":{"title":"EDGER MASTURBADOR DE SILICONA CON VIBRACI\u00d3N - Tienda Er\u00f3tica","robots":{"index":"noindex","follow":"follow","max-snippet":"max-snippet:-1","max-image-preview":"max-image-preview:large","max-video-preview":"max-video-preview:-1"},"og_locale":"es_ES","og_type":"article","og_title":"EDGER MASTURBADOR DE SILICONA CON VIBRACI\u00d3N - Tienda Er\u00f3tica","og_description":"VIBRATING SILICONE EDGER Dise\u00f1ado con el poder de influenciar, CONTROL ofrece tecnolog\u00eda para mejorar la masturbaci\u00f3n y elevar las experiencias","og_url":"https:\/\/demoweb.info\/sexshop001\/producto\/edger-masturbador-de-silicona-con-vibracion\/","og_site_name":"Tienda Er\u00f3tica","article_modified_time":"2022-01-22T18:19:23+00:00","og_image":[{"width":550,"height":550,"url":"https:\/\/demoweb.info\/sexshop001\/wp-content\/uploads\/2022\/01\/EDGER-MASTURBADOR-DE-SILICONA-CON-VIBRACION.jpg","type":"image\/jpeg"}],"twitter_card":"summary_large_image","twitter_misc":{"Tiempo de lectura":"1 minuto"},"schema":{"@context":"https:\/\/schema.org","@graph":[{"@type":"WebPage","@id":"https:\/\/demoweb.info\/sexshop001\/producto\/edger-masturbador-de-silicona-con-vibracion\/","url":"https:\/\/demoweb.info\/sexshop001\/producto\/edger-masturbador-de-silicona-con-vibracion\/","name":"EDGER MASTURBADOR DE SILICONA CON VIBRACI\u00d3N - Tienda Er\u00f3tica","isPartOf":{"@id":"https:\/\/demoweb.info\/sexshop001\/#website"},"datePublished":"2022-01-22T18:18:49+00:00","dateModified":"2022-01-22T18:19:23+00:00","breadcrumb":{"@id":"https:\/\/demoweb.info\/sexshop001\/producto\/edger-masturbador-de-silicona-con-vibracion\/#breadcrumb"},"inLanguage":"es","potentialAction":[{"@type":"ReadAction","target":["https:\/\/demoweb.info\/sexshop001\/producto\/edger-masturbador-de-silicona-con-vibracion\/"]}]},{"@type":"BreadcrumbList","@id":"https:\/\/demoweb.info\/sexshop001\/producto\/edger-masturbador-de-silicona-con-vibracion\/#breadcrumb","itemListElement":[{"@type":"ListItem","position":1,"name":"Portada","item":"https:\/\/demoweb.info\/sexshop001\/"},{"@type":"ListItem","position":2,"name":"Tienda","item":"https:\/\/demoweb.info\/sexshop001\/tienda\/"},{"@type":"ListItem","position":3,"name":"EDGER MASTURBADOR DE SILICONA CON VIBRACI\u00d3N"}]},{"@type":"WebSite","@id":"https:\/\/demoweb.info\/sexshop001\/#website","url":"https:\/\/demoweb.info\/sexshop001\/","name":"Tienda Er\u00f3tica","description":"DEMOWEB SL","potentialAction":[{"@type":"SearchAction","target":{"@type":"EntryPoint","urlTemplate":"https:\/\/demoweb.info\/sexshop001\/?s={search_term_string}"},"query-input":"required name=search_term_string"}],"inLanguage":"es"}]}},"_links":{"self":[{"href":"https:\/\/demoweb.info\/sexshop001\/wp-json\/wp\/v3\/product\/64701","targetHints":{"allow":["GET"]}}],"collection":[{"href":"https:\/\/demoweb.info\/sexshop001\/wp-json\/wp\/v3\/product"}],"about":[{"href":"https:\/\/demoweb.info\/sexshop001\/wp-json\/wp\/v2\/types\/product"}],"replies":[{"embeddable":true,"href":"https:\/\/demoweb.info\/sexshop001\/wp-json\/wp\/v2\/comments?post=64701"}],"wp:featuredmedia":[{"embeddable":true,"href":"https:\/\/demoweb.info\/sexshop001\/wp-json\/wp\/v2\/media\/64702"}],"wp:attachment":[{"href":"https:\/\/demoweb.info\/sexshop001\/wp-json\/wp\/v2\/media?parent=64701"}],"wp:term":[{"taxonomy":"product_cat","embeddable":true,"href":"https:\/\/demoweb.info\/sexshop001\/wp-json\/wp\/v2\/product_cat?post=64701"},{"taxonomy":"product_tag","embeddable":true,"href":"https:\/\/demoweb.info\/sexshop001\/wp-json\/wp\/v2\/product_tag?post=64701"}],"curies":[{"name":"wp","href":"https:\/\/api.w.org\/{rel}","templated":true}]}}