{"id":64647,"date":"2022-01-22T19:18:13","date_gmt":"2022-01-22T18:18:13","guid":{"rendered":"https:\/\/demoweb.info\/sexshop001\/producto\/her-ultimate-pleasure-succionador-de-silicona\/"},"modified":"2022-01-22T19:18:43","modified_gmt":"2022-01-22T18:18:43","slug":"her-ultimate-pleasure-succionador-de-silicona","status":"publish","type":"product","link":"https:\/\/demoweb.info\/sexshop001\/producto\/her-ultimate-pleasure-succionador-de-silicona\/","title":{"rendered":"HER ULTIMATE PLEASURE SUCCIONADOR DE SILICONA"},"content":{"rendered":"<p><strong>HER ULTIMATE PLEASURE<\/strong><\/p>\n<p>Her Ultimate Pleasure es capaz de darte el \u00e9xtasis \u00edntimo que estabas buscando. Primero, presiona el bot\u00f3n para activar la vibraci\u00f3n y luego traza tu cuerpo con el placer palpitante pulsante.<\/p>\n<p>Disfruta de un potente vibrador de silicona a la vez que experimentas el sexo oral con el succionador.<\/p>\n<p>Coloca el cono oval de Her Ultimate Pleasure acaparando perfectamente tus labios, cl\u00edtoris y las partes m\u00e1s sensibles. La succi\u00f3n palpitante y est\u00e1 perfectamente sincronizada para atraer tu suave piel, haci\u00e9ndola sentir sensible.<\/p>\n<p>Presiona otro bot\u00f3n y la lengua motorizada comenzar\u00e1 a moverse sobre el cl\u00edtoris. Con cada pulsaci\u00f3n, la suave lengua modificar\u00e1 las intensidades.<\/p>\n<ul>\n<li>10 modos distintos de vibraci\u00f3n.<\/li>\n<li>Recargable con USB.<\/li>\n<li>Impermeable.<\/li>\n<li>Medias: 25,4 x 3,8 cm.<\/li>\n<\/ul>\n","protected":false},"excerpt":{"rendered":"<p>HER ULTIMATE PLEASURE Her Ultimate Pleasure es capaz de darte el \u00e9xtasis \u00edntimo que estabas buscando. Primero, presiona el bot\u00f3n<\/p>\n","protected":false},"featured_media":64648,"comment_status":"open","ping_status":"open","template":"","meta":[],"product_cat":[355],"product_tag":[486,259],"class_list":["post-64647","product","type-product","status-publish","has-post-thumbnail","hentry","product_cat-ellas","product_tag-fantasy-for-her","product_tag-pipedream"],"bundled_by":[],"bundle_stock_status":"instock","bundle_stock_quantity":2,"bundle_virtual":false,"bundle_layout":"","bundle_add_to_cart_form_location":"","bundle_editable_in_cart":false,"bundle_sold_individually_context":"","bundle_item_grouping":"","bundle_min_size":"","bundle_max_size":"","bundled_items":[],"yoast_head":"<!-- This site is optimized with the Yoast SEO plugin v20.6 - https:\/\/yoast.com\/wordpress\/plugins\/seo\/ -->\n<title>HER ULTIMATE PLEASURE SUCCIONADOR DE SILICONA - Tienda Er\u00f3tica<\/title>\n<meta name=\"robots\" content=\"noindex, follow, max-snippet:-1, max-image-preview:large, max-video-preview:-1\" \/>\n<meta property=\"og:locale\" content=\"es_ES\" \/>\n<meta property=\"og:type\" content=\"article\" \/>\n<meta property=\"og:title\" content=\"HER ULTIMATE PLEASURE SUCCIONADOR DE SILICONA - Tienda Er\u00f3tica\" \/>\n<meta property=\"og:description\" content=\"HER ULTIMATE PLEASURE Her Ultimate Pleasure es capaz de darte el \u00e9xtasis \u00edntimo que estabas buscando. Primero, presiona el bot\u00f3n\" \/>\n<meta property=\"og:url\" content=\"https:\/\/demoweb.info\/sexshop001\/producto\/her-ultimate-pleasure-succionador-de-silicona\/\" \/>\n<meta property=\"og:site_name\" content=\"Tienda Er\u00f3tica\" \/>\n<meta property=\"article:modified_time\" content=\"2022-01-22T18:18:43+00:00\" \/>\n<meta property=\"og:image\" content=\"https:\/\/demoweb.info\/sexshop001\/wp-content\/uploads\/2022\/01\/HER-ULTIMATE-PLEASURE-SUCCIONADOR-DE-SILICONA.jpg\" \/>\n\t<meta property=\"og:image:width\" content=\"550\" \/>\n\t<meta property=\"og:image:height\" content=\"550\" \/>\n\t<meta property=\"og:image:type\" content=\"image\/jpeg\" \/>\n<meta name=\"twitter:card\" content=\"summary_large_image\" \/>\n<meta name=\"twitter:label1\" content=\"Tiempo de lectura\" \/>\n\t<meta name=\"twitter:data1\" content=\"1 minuto\" \/>\n<script type=\"application\/ld+json\" class=\"yoast-schema-graph\">{\"@context\":\"https:\/\/schema.org\",\"@graph\":[{\"@type\":\"WebPage\",\"@id\":\"https:\/\/demoweb.info\/sexshop001\/producto\/her-ultimate-pleasure-succionador-de-silicona\/\",\"url\":\"https:\/\/demoweb.info\/sexshop001\/producto\/her-ultimate-pleasure-succionador-de-silicona\/\",\"name\":\"HER ULTIMATE PLEASURE SUCCIONADOR DE SILICONA - Tienda Er\u00f3tica\",\"isPartOf\":{\"@id\":\"https:\/\/demoweb.info\/sexshop001\/#website\"},\"datePublished\":\"2022-01-22T18:18:13+00:00\",\"dateModified\":\"2022-01-22T18:18:43+00:00\",\"breadcrumb\":{\"@id\":\"https:\/\/demoweb.info\/sexshop001\/producto\/her-ultimate-pleasure-succionador-de-silicona\/#breadcrumb\"},\"inLanguage\":\"es\",\"potentialAction\":[{\"@type\":\"ReadAction\",\"target\":[\"https:\/\/demoweb.info\/sexshop001\/producto\/her-ultimate-pleasure-succionador-de-silicona\/\"]}]},{\"@type\":\"BreadcrumbList\",\"@id\":\"https:\/\/demoweb.info\/sexshop001\/producto\/her-ultimate-pleasure-succionador-de-silicona\/#breadcrumb\",\"itemListElement\":[{\"@type\":\"ListItem\",\"position\":1,\"name\":\"Portada\",\"item\":\"https:\/\/demoweb.info\/sexshop001\/\"},{\"@type\":\"ListItem\",\"position\":2,\"name\":\"Tienda\",\"item\":\"https:\/\/demoweb.info\/sexshop001\/tienda\/\"},{\"@type\":\"ListItem\",\"position\":3,\"name\":\"HER ULTIMATE PLEASURE SUCCIONADOR DE SILICONA\"}]},{\"@type\":\"WebSite\",\"@id\":\"https:\/\/demoweb.info\/sexshop001\/#website\",\"url\":\"https:\/\/demoweb.info\/sexshop001\/\",\"name\":\"Tienda Er\u00f3tica\",\"description\":\"DEMOWEB SL\",\"potentialAction\":[{\"@type\":\"SearchAction\",\"target\":{\"@type\":\"EntryPoint\",\"urlTemplate\":\"https:\/\/demoweb.info\/sexshop001\/?s={search_term_string}\"},\"query-input\":\"required name=search_term_string\"}],\"inLanguage\":\"es\"}]}<\/script>\n<!-- \/ Yoast SEO plugin. -->","yoast_head_json":{"title":"HER ULTIMATE PLEASURE SUCCIONADOR DE SILICONA - Tienda Er\u00f3tica","robots":{"index":"noindex","follow":"follow","max-snippet":"max-snippet:-1","max-image-preview":"max-image-preview:large","max-video-preview":"max-video-preview:-1"},"og_locale":"es_ES","og_type":"article","og_title":"HER ULTIMATE PLEASURE SUCCIONADOR DE SILICONA - Tienda Er\u00f3tica","og_description":"HER ULTIMATE PLEASURE Her Ultimate Pleasure es capaz de darte el \u00e9xtasis \u00edntimo que estabas buscando. Primero, presiona el bot\u00f3n","og_url":"https:\/\/demoweb.info\/sexshop001\/producto\/her-ultimate-pleasure-succionador-de-silicona\/","og_site_name":"Tienda Er\u00f3tica","article_modified_time":"2022-01-22T18:18:43+00:00","og_image":[{"width":550,"height":550,"url":"https:\/\/demoweb.info\/sexshop001\/wp-content\/uploads\/2022\/01\/HER-ULTIMATE-PLEASURE-SUCCIONADOR-DE-SILICONA.jpg","type":"image\/jpeg"}],"twitter_card":"summary_large_image","twitter_misc":{"Tiempo de lectura":"1 minuto"},"schema":{"@context":"https:\/\/schema.org","@graph":[{"@type":"WebPage","@id":"https:\/\/demoweb.info\/sexshop001\/producto\/her-ultimate-pleasure-succionador-de-silicona\/","url":"https:\/\/demoweb.info\/sexshop001\/producto\/her-ultimate-pleasure-succionador-de-silicona\/","name":"HER ULTIMATE PLEASURE SUCCIONADOR DE SILICONA - Tienda Er\u00f3tica","isPartOf":{"@id":"https:\/\/demoweb.info\/sexshop001\/#website"},"datePublished":"2022-01-22T18:18:13+00:00","dateModified":"2022-01-22T18:18:43+00:00","breadcrumb":{"@id":"https:\/\/demoweb.info\/sexshop001\/producto\/her-ultimate-pleasure-succionador-de-silicona\/#breadcrumb"},"inLanguage":"es","potentialAction":[{"@type":"ReadAction","target":["https:\/\/demoweb.info\/sexshop001\/producto\/her-ultimate-pleasure-succionador-de-silicona\/"]}]},{"@type":"BreadcrumbList","@id":"https:\/\/demoweb.info\/sexshop001\/producto\/her-ultimate-pleasure-succionador-de-silicona\/#breadcrumb","itemListElement":[{"@type":"ListItem","position":1,"name":"Portada","item":"https:\/\/demoweb.info\/sexshop001\/"},{"@type":"ListItem","position":2,"name":"Tienda","item":"https:\/\/demoweb.info\/sexshop001\/tienda\/"},{"@type":"ListItem","position":3,"name":"HER ULTIMATE PLEASURE SUCCIONADOR DE SILICONA"}]},{"@type":"WebSite","@id":"https:\/\/demoweb.info\/sexshop001\/#website","url":"https:\/\/demoweb.info\/sexshop001\/","name":"Tienda Er\u00f3tica","description":"DEMOWEB SL","potentialAction":[{"@type":"SearchAction","target":{"@type":"EntryPoint","urlTemplate":"https:\/\/demoweb.info\/sexshop001\/?s={search_term_string}"},"query-input":"required name=search_term_string"}],"inLanguage":"es"}]}},"_links":{"self":[{"href":"https:\/\/demoweb.info\/sexshop001\/wp-json\/wp\/v3\/product\/64647","targetHints":{"allow":["GET"]}}],"collection":[{"href":"https:\/\/demoweb.info\/sexshop001\/wp-json\/wp\/v3\/product"}],"about":[{"href":"https:\/\/demoweb.info\/sexshop001\/wp-json\/wp\/v2\/types\/product"}],"replies":[{"embeddable":true,"href":"https:\/\/demoweb.info\/sexshop001\/wp-json\/wp\/v2\/comments?post=64647"}],"wp:featuredmedia":[{"embeddable":true,"href":"https:\/\/demoweb.info\/sexshop001\/wp-json\/wp\/v2\/media\/64648"}],"wp:attachment":[{"href":"https:\/\/demoweb.info\/sexshop001\/wp-json\/wp\/v2\/media?parent=64647"}],"wp:term":[{"taxonomy":"product_cat","embeddable":true,"href":"https:\/\/demoweb.info\/sexshop001\/wp-json\/wp\/v2\/product_cat?post=64647"},{"taxonomy":"product_tag","embeddable":true,"href":"https:\/\/demoweb.info\/sexshop001\/wp-json\/wp\/v2\/product_tag?post=64647"}],"curies":[{"name":"wp","href":"https:\/\/api.w.org\/{rel}","templated":true}]}}