{"id":64625,"date":"2022-01-22T19:18:13","date_gmt":"2022-01-22T18:18:13","guid":{"rendered":"https:\/\/demoweb.info\/sexshop001\/producto\/petite-fantasy-bubble-butt-masturbador-realistico\/"},"modified":"2022-01-22T19:18:27","modified_gmt":"2022-01-22T18:18:27","slug":"petite-fantasy-bubble-butt-masturbador-realistico","status":"publish","type":"product","link":"https:\/\/demoweb.info\/sexshop001\/producto\/petite-fantasy-bubble-butt-masturbador-realistico\/","title":{"rendered":"PETITE FANTASY BUBBLE BUTT MASTURBADOR REAL\u00cdSTICO"},"content":{"rendered":"<p><strong>PETITE FANTASY BUBBLE BUTT<\/strong><\/p>\n<p>Eleva tu diversi\u00f3n corriendo con Fuck Me Silly To Go.<\/p>\n<p>De tama\u00f1o inteligente para ser realistas y compactos, el material Fanta Flesh\u00ae patentado y el t\u00fanel interno s\u00faper suave se sienten como si fueran reales, \u00a1solo que mejor!<\/p>\n<p>Este bot\u00edn jugoso es perfectamente adaptable, peque\u00f1o y muy divertido. Los dos agujeros peque\u00f1os y apretados est\u00e1n listos para masajear cada cent\u00edmetro de carne de tu hombre.<\/p>\n<p>Los t\u00faneles texturizados est\u00e1n pidiendo un buen golpeteo y el dise\u00f1o de extremo cerrado forma una fuerte succi\u00f3n para darte un lanzamiento explosivo cada vez.<\/p>\n<p>Medidas: 15,9 x 13,7 x 11,4 cm<\/p><\/p>\n","protected":false},"excerpt":{"rendered":"<p>PETITE FANTASY BUBBLE BUTT Eleva tu diversi\u00f3n corriendo con Fuck Me Silly To Go. De tama\u00f1o inteligente para ser realistas<\/p>\n","protected":false},"featured_media":64626,"comment_status":"open","ping_status":"open","template":"","meta":[],"product_cat":[560],"product_tag":[581,259],"class_list":["post-64625","product","type-product","status-publish","has-post-thumbnail","hentry","product_cat-vaginas-y-anos","product_tag-fetish-fantasy-extreme","product_tag-pipedream"],"bundled_by":[],"bundle_stock_status":"outofstock","bundle_stock_quantity":0,"bundle_virtual":false,"bundle_layout":"","bundle_add_to_cart_form_location":"","bundle_editable_in_cart":false,"bundle_sold_individually_context":"","bundle_item_grouping":"","bundle_min_size":"","bundle_max_size":"","bundled_items":[],"yoast_head":"<!-- This site is optimized with the Yoast SEO plugin v20.6 - https:\/\/yoast.com\/wordpress\/plugins\/seo\/ -->\n<title>PETITE FANTASY BUBBLE BUTT MASTURBADOR REAL\u00cdSTICO - Tienda Er\u00f3tica<\/title>\n<meta name=\"robots\" content=\"noindex, follow, max-snippet:-1, max-image-preview:large, max-video-preview:-1\" \/>\n<meta property=\"og:locale\" content=\"es_ES\" \/>\n<meta property=\"og:type\" content=\"article\" \/>\n<meta property=\"og:title\" content=\"PETITE FANTASY BUBBLE BUTT MASTURBADOR REAL\u00cdSTICO - Tienda Er\u00f3tica\" \/>\n<meta property=\"og:description\" content=\"PETITE FANTASY BUBBLE BUTT Eleva tu diversi\u00f3n corriendo con Fuck Me Silly To Go. De tama\u00f1o inteligente para ser realistas\" \/>\n<meta property=\"og:url\" content=\"https:\/\/demoweb.info\/sexshop001\/producto\/petite-fantasy-bubble-butt-masturbador-realistico\/\" \/>\n<meta property=\"og:site_name\" content=\"Tienda Er\u00f3tica\" \/>\n<meta property=\"article:modified_time\" content=\"2022-01-22T18:18:27+00:00\" \/>\n<meta property=\"og:image\" content=\"https:\/\/demoweb.info\/sexshop001\/wp-content\/uploads\/2022\/01\/PETITE-FANTASY-BUBBLE-BUTT-MASTURBADOR-REALISTICO.jpg\" \/>\n\t<meta property=\"og:image:width\" content=\"550\" \/>\n\t<meta property=\"og:image:height\" content=\"550\" \/>\n\t<meta property=\"og:image:type\" content=\"image\/jpeg\" \/>\n<meta name=\"twitter:card\" content=\"summary_large_image\" \/>\n<meta name=\"twitter:label1\" content=\"Tiempo de lectura\" \/>\n\t<meta name=\"twitter:data1\" content=\"1 minuto\" \/>\n<script type=\"application\/ld+json\" class=\"yoast-schema-graph\">{\"@context\":\"https:\/\/schema.org\",\"@graph\":[{\"@type\":\"WebPage\",\"@id\":\"https:\/\/demoweb.info\/sexshop001\/producto\/petite-fantasy-bubble-butt-masturbador-realistico\/\",\"url\":\"https:\/\/demoweb.info\/sexshop001\/producto\/petite-fantasy-bubble-butt-masturbador-realistico\/\",\"name\":\"PETITE FANTASY BUBBLE BUTT MASTURBADOR REAL\u00cdSTICO - Tienda Er\u00f3tica\",\"isPartOf\":{\"@id\":\"https:\/\/demoweb.info\/sexshop001\/#website\"},\"datePublished\":\"2022-01-22T18:18:13+00:00\",\"dateModified\":\"2022-01-22T18:18:27+00:00\",\"breadcrumb\":{\"@id\":\"https:\/\/demoweb.info\/sexshop001\/producto\/petite-fantasy-bubble-butt-masturbador-realistico\/#breadcrumb\"},\"inLanguage\":\"es\",\"potentialAction\":[{\"@type\":\"ReadAction\",\"target\":[\"https:\/\/demoweb.info\/sexshop001\/producto\/petite-fantasy-bubble-butt-masturbador-realistico\/\"]}]},{\"@type\":\"BreadcrumbList\",\"@id\":\"https:\/\/demoweb.info\/sexshop001\/producto\/petite-fantasy-bubble-butt-masturbador-realistico\/#breadcrumb\",\"itemListElement\":[{\"@type\":\"ListItem\",\"position\":1,\"name\":\"Portada\",\"item\":\"https:\/\/demoweb.info\/sexshop001\/\"},{\"@type\":\"ListItem\",\"position\":2,\"name\":\"Tienda\",\"item\":\"https:\/\/demoweb.info\/sexshop001\/tienda\/\"},{\"@type\":\"ListItem\",\"position\":3,\"name\":\"PETITE FANTASY BUBBLE BUTT MASTURBADOR REAL\u00cdSTICO\"}]},{\"@type\":\"WebSite\",\"@id\":\"https:\/\/demoweb.info\/sexshop001\/#website\",\"url\":\"https:\/\/demoweb.info\/sexshop001\/\",\"name\":\"Tienda Er\u00f3tica\",\"description\":\"DEMOWEB SL\",\"potentialAction\":[{\"@type\":\"SearchAction\",\"target\":{\"@type\":\"EntryPoint\",\"urlTemplate\":\"https:\/\/demoweb.info\/sexshop001\/?s={search_term_string}\"},\"query-input\":\"required name=search_term_string\"}],\"inLanguage\":\"es\"}]}<\/script>\n<!-- \/ Yoast SEO plugin. -->","yoast_head_json":{"title":"PETITE FANTASY BUBBLE BUTT MASTURBADOR REAL\u00cdSTICO - Tienda Er\u00f3tica","robots":{"index":"noindex","follow":"follow","max-snippet":"max-snippet:-1","max-image-preview":"max-image-preview:large","max-video-preview":"max-video-preview:-1"},"og_locale":"es_ES","og_type":"article","og_title":"PETITE FANTASY BUBBLE BUTT MASTURBADOR REAL\u00cdSTICO - Tienda Er\u00f3tica","og_description":"PETITE FANTASY BUBBLE BUTT Eleva tu diversi\u00f3n corriendo con Fuck Me Silly To Go. De tama\u00f1o inteligente para ser realistas","og_url":"https:\/\/demoweb.info\/sexshop001\/producto\/petite-fantasy-bubble-butt-masturbador-realistico\/","og_site_name":"Tienda Er\u00f3tica","article_modified_time":"2022-01-22T18:18:27+00:00","og_image":[{"width":550,"height":550,"url":"https:\/\/demoweb.info\/sexshop001\/wp-content\/uploads\/2022\/01\/PETITE-FANTASY-BUBBLE-BUTT-MASTURBADOR-REALISTICO.jpg","type":"image\/jpeg"}],"twitter_card":"summary_large_image","twitter_misc":{"Tiempo de lectura":"1 minuto"},"schema":{"@context":"https:\/\/schema.org","@graph":[{"@type":"WebPage","@id":"https:\/\/demoweb.info\/sexshop001\/producto\/petite-fantasy-bubble-butt-masturbador-realistico\/","url":"https:\/\/demoweb.info\/sexshop001\/producto\/petite-fantasy-bubble-butt-masturbador-realistico\/","name":"PETITE FANTASY BUBBLE BUTT MASTURBADOR REAL\u00cdSTICO - Tienda Er\u00f3tica","isPartOf":{"@id":"https:\/\/demoweb.info\/sexshop001\/#website"},"datePublished":"2022-01-22T18:18:13+00:00","dateModified":"2022-01-22T18:18:27+00:00","breadcrumb":{"@id":"https:\/\/demoweb.info\/sexshop001\/producto\/petite-fantasy-bubble-butt-masturbador-realistico\/#breadcrumb"},"inLanguage":"es","potentialAction":[{"@type":"ReadAction","target":["https:\/\/demoweb.info\/sexshop001\/producto\/petite-fantasy-bubble-butt-masturbador-realistico\/"]}]},{"@type":"BreadcrumbList","@id":"https:\/\/demoweb.info\/sexshop001\/producto\/petite-fantasy-bubble-butt-masturbador-realistico\/#breadcrumb","itemListElement":[{"@type":"ListItem","position":1,"name":"Portada","item":"https:\/\/demoweb.info\/sexshop001\/"},{"@type":"ListItem","position":2,"name":"Tienda","item":"https:\/\/demoweb.info\/sexshop001\/tienda\/"},{"@type":"ListItem","position":3,"name":"PETITE FANTASY BUBBLE BUTT MASTURBADOR REAL\u00cdSTICO"}]},{"@type":"WebSite","@id":"https:\/\/demoweb.info\/sexshop001\/#website","url":"https:\/\/demoweb.info\/sexshop001\/","name":"Tienda Er\u00f3tica","description":"DEMOWEB SL","potentialAction":[{"@type":"SearchAction","target":{"@type":"EntryPoint","urlTemplate":"https:\/\/demoweb.info\/sexshop001\/?s={search_term_string}"},"query-input":"required name=search_term_string"}],"inLanguage":"es"}]}},"_links":{"self":[{"href":"https:\/\/demoweb.info\/sexshop001\/wp-json\/wp\/v3\/product\/64625","targetHints":{"allow":["GET"]}}],"collection":[{"href":"https:\/\/demoweb.info\/sexshop001\/wp-json\/wp\/v3\/product"}],"about":[{"href":"https:\/\/demoweb.info\/sexshop001\/wp-json\/wp\/v2\/types\/product"}],"replies":[{"embeddable":true,"href":"https:\/\/demoweb.info\/sexshop001\/wp-json\/wp\/v2\/comments?post=64625"}],"wp:featuredmedia":[{"embeddable":true,"href":"https:\/\/demoweb.info\/sexshop001\/wp-json\/wp\/v2\/media\/64626"}],"wp:attachment":[{"href":"https:\/\/demoweb.info\/sexshop001\/wp-json\/wp\/v2\/media?parent=64625"}],"wp:term":[{"taxonomy":"product_cat","embeddable":true,"href":"https:\/\/demoweb.info\/sexshop001\/wp-json\/wp\/v2\/product_cat?post=64625"},{"taxonomy":"product_tag","embeddable":true,"href":"https:\/\/demoweb.info\/sexshop001\/wp-json\/wp\/v2\/product_tag?post=64625"}],"curies":[{"name":"wp","href":"https:\/\/api.w.org\/{rel}","templated":true}]}}