{"id":64598,"date":"2022-01-22T19:17:54","date_gmt":"2022-01-22T18:17:54","guid":{"rendered":"https:\/\/demoweb.info\/sexshop001\/producto\/ultimate-fantasy-doll-mia-muneca-curvy-realistica\/"},"modified":"2022-01-22T19:18:07","modified_gmt":"2022-01-22T18:18:07","slug":"ultimate-fantasy-doll-mia-muneca-curvy-realistica","status":"publish","type":"product","link":"https:\/\/demoweb.info\/sexshop001\/producto\/ultimate-fantasy-doll-mia-muneca-curvy-realistica\/","title":{"rendered":"ULTIMATE FANTASY DOLL MIA MU\u00d1ECA CURVY REAL\u00cdSTICA"},"content":{"rendered":"<p><strong>ULTIMATE FANTASY DOLL MIA<\/strong><\/p>\n<p>Esta Curvy College Cutie quiere ser tu nueva compa\u00f1era de cuarto.<\/p>\n<p>Movibles de la cabeza a los pies hasta las puntas de sus dedos, las Ultimate Fantasy Dolls de Pipedream Products se han creado cuidadosamente para cumplir fantas\u00edas e inspirar placer \u00edntimo en todos los niveles.<\/p>\n<p>Con una verdadera atenci\u00f3n realista a los detalles y una piel s\u00faper suave de Fanta Flesh, Ultimate Fantasy Dolls har\u00e1 que todos tus sue\u00f1os se hagan realidad. Las caderas llenas de Mia, los muslos gruesos, los pechos gigantes y el delicioso bot\u00edn anhelan tu toque.<\/p>\n<p>No puede esperar para darte una lecci\u00f3n sobre c\u00f3mo navegar por sus peligrosas curvas. Con 160 cm de altura, Mia est\u00e1 segura de cumplir cada fantas\u00eda con su cuerpo de figura completa, encogi\u00e9ndose de hombros, pliegues en la espalda realistas, cara adorable y tapa de panecillo irresistible.<\/p>\n<p>Su cuerpo entero est\u00e1 apoyado por un esqueleto de acero inoxidable muy fuerte que presenta articulaciones movibles y flexibles como una mujer real. Col\u00f3cala en cualquier posici\u00f3n que puedas imaginar, v\u00edstela con tu lencer\u00eda o bikini favorito, roc\u00eda tu perfume favorito sobre ella y aseg\u00farate de enviar fotos que muestren lo hermosa que es. \u00a1realmente lo es!<\/p>\n<p>Mia es toda tuya para disfrutar y est\u00e1 lista para cumplir todas tus fantas\u00edas.<\/p>\n<p>Medidas:<\/p>\n<ul>\n<li>Busto: 104.14 cm<\/li>\n<li>Cintura: 76.2 cm<\/li>\n<li>Caderas: 93.98 cm<\/li>\n<li>Altura: 160 cm<\/li>\n<li>Tama\u00f1o de la Copa: G<\/li>\n<li>Ropa: M, L<\/li>\n<li>Calzado para mujer: 38<\/li>\n<li>Longitud insertable: 12,7 cm<\/li>\n<\/ul>\n<p>TENGA EN CUENTA: Cada Ultimate Fantasy Doll viene en una caja sin marcar con solo el n\u00famero de art\u00edculo en el exterior (sin embalaje) e incluye un p\u00f3ster detallado para mostrar.<\/p>\n","protected":false},"excerpt":{"rendered":"<p>ULTIMATE FANTASY DOLL MIA Esta Curvy College Cutie quiere ser tu nueva compa\u00f1era de cuarto. Movibles de la cabeza a<\/p>\n","protected":false},"featured_media":64599,"comment_status":"open","ping_status":"open","template":"","meta":[],"product_cat":[472],"product_tag":[259,774],"class_list":["post-64598","product","type-product","status-publish","has-post-thumbnail","hentry","product_cat-realisticas","product_tag-pipedream","product_tag-ultimate-fantasy-dolls"],"bundled_by":[],"bundle_stock_status":"outofstock","bundle_stock_quantity":0,"bundle_virtual":false,"bundle_layout":"","bundle_add_to_cart_form_location":"","bundle_editable_in_cart":false,"bundle_sold_individually_context":"","bundle_item_grouping":"","bundle_min_size":"","bundle_max_size":"","bundled_items":[],"yoast_head":"<!-- This site is optimized with the Yoast SEO plugin v20.6 - https:\/\/yoast.com\/wordpress\/plugins\/seo\/ -->\n<title>ULTIMATE FANTASY DOLL MIA MU\u00d1ECA CURVY REAL\u00cdSTICA - Tienda Er\u00f3tica<\/title>\n<meta name=\"robots\" content=\"noindex, follow, max-snippet:-1, max-image-preview:large, max-video-preview:-1\" \/>\n<meta property=\"og:locale\" content=\"es_ES\" \/>\n<meta property=\"og:type\" content=\"article\" \/>\n<meta property=\"og:title\" content=\"ULTIMATE FANTASY DOLL MIA MU\u00d1ECA CURVY REAL\u00cdSTICA - Tienda Er\u00f3tica\" \/>\n<meta property=\"og:description\" content=\"ULTIMATE FANTASY DOLL MIA Esta Curvy College Cutie quiere ser tu nueva compa\u00f1era de cuarto. Movibles de la cabeza a\" \/>\n<meta property=\"og:url\" content=\"https:\/\/demoweb.info\/sexshop001\/producto\/ultimate-fantasy-doll-mia-muneca-curvy-realistica\/\" \/>\n<meta property=\"og:site_name\" content=\"Tienda Er\u00f3tica\" \/>\n<meta property=\"article:modified_time\" content=\"2022-01-22T18:18:07+00:00\" \/>\n<meta property=\"og:image\" content=\"https:\/\/demoweb.info\/sexshop001\/wp-content\/uploads\/2022\/01\/ULTIMATE-FANTASY-DOLL-MIA-MUNECA-CURVY-REALISTICA.jpg\" \/>\n\t<meta property=\"og:image:width\" content=\"550\" \/>\n\t<meta property=\"og:image:height\" content=\"550\" \/>\n\t<meta property=\"og:image:type\" content=\"image\/jpeg\" \/>\n<meta name=\"twitter:card\" content=\"summary_large_image\" \/>\n<meta name=\"twitter:label1\" content=\"Tiempo de lectura\" \/>\n\t<meta name=\"twitter:data1\" content=\"1 minuto\" \/>\n<script type=\"application\/ld+json\" class=\"yoast-schema-graph\">{\"@context\":\"https:\/\/schema.org\",\"@graph\":[{\"@type\":\"WebPage\",\"@id\":\"https:\/\/demoweb.info\/sexshop001\/producto\/ultimate-fantasy-doll-mia-muneca-curvy-realistica\/\",\"url\":\"https:\/\/demoweb.info\/sexshop001\/producto\/ultimate-fantasy-doll-mia-muneca-curvy-realistica\/\",\"name\":\"ULTIMATE FANTASY DOLL MIA MU\u00d1ECA CURVY REAL\u00cdSTICA - Tienda Er\u00f3tica\",\"isPartOf\":{\"@id\":\"https:\/\/demoweb.info\/sexshop001\/#website\"},\"datePublished\":\"2022-01-22T18:17:54+00:00\",\"dateModified\":\"2022-01-22T18:18:07+00:00\",\"breadcrumb\":{\"@id\":\"https:\/\/demoweb.info\/sexshop001\/producto\/ultimate-fantasy-doll-mia-muneca-curvy-realistica\/#breadcrumb\"},\"inLanguage\":\"es\",\"potentialAction\":[{\"@type\":\"ReadAction\",\"target\":[\"https:\/\/demoweb.info\/sexshop001\/producto\/ultimate-fantasy-doll-mia-muneca-curvy-realistica\/\"]}]},{\"@type\":\"BreadcrumbList\",\"@id\":\"https:\/\/demoweb.info\/sexshop001\/producto\/ultimate-fantasy-doll-mia-muneca-curvy-realistica\/#breadcrumb\",\"itemListElement\":[{\"@type\":\"ListItem\",\"position\":1,\"name\":\"Portada\",\"item\":\"https:\/\/demoweb.info\/sexshop001\/\"},{\"@type\":\"ListItem\",\"position\":2,\"name\":\"Tienda\",\"item\":\"https:\/\/demoweb.info\/sexshop001\/tienda\/\"},{\"@type\":\"ListItem\",\"position\":3,\"name\":\"ULTIMATE FANTASY DOLL MIA MU\u00d1ECA CURVY REAL\u00cdSTICA\"}]},{\"@type\":\"WebSite\",\"@id\":\"https:\/\/demoweb.info\/sexshop001\/#website\",\"url\":\"https:\/\/demoweb.info\/sexshop001\/\",\"name\":\"Tienda Er\u00f3tica\",\"description\":\"DEMOWEB SL\",\"potentialAction\":[{\"@type\":\"SearchAction\",\"target\":{\"@type\":\"EntryPoint\",\"urlTemplate\":\"https:\/\/demoweb.info\/sexshop001\/?s={search_term_string}\"},\"query-input\":\"required name=search_term_string\"}],\"inLanguage\":\"es\"}]}<\/script>\n<!-- \/ Yoast SEO plugin. -->","yoast_head_json":{"title":"ULTIMATE FANTASY DOLL MIA MU\u00d1ECA CURVY REAL\u00cdSTICA - Tienda Er\u00f3tica","robots":{"index":"noindex","follow":"follow","max-snippet":"max-snippet:-1","max-image-preview":"max-image-preview:large","max-video-preview":"max-video-preview:-1"},"og_locale":"es_ES","og_type":"article","og_title":"ULTIMATE FANTASY DOLL MIA MU\u00d1ECA CURVY REAL\u00cdSTICA - Tienda Er\u00f3tica","og_description":"ULTIMATE FANTASY DOLL MIA Esta Curvy College Cutie quiere ser tu nueva compa\u00f1era de cuarto. Movibles de la cabeza a","og_url":"https:\/\/demoweb.info\/sexshop001\/producto\/ultimate-fantasy-doll-mia-muneca-curvy-realistica\/","og_site_name":"Tienda Er\u00f3tica","article_modified_time":"2022-01-22T18:18:07+00:00","og_image":[{"width":550,"height":550,"url":"https:\/\/demoweb.info\/sexshop001\/wp-content\/uploads\/2022\/01\/ULTIMATE-FANTASY-DOLL-MIA-MUNECA-CURVY-REALISTICA.jpg","type":"image\/jpeg"}],"twitter_card":"summary_large_image","twitter_misc":{"Tiempo de lectura":"1 minuto"},"schema":{"@context":"https:\/\/schema.org","@graph":[{"@type":"WebPage","@id":"https:\/\/demoweb.info\/sexshop001\/producto\/ultimate-fantasy-doll-mia-muneca-curvy-realistica\/","url":"https:\/\/demoweb.info\/sexshop001\/producto\/ultimate-fantasy-doll-mia-muneca-curvy-realistica\/","name":"ULTIMATE FANTASY DOLL MIA MU\u00d1ECA CURVY REAL\u00cdSTICA - Tienda Er\u00f3tica","isPartOf":{"@id":"https:\/\/demoweb.info\/sexshop001\/#website"},"datePublished":"2022-01-22T18:17:54+00:00","dateModified":"2022-01-22T18:18:07+00:00","breadcrumb":{"@id":"https:\/\/demoweb.info\/sexshop001\/producto\/ultimate-fantasy-doll-mia-muneca-curvy-realistica\/#breadcrumb"},"inLanguage":"es","potentialAction":[{"@type":"ReadAction","target":["https:\/\/demoweb.info\/sexshop001\/producto\/ultimate-fantasy-doll-mia-muneca-curvy-realistica\/"]}]},{"@type":"BreadcrumbList","@id":"https:\/\/demoweb.info\/sexshop001\/producto\/ultimate-fantasy-doll-mia-muneca-curvy-realistica\/#breadcrumb","itemListElement":[{"@type":"ListItem","position":1,"name":"Portada","item":"https:\/\/demoweb.info\/sexshop001\/"},{"@type":"ListItem","position":2,"name":"Tienda","item":"https:\/\/demoweb.info\/sexshop001\/tienda\/"},{"@type":"ListItem","position":3,"name":"ULTIMATE FANTASY DOLL MIA MU\u00d1ECA CURVY REAL\u00cdSTICA"}]},{"@type":"WebSite","@id":"https:\/\/demoweb.info\/sexshop001\/#website","url":"https:\/\/demoweb.info\/sexshop001\/","name":"Tienda Er\u00f3tica","description":"DEMOWEB SL","potentialAction":[{"@type":"SearchAction","target":{"@type":"EntryPoint","urlTemplate":"https:\/\/demoweb.info\/sexshop001\/?s={search_term_string}"},"query-input":"required name=search_term_string"}],"inLanguage":"es"}]}},"_links":{"self":[{"href":"https:\/\/demoweb.info\/sexshop001\/wp-json\/wp\/v3\/product\/64598","targetHints":{"allow":["GET"]}}],"collection":[{"href":"https:\/\/demoweb.info\/sexshop001\/wp-json\/wp\/v3\/product"}],"about":[{"href":"https:\/\/demoweb.info\/sexshop001\/wp-json\/wp\/v2\/types\/product"}],"replies":[{"embeddable":true,"href":"https:\/\/demoweb.info\/sexshop001\/wp-json\/wp\/v2\/comments?post=64598"}],"wp:featuredmedia":[{"embeddable":true,"href":"https:\/\/demoweb.info\/sexshop001\/wp-json\/wp\/v2\/media\/64599"}],"wp:attachment":[{"href":"https:\/\/demoweb.info\/sexshop001\/wp-json\/wp\/v2\/media?parent=64598"}],"wp:term":[{"taxonomy":"product_cat","embeddable":true,"href":"https:\/\/demoweb.info\/sexshop001\/wp-json\/wp\/v2\/product_cat?post=64598"},{"taxonomy":"product_tag","embeddable":true,"href":"https:\/\/demoweb.info\/sexshop001\/wp-json\/wp\/v2\/product_tag?post=64598"}],"curies":[{"name":"wp","href":"https:\/\/api.w.org\/{rel}","templated":true}]}}