{"id":64353,"date":"2022-01-22T19:15:06","date_gmt":"2022-01-22T18:15:06","guid":{"rendered":"https:\/\/demoweb.info\/sexshop001\/producto\/funda-recambio-para-bomba-automatic-smart-pump\/"},"modified":"2022-01-22T19:15:11","modified_gmt":"2022-01-22T18:15:11","slug":"funda-recambio-para-bomba-automatic-smart-pump","status":"publish","type":"product","link":"https:\/\/demoweb.info\/sexshop001\/producto\/funda-recambio-para-bomba-automatic-smart-pump\/","title":{"rendered":"FUNDA RECAMBIO PARA BOMBA AUTOMATIC SMART PUMP"},"content":{"rendered":"<p><strong>AUTOMATIC SMART PUMP SLEEVE<\/strong><\/p>\n<p>\u00bfListo para una sesi\u00f3n de bombeo extremadamente c\u00f3moda o preferir\u00edas disfrutar de una obra en solitario sensacional? Independientemente de lo que est\u00e9s deseando, la funda de reemplazo Smart Pump\u2122 autom\u00e1tica de la serie Optimum\u2122 est\u00e1 lista para elevar tu placer al siguiente nivel.<\/p>\n<p>Esta funda ultra-el\u00e1stica y ultra-ajustada tiene un dise\u00f1o de extremo abierto y una c\u00e1mara con estr\u00edas intensas para una experiencia de caricias intensas con resultados verdaderamente explosivos.<\/p>\n<p>La funda premium se adapta a la mayor\u00eda de las bombas est\u00e1ndar, pero se puede usar de forma independiente para una experiencia apasionada.<\/p>\n<p>El material TPE premium es un cuerpo seguro, sin perfume y libre de ftalatos para mantenerte en los lugares m\u00e1s sensibles, felices y saludables.<\/p>\n<p>Disfruta de una f\u00e1cil limpieza con esta funda estimulante sin mantenimiento, simplemente lava con agua tibia y jab\u00f3n antes y despu\u00e9s de cada uso. Usa lubricante para una f\u00e1cil inserci\u00f3n.<\/p>\n<p>Caracter\u00edsticas:<\/p>\n<ul>\n<li>Impermeable<\/li>\n<li>Longitud: 13,25 cm<\/li>\n<li>Di\u00e1metro: 5,75 cm en la parte m\u00e1s ancha<\/li>\n<\/ul>\n","protected":false},"excerpt":{"rendered":"<p>AUTOMATIC SMART PUMP SLEEVE \u00bfListo para una sesi\u00f3n de bombeo extremadamente c\u00f3moda o preferir\u00edas disfrutar de una obra en solitario<\/p>\n","protected":false},"featured_media":64354,"comment_status":"open","ping_status":"open","template":"","meta":[],"product_cat":[962],"product_tag":[660,963],"class_list":["post-64353","product","type-product","status-publish","has-post-thumbnail","hentry","product_cat-accesorios-desarrolladores","product_tag-calexotics","product_tag-optimum-power"],"bundled_by":[],"bundle_stock_status":"instock","bundle_stock_quantity":2,"bundle_virtual":false,"bundle_layout":"","bundle_add_to_cart_form_location":"","bundle_editable_in_cart":false,"bundle_sold_individually_context":"","bundle_item_grouping":"","bundle_min_size":"","bundle_max_size":"","bundled_items":[],"yoast_head":"<!-- This site is optimized with the Yoast SEO plugin v20.6 - https:\/\/yoast.com\/wordpress\/plugins\/seo\/ -->\n<title>FUNDA RECAMBIO PARA BOMBA AUTOMATIC SMART PUMP - Tienda Er\u00f3tica<\/title>\n<meta name=\"robots\" content=\"noindex, follow, max-snippet:-1, max-image-preview:large, max-video-preview:-1\" \/>\n<meta property=\"og:locale\" content=\"es_ES\" \/>\n<meta property=\"og:type\" content=\"article\" \/>\n<meta property=\"og:title\" content=\"FUNDA RECAMBIO PARA BOMBA AUTOMATIC SMART PUMP - Tienda Er\u00f3tica\" \/>\n<meta property=\"og:description\" content=\"AUTOMATIC SMART PUMP SLEEVE \u00bfListo para una sesi\u00f3n de bombeo extremadamente c\u00f3moda o preferir\u00edas disfrutar de una obra en solitario\" \/>\n<meta property=\"og:url\" content=\"https:\/\/demoweb.info\/sexshop001\/producto\/funda-recambio-para-bomba-automatic-smart-pump\/\" \/>\n<meta property=\"og:site_name\" content=\"Tienda Er\u00f3tica\" \/>\n<meta property=\"article:modified_time\" content=\"2022-01-22T18:15:11+00:00\" \/>\n<meta property=\"og:image\" content=\"https:\/\/demoweb.info\/sexshop001\/wp-content\/uploads\/2022\/01\/FUNDA-RECAMBIO-PARA-BOMBA-AUTOMATIC-SMART-PUMP.jpg\" \/>\n\t<meta property=\"og:image:width\" content=\"550\" \/>\n\t<meta property=\"og:image:height\" content=\"550\" \/>\n\t<meta property=\"og:image:type\" content=\"image\/jpeg\" \/>\n<meta name=\"twitter:card\" content=\"summary_large_image\" \/>\n<meta name=\"twitter:label1\" content=\"Tiempo de lectura\" \/>\n\t<meta name=\"twitter:data1\" content=\"1 minuto\" \/>\n<script type=\"application\/ld+json\" class=\"yoast-schema-graph\">{\"@context\":\"https:\/\/schema.org\",\"@graph\":[{\"@type\":\"WebPage\",\"@id\":\"https:\/\/demoweb.info\/sexshop001\/producto\/funda-recambio-para-bomba-automatic-smart-pump\/\",\"url\":\"https:\/\/demoweb.info\/sexshop001\/producto\/funda-recambio-para-bomba-automatic-smart-pump\/\",\"name\":\"FUNDA RECAMBIO PARA BOMBA AUTOMATIC SMART PUMP - Tienda Er\u00f3tica\",\"isPartOf\":{\"@id\":\"https:\/\/demoweb.info\/sexshop001\/#website\"},\"datePublished\":\"2022-01-22T18:15:06+00:00\",\"dateModified\":\"2022-01-22T18:15:11+00:00\",\"breadcrumb\":{\"@id\":\"https:\/\/demoweb.info\/sexshop001\/producto\/funda-recambio-para-bomba-automatic-smart-pump\/#breadcrumb\"},\"inLanguage\":\"es\",\"potentialAction\":[{\"@type\":\"ReadAction\",\"target\":[\"https:\/\/demoweb.info\/sexshop001\/producto\/funda-recambio-para-bomba-automatic-smart-pump\/\"]}]},{\"@type\":\"BreadcrumbList\",\"@id\":\"https:\/\/demoweb.info\/sexshop001\/producto\/funda-recambio-para-bomba-automatic-smart-pump\/#breadcrumb\",\"itemListElement\":[{\"@type\":\"ListItem\",\"position\":1,\"name\":\"Portada\",\"item\":\"https:\/\/demoweb.info\/sexshop001\/\"},{\"@type\":\"ListItem\",\"position\":2,\"name\":\"Tienda\",\"item\":\"https:\/\/demoweb.info\/sexshop001\/tienda\/\"},{\"@type\":\"ListItem\",\"position\":3,\"name\":\"FUNDA RECAMBIO PARA BOMBA AUTOMATIC SMART PUMP\"}]},{\"@type\":\"WebSite\",\"@id\":\"https:\/\/demoweb.info\/sexshop001\/#website\",\"url\":\"https:\/\/demoweb.info\/sexshop001\/\",\"name\":\"Tienda Er\u00f3tica\",\"description\":\"DEMOWEB SL\",\"potentialAction\":[{\"@type\":\"SearchAction\",\"target\":{\"@type\":\"EntryPoint\",\"urlTemplate\":\"https:\/\/demoweb.info\/sexshop001\/?s={search_term_string}\"},\"query-input\":\"required name=search_term_string\"}],\"inLanguage\":\"es\"}]}<\/script>\n<!-- \/ Yoast SEO plugin. -->","yoast_head_json":{"title":"FUNDA RECAMBIO PARA BOMBA AUTOMATIC SMART PUMP - Tienda Er\u00f3tica","robots":{"index":"noindex","follow":"follow","max-snippet":"max-snippet:-1","max-image-preview":"max-image-preview:large","max-video-preview":"max-video-preview:-1"},"og_locale":"es_ES","og_type":"article","og_title":"FUNDA RECAMBIO PARA BOMBA AUTOMATIC SMART PUMP - Tienda Er\u00f3tica","og_description":"AUTOMATIC SMART PUMP SLEEVE \u00bfListo para una sesi\u00f3n de bombeo extremadamente c\u00f3moda o preferir\u00edas disfrutar de una obra en solitario","og_url":"https:\/\/demoweb.info\/sexshop001\/producto\/funda-recambio-para-bomba-automatic-smart-pump\/","og_site_name":"Tienda Er\u00f3tica","article_modified_time":"2022-01-22T18:15:11+00:00","og_image":[{"width":550,"height":550,"url":"https:\/\/demoweb.info\/sexshop001\/wp-content\/uploads\/2022\/01\/FUNDA-RECAMBIO-PARA-BOMBA-AUTOMATIC-SMART-PUMP.jpg","type":"image\/jpeg"}],"twitter_card":"summary_large_image","twitter_misc":{"Tiempo de lectura":"1 minuto"},"schema":{"@context":"https:\/\/schema.org","@graph":[{"@type":"WebPage","@id":"https:\/\/demoweb.info\/sexshop001\/producto\/funda-recambio-para-bomba-automatic-smart-pump\/","url":"https:\/\/demoweb.info\/sexshop001\/producto\/funda-recambio-para-bomba-automatic-smart-pump\/","name":"FUNDA RECAMBIO PARA BOMBA AUTOMATIC SMART PUMP - Tienda Er\u00f3tica","isPartOf":{"@id":"https:\/\/demoweb.info\/sexshop001\/#website"},"datePublished":"2022-01-22T18:15:06+00:00","dateModified":"2022-01-22T18:15:11+00:00","breadcrumb":{"@id":"https:\/\/demoweb.info\/sexshop001\/producto\/funda-recambio-para-bomba-automatic-smart-pump\/#breadcrumb"},"inLanguage":"es","potentialAction":[{"@type":"ReadAction","target":["https:\/\/demoweb.info\/sexshop001\/producto\/funda-recambio-para-bomba-automatic-smart-pump\/"]}]},{"@type":"BreadcrumbList","@id":"https:\/\/demoweb.info\/sexshop001\/producto\/funda-recambio-para-bomba-automatic-smart-pump\/#breadcrumb","itemListElement":[{"@type":"ListItem","position":1,"name":"Portada","item":"https:\/\/demoweb.info\/sexshop001\/"},{"@type":"ListItem","position":2,"name":"Tienda","item":"https:\/\/demoweb.info\/sexshop001\/tienda\/"},{"@type":"ListItem","position":3,"name":"FUNDA RECAMBIO PARA BOMBA AUTOMATIC SMART PUMP"}]},{"@type":"WebSite","@id":"https:\/\/demoweb.info\/sexshop001\/#website","url":"https:\/\/demoweb.info\/sexshop001\/","name":"Tienda Er\u00f3tica","description":"DEMOWEB SL","potentialAction":[{"@type":"SearchAction","target":{"@type":"EntryPoint","urlTemplate":"https:\/\/demoweb.info\/sexshop001\/?s={search_term_string}"},"query-input":"required name=search_term_string"}],"inLanguage":"es"}]}},"_links":{"self":[{"href":"https:\/\/demoweb.info\/sexshop001\/wp-json\/wp\/v3\/product\/64353","targetHints":{"allow":["GET"]}}],"collection":[{"href":"https:\/\/demoweb.info\/sexshop001\/wp-json\/wp\/v3\/product"}],"about":[{"href":"https:\/\/demoweb.info\/sexshop001\/wp-json\/wp\/v2\/types\/product"}],"replies":[{"embeddable":true,"href":"https:\/\/demoweb.info\/sexshop001\/wp-json\/wp\/v2\/comments?post=64353"}],"wp:featuredmedia":[{"embeddable":true,"href":"https:\/\/demoweb.info\/sexshop001\/wp-json\/wp\/v2\/media\/64354"}],"wp:attachment":[{"href":"https:\/\/demoweb.info\/sexshop001\/wp-json\/wp\/v2\/media?parent=64353"}],"wp:term":[{"taxonomy":"product_cat","embeddable":true,"href":"https:\/\/demoweb.info\/sexshop001\/wp-json\/wp\/v2\/product_cat?post=64353"},{"taxonomy":"product_tag","embeddable":true,"href":"https:\/\/demoweb.info\/sexshop001\/wp-json\/wp\/v2\/product_tag?post=64353"}],"curies":[{"name":"wp","href":"https:\/\/api.w.org\/{rel}","templated":true}]}}