{"id":64304,"date":"2022-01-22T19:14:24","date_gmt":"2022-01-22T18:14:24","guid":{"rendered":"https:\/\/demoweb.info\/sexshop001\/producto\/pene-doble-de-silicona-turquesa\/"},"modified":"2022-01-22T19:14:34","modified_gmt":"2022-01-22T18:14:34","slug":"pene-doble-de-silicona-turquesa","status":"publish","type":"product","link":"https:\/\/demoweb.info\/sexshop001\/producto\/pene-doble-de-silicona-turquesa\/","title":{"rendered":"PENE DOBLE DE SILICONA &#8211; TURQUESA"},"content":{"rendered":"<p><strong>DOUBLE DONG AC\/DC DONG<\/strong><\/p>\n<p>Duplica tu estimulaci\u00f3n con el Silicone Double Dong\u2122 AC \/ DC Dong, un exclusivo dong en forma de U con Satin Finish\u2122.<\/p>\n<p>Esta sonda traviesa tiene dos puntas \u00fanicas destinadas a brindar una doble penetraci\u00f3n emocionante para una sensaci\u00f3n de excitaci\u00f3n.<\/p>\n<p>La silicona flexible se mueve con cada movimiento para una experiencia de penetraci\u00f3n apasionada.<\/p>\n<p>Desde expertos er\u00f3ticos hasta principiantes juguetones, este delicioso dong ofrece 30 cm de estimulaci\u00f3n intensa desde todos los \u00e1ngulos.<\/p>\n","protected":false},"excerpt":{"rendered":"<p>DOUBLE DONG AC\/DC DONG Duplica tu estimulaci\u00f3n con el Silicone Double Dong\u2122 AC \/ DC Dong, un exclusivo dong en<\/p>\n","protected":false},"featured_media":64305,"comment_status":"open","ping_status":"open","template":"","meta":[],"product_cat":[437],"product_tag":[660,988],"class_list":["post-64304","product","type-product","status-publish","has-post-thumbnail","hentry","product_cat-dobles","product_tag-calexotics","product_tag-playful-dongs"],"bundled_by":[],"bundle_stock_status":"instock","bundle_stock_quantity":2,"bundle_virtual":false,"bundle_layout":"","bundle_add_to_cart_form_location":"","bundle_editable_in_cart":false,"bundle_sold_individually_context":"","bundle_item_grouping":"","bundle_min_size":"","bundle_max_size":"","bundled_items":[],"yoast_head":"<!-- This site is optimized with the Yoast SEO plugin v20.6 - https:\/\/yoast.com\/wordpress\/plugins\/seo\/ -->\n<title>PENE DOBLE DE SILICONA - TURQUESA - Tienda Er\u00f3tica<\/title>\n<meta name=\"robots\" content=\"noindex, follow, max-snippet:-1, max-image-preview:large, max-video-preview:-1\" \/>\n<meta property=\"og:locale\" content=\"es_ES\" \/>\n<meta property=\"og:type\" content=\"article\" \/>\n<meta property=\"og:title\" content=\"PENE DOBLE DE SILICONA - TURQUESA - Tienda Er\u00f3tica\" \/>\n<meta property=\"og:description\" content=\"DOUBLE DONG AC\/DC DONG Duplica tu estimulaci\u00f3n con el Silicone Double Dong\u2122 AC \/ DC Dong, un exclusivo dong en\" \/>\n<meta property=\"og:url\" content=\"https:\/\/demoweb.info\/sexshop001\/producto\/pene-doble-de-silicona-turquesa\/\" \/>\n<meta property=\"og:site_name\" content=\"Tienda Er\u00f3tica\" \/>\n<meta property=\"article:modified_time\" content=\"2022-01-22T18:14:34+00:00\" \/>\n<meta property=\"og:image\" content=\"https:\/\/demoweb.info\/sexshop001\/wp-content\/uploads\/2022\/01\/PENE-DOBLE-DE-SILICONA-TURQUESA.jpg\" \/>\n\t<meta property=\"og:image:width\" content=\"550\" \/>\n\t<meta property=\"og:image:height\" content=\"550\" \/>\n\t<meta property=\"og:image:type\" content=\"image\/jpeg\" \/>\n<meta name=\"twitter:card\" content=\"summary_large_image\" \/>\n<script type=\"application\/ld+json\" class=\"yoast-schema-graph\">{\"@context\":\"https:\/\/schema.org\",\"@graph\":[{\"@type\":\"WebPage\",\"@id\":\"https:\/\/demoweb.info\/sexshop001\/producto\/pene-doble-de-silicona-turquesa\/\",\"url\":\"https:\/\/demoweb.info\/sexshop001\/producto\/pene-doble-de-silicona-turquesa\/\",\"name\":\"PENE DOBLE DE SILICONA - TURQUESA - Tienda Er\u00f3tica\",\"isPartOf\":{\"@id\":\"https:\/\/demoweb.info\/sexshop001\/#website\"},\"datePublished\":\"2022-01-22T18:14:24+00:00\",\"dateModified\":\"2022-01-22T18:14:34+00:00\",\"breadcrumb\":{\"@id\":\"https:\/\/demoweb.info\/sexshop001\/producto\/pene-doble-de-silicona-turquesa\/#breadcrumb\"},\"inLanguage\":\"es\",\"potentialAction\":[{\"@type\":\"ReadAction\",\"target\":[\"https:\/\/demoweb.info\/sexshop001\/producto\/pene-doble-de-silicona-turquesa\/\"]}]},{\"@type\":\"BreadcrumbList\",\"@id\":\"https:\/\/demoweb.info\/sexshop001\/producto\/pene-doble-de-silicona-turquesa\/#breadcrumb\",\"itemListElement\":[{\"@type\":\"ListItem\",\"position\":1,\"name\":\"Portada\",\"item\":\"https:\/\/demoweb.info\/sexshop001\/\"},{\"@type\":\"ListItem\",\"position\":2,\"name\":\"Tienda\",\"item\":\"https:\/\/demoweb.info\/sexshop001\/tienda\/\"},{\"@type\":\"ListItem\",\"position\":3,\"name\":\"PENE DOBLE DE SILICONA &#8211; TURQUESA\"}]},{\"@type\":\"WebSite\",\"@id\":\"https:\/\/demoweb.info\/sexshop001\/#website\",\"url\":\"https:\/\/demoweb.info\/sexshop001\/\",\"name\":\"Tienda Er\u00f3tica\",\"description\":\"DEMOWEB SL\",\"potentialAction\":[{\"@type\":\"SearchAction\",\"target\":{\"@type\":\"EntryPoint\",\"urlTemplate\":\"https:\/\/demoweb.info\/sexshop001\/?s={search_term_string}\"},\"query-input\":\"required name=search_term_string\"}],\"inLanguage\":\"es\"}]}<\/script>\n<!-- \/ Yoast SEO plugin. -->","yoast_head_json":{"title":"PENE DOBLE DE SILICONA - TURQUESA - Tienda Er\u00f3tica","robots":{"index":"noindex","follow":"follow","max-snippet":"max-snippet:-1","max-image-preview":"max-image-preview:large","max-video-preview":"max-video-preview:-1"},"og_locale":"es_ES","og_type":"article","og_title":"PENE DOBLE DE SILICONA - TURQUESA - Tienda Er\u00f3tica","og_description":"DOUBLE DONG AC\/DC DONG Duplica tu estimulaci\u00f3n con el Silicone Double Dong\u2122 AC \/ DC Dong, un exclusivo dong en","og_url":"https:\/\/demoweb.info\/sexshop001\/producto\/pene-doble-de-silicona-turquesa\/","og_site_name":"Tienda Er\u00f3tica","article_modified_time":"2022-01-22T18:14:34+00:00","og_image":[{"width":550,"height":550,"url":"https:\/\/demoweb.info\/sexshop001\/wp-content\/uploads\/2022\/01\/PENE-DOBLE-DE-SILICONA-TURQUESA.jpg","type":"image\/jpeg"}],"twitter_card":"summary_large_image","schema":{"@context":"https:\/\/schema.org","@graph":[{"@type":"WebPage","@id":"https:\/\/demoweb.info\/sexshop001\/producto\/pene-doble-de-silicona-turquesa\/","url":"https:\/\/demoweb.info\/sexshop001\/producto\/pene-doble-de-silicona-turquesa\/","name":"PENE DOBLE DE SILICONA - TURQUESA - Tienda Er\u00f3tica","isPartOf":{"@id":"https:\/\/demoweb.info\/sexshop001\/#website"},"datePublished":"2022-01-22T18:14:24+00:00","dateModified":"2022-01-22T18:14:34+00:00","breadcrumb":{"@id":"https:\/\/demoweb.info\/sexshop001\/producto\/pene-doble-de-silicona-turquesa\/#breadcrumb"},"inLanguage":"es","potentialAction":[{"@type":"ReadAction","target":["https:\/\/demoweb.info\/sexshop001\/producto\/pene-doble-de-silicona-turquesa\/"]}]},{"@type":"BreadcrumbList","@id":"https:\/\/demoweb.info\/sexshop001\/producto\/pene-doble-de-silicona-turquesa\/#breadcrumb","itemListElement":[{"@type":"ListItem","position":1,"name":"Portada","item":"https:\/\/demoweb.info\/sexshop001\/"},{"@type":"ListItem","position":2,"name":"Tienda","item":"https:\/\/demoweb.info\/sexshop001\/tienda\/"},{"@type":"ListItem","position":3,"name":"PENE DOBLE DE SILICONA &#8211; TURQUESA"}]},{"@type":"WebSite","@id":"https:\/\/demoweb.info\/sexshop001\/#website","url":"https:\/\/demoweb.info\/sexshop001\/","name":"Tienda Er\u00f3tica","description":"DEMOWEB SL","potentialAction":[{"@type":"SearchAction","target":{"@type":"EntryPoint","urlTemplate":"https:\/\/demoweb.info\/sexshop001\/?s={search_term_string}"},"query-input":"required name=search_term_string"}],"inLanguage":"es"}]}},"_links":{"self":[{"href":"https:\/\/demoweb.info\/sexshop001\/wp-json\/wp\/v3\/product\/64304","targetHints":{"allow":["GET"]}}],"collection":[{"href":"https:\/\/demoweb.info\/sexshop001\/wp-json\/wp\/v3\/product"}],"about":[{"href":"https:\/\/demoweb.info\/sexshop001\/wp-json\/wp\/v2\/types\/product"}],"replies":[{"embeddable":true,"href":"https:\/\/demoweb.info\/sexshop001\/wp-json\/wp\/v2\/comments?post=64304"}],"wp:featuredmedia":[{"embeddable":true,"href":"https:\/\/demoweb.info\/sexshop001\/wp-json\/wp\/v2\/media\/64305"}],"wp:attachment":[{"href":"https:\/\/demoweb.info\/sexshop001\/wp-json\/wp\/v2\/media?parent=64304"}],"wp:term":[{"taxonomy":"product_cat","embeddable":true,"href":"https:\/\/demoweb.info\/sexshop001\/wp-json\/wp\/v2\/product_cat?post=64304"},{"taxonomy":"product_tag","embeddable":true,"href":"https:\/\/demoweb.info\/sexshop001\/wp-json\/wp\/v2\/product_tag?post=64304"}],"curies":[{"name":"wp","href":"https:\/\/api.w.org\/{rel}","templated":true}]}}