{"id":64297,"date":"2022-01-22T19:14:24","date_gmt":"2022-01-22T18:14:24","guid":{"rendered":"https:\/\/demoweb.info\/sexshop001\/producto\/playful-tassels-pinzas-pezones-plata\/"},"modified":"2022-01-22T19:14:29","modified_gmt":"2022-01-22T18:14:29","slug":"playful-tassels-pinzas-pezones-plata","status":"publish","type":"product","link":"https:\/\/demoweb.info\/sexshop001\/producto\/playful-tassels-pinzas-pezones-plata\/","title":{"rendered":"PLAYFUL TASSELS PINZAS PEZONES &#8211; PLATA"},"content":{"rendered":"<p><strong>PLAYFUL TASSELS NIPPLE CLAMPS<\/strong><\/p>\n<p>Explora tu lado elegante y pervertido y supera los l\u00edmites del doloroso placer con las Abrazaderas Nipple Play Playful Tassels.<\/p>\n<p>Los fetichistas experimentados y los principiantes sonrojados pueden disfrutar del juego sensual del pez\u00f3n con este conjunto de borlas burlonas. Mientras que las suaves borlas veganas cosquillean la piel de tu amante para provocar un hormigueo en la columna vertebral, las pinzas ajustables del pez\u00f3n aumentan la intensidad con un toque.<\/p>\n<p>Las suaves almohadillas de PVC y las abrazaderas de tensi\u00f3n ajustables te permiten abrazar la delgada l\u00ednea entre el placer y el dolor para una experiencia pecaminosamente sensacional.<\/p>\n<p>Dale vida a tus sue\u00f1os er\u00f3ticos y sum\u00e9rgete en tus deseos m\u00e1s aventureros con este atractivo conjunto de borlas de pez\u00f3n.<\/p>\n<p>Longitud total: 5,75 cm<\/p>\n","protected":false},"excerpt":{"rendered":"<p>PLAYFUL TASSELS NIPPLE CLAMPS Explora tu lado elegante y pervertido y supera los l\u00edmites del doloroso placer con las Abrazaderas<\/p>\n","protected":false},"featured_media":64298,"comment_status":"open","ping_status":"open","template":"","meta":[],"product_cat":[282],"product_tag":[660,882],"class_list":["post-64297","product","type-product","status-publish","has-post-thumbnail","hentry","product_cat-pinzas-pezones","product_tag-calexotics","product_tag-nipple-play"],"bundled_by":[],"bundle_stock_status":"outofstock","bundle_stock_quantity":0,"bundle_virtual":false,"bundle_layout":"","bundle_add_to_cart_form_location":"","bundle_editable_in_cart":false,"bundle_sold_individually_context":"","bundle_item_grouping":"","bundle_min_size":"","bundle_max_size":"","bundled_items":[],"yoast_head":"<!-- This site is optimized with the Yoast SEO plugin v20.6 - https:\/\/yoast.com\/wordpress\/plugins\/seo\/ -->\n<title>PLAYFUL TASSELS PINZAS PEZONES - PLATA - Tienda Er\u00f3tica<\/title>\n<meta name=\"robots\" content=\"noindex, follow, max-snippet:-1, max-image-preview:large, max-video-preview:-1\" \/>\n<meta property=\"og:locale\" content=\"es_ES\" \/>\n<meta property=\"og:type\" content=\"article\" \/>\n<meta property=\"og:title\" content=\"PLAYFUL TASSELS PINZAS PEZONES - PLATA - Tienda Er\u00f3tica\" \/>\n<meta property=\"og:description\" content=\"PLAYFUL TASSELS NIPPLE CLAMPS Explora tu lado elegante y pervertido y supera los l\u00edmites del doloroso placer con las Abrazaderas\" \/>\n<meta property=\"og:url\" content=\"https:\/\/demoweb.info\/sexshop001\/producto\/playful-tassels-pinzas-pezones-plata\/\" \/>\n<meta property=\"og:site_name\" content=\"Tienda Er\u00f3tica\" \/>\n<meta property=\"article:modified_time\" content=\"2022-01-22T18:14:29+00:00\" \/>\n<meta property=\"og:image\" content=\"https:\/\/demoweb.info\/sexshop001\/wp-content\/uploads\/2022\/01\/PLAYFUL-TASSELS-PINZAS-PEZONES-PLATA.jpg\" \/>\n\t<meta property=\"og:image:width\" content=\"550\" \/>\n\t<meta property=\"og:image:height\" content=\"550\" \/>\n\t<meta property=\"og:image:type\" content=\"image\/jpeg\" \/>\n<meta name=\"twitter:card\" content=\"summary_large_image\" \/>\n<meta name=\"twitter:label1\" content=\"Tiempo de lectura\" \/>\n\t<meta name=\"twitter:data1\" content=\"1 minuto\" \/>\n<script type=\"application\/ld+json\" class=\"yoast-schema-graph\">{\"@context\":\"https:\/\/schema.org\",\"@graph\":[{\"@type\":\"WebPage\",\"@id\":\"https:\/\/demoweb.info\/sexshop001\/producto\/playful-tassels-pinzas-pezones-plata\/\",\"url\":\"https:\/\/demoweb.info\/sexshop001\/producto\/playful-tassels-pinzas-pezones-plata\/\",\"name\":\"PLAYFUL TASSELS PINZAS PEZONES - PLATA - Tienda Er\u00f3tica\",\"isPartOf\":{\"@id\":\"https:\/\/demoweb.info\/sexshop001\/#website\"},\"datePublished\":\"2022-01-22T18:14:24+00:00\",\"dateModified\":\"2022-01-22T18:14:29+00:00\",\"breadcrumb\":{\"@id\":\"https:\/\/demoweb.info\/sexshop001\/producto\/playful-tassels-pinzas-pezones-plata\/#breadcrumb\"},\"inLanguage\":\"es\",\"potentialAction\":[{\"@type\":\"ReadAction\",\"target\":[\"https:\/\/demoweb.info\/sexshop001\/producto\/playful-tassels-pinzas-pezones-plata\/\"]}]},{\"@type\":\"BreadcrumbList\",\"@id\":\"https:\/\/demoweb.info\/sexshop001\/producto\/playful-tassels-pinzas-pezones-plata\/#breadcrumb\",\"itemListElement\":[{\"@type\":\"ListItem\",\"position\":1,\"name\":\"Portada\",\"item\":\"https:\/\/demoweb.info\/sexshop001\/\"},{\"@type\":\"ListItem\",\"position\":2,\"name\":\"Tienda\",\"item\":\"https:\/\/demoweb.info\/sexshop001\/tienda\/\"},{\"@type\":\"ListItem\",\"position\":3,\"name\":\"PLAYFUL TASSELS PINZAS PEZONES &#8211; PLATA\"}]},{\"@type\":\"WebSite\",\"@id\":\"https:\/\/demoweb.info\/sexshop001\/#website\",\"url\":\"https:\/\/demoweb.info\/sexshop001\/\",\"name\":\"Tienda Er\u00f3tica\",\"description\":\"DEMOWEB SL\",\"potentialAction\":[{\"@type\":\"SearchAction\",\"target\":{\"@type\":\"EntryPoint\",\"urlTemplate\":\"https:\/\/demoweb.info\/sexshop001\/?s={search_term_string}\"},\"query-input\":\"required name=search_term_string\"}],\"inLanguage\":\"es\"}]}<\/script>\n<!-- \/ Yoast SEO plugin. -->","yoast_head_json":{"title":"PLAYFUL TASSELS PINZAS PEZONES - PLATA - Tienda Er\u00f3tica","robots":{"index":"noindex","follow":"follow","max-snippet":"max-snippet:-1","max-image-preview":"max-image-preview:large","max-video-preview":"max-video-preview:-1"},"og_locale":"es_ES","og_type":"article","og_title":"PLAYFUL TASSELS PINZAS PEZONES - PLATA - Tienda Er\u00f3tica","og_description":"PLAYFUL TASSELS NIPPLE CLAMPS Explora tu lado elegante y pervertido y supera los l\u00edmites del doloroso placer con las Abrazaderas","og_url":"https:\/\/demoweb.info\/sexshop001\/producto\/playful-tassels-pinzas-pezones-plata\/","og_site_name":"Tienda Er\u00f3tica","article_modified_time":"2022-01-22T18:14:29+00:00","og_image":[{"width":550,"height":550,"url":"https:\/\/demoweb.info\/sexshop001\/wp-content\/uploads\/2022\/01\/PLAYFUL-TASSELS-PINZAS-PEZONES-PLATA.jpg","type":"image\/jpeg"}],"twitter_card":"summary_large_image","twitter_misc":{"Tiempo de lectura":"1 minuto"},"schema":{"@context":"https:\/\/schema.org","@graph":[{"@type":"WebPage","@id":"https:\/\/demoweb.info\/sexshop001\/producto\/playful-tassels-pinzas-pezones-plata\/","url":"https:\/\/demoweb.info\/sexshop001\/producto\/playful-tassels-pinzas-pezones-plata\/","name":"PLAYFUL TASSELS PINZAS PEZONES - PLATA - Tienda Er\u00f3tica","isPartOf":{"@id":"https:\/\/demoweb.info\/sexshop001\/#website"},"datePublished":"2022-01-22T18:14:24+00:00","dateModified":"2022-01-22T18:14:29+00:00","breadcrumb":{"@id":"https:\/\/demoweb.info\/sexshop001\/producto\/playful-tassels-pinzas-pezones-plata\/#breadcrumb"},"inLanguage":"es","potentialAction":[{"@type":"ReadAction","target":["https:\/\/demoweb.info\/sexshop001\/producto\/playful-tassels-pinzas-pezones-plata\/"]}]},{"@type":"BreadcrumbList","@id":"https:\/\/demoweb.info\/sexshop001\/producto\/playful-tassels-pinzas-pezones-plata\/#breadcrumb","itemListElement":[{"@type":"ListItem","position":1,"name":"Portada","item":"https:\/\/demoweb.info\/sexshop001\/"},{"@type":"ListItem","position":2,"name":"Tienda","item":"https:\/\/demoweb.info\/sexshop001\/tienda\/"},{"@type":"ListItem","position":3,"name":"PLAYFUL TASSELS PINZAS PEZONES &#8211; PLATA"}]},{"@type":"WebSite","@id":"https:\/\/demoweb.info\/sexshop001\/#website","url":"https:\/\/demoweb.info\/sexshop001\/","name":"Tienda Er\u00f3tica","description":"DEMOWEB SL","potentialAction":[{"@type":"SearchAction","target":{"@type":"EntryPoint","urlTemplate":"https:\/\/demoweb.info\/sexshop001\/?s={search_term_string}"},"query-input":"required name=search_term_string"}],"inLanguage":"es"}]}},"_links":{"self":[{"href":"https:\/\/demoweb.info\/sexshop001\/wp-json\/wp\/v3\/product\/64297","targetHints":{"allow":["GET"]}}],"collection":[{"href":"https:\/\/demoweb.info\/sexshop001\/wp-json\/wp\/v3\/product"}],"about":[{"href":"https:\/\/demoweb.info\/sexshop001\/wp-json\/wp\/v2\/types\/product"}],"replies":[{"embeddable":true,"href":"https:\/\/demoweb.info\/sexshop001\/wp-json\/wp\/v2\/comments?post=64297"}],"wp:featuredmedia":[{"embeddable":true,"href":"https:\/\/demoweb.info\/sexshop001\/wp-json\/wp\/v2\/media\/64298"}],"wp:attachment":[{"href":"https:\/\/demoweb.info\/sexshop001\/wp-json\/wp\/v2\/media?parent=64297"}],"wp:term":[{"taxonomy":"product_cat","embeddable":true,"href":"https:\/\/demoweb.info\/sexshop001\/wp-json\/wp\/v2\/product_cat?post=64297"},{"taxonomy":"product_tag","embeddable":true,"href":"https:\/\/demoweb.info\/sexshop001\/wp-json\/wp\/v2\/product_tag?post=64297"}],"curies":[{"name":"wp","href":"https:\/\/api.w.org\/{rel}","templated":true}]}}