{"id":64229,"date":"2022-01-22T19:13:00","date_gmt":"2022-01-22T18:13:00","guid":{"rendered":"https:\/\/demoweb.info\/sexshop001\/producto\/tanga-de-bolas-con-bala-vibradora-recargable\/"},"modified":"2022-01-22T19:13:35","modified_gmt":"2022-01-22T18:13:35","slug":"tanga-de-bolas-con-bala-vibradora-recargable","status":"publish","type":"product","link":"https:\/\/demoweb.info\/sexshop001\/producto\/tanga-de-bolas-con-bala-vibradora-recargable\/","title":{"rendered":"TANGA DE BOLAS CON BALA VIBRADORA RECARGABLE"},"content":{"rendered":"<p><strong>RECHARGEABLE THONG WITH BEADS<\/strong><\/p>\n<p>Enam\u00f3rate de la estimulaci\u00f3n intensa con el Rechargeable Lover\u2019s Thong\u2122 With Pleasure Beads de Love Rider para parejas.<\/p>\n<p>Disfruta de los puntos dulces externos con los emocionantes abalorios, el dise\u00f1o atractivo del arn\u00e9s y el potente masajeador de 3 velocidades. La bala recargable se puede usar independientemente de las braguitas para una estimulaci\u00f3n alucinante.<\/p>\n<p>Las deslumbrantes bolas de estimulaci\u00f3n est\u00e1n dise\u00f1adas para abrazar tus curvas m\u00e1s \u00edntimas para la estimulaci\u00f3n sensacional de las parejas. Mientras que las perlas de placer te brindan una abrumadora estimulaci\u00f3n externa.<\/p>\n<p>Este arn\u00e9s el\u00e1stico abarca la comodidad y el control total con el dise\u00f1o exuberante y las correas de los muslos f\u00e1ciles de ajustar. La cintura ajustable y las correas de los muslos se ajustan a una cintura de 223.5 cm.<\/p>\n<p>Desde principiantes que se ruborizan hasta expertos en erotismo, estas braguitas amigables para el amante agregan vibraciones vers\u00e1tiles y estimulaci\u00f3n emocionante a cualquier colecci\u00f3n de juguetes.<\/p>\n<p>Recarga tu pasi\u00f3n en solo 30 minutos con el cable USB provisto para hasta 2 horas de vibraciones a prueba de agua.<\/p>\n<p>Caracter\u00edsticas:<\/p>\n<ul>\n<li>3 velocidades<\/li>\n<li>Impermeable<\/li>\n<li>Recargable con USB<\/li>\n<li>Medidas: 6,25 x 2 cm<\/li>\n<\/ul>\n","protected":false},"excerpt":{"rendered":"<p>RECHARGEABLE THONG WITH BEADS Enam\u00f3rate de la estimulaci\u00f3n intensa con el Rechargeable Lover\u2019s Thong\u2122 With Pleasure Beads de Love Rider<\/p>\n","protected":false},"featured_media":64230,"comment_status":"open","ping_status":"open","template":"","meta":[],"product_cat":[375],"product_tag":[660,1254],"class_list":["post-64229","product","type-product","status-publish","has-post-thumbnail","hentry","product_cat-con-vibrador-para-ella","product_tag-calexotics","product_tag-love-rider"],"bundled_by":[],"bundle_stock_status":"outofstock","bundle_stock_quantity":0,"bundle_virtual":false,"bundle_layout":"","bundle_add_to_cart_form_location":"","bundle_editable_in_cart":false,"bundle_sold_individually_context":"","bundle_item_grouping":"","bundle_min_size":"","bundle_max_size":"","bundled_items":[],"yoast_head":"<!-- This site is optimized with the Yoast SEO plugin v20.6 - https:\/\/yoast.com\/wordpress\/plugins\/seo\/ -->\n<title>TANGA DE BOLAS CON BALA VIBRADORA RECARGABLE - Tienda Er\u00f3tica<\/title>\n<meta name=\"robots\" content=\"noindex, follow, max-snippet:-1, max-image-preview:large, max-video-preview:-1\" \/>\n<meta property=\"og:locale\" content=\"es_ES\" \/>\n<meta property=\"og:type\" content=\"article\" \/>\n<meta property=\"og:title\" content=\"TANGA DE BOLAS CON BALA VIBRADORA RECARGABLE - Tienda Er\u00f3tica\" \/>\n<meta property=\"og:description\" content=\"RECHARGEABLE THONG WITH BEADS Enam\u00f3rate de la estimulaci\u00f3n intensa con el Rechargeable Lover\u2019s Thong\u2122 With Pleasure Beads de Love Rider\" \/>\n<meta property=\"og:url\" content=\"https:\/\/demoweb.info\/sexshop001\/producto\/tanga-de-bolas-con-bala-vibradora-recargable\/\" \/>\n<meta property=\"og:site_name\" content=\"Tienda Er\u00f3tica\" \/>\n<meta property=\"article:modified_time\" content=\"2022-01-22T18:13:35+00:00\" \/>\n<meta property=\"og:image\" content=\"https:\/\/demoweb.info\/sexshop001\/wp-content\/uploads\/2022\/01\/TANGA-DE-BOLAS-CON-BALA-VIBRADORA-RECARGABLE.jpg\" \/>\n\t<meta property=\"og:image:width\" content=\"550\" \/>\n\t<meta property=\"og:image:height\" content=\"550\" \/>\n\t<meta property=\"og:image:type\" content=\"image\/jpeg\" \/>\n<meta name=\"twitter:card\" content=\"summary_large_image\" \/>\n<meta name=\"twitter:label1\" content=\"Tiempo de lectura\" \/>\n\t<meta name=\"twitter:data1\" content=\"1 minuto\" \/>\n<script type=\"application\/ld+json\" class=\"yoast-schema-graph\">{\"@context\":\"https:\/\/schema.org\",\"@graph\":[{\"@type\":\"WebPage\",\"@id\":\"https:\/\/demoweb.info\/sexshop001\/producto\/tanga-de-bolas-con-bala-vibradora-recargable\/\",\"url\":\"https:\/\/demoweb.info\/sexshop001\/producto\/tanga-de-bolas-con-bala-vibradora-recargable\/\",\"name\":\"TANGA DE BOLAS CON BALA VIBRADORA RECARGABLE - Tienda Er\u00f3tica\",\"isPartOf\":{\"@id\":\"https:\/\/demoweb.info\/sexshop001\/#website\"},\"datePublished\":\"2022-01-22T18:13:00+00:00\",\"dateModified\":\"2022-01-22T18:13:35+00:00\",\"breadcrumb\":{\"@id\":\"https:\/\/demoweb.info\/sexshop001\/producto\/tanga-de-bolas-con-bala-vibradora-recargable\/#breadcrumb\"},\"inLanguage\":\"es\",\"potentialAction\":[{\"@type\":\"ReadAction\",\"target\":[\"https:\/\/demoweb.info\/sexshop001\/producto\/tanga-de-bolas-con-bala-vibradora-recargable\/\"]}]},{\"@type\":\"BreadcrumbList\",\"@id\":\"https:\/\/demoweb.info\/sexshop001\/producto\/tanga-de-bolas-con-bala-vibradora-recargable\/#breadcrumb\",\"itemListElement\":[{\"@type\":\"ListItem\",\"position\":1,\"name\":\"Portada\",\"item\":\"https:\/\/demoweb.info\/sexshop001\/\"},{\"@type\":\"ListItem\",\"position\":2,\"name\":\"Tienda\",\"item\":\"https:\/\/demoweb.info\/sexshop001\/tienda\/\"},{\"@type\":\"ListItem\",\"position\":3,\"name\":\"TANGA DE BOLAS CON BALA VIBRADORA RECARGABLE\"}]},{\"@type\":\"WebSite\",\"@id\":\"https:\/\/demoweb.info\/sexshop001\/#website\",\"url\":\"https:\/\/demoweb.info\/sexshop001\/\",\"name\":\"Tienda Er\u00f3tica\",\"description\":\"DEMOWEB SL\",\"potentialAction\":[{\"@type\":\"SearchAction\",\"target\":{\"@type\":\"EntryPoint\",\"urlTemplate\":\"https:\/\/demoweb.info\/sexshop001\/?s={search_term_string}\"},\"query-input\":\"required name=search_term_string\"}],\"inLanguage\":\"es\"}]}<\/script>\n<!-- \/ Yoast SEO plugin. -->","yoast_head_json":{"title":"TANGA DE BOLAS CON BALA VIBRADORA RECARGABLE - Tienda Er\u00f3tica","robots":{"index":"noindex","follow":"follow","max-snippet":"max-snippet:-1","max-image-preview":"max-image-preview:large","max-video-preview":"max-video-preview:-1"},"og_locale":"es_ES","og_type":"article","og_title":"TANGA DE BOLAS CON BALA VIBRADORA RECARGABLE - Tienda Er\u00f3tica","og_description":"RECHARGEABLE THONG WITH BEADS Enam\u00f3rate de la estimulaci\u00f3n intensa con el Rechargeable Lover\u2019s Thong\u2122 With Pleasure Beads de Love Rider","og_url":"https:\/\/demoweb.info\/sexshop001\/producto\/tanga-de-bolas-con-bala-vibradora-recargable\/","og_site_name":"Tienda Er\u00f3tica","article_modified_time":"2022-01-22T18:13:35+00:00","og_image":[{"width":550,"height":550,"url":"https:\/\/demoweb.info\/sexshop001\/wp-content\/uploads\/2022\/01\/TANGA-DE-BOLAS-CON-BALA-VIBRADORA-RECARGABLE.jpg","type":"image\/jpeg"}],"twitter_card":"summary_large_image","twitter_misc":{"Tiempo de lectura":"1 minuto"},"schema":{"@context":"https:\/\/schema.org","@graph":[{"@type":"WebPage","@id":"https:\/\/demoweb.info\/sexshop001\/producto\/tanga-de-bolas-con-bala-vibradora-recargable\/","url":"https:\/\/demoweb.info\/sexshop001\/producto\/tanga-de-bolas-con-bala-vibradora-recargable\/","name":"TANGA DE BOLAS CON BALA VIBRADORA RECARGABLE - Tienda Er\u00f3tica","isPartOf":{"@id":"https:\/\/demoweb.info\/sexshop001\/#website"},"datePublished":"2022-01-22T18:13:00+00:00","dateModified":"2022-01-22T18:13:35+00:00","breadcrumb":{"@id":"https:\/\/demoweb.info\/sexshop001\/producto\/tanga-de-bolas-con-bala-vibradora-recargable\/#breadcrumb"},"inLanguage":"es","potentialAction":[{"@type":"ReadAction","target":["https:\/\/demoweb.info\/sexshop001\/producto\/tanga-de-bolas-con-bala-vibradora-recargable\/"]}]},{"@type":"BreadcrumbList","@id":"https:\/\/demoweb.info\/sexshop001\/producto\/tanga-de-bolas-con-bala-vibradora-recargable\/#breadcrumb","itemListElement":[{"@type":"ListItem","position":1,"name":"Portada","item":"https:\/\/demoweb.info\/sexshop001\/"},{"@type":"ListItem","position":2,"name":"Tienda","item":"https:\/\/demoweb.info\/sexshop001\/tienda\/"},{"@type":"ListItem","position":3,"name":"TANGA DE BOLAS CON BALA VIBRADORA RECARGABLE"}]},{"@type":"WebSite","@id":"https:\/\/demoweb.info\/sexshop001\/#website","url":"https:\/\/demoweb.info\/sexshop001\/","name":"Tienda Er\u00f3tica","description":"DEMOWEB SL","potentialAction":[{"@type":"SearchAction","target":{"@type":"EntryPoint","urlTemplate":"https:\/\/demoweb.info\/sexshop001\/?s={search_term_string}"},"query-input":"required name=search_term_string"}],"inLanguage":"es"}]}},"_links":{"self":[{"href":"https:\/\/demoweb.info\/sexshop001\/wp-json\/wp\/v3\/product\/64229","targetHints":{"allow":["GET"]}}],"collection":[{"href":"https:\/\/demoweb.info\/sexshop001\/wp-json\/wp\/v3\/product"}],"about":[{"href":"https:\/\/demoweb.info\/sexshop001\/wp-json\/wp\/v2\/types\/product"}],"replies":[{"embeddable":true,"href":"https:\/\/demoweb.info\/sexshop001\/wp-json\/wp\/v2\/comments?post=64229"}],"wp:featuredmedia":[{"embeddable":true,"href":"https:\/\/demoweb.info\/sexshop001\/wp-json\/wp\/v2\/media\/64230"}],"wp:attachment":[{"href":"https:\/\/demoweb.info\/sexshop001\/wp-json\/wp\/v2\/media?parent=64229"}],"wp:term":[{"taxonomy":"product_cat","embeddable":true,"href":"https:\/\/demoweb.info\/sexshop001\/wp-json\/wp\/v2\/product_cat?post=64229"},{"taxonomy":"product_tag","embeddable":true,"href":"https:\/\/demoweb.info\/sexshop001\/wp-json\/wp\/v2\/product_tag?post=64229"}],"curies":[{"name":"wp","href":"https:\/\/api.w.org\/{rel}","templated":true}]}}