{"id":64189,"date":"2022-01-22T19:13:00","date_gmt":"2022-01-22T18:13:00","guid":{"rendered":"https:\/\/demoweb.info\/sexshop001\/producto\/triple-probe-plug-anal-silicona-rosa\/"},"modified":"2022-01-22T19:13:05","modified_gmt":"2022-01-22T18:13:05","slug":"triple-probe-plug-anal-silicona-rosa","status":"publish","type":"product","link":"https:\/\/demoweb.info\/sexshop001\/producto\/triple-probe-plug-anal-silicona-rosa\/","title":{"rendered":"TRIPLE PROBE PLUG ANAL SILICONA &#8211; ROSA"},"content":{"rendered":"<p><strong>SILICONE TRIPLE PROBE <\/strong><\/p>\n<p>Enchufe plegable de 3 niveles con un dise\u00f1o hueco \u00fanico para una intensa estimulaci\u00f3n de puerta trasera.<\/p>\n<p>La sonda anal de silicona proporciona placer anal emocionante desde la parte superior afilada hacia abajo del eje flexible y hueco.<\/p>\n<p>La base de la ventosa proporciona un control total sobre la estimulaci\u00f3n o se monta en una superficie plana para disfrutar de la diversi\u00f3n con manos libres.<\/p>\n<p>Perfecto tanto para principiantes como para expertos en er\u00f3tica, el eje c\u00f3nico aumenta la circunferencia para intensificar el placer.<\/p>\n<p>Caracter\u00edsticas:<\/p>\n<ul>\n<li>Di\u00e1metro: 3,25 cm<\/li>\n<li>Longitud: 14,5 cm<\/li>\n<\/ul>\n","protected":false},"excerpt":{"rendered":"<p>SILICONE TRIPLE PROBE Enchufe plegable de 3 niveles con un dise\u00f1o hueco \u00fanico para una intensa estimulaci\u00f3n de puerta trasera.<\/p>\n","protected":false},"featured_media":64190,"comment_status":"open","ping_status":"open","template":"","meta":[],"product_cat":[338],"product_tag":[956,660],"class_list":["post-64189","product","type-product","status-publish","has-post-thumbnail","hentry","product_cat-silicona-plugs","product_tag-booty-call","product_tag-calexotics"],"bundled_by":[],"bundle_stock_status":"instock","bundle_stock_quantity":1,"bundle_virtual":false,"bundle_layout":"","bundle_add_to_cart_form_location":"","bundle_editable_in_cart":false,"bundle_sold_individually_context":"","bundle_item_grouping":"","bundle_min_size":"","bundle_max_size":"","bundled_items":[],"yoast_head":"<!-- This site is optimized with the Yoast SEO plugin v20.6 - https:\/\/yoast.com\/wordpress\/plugins\/seo\/ -->\n<title>TRIPLE PROBE PLUG ANAL SILICONA - ROSA - Tienda Er\u00f3tica<\/title>\n<meta name=\"robots\" content=\"noindex, follow, max-snippet:-1, max-image-preview:large, max-video-preview:-1\" \/>\n<meta property=\"og:locale\" content=\"es_ES\" \/>\n<meta property=\"og:type\" content=\"article\" \/>\n<meta property=\"og:title\" content=\"TRIPLE PROBE PLUG ANAL SILICONA - ROSA - Tienda Er\u00f3tica\" \/>\n<meta property=\"og:description\" content=\"SILICONE TRIPLE PROBE Enchufe plegable de 3 niveles con un dise\u00f1o hueco \u00fanico para una intensa estimulaci\u00f3n de puerta trasera.\" \/>\n<meta property=\"og:url\" content=\"https:\/\/demoweb.info\/sexshop001\/producto\/triple-probe-plug-anal-silicona-rosa\/\" \/>\n<meta property=\"og:site_name\" content=\"Tienda Er\u00f3tica\" \/>\n<meta property=\"article:modified_time\" content=\"2022-01-22T18:13:05+00:00\" \/>\n<meta property=\"og:image\" content=\"https:\/\/demoweb.info\/sexshop001\/wp-content\/uploads\/2022\/01\/TRIPLE-PROBE-PLUG-ANAL-SILICONA-ROSA.jpg\" \/>\n\t<meta property=\"og:image:width\" content=\"550\" \/>\n\t<meta property=\"og:image:height\" content=\"550\" \/>\n\t<meta property=\"og:image:type\" content=\"image\/jpeg\" \/>\n<meta name=\"twitter:card\" content=\"summary_large_image\" \/>\n<script type=\"application\/ld+json\" class=\"yoast-schema-graph\">{\"@context\":\"https:\/\/schema.org\",\"@graph\":[{\"@type\":\"WebPage\",\"@id\":\"https:\/\/demoweb.info\/sexshop001\/producto\/triple-probe-plug-anal-silicona-rosa\/\",\"url\":\"https:\/\/demoweb.info\/sexshop001\/producto\/triple-probe-plug-anal-silicona-rosa\/\",\"name\":\"TRIPLE PROBE PLUG ANAL SILICONA - ROSA - Tienda Er\u00f3tica\",\"isPartOf\":{\"@id\":\"https:\/\/demoweb.info\/sexshop001\/#website\"},\"datePublished\":\"2022-01-22T18:13:00+00:00\",\"dateModified\":\"2022-01-22T18:13:05+00:00\",\"breadcrumb\":{\"@id\":\"https:\/\/demoweb.info\/sexshop001\/producto\/triple-probe-plug-anal-silicona-rosa\/#breadcrumb\"},\"inLanguage\":\"es\",\"potentialAction\":[{\"@type\":\"ReadAction\",\"target\":[\"https:\/\/demoweb.info\/sexshop001\/producto\/triple-probe-plug-anal-silicona-rosa\/\"]}]},{\"@type\":\"BreadcrumbList\",\"@id\":\"https:\/\/demoweb.info\/sexshop001\/producto\/triple-probe-plug-anal-silicona-rosa\/#breadcrumb\",\"itemListElement\":[{\"@type\":\"ListItem\",\"position\":1,\"name\":\"Portada\",\"item\":\"https:\/\/demoweb.info\/sexshop001\/\"},{\"@type\":\"ListItem\",\"position\":2,\"name\":\"Tienda\",\"item\":\"https:\/\/demoweb.info\/sexshop001\/tienda\/\"},{\"@type\":\"ListItem\",\"position\":3,\"name\":\"TRIPLE PROBE PLUG ANAL SILICONA &#8211; ROSA\"}]},{\"@type\":\"WebSite\",\"@id\":\"https:\/\/demoweb.info\/sexshop001\/#website\",\"url\":\"https:\/\/demoweb.info\/sexshop001\/\",\"name\":\"Tienda Er\u00f3tica\",\"description\":\"DEMOWEB SL\",\"potentialAction\":[{\"@type\":\"SearchAction\",\"target\":{\"@type\":\"EntryPoint\",\"urlTemplate\":\"https:\/\/demoweb.info\/sexshop001\/?s={search_term_string}\"},\"query-input\":\"required name=search_term_string\"}],\"inLanguage\":\"es\"}]}<\/script>\n<!-- \/ Yoast SEO plugin. -->","yoast_head_json":{"title":"TRIPLE PROBE PLUG ANAL SILICONA - ROSA - Tienda Er\u00f3tica","robots":{"index":"noindex","follow":"follow","max-snippet":"max-snippet:-1","max-image-preview":"max-image-preview:large","max-video-preview":"max-video-preview:-1"},"og_locale":"es_ES","og_type":"article","og_title":"TRIPLE PROBE PLUG ANAL SILICONA - ROSA - Tienda Er\u00f3tica","og_description":"SILICONE TRIPLE PROBE Enchufe plegable de 3 niveles con un dise\u00f1o hueco \u00fanico para una intensa estimulaci\u00f3n de puerta trasera.","og_url":"https:\/\/demoweb.info\/sexshop001\/producto\/triple-probe-plug-anal-silicona-rosa\/","og_site_name":"Tienda Er\u00f3tica","article_modified_time":"2022-01-22T18:13:05+00:00","og_image":[{"width":550,"height":550,"url":"https:\/\/demoweb.info\/sexshop001\/wp-content\/uploads\/2022\/01\/TRIPLE-PROBE-PLUG-ANAL-SILICONA-ROSA.jpg","type":"image\/jpeg"}],"twitter_card":"summary_large_image","schema":{"@context":"https:\/\/schema.org","@graph":[{"@type":"WebPage","@id":"https:\/\/demoweb.info\/sexshop001\/producto\/triple-probe-plug-anal-silicona-rosa\/","url":"https:\/\/demoweb.info\/sexshop001\/producto\/triple-probe-plug-anal-silicona-rosa\/","name":"TRIPLE PROBE PLUG ANAL SILICONA - ROSA - Tienda Er\u00f3tica","isPartOf":{"@id":"https:\/\/demoweb.info\/sexshop001\/#website"},"datePublished":"2022-01-22T18:13:00+00:00","dateModified":"2022-01-22T18:13:05+00:00","breadcrumb":{"@id":"https:\/\/demoweb.info\/sexshop001\/producto\/triple-probe-plug-anal-silicona-rosa\/#breadcrumb"},"inLanguage":"es","potentialAction":[{"@type":"ReadAction","target":["https:\/\/demoweb.info\/sexshop001\/producto\/triple-probe-plug-anal-silicona-rosa\/"]}]},{"@type":"BreadcrumbList","@id":"https:\/\/demoweb.info\/sexshop001\/producto\/triple-probe-plug-anal-silicona-rosa\/#breadcrumb","itemListElement":[{"@type":"ListItem","position":1,"name":"Portada","item":"https:\/\/demoweb.info\/sexshop001\/"},{"@type":"ListItem","position":2,"name":"Tienda","item":"https:\/\/demoweb.info\/sexshop001\/tienda\/"},{"@type":"ListItem","position":3,"name":"TRIPLE PROBE PLUG ANAL SILICONA &#8211; ROSA"}]},{"@type":"WebSite","@id":"https:\/\/demoweb.info\/sexshop001\/#website","url":"https:\/\/demoweb.info\/sexshop001\/","name":"Tienda Er\u00f3tica","description":"DEMOWEB SL","potentialAction":[{"@type":"SearchAction","target":{"@type":"EntryPoint","urlTemplate":"https:\/\/demoweb.info\/sexshop001\/?s={search_term_string}"},"query-input":"required name=search_term_string"}],"inLanguage":"es"}]}},"_links":{"self":[{"href":"https:\/\/demoweb.info\/sexshop001\/wp-json\/wp\/v3\/product\/64189","targetHints":{"allow":["GET"]}}],"collection":[{"href":"https:\/\/demoweb.info\/sexshop001\/wp-json\/wp\/v3\/product"}],"about":[{"href":"https:\/\/demoweb.info\/sexshop001\/wp-json\/wp\/v2\/types\/product"}],"replies":[{"embeddable":true,"href":"https:\/\/demoweb.info\/sexshop001\/wp-json\/wp\/v2\/comments?post=64189"}],"wp:featuredmedia":[{"embeddable":true,"href":"https:\/\/demoweb.info\/sexshop001\/wp-json\/wp\/v2\/media\/64190"}],"wp:attachment":[{"href":"https:\/\/demoweb.info\/sexshop001\/wp-json\/wp\/v2\/media?parent=64189"}],"wp:term":[{"taxonomy":"product_cat","embeddable":true,"href":"https:\/\/demoweb.info\/sexshop001\/wp-json\/wp\/v2\/product_cat?post=64189"},{"taxonomy":"product_tag","embeddable":true,"href":"https:\/\/demoweb.info\/sexshop001\/wp-json\/wp\/v2\/product_tag?post=64189"}],"curies":[{"name":"wp","href":"https:\/\/api.w.org\/{rel}","templated":true}]}}