{"id":64107,"date":"2022-01-22T19:12:07","date_gmt":"2022-01-22T18:12:07","guid":{"rendered":"https:\/\/demoweb.info\/sexshop001\/producto\/tickle-me-mordaza-con-bola-rosa\/"},"modified":"2022-01-22T19:12:07","modified_gmt":"2022-01-22T18:12:07","slug":"tickle-me-mordaza-con-bola-rosa","status":"publish","type":"product","link":"https:\/\/demoweb.info\/sexshop001\/producto\/tickle-me-mordaza-con-bola-rosa\/","title":{"rendered":"TICKLE ME MORDAZA CON BOLA &#8211; ROSA"},"content":{"rendered":"<p><strong>TICKLE ME PINK BALL GAG<\/strong><\/p>\n<p>Tickle Me Pink \u2122 Ball Gag es un accesorio er\u00f3tico brillante perfecto para parejas que buscan experimentar con juegos de restricci\u00f3n er\u00f3ticos o fetichistas elegantes.<\/p>\n<p>R\u00edndete a sus fantas\u00edas m\u00e1s perversas mientras aseguras la mordaza flexible y las correas de cuero veganas de dise\u00f1o.<\/p>\n<p>La pelota de mordida flexible brinda una pasi\u00f3n primordial a tu dormitorio, mientras que cada gemido amortiguado aumenta el placer e intensifica la excitaci\u00f3n para todos los involucrados.<\/p>\n<p>El juego lujoso de placer est\u00e1 a tu alcance con la lujosa bola de PU y la brillante piel sint\u00e9tic. Sum\u00e9rgete en el deseo aventurero y disfruta de tus fantas\u00edas m\u00e1s er\u00f3ticas con esta mordaza sensacionalmente c\u00f3moda.<\/p><\/p>\n","protected":false},"excerpt":{"rendered":"<p>TICKLE ME PINK BALL GAG Tickle Me Pink \u2122 Ball Gag es un accesorio er\u00f3tico brillante perfecto para parejas que<\/p>\n","protected":false},"featured_media":64108,"comment_status":"open","ping_status":"open","template":"","meta":[],"product_cat":[288],"product_tag":[660,1635],"class_list":["post-64107","product","type-product","status-publish","has-post-thumbnail","hentry","product_cat-mordazas","product_tag-calexotics","product_tag-tickle-me-pink"],"bundled_by":[],"bundle_stock_status":"instock","bundle_stock_quantity":1,"bundle_virtual":false,"bundle_layout":"","bundle_add_to_cart_form_location":"","bundle_editable_in_cart":false,"bundle_sold_individually_context":"","bundle_item_grouping":"","bundle_min_size":"","bundle_max_size":"","bundled_items":[],"yoast_head":"<!-- This site is optimized with the Yoast SEO plugin v20.6 - https:\/\/yoast.com\/wordpress\/plugins\/seo\/ -->\n<title>TICKLE ME MORDAZA CON BOLA - ROSA - Tienda Er\u00f3tica<\/title>\n<meta name=\"robots\" content=\"noindex, follow, max-snippet:-1, max-image-preview:large, max-video-preview:-1\" \/>\n<meta property=\"og:locale\" content=\"es_ES\" \/>\n<meta property=\"og:type\" content=\"article\" \/>\n<meta property=\"og:title\" content=\"TICKLE ME MORDAZA CON BOLA - ROSA - Tienda Er\u00f3tica\" \/>\n<meta property=\"og:description\" content=\"TICKLE ME PINK BALL GAG Tickle Me Pink \u2122 Ball Gag es un accesorio er\u00f3tico brillante perfecto para parejas que\" \/>\n<meta property=\"og:url\" content=\"https:\/\/demoweb.info\/sexshop001\/producto\/tickle-me-mordaza-con-bola-rosa\/\" \/>\n<meta property=\"og:site_name\" content=\"Tienda Er\u00f3tica\" \/>\n<meta property=\"og:image\" content=\"https:\/\/demoweb.info\/sexshop001\/wp-content\/uploads\/2022\/01\/TICKLE-ME-MORDAZA-CON-BOLA-ROSA.jpg\" \/>\n\t<meta property=\"og:image:width\" content=\"550\" \/>\n\t<meta property=\"og:image:height\" content=\"550\" \/>\n\t<meta property=\"og:image:type\" content=\"image\/jpeg\" \/>\n<meta name=\"twitter:card\" content=\"summary_large_image\" \/>\n<meta name=\"twitter:label1\" content=\"Tiempo de lectura\" \/>\n\t<meta name=\"twitter:data1\" content=\"1 minuto\" \/>\n<script type=\"application\/ld+json\" class=\"yoast-schema-graph\">{\"@context\":\"https:\/\/schema.org\",\"@graph\":[{\"@type\":\"WebPage\",\"@id\":\"https:\/\/demoweb.info\/sexshop001\/producto\/tickle-me-mordaza-con-bola-rosa\/\",\"url\":\"https:\/\/demoweb.info\/sexshop001\/producto\/tickle-me-mordaza-con-bola-rosa\/\",\"name\":\"TICKLE ME MORDAZA CON BOLA - ROSA - Tienda Er\u00f3tica\",\"isPartOf\":{\"@id\":\"https:\/\/demoweb.info\/sexshop001\/#website\"},\"datePublished\":\"2022-01-22T18:12:07+00:00\",\"dateModified\":\"2022-01-22T18:12:07+00:00\",\"breadcrumb\":{\"@id\":\"https:\/\/demoweb.info\/sexshop001\/producto\/tickle-me-mordaza-con-bola-rosa\/#breadcrumb\"},\"inLanguage\":\"es\",\"potentialAction\":[{\"@type\":\"ReadAction\",\"target\":[\"https:\/\/demoweb.info\/sexshop001\/producto\/tickle-me-mordaza-con-bola-rosa\/\"]}]},{\"@type\":\"BreadcrumbList\",\"@id\":\"https:\/\/demoweb.info\/sexshop001\/producto\/tickle-me-mordaza-con-bola-rosa\/#breadcrumb\",\"itemListElement\":[{\"@type\":\"ListItem\",\"position\":1,\"name\":\"Portada\",\"item\":\"https:\/\/demoweb.info\/sexshop001\/\"},{\"@type\":\"ListItem\",\"position\":2,\"name\":\"Tienda\",\"item\":\"https:\/\/demoweb.info\/sexshop001\/tienda\/\"},{\"@type\":\"ListItem\",\"position\":3,\"name\":\"TICKLE ME MORDAZA CON BOLA &#8211; ROSA\"}]},{\"@type\":\"WebSite\",\"@id\":\"https:\/\/demoweb.info\/sexshop001\/#website\",\"url\":\"https:\/\/demoweb.info\/sexshop001\/\",\"name\":\"Tienda Er\u00f3tica\",\"description\":\"DEMOWEB SL\",\"potentialAction\":[{\"@type\":\"SearchAction\",\"target\":{\"@type\":\"EntryPoint\",\"urlTemplate\":\"https:\/\/demoweb.info\/sexshop001\/?s={search_term_string}\"},\"query-input\":\"required name=search_term_string\"}],\"inLanguage\":\"es\"}]}<\/script>\n<!-- \/ Yoast SEO plugin. -->","yoast_head_json":{"title":"TICKLE ME MORDAZA CON BOLA - ROSA - Tienda Er\u00f3tica","robots":{"index":"noindex","follow":"follow","max-snippet":"max-snippet:-1","max-image-preview":"max-image-preview:large","max-video-preview":"max-video-preview:-1"},"og_locale":"es_ES","og_type":"article","og_title":"TICKLE ME MORDAZA CON BOLA - ROSA - Tienda Er\u00f3tica","og_description":"TICKLE ME PINK BALL GAG Tickle Me Pink \u2122 Ball Gag es un accesorio er\u00f3tico brillante perfecto para parejas que","og_url":"https:\/\/demoweb.info\/sexshop001\/producto\/tickle-me-mordaza-con-bola-rosa\/","og_site_name":"Tienda Er\u00f3tica","og_image":[{"width":550,"height":550,"url":"https:\/\/demoweb.info\/sexshop001\/wp-content\/uploads\/2022\/01\/TICKLE-ME-MORDAZA-CON-BOLA-ROSA.jpg","type":"image\/jpeg"}],"twitter_card":"summary_large_image","twitter_misc":{"Tiempo de lectura":"1 minuto"},"schema":{"@context":"https:\/\/schema.org","@graph":[{"@type":"WebPage","@id":"https:\/\/demoweb.info\/sexshop001\/producto\/tickle-me-mordaza-con-bola-rosa\/","url":"https:\/\/demoweb.info\/sexshop001\/producto\/tickle-me-mordaza-con-bola-rosa\/","name":"TICKLE ME MORDAZA CON BOLA - ROSA - Tienda Er\u00f3tica","isPartOf":{"@id":"https:\/\/demoweb.info\/sexshop001\/#website"},"datePublished":"2022-01-22T18:12:07+00:00","dateModified":"2022-01-22T18:12:07+00:00","breadcrumb":{"@id":"https:\/\/demoweb.info\/sexshop001\/producto\/tickle-me-mordaza-con-bola-rosa\/#breadcrumb"},"inLanguage":"es","potentialAction":[{"@type":"ReadAction","target":["https:\/\/demoweb.info\/sexshop001\/producto\/tickle-me-mordaza-con-bola-rosa\/"]}]},{"@type":"BreadcrumbList","@id":"https:\/\/demoweb.info\/sexshop001\/producto\/tickle-me-mordaza-con-bola-rosa\/#breadcrumb","itemListElement":[{"@type":"ListItem","position":1,"name":"Portada","item":"https:\/\/demoweb.info\/sexshop001\/"},{"@type":"ListItem","position":2,"name":"Tienda","item":"https:\/\/demoweb.info\/sexshop001\/tienda\/"},{"@type":"ListItem","position":3,"name":"TICKLE ME MORDAZA CON BOLA &#8211; ROSA"}]},{"@type":"WebSite","@id":"https:\/\/demoweb.info\/sexshop001\/#website","url":"https:\/\/demoweb.info\/sexshop001\/","name":"Tienda Er\u00f3tica","description":"DEMOWEB SL","potentialAction":[{"@type":"SearchAction","target":{"@type":"EntryPoint","urlTemplate":"https:\/\/demoweb.info\/sexshop001\/?s={search_term_string}"},"query-input":"required name=search_term_string"}],"inLanguage":"es"}]}},"_links":{"self":[{"href":"https:\/\/demoweb.info\/sexshop001\/wp-json\/wp\/v3\/product\/64107","targetHints":{"allow":["GET"]}}],"collection":[{"href":"https:\/\/demoweb.info\/sexshop001\/wp-json\/wp\/v3\/product"}],"about":[{"href":"https:\/\/demoweb.info\/sexshop001\/wp-json\/wp\/v2\/types\/product"}],"replies":[{"embeddable":true,"href":"https:\/\/demoweb.info\/sexshop001\/wp-json\/wp\/v2\/comments?post=64107"}],"wp:featuredmedia":[{"embeddable":true,"href":"https:\/\/demoweb.info\/sexshop001\/wp-json\/wp\/v2\/media\/64108"}],"wp:attachment":[{"href":"https:\/\/demoweb.info\/sexshop001\/wp-json\/wp\/v2\/media?parent=64107"}],"wp:term":[{"taxonomy":"product_cat","embeddable":true,"href":"https:\/\/demoweb.info\/sexshop001\/wp-json\/wp\/v2\/product_cat?post=64107"},{"taxonomy":"product_tag","embeddable":true,"href":"https:\/\/demoweb.info\/sexshop001\/wp-json\/wp\/v2\/product_tag?post=64107"}],"curies":[{"name":"wp","href":"https:\/\/api.w.org\/{rel}","templated":true}]}}