{"id":64102,"date":"2022-01-22T19:11:27","date_gmt":"2022-01-22T18:11:27","guid":{"rendered":"https:\/\/demoweb.info\/sexshop001\/producto\/tickle-me-esposas-universales-rosa\/"},"modified":"2022-01-22T19:12:02","modified_gmt":"2022-01-22T18:12:02","slug":"tickle-me-esposas-universales-rosa","status":"publish","type":"product","link":"https:\/\/demoweb.info\/sexshop001\/producto\/tickle-me-esposas-universales-rosa\/","title":{"rendered":"TICKLE ME ESPOSAS UNIVERSALES &#8211; ROSA"},"content":{"rendered":"<p><strong>TICKLE ME PINK UNIVERSAL CUFFS<\/strong><\/p>\n<p>Deja que tu amante tome la iniciativa y disfruta de un placer sensacionalmente mejorado con los pu\u00f1os universales Tickle Me Pink.<\/p>\n<p>Estas esposas vers\u00e1tiles son ideales para los amantes experimentados de la moderaci\u00f3n, los principiantes o las parejas que se ruborizan y desean experimentar con el deslumbrante juego de bondage.<\/p>\n<p>D\u00e9jate llevar por el \u00e9xtasis puro al deslizar estos pu\u00f1os de cuero vegano rosa brillante. Explora las infinitas posibilidades de sujeci\u00f3n con correas de velcro ajustables y dos cierres universales. Coloca los pu\u00f1os vers\u00e1tiles entre s\u00ed o alrededor de los postes de la cama para ceder el control total a tu amante y aumentar el placer.<\/p>\n<p>Nuestros pu\u00f1os de mando est\u00e1n hechos de cuero vegano de color rosa brillante con broches universales y anillos de aleaci\u00f3n de zinc sin n\u00edquel. Para asegurarte de que disfrutas de tus juguetes de sujeci\u00f3n durante el mayor tiempo posible, l\u00e1valos a mano con agua tibia despu\u00e9s del uso y cu\u00e9lgalos para que se sequen. Almacenar en un lugar fresco y seco<\/p>\n","protected":false},"excerpt":{"rendered":"<p>TICKLE ME PINK UNIVERSAL CUFFS Deja que tu amante tome la iniciativa y disfruta de un placer sensacionalmente mejorado con<\/p>\n","protected":false},"featured_media":64103,"comment_status":"open","ping_status":"open","template":"","meta":[],"product_cat":[508],"product_tag":[660,1635],"class_list":["post-64102","product","type-product","status-publish","has-post-thumbnail","hentry","product_cat-cuero","product_tag-calexotics","product_tag-tickle-me-pink"],"bundled_by":[],"bundle_stock_status":"instock","bundle_stock_quantity":2,"bundle_virtual":false,"bundle_layout":"","bundle_add_to_cart_form_location":"","bundle_editable_in_cart":false,"bundle_sold_individually_context":"","bundle_item_grouping":"","bundle_min_size":"","bundle_max_size":"","bundled_items":[],"yoast_head":"<!-- This site is optimized with the Yoast SEO plugin v20.6 - https:\/\/yoast.com\/wordpress\/plugins\/seo\/ -->\n<title>TICKLE ME ESPOSAS UNIVERSALES - ROSA - Tienda Er\u00f3tica<\/title>\n<meta name=\"robots\" content=\"noindex, follow, max-snippet:-1, max-image-preview:large, max-video-preview:-1\" \/>\n<meta property=\"og:locale\" content=\"es_ES\" \/>\n<meta property=\"og:type\" content=\"article\" \/>\n<meta property=\"og:title\" content=\"TICKLE ME ESPOSAS UNIVERSALES - ROSA - Tienda Er\u00f3tica\" \/>\n<meta property=\"og:description\" content=\"TICKLE ME PINK UNIVERSAL CUFFS Deja que tu amante tome la iniciativa y disfruta de un placer sensacionalmente mejorado con\" \/>\n<meta property=\"og:url\" content=\"https:\/\/demoweb.info\/sexshop001\/producto\/tickle-me-esposas-universales-rosa\/\" \/>\n<meta property=\"og:site_name\" content=\"Tienda Er\u00f3tica\" \/>\n<meta property=\"article:modified_time\" content=\"2022-01-22T18:12:02+00:00\" \/>\n<meta property=\"og:image\" content=\"https:\/\/demoweb.info\/sexshop001\/wp-content\/uploads\/2022\/01\/TICKLE-ME-ESPOSAS-UNIVERSALES-ROSA.jpg\" \/>\n\t<meta property=\"og:image:width\" content=\"550\" \/>\n\t<meta property=\"og:image:height\" content=\"550\" \/>\n\t<meta property=\"og:image:type\" content=\"image\/jpeg\" \/>\n<meta name=\"twitter:card\" content=\"summary_large_image\" \/>\n<meta name=\"twitter:label1\" content=\"Tiempo de lectura\" \/>\n\t<meta name=\"twitter:data1\" content=\"1 minuto\" \/>\n<script type=\"application\/ld+json\" class=\"yoast-schema-graph\">{\"@context\":\"https:\/\/schema.org\",\"@graph\":[{\"@type\":\"WebPage\",\"@id\":\"https:\/\/demoweb.info\/sexshop001\/producto\/tickle-me-esposas-universales-rosa\/\",\"url\":\"https:\/\/demoweb.info\/sexshop001\/producto\/tickle-me-esposas-universales-rosa\/\",\"name\":\"TICKLE ME ESPOSAS UNIVERSALES - ROSA - Tienda Er\u00f3tica\",\"isPartOf\":{\"@id\":\"https:\/\/demoweb.info\/sexshop001\/#website\"},\"datePublished\":\"2022-01-22T18:11:27+00:00\",\"dateModified\":\"2022-01-22T18:12:02+00:00\",\"breadcrumb\":{\"@id\":\"https:\/\/demoweb.info\/sexshop001\/producto\/tickle-me-esposas-universales-rosa\/#breadcrumb\"},\"inLanguage\":\"es\",\"potentialAction\":[{\"@type\":\"ReadAction\",\"target\":[\"https:\/\/demoweb.info\/sexshop001\/producto\/tickle-me-esposas-universales-rosa\/\"]}]},{\"@type\":\"BreadcrumbList\",\"@id\":\"https:\/\/demoweb.info\/sexshop001\/producto\/tickle-me-esposas-universales-rosa\/#breadcrumb\",\"itemListElement\":[{\"@type\":\"ListItem\",\"position\":1,\"name\":\"Portada\",\"item\":\"https:\/\/demoweb.info\/sexshop001\/\"},{\"@type\":\"ListItem\",\"position\":2,\"name\":\"Tienda\",\"item\":\"https:\/\/demoweb.info\/sexshop001\/tienda\/\"},{\"@type\":\"ListItem\",\"position\":3,\"name\":\"TICKLE ME ESPOSAS UNIVERSALES &#8211; ROSA\"}]},{\"@type\":\"WebSite\",\"@id\":\"https:\/\/demoweb.info\/sexshop001\/#website\",\"url\":\"https:\/\/demoweb.info\/sexshop001\/\",\"name\":\"Tienda Er\u00f3tica\",\"description\":\"DEMOWEB SL\",\"potentialAction\":[{\"@type\":\"SearchAction\",\"target\":{\"@type\":\"EntryPoint\",\"urlTemplate\":\"https:\/\/demoweb.info\/sexshop001\/?s={search_term_string}\"},\"query-input\":\"required name=search_term_string\"}],\"inLanguage\":\"es\"}]}<\/script>\n<!-- \/ Yoast SEO plugin. -->","yoast_head_json":{"title":"TICKLE ME ESPOSAS UNIVERSALES - ROSA - Tienda Er\u00f3tica","robots":{"index":"noindex","follow":"follow","max-snippet":"max-snippet:-1","max-image-preview":"max-image-preview:large","max-video-preview":"max-video-preview:-1"},"og_locale":"es_ES","og_type":"article","og_title":"TICKLE ME ESPOSAS UNIVERSALES - ROSA - Tienda Er\u00f3tica","og_description":"TICKLE ME PINK UNIVERSAL CUFFS Deja que tu amante tome la iniciativa y disfruta de un placer sensacionalmente mejorado con","og_url":"https:\/\/demoweb.info\/sexshop001\/producto\/tickle-me-esposas-universales-rosa\/","og_site_name":"Tienda Er\u00f3tica","article_modified_time":"2022-01-22T18:12:02+00:00","og_image":[{"width":550,"height":550,"url":"https:\/\/demoweb.info\/sexshop001\/wp-content\/uploads\/2022\/01\/TICKLE-ME-ESPOSAS-UNIVERSALES-ROSA.jpg","type":"image\/jpeg"}],"twitter_card":"summary_large_image","twitter_misc":{"Tiempo de lectura":"1 minuto"},"schema":{"@context":"https:\/\/schema.org","@graph":[{"@type":"WebPage","@id":"https:\/\/demoweb.info\/sexshop001\/producto\/tickle-me-esposas-universales-rosa\/","url":"https:\/\/demoweb.info\/sexshop001\/producto\/tickle-me-esposas-universales-rosa\/","name":"TICKLE ME ESPOSAS UNIVERSALES - ROSA - Tienda Er\u00f3tica","isPartOf":{"@id":"https:\/\/demoweb.info\/sexshop001\/#website"},"datePublished":"2022-01-22T18:11:27+00:00","dateModified":"2022-01-22T18:12:02+00:00","breadcrumb":{"@id":"https:\/\/demoweb.info\/sexshop001\/producto\/tickle-me-esposas-universales-rosa\/#breadcrumb"},"inLanguage":"es","potentialAction":[{"@type":"ReadAction","target":["https:\/\/demoweb.info\/sexshop001\/producto\/tickle-me-esposas-universales-rosa\/"]}]},{"@type":"BreadcrumbList","@id":"https:\/\/demoweb.info\/sexshop001\/producto\/tickle-me-esposas-universales-rosa\/#breadcrumb","itemListElement":[{"@type":"ListItem","position":1,"name":"Portada","item":"https:\/\/demoweb.info\/sexshop001\/"},{"@type":"ListItem","position":2,"name":"Tienda","item":"https:\/\/demoweb.info\/sexshop001\/tienda\/"},{"@type":"ListItem","position":3,"name":"TICKLE ME ESPOSAS UNIVERSALES &#8211; ROSA"}]},{"@type":"WebSite","@id":"https:\/\/demoweb.info\/sexshop001\/#website","url":"https:\/\/demoweb.info\/sexshop001\/","name":"Tienda Er\u00f3tica","description":"DEMOWEB SL","potentialAction":[{"@type":"SearchAction","target":{"@type":"EntryPoint","urlTemplate":"https:\/\/demoweb.info\/sexshop001\/?s={search_term_string}"},"query-input":"required name=search_term_string"}],"inLanguage":"es"}]}},"_links":{"self":[{"href":"https:\/\/demoweb.info\/sexshop001\/wp-json\/wp\/v3\/product\/64102","targetHints":{"allow":["GET"]}}],"collection":[{"href":"https:\/\/demoweb.info\/sexshop001\/wp-json\/wp\/v3\/product"}],"about":[{"href":"https:\/\/demoweb.info\/sexshop001\/wp-json\/wp\/v2\/types\/product"}],"replies":[{"embeddable":true,"href":"https:\/\/demoweb.info\/sexshop001\/wp-json\/wp\/v2\/comments?post=64102"}],"wp:featuredmedia":[{"embeddable":true,"href":"https:\/\/demoweb.info\/sexshop001\/wp-json\/wp\/v2\/media\/64103"}],"wp:attachment":[{"href":"https:\/\/demoweb.info\/sexshop001\/wp-json\/wp\/v2\/media?parent=64102"}],"wp:term":[{"taxonomy":"product_cat","embeddable":true,"href":"https:\/\/demoweb.info\/sexshop001\/wp-json\/wp\/v2\/product_cat?post=64102"},{"taxonomy":"product_tag","embeddable":true,"href":"https:\/\/demoweb.info\/sexshop001\/wp-json\/wp\/v2\/product_tag?post=64102"}],"curies":[{"name":"wp","href":"https:\/\/api.w.org\/{rel}","templated":true}]}}