{"id":64054,"date":"2022-01-22T19:11:27","date_gmt":"2022-01-22T18:11:27","guid":{"rendered":"https:\/\/demoweb.info\/sexshop001\/producto\/delight-triple-orgasm-morado\/"},"modified":"2022-01-22T19:11:27","modified_gmt":"2022-01-22T18:11:27","slug":"delight-triple-orgasm-morado","status":"publish","type":"product","link":"https:\/\/demoweb.info\/sexshop001\/producto\/delight-triple-orgasm-morado\/","title":{"rendered":"DELIGHT TRIPLE ORGASM &#8211; MORADO"},"content":{"rendered":"<p><strong>DELIGHT TRIPLE ORGASM <\/strong><\/p>\n<p>Para los buscadores de placer m\u00e1s atrevidos, el vibrador Delight Triple Orgasm fue creado para ofrecer estimulaci\u00f3n emocionante desde todos los \u00e1ngulos er\u00f3ticos.<\/p>\n<p>El poderoso conejo tiene 3 potentes motores de vibraci\u00f3n para enviar una estimulaci\u00f3n de hormigueo en la columna vertebral a trav\u00e9s del eje, el enigma de conejo y el cosquilleo de la cola.<\/p>\n<p>Disfruta de una experiencia de placer personalizable con 3 intensas velocidades de vibraci\u00f3n y 3 retumbantes velocidades de rotaci\u00f3n del eje.<\/p>\n<p>Salpica en la ducha, el jacuzzi o el ba\u00f1o con un masajeador impermeable sensacionalmente potente.<\/p>\n<p>Tres motores de vibraci\u00f3n que sacuden las rodillas brindan vibraciones emocionantes a lo largo de las orejas de conejo, la cola de cosquilleo y eje giratorio. La punta flexible y la sonda anal en forma de cola se pueden usar independientemente de las funciones de rotaci\u00f3n del eje.<\/p>\n<p>Las cinco filas de cuentas que no se atascan brindan un profundo estruendo y emocionan los puntos dulces internos para enviarte en espiral hacia el \u00e9xtasis org\u00e1smico.<\/p>\n<p>Utiliza el teclado de f\u00e1cil toque para controlar de forma independiente la gran cantidad de opciones de placer.<\/p>\n<p>Caracter\u00edsticas:<\/p>\n<ul>\n<li>Longitud:\n<ul>\n<li>Estimulador conejito: 6,25 cm<\/li>\n<li>Estimualdor cola: 12,75 cm<\/li>\n<li>Vibrador: 12 cm<\/li>\n<\/ul>\n<\/li>\n<li>Di\u00e1metro vibrador: 3,75 cm<\/li>\n<li>Funciona con 3 pilas AA, no incluidas.<\/li>\n<\/ul>\n","protected":false},"excerpt":{"rendered":"<p>DELIGHT TRIPLE ORGASM Para los buscadores de placer m\u00e1s atrevidos, el vibrador Delight Triple Orgasm fue creado para ofrecer estimulaci\u00f3n<\/p>\n","protected":false},"featured_media":64055,"comment_status":"open","ping_status":"open","template":"","meta":[],"product_cat":[1038],"product_tag":[660,986],"class_list":["post-64054","product","type-product","status-publish","has-post-thumbnail","hentry","product_cat-triple-estimulacion","product_tag-calexotics","product_tag-personality-vibes"],"bundled_by":[],"bundle_stock_status":"outofstock","bundle_stock_quantity":0,"bundle_virtual":false,"bundle_layout":"","bundle_add_to_cart_form_location":"","bundle_editable_in_cart":false,"bundle_sold_individually_context":"","bundle_item_grouping":"","bundle_min_size":"","bundle_max_size":"","bundled_items":[],"yoast_head":"<!-- This site is optimized with the Yoast SEO plugin v20.6 - https:\/\/yoast.com\/wordpress\/plugins\/seo\/ -->\n<title>DELIGHT TRIPLE ORGASM - MORADO - Tienda Er\u00f3tica<\/title>\n<meta name=\"robots\" content=\"noindex, follow, max-snippet:-1, max-image-preview:large, max-video-preview:-1\" \/>\n<meta property=\"og:locale\" content=\"es_ES\" \/>\n<meta property=\"og:type\" content=\"article\" \/>\n<meta property=\"og:title\" content=\"DELIGHT TRIPLE ORGASM - MORADO - Tienda Er\u00f3tica\" \/>\n<meta property=\"og:description\" content=\"DELIGHT TRIPLE ORGASM Para los buscadores de placer m\u00e1s atrevidos, el vibrador Delight Triple Orgasm fue creado para ofrecer estimulaci\u00f3n\" \/>\n<meta property=\"og:url\" content=\"https:\/\/demoweb.info\/sexshop001\/producto\/delight-triple-orgasm-morado\/\" \/>\n<meta property=\"og:site_name\" content=\"Tienda Er\u00f3tica\" \/>\n<meta property=\"og:image\" content=\"https:\/\/demoweb.info\/sexshop001\/wp-content\/uploads\/2022\/01\/DELIGHT-TRIPLE-ORGASM-MORADO.jpg\" \/>\n\t<meta property=\"og:image:width\" content=\"550\" \/>\n\t<meta property=\"og:image:height\" content=\"550\" \/>\n\t<meta property=\"og:image:type\" content=\"image\/jpeg\" \/>\n<meta name=\"twitter:card\" content=\"summary_large_image\" \/>\n<meta name=\"twitter:label1\" content=\"Tiempo de lectura\" \/>\n\t<meta name=\"twitter:data1\" content=\"1 minuto\" \/>\n<script type=\"application\/ld+json\" class=\"yoast-schema-graph\">{\"@context\":\"https:\/\/schema.org\",\"@graph\":[{\"@type\":\"WebPage\",\"@id\":\"https:\/\/demoweb.info\/sexshop001\/producto\/delight-triple-orgasm-morado\/\",\"url\":\"https:\/\/demoweb.info\/sexshop001\/producto\/delight-triple-orgasm-morado\/\",\"name\":\"DELIGHT TRIPLE ORGASM - MORADO - Tienda Er\u00f3tica\",\"isPartOf\":{\"@id\":\"https:\/\/demoweb.info\/sexshop001\/#website\"},\"datePublished\":\"2022-01-22T18:11:27+00:00\",\"dateModified\":\"2022-01-22T18:11:27+00:00\",\"breadcrumb\":{\"@id\":\"https:\/\/demoweb.info\/sexshop001\/producto\/delight-triple-orgasm-morado\/#breadcrumb\"},\"inLanguage\":\"es\",\"potentialAction\":[{\"@type\":\"ReadAction\",\"target\":[\"https:\/\/demoweb.info\/sexshop001\/producto\/delight-triple-orgasm-morado\/\"]}]},{\"@type\":\"BreadcrumbList\",\"@id\":\"https:\/\/demoweb.info\/sexshop001\/producto\/delight-triple-orgasm-morado\/#breadcrumb\",\"itemListElement\":[{\"@type\":\"ListItem\",\"position\":1,\"name\":\"Portada\",\"item\":\"https:\/\/demoweb.info\/sexshop001\/\"},{\"@type\":\"ListItem\",\"position\":2,\"name\":\"Tienda\",\"item\":\"https:\/\/demoweb.info\/sexshop001\/tienda\/\"},{\"@type\":\"ListItem\",\"position\":3,\"name\":\"DELIGHT TRIPLE ORGASM &#8211; MORADO\"}]},{\"@type\":\"WebSite\",\"@id\":\"https:\/\/demoweb.info\/sexshop001\/#website\",\"url\":\"https:\/\/demoweb.info\/sexshop001\/\",\"name\":\"Tienda Er\u00f3tica\",\"description\":\"DEMOWEB SL\",\"potentialAction\":[{\"@type\":\"SearchAction\",\"target\":{\"@type\":\"EntryPoint\",\"urlTemplate\":\"https:\/\/demoweb.info\/sexshop001\/?s={search_term_string}\"},\"query-input\":\"required name=search_term_string\"}],\"inLanguage\":\"es\"}]}<\/script>\n<!-- \/ Yoast SEO plugin. -->","yoast_head_json":{"title":"DELIGHT TRIPLE ORGASM - MORADO - Tienda Er\u00f3tica","robots":{"index":"noindex","follow":"follow","max-snippet":"max-snippet:-1","max-image-preview":"max-image-preview:large","max-video-preview":"max-video-preview:-1"},"og_locale":"es_ES","og_type":"article","og_title":"DELIGHT TRIPLE ORGASM - MORADO - Tienda Er\u00f3tica","og_description":"DELIGHT TRIPLE ORGASM Para los buscadores de placer m\u00e1s atrevidos, el vibrador Delight Triple Orgasm fue creado para ofrecer estimulaci\u00f3n","og_url":"https:\/\/demoweb.info\/sexshop001\/producto\/delight-triple-orgasm-morado\/","og_site_name":"Tienda Er\u00f3tica","og_image":[{"width":550,"height":550,"url":"https:\/\/demoweb.info\/sexshop001\/wp-content\/uploads\/2022\/01\/DELIGHT-TRIPLE-ORGASM-MORADO.jpg","type":"image\/jpeg"}],"twitter_card":"summary_large_image","twitter_misc":{"Tiempo de lectura":"1 minuto"},"schema":{"@context":"https:\/\/schema.org","@graph":[{"@type":"WebPage","@id":"https:\/\/demoweb.info\/sexshop001\/producto\/delight-triple-orgasm-morado\/","url":"https:\/\/demoweb.info\/sexshop001\/producto\/delight-triple-orgasm-morado\/","name":"DELIGHT TRIPLE ORGASM - MORADO - Tienda Er\u00f3tica","isPartOf":{"@id":"https:\/\/demoweb.info\/sexshop001\/#website"},"datePublished":"2022-01-22T18:11:27+00:00","dateModified":"2022-01-22T18:11:27+00:00","breadcrumb":{"@id":"https:\/\/demoweb.info\/sexshop001\/producto\/delight-triple-orgasm-morado\/#breadcrumb"},"inLanguage":"es","potentialAction":[{"@type":"ReadAction","target":["https:\/\/demoweb.info\/sexshop001\/producto\/delight-triple-orgasm-morado\/"]}]},{"@type":"BreadcrumbList","@id":"https:\/\/demoweb.info\/sexshop001\/producto\/delight-triple-orgasm-morado\/#breadcrumb","itemListElement":[{"@type":"ListItem","position":1,"name":"Portada","item":"https:\/\/demoweb.info\/sexshop001\/"},{"@type":"ListItem","position":2,"name":"Tienda","item":"https:\/\/demoweb.info\/sexshop001\/tienda\/"},{"@type":"ListItem","position":3,"name":"DELIGHT TRIPLE ORGASM &#8211; MORADO"}]},{"@type":"WebSite","@id":"https:\/\/demoweb.info\/sexshop001\/#website","url":"https:\/\/demoweb.info\/sexshop001\/","name":"Tienda Er\u00f3tica","description":"DEMOWEB SL","potentialAction":[{"@type":"SearchAction","target":{"@type":"EntryPoint","urlTemplate":"https:\/\/demoweb.info\/sexshop001\/?s={search_term_string}"},"query-input":"required name=search_term_string"}],"inLanguage":"es"}]}},"_links":{"self":[{"href":"https:\/\/demoweb.info\/sexshop001\/wp-json\/wp\/v3\/product\/64054","targetHints":{"allow":["GET"]}}],"collection":[{"href":"https:\/\/demoweb.info\/sexshop001\/wp-json\/wp\/v3\/product"}],"about":[{"href":"https:\/\/demoweb.info\/sexshop001\/wp-json\/wp\/v2\/types\/product"}],"replies":[{"embeddable":true,"href":"https:\/\/demoweb.info\/sexshop001\/wp-json\/wp\/v2\/comments?post=64054"}],"wp:featuredmedia":[{"embeddable":true,"href":"https:\/\/demoweb.info\/sexshop001\/wp-json\/wp\/v2\/media\/64055"}],"wp:attachment":[{"href":"https:\/\/demoweb.info\/sexshop001\/wp-json\/wp\/v2\/media?parent=64054"}],"wp:term":[{"taxonomy":"product_cat","embeddable":true,"href":"https:\/\/demoweb.info\/sexshop001\/wp-json\/wp\/v2\/product_cat?post=64054"},{"taxonomy":"product_tag","embeddable":true,"href":"https:\/\/demoweb.info\/sexshop001\/wp-json\/wp\/v2\/product_tag?post=64054"}],"curies":[{"name":"wp","href":"https:\/\/api.w.org\/{rel}","templated":true}]}}