{"id":64031,"date":"2022-01-22T19:10:50","date_gmt":"2022-01-22T18:10:50","guid":{"rendered":"https:\/\/demoweb.info\/sexshop001\/producto\/the-weekender-tin-can-mango-tropical\/"},"modified":"2022-01-22T19:11:10","modified_gmt":"2022-01-22T18:11:10","slug":"the-weekender-tin-can-mango-tropical","status":"publish","type":"product","link":"https:\/\/demoweb.info\/sexshop001\/producto\/the-weekender-tin-can-mango-tropical\/","title":{"rendered":"THE WEEKENDER TIN CAN MANGO TROPICAL"},"content":{"rendered":"<p><strong>THE WEEKENDER TIN CAN<\/strong><\/p>\n<p>Kit ideal para parejas.<\/p>\n<p>Prep\u00e1rate para el romance espont\u00e1neo con estos peque\u00f1os lujos sensuales de Kama Sutra.<\/p>\n<p>Las porciones perfectas caben c\u00f3modamente en un bolsillo, equipaje, bolso o maleta para un fin de semana.<\/p>\n<p>Descubre todos los aromas y elige tu favorito.<\/p><\/p>\n","protected":false},"excerpt":{"rendered":"<p>THE WEEKENDER TIN CAN Kit ideal para parejas. Prep\u00e1rate para el romance espont\u00e1neo con estos peque\u00f1os lujos sensuales de Kama<\/p>\n","protected":false},"featured_media":64032,"comment_status":"open","ping_status":"open","template":"","meta":[],"product_cat":[519],"product_tag":[906,1634],"class_list":["post-64031","product","type-product","status-publish","has-post-thumbnail","hentry","product_cat-parejas","product_tag-kamasutra","product_tag-weekender-kit"],"bundled_by":[],"bundle_stock_status":"outofstock","bundle_stock_quantity":0,"bundle_virtual":false,"bundle_layout":"","bundle_add_to_cart_form_location":"","bundle_editable_in_cart":false,"bundle_sold_individually_context":"","bundle_item_grouping":"","bundle_min_size":"","bundle_max_size":"","bundled_items":[],"yoast_head":"<!-- This site is optimized with the Yoast SEO plugin v20.6 - https:\/\/yoast.com\/wordpress\/plugins\/seo\/ -->\n<title>THE WEEKENDER TIN CAN MANGO TROPICAL - Tienda Er\u00f3tica<\/title>\n<meta name=\"robots\" content=\"noindex, follow, max-snippet:-1, max-image-preview:large, max-video-preview:-1\" \/>\n<meta property=\"og:locale\" content=\"es_ES\" \/>\n<meta property=\"og:type\" content=\"article\" \/>\n<meta property=\"og:title\" content=\"THE WEEKENDER TIN CAN MANGO TROPICAL - Tienda Er\u00f3tica\" \/>\n<meta property=\"og:description\" content=\"THE WEEKENDER TIN CAN Kit ideal para parejas. Prep\u00e1rate para el romance espont\u00e1neo con estos peque\u00f1os lujos sensuales de Kama\" \/>\n<meta property=\"og:url\" content=\"https:\/\/demoweb.info\/sexshop001\/producto\/the-weekender-tin-can-mango-tropical\/\" \/>\n<meta property=\"og:site_name\" content=\"Tienda Er\u00f3tica\" \/>\n<meta property=\"article:modified_time\" content=\"2022-01-22T18:11:10+00:00\" \/>\n<meta property=\"og:image\" content=\"https:\/\/demoweb.info\/sexshop001\/wp-content\/uploads\/2022\/01\/THE-WEEKENDER-TIN-CAN-MANGO-TROPICAL.jpg\" \/>\n\t<meta property=\"og:image:width\" content=\"550\" \/>\n\t<meta property=\"og:image:height\" content=\"550\" \/>\n\t<meta property=\"og:image:type\" content=\"image\/jpeg\" \/>\n<meta name=\"twitter:card\" content=\"summary_large_image\" \/>\n<script type=\"application\/ld+json\" class=\"yoast-schema-graph\">{\"@context\":\"https:\/\/schema.org\",\"@graph\":[{\"@type\":\"WebPage\",\"@id\":\"https:\/\/demoweb.info\/sexshop001\/producto\/the-weekender-tin-can-mango-tropical\/\",\"url\":\"https:\/\/demoweb.info\/sexshop001\/producto\/the-weekender-tin-can-mango-tropical\/\",\"name\":\"THE WEEKENDER TIN CAN MANGO TROPICAL - Tienda Er\u00f3tica\",\"isPartOf\":{\"@id\":\"https:\/\/demoweb.info\/sexshop001\/#website\"},\"datePublished\":\"2022-01-22T18:10:50+00:00\",\"dateModified\":\"2022-01-22T18:11:10+00:00\",\"breadcrumb\":{\"@id\":\"https:\/\/demoweb.info\/sexshop001\/producto\/the-weekender-tin-can-mango-tropical\/#breadcrumb\"},\"inLanguage\":\"es\",\"potentialAction\":[{\"@type\":\"ReadAction\",\"target\":[\"https:\/\/demoweb.info\/sexshop001\/producto\/the-weekender-tin-can-mango-tropical\/\"]}]},{\"@type\":\"BreadcrumbList\",\"@id\":\"https:\/\/demoweb.info\/sexshop001\/producto\/the-weekender-tin-can-mango-tropical\/#breadcrumb\",\"itemListElement\":[{\"@type\":\"ListItem\",\"position\":1,\"name\":\"Portada\",\"item\":\"https:\/\/demoweb.info\/sexshop001\/\"},{\"@type\":\"ListItem\",\"position\":2,\"name\":\"Tienda\",\"item\":\"https:\/\/demoweb.info\/sexshop001\/tienda\/\"},{\"@type\":\"ListItem\",\"position\":3,\"name\":\"THE WEEKENDER TIN CAN MANGO TROPICAL\"}]},{\"@type\":\"WebSite\",\"@id\":\"https:\/\/demoweb.info\/sexshop001\/#website\",\"url\":\"https:\/\/demoweb.info\/sexshop001\/\",\"name\":\"Tienda Er\u00f3tica\",\"description\":\"DEMOWEB SL\",\"potentialAction\":[{\"@type\":\"SearchAction\",\"target\":{\"@type\":\"EntryPoint\",\"urlTemplate\":\"https:\/\/demoweb.info\/sexshop001\/?s={search_term_string}\"},\"query-input\":\"required name=search_term_string\"}],\"inLanguage\":\"es\"}]}<\/script>\n<!-- \/ Yoast SEO plugin. -->","yoast_head_json":{"title":"THE WEEKENDER TIN CAN MANGO TROPICAL - Tienda Er\u00f3tica","robots":{"index":"noindex","follow":"follow","max-snippet":"max-snippet:-1","max-image-preview":"max-image-preview:large","max-video-preview":"max-video-preview:-1"},"og_locale":"es_ES","og_type":"article","og_title":"THE WEEKENDER TIN CAN MANGO TROPICAL - Tienda Er\u00f3tica","og_description":"THE WEEKENDER TIN CAN Kit ideal para parejas. Prep\u00e1rate para el romance espont\u00e1neo con estos peque\u00f1os lujos sensuales de Kama","og_url":"https:\/\/demoweb.info\/sexshop001\/producto\/the-weekender-tin-can-mango-tropical\/","og_site_name":"Tienda Er\u00f3tica","article_modified_time":"2022-01-22T18:11:10+00:00","og_image":[{"width":550,"height":550,"url":"https:\/\/demoweb.info\/sexshop001\/wp-content\/uploads\/2022\/01\/THE-WEEKENDER-TIN-CAN-MANGO-TROPICAL.jpg","type":"image\/jpeg"}],"twitter_card":"summary_large_image","schema":{"@context":"https:\/\/schema.org","@graph":[{"@type":"WebPage","@id":"https:\/\/demoweb.info\/sexshop001\/producto\/the-weekender-tin-can-mango-tropical\/","url":"https:\/\/demoweb.info\/sexshop001\/producto\/the-weekender-tin-can-mango-tropical\/","name":"THE WEEKENDER TIN CAN MANGO TROPICAL - Tienda Er\u00f3tica","isPartOf":{"@id":"https:\/\/demoweb.info\/sexshop001\/#website"},"datePublished":"2022-01-22T18:10:50+00:00","dateModified":"2022-01-22T18:11:10+00:00","breadcrumb":{"@id":"https:\/\/demoweb.info\/sexshop001\/producto\/the-weekender-tin-can-mango-tropical\/#breadcrumb"},"inLanguage":"es","potentialAction":[{"@type":"ReadAction","target":["https:\/\/demoweb.info\/sexshop001\/producto\/the-weekender-tin-can-mango-tropical\/"]}]},{"@type":"BreadcrumbList","@id":"https:\/\/demoweb.info\/sexshop001\/producto\/the-weekender-tin-can-mango-tropical\/#breadcrumb","itemListElement":[{"@type":"ListItem","position":1,"name":"Portada","item":"https:\/\/demoweb.info\/sexshop001\/"},{"@type":"ListItem","position":2,"name":"Tienda","item":"https:\/\/demoweb.info\/sexshop001\/tienda\/"},{"@type":"ListItem","position":3,"name":"THE WEEKENDER TIN CAN MANGO TROPICAL"}]},{"@type":"WebSite","@id":"https:\/\/demoweb.info\/sexshop001\/#website","url":"https:\/\/demoweb.info\/sexshop001\/","name":"Tienda Er\u00f3tica","description":"DEMOWEB SL","potentialAction":[{"@type":"SearchAction","target":{"@type":"EntryPoint","urlTemplate":"https:\/\/demoweb.info\/sexshop001\/?s={search_term_string}"},"query-input":"required name=search_term_string"}],"inLanguage":"es"}]}},"_links":{"self":[{"href":"https:\/\/demoweb.info\/sexshop001\/wp-json\/wp\/v3\/product\/64031","targetHints":{"allow":["GET"]}}],"collection":[{"href":"https:\/\/demoweb.info\/sexshop001\/wp-json\/wp\/v3\/product"}],"about":[{"href":"https:\/\/demoweb.info\/sexshop001\/wp-json\/wp\/v2\/types\/product"}],"replies":[{"embeddable":true,"href":"https:\/\/demoweb.info\/sexshop001\/wp-json\/wp\/v2\/comments?post=64031"}],"wp:featuredmedia":[{"embeddable":true,"href":"https:\/\/demoweb.info\/sexshop001\/wp-json\/wp\/v2\/media\/64032"}],"wp:attachment":[{"href":"https:\/\/demoweb.info\/sexshop001\/wp-json\/wp\/v2\/media?parent=64031"}],"wp:term":[{"taxonomy":"product_cat","embeddable":true,"href":"https:\/\/demoweb.info\/sexshop001\/wp-json\/wp\/v2\/product_cat?post=64031"},{"taxonomy":"product_tag","embeddable":true,"href":"https:\/\/demoweb.info\/sexshop001\/wp-json\/wp\/v2\/product_tag?post=64031"}],"curies":[{"name":"wp","href":"https:\/\/api.w.org\/{rel}","templated":true}]}}