{"id":63989,"date":"2022-01-22T19:10:26","date_gmt":"2022-01-22T18:10:26","guid":{"rendered":"https:\/\/demoweb.info\/sexshop001\/producto\/slay-exciter-bala-vibradora-silicona-rosa\/"},"modified":"2022-01-22T19:10:39","modified_gmt":"2022-01-22T18:10:39","slug":"slay-exciter-bala-vibradora-silicona-rosa","status":"publish","type":"product","link":"https:\/\/demoweb.info\/sexshop001\/producto\/slay-exciter-bala-vibradora-silicona-rosa\/","title":{"rendered":"SLAY EXCITER &#8211; BALA VIBRADORA SILICONA ROSA"},"content":{"rendered":"<p><strong>SLAY EXCITER<\/strong><\/p>\n<p>Guarda el Slay \u2122 Exciter en tu bolso para disfrutar del placer donde quiera que vayas.<\/p>\n<p>Este mini masajeador se ajusta entre tus dedos para permitirte brindar una sensaci\u00f3n de emoci\u00f3n con vibraciones flexibles.<\/p>\n<p>Disfruta mientras juegas con 10 funciones indulgentes de vibraci\u00f3n, pulsaci\u00f3n y escalada con el bot\u00f3n de control de f\u00e1cil toque.<\/p>\n<p>La silicona ultra-lujosa y la cabeza ancha y flexible son excelentes para explorar puntos dulces sensuales y de placer \u00edntimos con facilidad.<\/p>\n<p>Controla sin esfuerzo el placer puro con un bot\u00f3n de silicona f\u00e1cil de tocar y mant\u00e9n presionado durante 3 segundos para encender o apagar.<\/p>\n<p>Usa el control suave de un solo bot\u00f3n para disfrutar de hasta 1.5 horas de placer vibrante. Carga tu pasi\u00f3n en solo 2,5 horas conectando el cable USB provisto en el puerto de carga con cierre autom\u00e1tico en la parte posterior del masajeador.<\/p>\n<p>El delgado masajeador de tama\u00f1o discreto lo convierte en el compa\u00f1ero de viaje perfecto, permiti\u00e9ndote abrazar el placer radiante donde sea que te lleven tus fantas\u00edas.<\/p>\n<p>Caracter\u00edsticas:<\/p>\n<ul>\n<li>Di\u00e1metro: 3,25 cm<\/li>\n<li>Longitud total: 9,5 cm<\/li>\n<li>Recargable con USB<\/li>\n<li>De silicona<\/li>\n<li>Impermeable<\/li>\n<li>10 modos de vibraci\u00f3n<\/li>\n<\/ul>\n","protected":false},"excerpt":{"rendered":"<p>SLAY EXCITER Guarda el Slay \u2122 Exciter en tu bolso para disfrutar del placer donde quiera que vayas. Este mini<\/p>\n","protected":false},"featured_media":63990,"comment_status":"open","ping_status":"open","template":"","meta":[],"product_cat":[476],"product_tag":[660,884],"class_list":["post-63989","product","type-product","status-publish","has-post-thumbnail","hentry","product_cat-silicona-balas-y-huevos","product_tag-calexotics","product_tag-slay"],"bundled_by":[],"bundle_stock_status":"instock","bundle_stock_quantity":1,"bundle_virtual":false,"bundle_layout":"","bundle_add_to_cart_form_location":"","bundle_editable_in_cart":false,"bundle_sold_individually_context":"","bundle_item_grouping":"","bundle_min_size":"","bundle_max_size":"","bundled_items":[],"yoast_head":"<!-- This site is optimized with the Yoast SEO plugin v20.6 - https:\/\/yoast.com\/wordpress\/plugins\/seo\/ -->\n<title>SLAY EXCITER - BALA VIBRADORA SILICONA ROSA - Tienda Er\u00f3tica<\/title>\n<meta name=\"robots\" content=\"noindex, follow, max-snippet:-1, max-image-preview:large, max-video-preview:-1\" \/>\n<meta property=\"og:locale\" content=\"es_ES\" \/>\n<meta property=\"og:type\" content=\"article\" \/>\n<meta property=\"og:title\" content=\"SLAY EXCITER - BALA VIBRADORA SILICONA ROSA - Tienda Er\u00f3tica\" \/>\n<meta property=\"og:description\" content=\"SLAY EXCITER Guarda el Slay \u2122 Exciter en tu bolso para disfrutar del placer donde quiera que vayas. Este mini\" \/>\n<meta property=\"og:url\" content=\"https:\/\/demoweb.info\/sexshop001\/producto\/slay-exciter-bala-vibradora-silicona-rosa\/\" \/>\n<meta property=\"og:site_name\" content=\"Tienda Er\u00f3tica\" \/>\n<meta property=\"article:modified_time\" content=\"2022-01-22T18:10:39+00:00\" \/>\n<meta property=\"og:image\" content=\"https:\/\/demoweb.info\/sexshop001\/wp-content\/uploads\/2022\/01\/SLAY-EXCITER-BALA-VIBRADORA-SILICONA-ROSA.jpg\" \/>\n\t<meta property=\"og:image:width\" content=\"550\" \/>\n\t<meta property=\"og:image:height\" content=\"550\" \/>\n\t<meta property=\"og:image:type\" content=\"image\/jpeg\" \/>\n<meta name=\"twitter:card\" content=\"summary_large_image\" \/>\n<meta name=\"twitter:label1\" content=\"Tiempo de lectura\" \/>\n\t<meta name=\"twitter:data1\" content=\"1 minuto\" \/>\n<script type=\"application\/ld+json\" class=\"yoast-schema-graph\">{\"@context\":\"https:\/\/schema.org\",\"@graph\":[{\"@type\":\"WebPage\",\"@id\":\"https:\/\/demoweb.info\/sexshop001\/producto\/slay-exciter-bala-vibradora-silicona-rosa\/\",\"url\":\"https:\/\/demoweb.info\/sexshop001\/producto\/slay-exciter-bala-vibradora-silicona-rosa\/\",\"name\":\"SLAY EXCITER - BALA VIBRADORA SILICONA ROSA - Tienda Er\u00f3tica\",\"isPartOf\":{\"@id\":\"https:\/\/demoweb.info\/sexshop001\/#website\"},\"datePublished\":\"2022-01-22T18:10:26+00:00\",\"dateModified\":\"2022-01-22T18:10:39+00:00\",\"breadcrumb\":{\"@id\":\"https:\/\/demoweb.info\/sexshop001\/producto\/slay-exciter-bala-vibradora-silicona-rosa\/#breadcrumb\"},\"inLanguage\":\"es\",\"potentialAction\":[{\"@type\":\"ReadAction\",\"target\":[\"https:\/\/demoweb.info\/sexshop001\/producto\/slay-exciter-bala-vibradora-silicona-rosa\/\"]}]},{\"@type\":\"BreadcrumbList\",\"@id\":\"https:\/\/demoweb.info\/sexshop001\/producto\/slay-exciter-bala-vibradora-silicona-rosa\/#breadcrumb\",\"itemListElement\":[{\"@type\":\"ListItem\",\"position\":1,\"name\":\"Portada\",\"item\":\"https:\/\/demoweb.info\/sexshop001\/\"},{\"@type\":\"ListItem\",\"position\":2,\"name\":\"Tienda\",\"item\":\"https:\/\/demoweb.info\/sexshop001\/tienda\/\"},{\"@type\":\"ListItem\",\"position\":3,\"name\":\"SLAY EXCITER &#8211; BALA VIBRADORA SILICONA ROSA\"}]},{\"@type\":\"WebSite\",\"@id\":\"https:\/\/demoweb.info\/sexshop001\/#website\",\"url\":\"https:\/\/demoweb.info\/sexshop001\/\",\"name\":\"Tienda Er\u00f3tica\",\"description\":\"DEMOWEB SL\",\"potentialAction\":[{\"@type\":\"SearchAction\",\"target\":{\"@type\":\"EntryPoint\",\"urlTemplate\":\"https:\/\/demoweb.info\/sexshop001\/?s={search_term_string}\"},\"query-input\":\"required name=search_term_string\"}],\"inLanguage\":\"es\"}]}<\/script>\n<!-- \/ Yoast SEO plugin. -->","yoast_head_json":{"title":"SLAY EXCITER - BALA VIBRADORA SILICONA ROSA - Tienda Er\u00f3tica","robots":{"index":"noindex","follow":"follow","max-snippet":"max-snippet:-1","max-image-preview":"max-image-preview:large","max-video-preview":"max-video-preview:-1"},"og_locale":"es_ES","og_type":"article","og_title":"SLAY EXCITER - BALA VIBRADORA SILICONA ROSA - Tienda Er\u00f3tica","og_description":"SLAY EXCITER Guarda el Slay \u2122 Exciter en tu bolso para disfrutar del placer donde quiera que vayas. Este mini","og_url":"https:\/\/demoweb.info\/sexshop001\/producto\/slay-exciter-bala-vibradora-silicona-rosa\/","og_site_name":"Tienda Er\u00f3tica","article_modified_time":"2022-01-22T18:10:39+00:00","og_image":[{"width":550,"height":550,"url":"https:\/\/demoweb.info\/sexshop001\/wp-content\/uploads\/2022\/01\/SLAY-EXCITER-BALA-VIBRADORA-SILICONA-ROSA.jpg","type":"image\/jpeg"}],"twitter_card":"summary_large_image","twitter_misc":{"Tiempo de lectura":"1 minuto"},"schema":{"@context":"https:\/\/schema.org","@graph":[{"@type":"WebPage","@id":"https:\/\/demoweb.info\/sexshop001\/producto\/slay-exciter-bala-vibradora-silicona-rosa\/","url":"https:\/\/demoweb.info\/sexshop001\/producto\/slay-exciter-bala-vibradora-silicona-rosa\/","name":"SLAY EXCITER - BALA VIBRADORA SILICONA ROSA - Tienda Er\u00f3tica","isPartOf":{"@id":"https:\/\/demoweb.info\/sexshop001\/#website"},"datePublished":"2022-01-22T18:10:26+00:00","dateModified":"2022-01-22T18:10:39+00:00","breadcrumb":{"@id":"https:\/\/demoweb.info\/sexshop001\/producto\/slay-exciter-bala-vibradora-silicona-rosa\/#breadcrumb"},"inLanguage":"es","potentialAction":[{"@type":"ReadAction","target":["https:\/\/demoweb.info\/sexshop001\/producto\/slay-exciter-bala-vibradora-silicona-rosa\/"]}]},{"@type":"BreadcrumbList","@id":"https:\/\/demoweb.info\/sexshop001\/producto\/slay-exciter-bala-vibradora-silicona-rosa\/#breadcrumb","itemListElement":[{"@type":"ListItem","position":1,"name":"Portada","item":"https:\/\/demoweb.info\/sexshop001\/"},{"@type":"ListItem","position":2,"name":"Tienda","item":"https:\/\/demoweb.info\/sexshop001\/tienda\/"},{"@type":"ListItem","position":3,"name":"SLAY EXCITER &#8211; BALA VIBRADORA SILICONA ROSA"}]},{"@type":"WebSite","@id":"https:\/\/demoweb.info\/sexshop001\/#website","url":"https:\/\/demoweb.info\/sexshop001\/","name":"Tienda Er\u00f3tica","description":"DEMOWEB SL","potentialAction":[{"@type":"SearchAction","target":{"@type":"EntryPoint","urlTemplate":"https:\/\/demoweb.info\/sexshop001\/?s={search_term_string}"},"query-input":"required name=search_term_string"}],"inLanguage":"es"}]}},"_links":{"self":[{"href":"https:\/\/demoweb.info\/sexshop001\/wp-json\/wp\/v3\/product\/63989","targetHints":{"allow":["GET"]}}],"collection":[{"href":"https:\/\/demoweb.info\/sexshop001\/wp-json\/wp\/v3\/product"}],"about":[{"href":"https:\/\/demoweb.info\/sexshop001\/wp-json\/wp\/v2\/types\/product"}],"replies":[{"embeddable":true,"href":"https:\/\/demoweb.info\/sexshop001\/wp-json\/wp\/v2\/comments?post=63989"}],"wp:featuredmedia":[{"embeddable":true,"href":"https:\/\/demoweb.info\/sexshop001\/wp-json\/wp\/v2\/media\/63990"}],"wp:attachment":[{"href":"https:\/\/demoweb.info\/sexshop001\/wp-json\/wp\/v2\/media?parent=63989"}],"wp:term":[{"taxonomy":"product_cat","embeddable":true,"href":"https:\/\/demoweb.info\/sexshop001\/wp-json\/wp\/v2\/product_cat?post=63989"},{"taxonomy":"product_tag","embeddable":true,"href":"https:\/\/demoweb.info\/sexshop001\/wp-json\/wp\/v2\/product_tag?post=63989"}],"curies":[{"name":"wp","href":"https:\/\/api.w.org\/{rel}","templated":true}]}}