{"id":63914,"date":"2022-01-22T19:09:41","date_gmt":"2022-01-22T18:09:41","guid":{"rendered":"https:\/\/demoweb.info\/sexshop001\/producto\/urinelle-tubo-para-mujeres\/"},"modified":"2022-01-22T19:09:44","modified_gmt":"2022-01-22T18:09:44","slug":"urinelle-tubo-para-mujeres","status":"publish","type":"product","link":"https:\/\/demoweb.info\/sexshop001\/producto\/urinelle-tubo-para-mujeres\/","title":{"rendered":"URINELLE &#8211; TUBO PARA MUJERES"},"content":{"rendered":"<p><strong>URINELLE &#8211; URINATING TUBE FOR WOMAN<\/strong><\/p>\n<p>Usar un ba\u00f1o p\u00fablico siempre es un inconveniente para las mujeres. Ya sea en una autopista, un barco, un tren o incluso en una cafeter\u00eda de la calle. Incluso la visita de un m\u00e9dico puede resultar inc\u00f3modo al depositar una muestra de orina. El tubo Urinelle es la soluci\u00f3n a todos estos problemas desagradables de los ba\u00f1os p\u00fablicos. Haciendo posible que las mujeres se liberen de forma sencilla, segura y, sobre todo, higi\u00e9nicamente en una posici\u00f3n de pie.<\/p>\n<p><strong>Aplicaci\u00f3n:<\/strong><\/p>\n<p>Para mujeres de todas las edades que prefieren evitar el contacto con los asientos de los ba\u00f1os p\u00fablicos. Adecuado para trabajadores al aire libre, aquellos que est\u00e1n regularmente en la carretera o las damas que solo necesitan la seguridad adicional de saber que est\u00e1 al alcance de la mano.<\/p>\n<p>Uso de la aplicaci\u00f3n es muy simple. En posici\u00f3n de pie, despliega Urinelle y aplica el tubo de forma anat\u00f3mica contra la vagina con una ligera presi\u00f3n.<\/p>\n<p>Ahora es posible orinar libremente e higi\u00e9nicamente sin ning\u00fan desorden. Urinelle es resistente a la orina y biodegradable, lo que hace posible vaciar el tubo en el inodoro.<\/p>\n","protected":false},"excerpt":{"rendered":"<p>URINELLE &#8211; URINATING TUBE FOR WOMAN Usar un ba\u00f1o p\u00fablico siempre es un inconveniente para las mujeres. Ya sea en<\/p>\n","protected":false},"featured_media":63915,"comment_status":"open","ping_status":"open","template":"","meta":[],"product_cat":[1632],"product_tag":[1633],"class_list":["post-63914","product","type-product","status-publish","has-post-thumbnail","hentry","product_cat-hacer-pipi","product_tag-urinelle"],"bundled_by":[],"bundle_stock_status":"instock","bundle_stock_quantity":25,"bundle_virtual":false,"bundle_layout":"","bundle_add_to_cart_form_location":"","bundle_editable_in_cart":false,"bundle_sold_individually_context":"","bundle_item_grouping":"","bundle_min_size":"","bundle_max_size":"","bundled_items":[],"yoast_head":"<!-- This site is optimized with the Yoast SEO plugin v20.6 - https:\/\/yoast.com\/wordpress\/plugins\/seo\/ -->\n<title>URINELLE - TUBO PARA MUJERES - Tienda Er\u00f3tica<\/title>\n<meta name=\"robots\" content=\"noindex, follow, max-snippet:-1, max-image-preview:large, max-video-preview:-1\" \/>\n<meta property=\"og:locale\" content=\"es_ES\" \/>\n<meta property=\"og:type\" content=\"article\" \/>\n<meta property=\"og:title\" content=\"URINELLE - TUBO PARA MUJERES - Tienda Er\u00f3tica\" \/>\n<meta property=\"og:description\" content=\"URINELLE &#8211; URINATING TUBE FOR WOMAN Usar un ba\u00f1o p\u00fablico siempre es un inconveniente para las mujeres. Ya sea en\" \/>\n<meta property=\"og:url\" content=\"https:\/\/demoweb.info\/sexshop001\/producto\/urinelle-tubo-para-mujeres\/\" \/>\n<meta property=\"og:site_name\" content=\"Tienda Er\u00f3tica\" \/>\n<meta property=\"article:modified_time\" content=\"2022-01-22T18:09:44+00:00\" \/>\n<meta property=\"og:image\" content=\"https:\/\/demoweb.info\/sexshop001\/wp-content\/uploads\/2022\/01\/URINELLE-TUBO-PARA-MUJERES.jpg\" \/>\n\t<meta property=\"og:image:width\" content=\"550\" \/>\n\t<meta property=\"og:image:height\" content=\"550\" \/>\n\t<meta property=\"og:image:type\" content=\"image\/jpeg\" \/>\n<meta name=\"twitter:card\" content=\"summary_large_image\" \/>\n<meta name=\"twitter:label1\" content=\"Tiempo de lectura\" \/>\n\t<meta name=\"twitter:data1\" content=\"1 minuto\" \/>\n<script type=\"application\/ld+json\" class=\"yoast-schema-graph\">{\"@context\":\"https:\/\/schema.org\",\"@graph\":[{\"@type\":\"WebPage\",\"@id\":\"https:\/\/demoweb.info\/sexshop001\/producto\/urinelle-tubo-para-mujeres\/\",\"url\":\"https:\/\/demoweb.info\/sexshop001\/producto\/urinelle-tubo-para-mujeres\/\",\"name\":\"URINELLE - TUBO PARA MUJERES - Tienda Er\u00f3tica\",\"isPartOf\":{\"@id\":\"https:\/\/demoweb.info\/sexshop001\/#website\"},\"datePublished\":\"2022-01-22T18:09:41+00:00\",\"dateModified\":\"2022-01-22T18:09:44+00:00\",\"breadcrumb\":{\"@id\":\"https:\/\/demoweb.info\/sexshop001\/producto\/urinelle-tubo-para-mujeres\/#breadcrumb\"},\"inLanguage\":\"es\",\"potentialAction\":[{\"@type\":\"ReadAction\",\"target\":[\"https:\/\/demoweb.info\/sexshop001\/producto\/urinelle-tubo-para-mujeres\/\"]}]},{\"@type\":\"BreadcrumbList\",\"@id\":\"https:\/\/demoweb.info\/sexshop001\/producto\/urinelle-tubo-para-mujeres\/#breadcrumb\",\"itemListElement\":[{\"@type\":\"ListItem\",\"position\":1,\"name\":\"Portada\",\"item\":\"https:\/\/demoweb.info\/sexshop001\/\"},{\"@type\":\"ListItem\",\"position\":2,\"name\":\"Tienda\",\"item\":\"https:\/\/demoweb.info\/sexshop001\/tienda\/\"},{\"@type\":\"ListItem\",\"position\":3,\"name\":\"URINELLE &#8211; TUBO PARA MUJERES\"}]},{\"@type\":\"WebSite\",\"@id\":\"https:\/\/demoweb.info\/sexshop001\/#website\",\"url\":\"https:\/\/demoweb.info\/sexshop001\/\",\"name\":\"Tienda Er\u00f3tica\",\"description\":\"DEMOWEB SL\",\"potentialAction\":[{\"@type\":\"SearchAction\",\"target\":{\"@type\":\"EntryPoint\",\"urlTemplate\":\"https:\/\/demoweb.info\/sexshop001\/?s={search_term_string}\"},\"query-input\":\"required name=search_term_string\"}],\"inLanguage\":\"es\"}]}<\/script>\n<!-- \/ Yoast SEO plugin. -->","yoast_head_json":{"title":"URINELLE - TUBO PARA MUJERES - Tienda Er\u00f3tica","robots":{"index":"noindex","follow":"follow","max-snippet":"max-snippet:-1","max-image-preview":"max-image-preview:large","max-video-preview":"max-video-preview:-1"},"og_locale":"es_ES","og_type":"article","og_title":"URINELLE - TUBO PARA MUJERES - Tienda Er\u00f3tica","og_description":"URINELLE &#8211; URINATING TUBE FOR WOMAN Usar un ba\u00f1o p\u00fablico siempre es un inconveniente para las mujeres. Ya sea en","og_url":"https:\/\/demoweb.info\/sexshop001\/producto\/urinelle-tubo-para-mujeres\/","og_site_name":"Tienda Er\u00f3tica","article_modified_time":"2022-01-22T18:09:44+00:00","og_image":[{"width":550,"height":550,"url":"https:\/\/demoweb.info\/sexshop001\/wp-content\/uploads\/2022\/01\/URINELLE-TUBO-PARA-MUJERES.jpg","type":"image\/jpeg"}],"twitter_card":"summary_large_image","twitter_misc":{"Tiempo de lectura":"1 minuto"},"schema":{"@context":"https:\/\/schema.org","@graph":[{"@type":"WebPage","@id":"https:\/\/demoweb.info\/sexshop001\/producto\/urinelle-tubo-para-mujeres\/","url":"https:\/\/demoweb.info\/sexshop001\/producto\/urinelle-tubo-para-mujeres\/","name":"URINELLE - TUBO PARA MUJERES - Tienda Er\u00f3tica","isPartOf":{"@id":"https:\/\/demoweb.info\/sexshop001\/#website"},"datePublished":"2022-01-22T18:09:41+00:00","dateModified":"2022-01-22T18:09:44+00:00","breadcrumb":{"@id":"https:\/\/demoweb.info\/sexshop001\/producto\/urinelle-tubo-para-mujeres\/#breadcrumb"},"inLanguage":"es","potentialAction":[{"@type":"ReadAction","target":["https:\/\/demoweb.info\/sexshop001\/producto\/urinelle-tubo-para-mujeres\/"]}]},{"@type":"BreadcrumbList","@id":"https:\/\/demoweb.info\/sexshop001\/producto\/urinelle-tubo-para-mujeres\/#breadcrumb","itemListElement":[{"@type":"ListItem","position":1,"name":"Portada","item":"https:\/\/demoweb.info\/sexshop001\/"},{"@type":"ListItem","position":2,"name":"Tienda","item":"https:\/\/demoweb.info\/sexshop001\/tienda\/"},{"@type":"ListItem","position":3,"name":"URINELLE &#8211; TUBO PARA MUJERES"}]},{"@type":"WebSite","@id":"https:\/\/demoweb.info\/sexshop001\/#website","url":"https:\/\/demoweb.info\/sexshop001\/","name":"Tienda Er\u00f3tica","description":"DEMOWEB SL","potentialAction":[{"@type":"SearchAction","target":{"@type":"EntryPoint","urlTemplate":"https:\/\/demoweb.info\/sexshop001\/?s={search_term_string}"},"query-input":"required name=search_term_string"}],"inLanguage":"es"}]}},"_links":{"self":[{"href":"https:\/\/demoweb.info\/sexshop001\/wp-json\/wp\/v3\/product\/63914","targetHints":{"allow":["GET"]}}],"collection":[{"href":"https:\/\/demoweb.info\/sexshop001\/wp-json\/wp\/v3\/product"}],"about":[{"href":"https:\/\/demoweb.info\/sexshop001\/wp-json\/wp\/v2\/types\/product"}],"replies":[{"embeddable":true,"href":"https:\/\/demoweb.info\/sexshop001\/wp-json\/wp\/v2\/comments?post=63914"}],"wp:featuredmedia":[{"embeddable":true,"href":"https:\/\/demoweb.info\/sexshop001\/wp-json\/wp\/v2\/media\/63915"}],"wp:attachment":[{"href":"https:\/\/demoweb.info\/sexshop001\/wp-json\/wp\/v2\/media?parent=63914"}],"wp:term":[{"taxonomy":"product_cat","embeddable":true,"href":"https:\/\/demoweb.info\/sexshop001\/wp-json\/wp\/v2\/product_cat?post=63914"},{"taxonomy":"product_tag","embeddable":true,"href":"https:\/\/demoweb.info\/sexshop001\/wp-json\/wp\/v2\/product_tag?post=63914"}],"curies":[{"name":"wp","href":"https:\/\/api.w.org\/{rel}","templated":true}]}}