{"id":63765,"date":"2022-01-22T19:08:01","date_gmt":"2022-01-22T18:08:01","guid":{"rendered":"https:\/\/demoweb.info\/sexshop001\/producto\/love-lickers-aceite-efecto-calor-panty-dropper\/"},"modified":"2022-01-22T19:08:02","modified_gmt":"2022-01-22T18:08:02","slug":"love-lickers-aceite-efecto-calor-panty-dropper","status":"publish","type":"product","link":"https:\/\/demoweb.info\/sexshop001\/producto\/love-lickers-aceite-efecto-calor-panty-dropper\/","title":{"rendered":"LOVE LICKERS &#8211; ACEITE EFECTO CALOR PANTY DROPPER"},"content":{"rendered":"<p><strong>LOVE LICKERS &#8211; PANTY DROPPER<\/strong><\/p>\n<p>Reconocido como el aceite de calentamiento de elecci\u00f3n en las habitaciones en todas partes.<\/p>\n<p>Aceites para calentar comestibles Love Lickers para los juguetones. Fr\u00f3talas y sopla para obtener un efecto de calentamiento, l\u00e1valos y disfruta. No son pegajosos ni manchan, esto agregar\u00e1 sabor a cualquier experiencia sexual.<\/p>\n<p>Solo para uso externo.<\/p>\n<p>Contiene: 50 ml<\/p>\n","protected":false},"excerpt":{"rendered":"<p>LOVE LICKERS &#8211; PANTY DROPPER Reconocido como el aceite de calentamiento de elecci\u00f3n en las habitaciones en todas partes. Aceites<\/p>\n","protected":false},"featured_media":63766,"comment_status":"open","ping_status":"open","template":"","meta":[],"product_cat":[636],"product_tag":[332],"class_list":["post-63765","product","type-product","status-publish","has-post-thumbnail","hentry","product_cat-efecto-calor-aceites","product_tag-little-genie"],"bundled_by":[],"bundle_stock_status":"instock","bundle_stock_quantity":3,"bundle_virtual":false,"bundle_layout":"","bundle_add_to_cart_form_location":"","bundle_editable_in_cart":false,"bundle_sold_individually_context":"","bundle_item_grouping":"","bundle_min_size":"","bundle_max_size":"","bundled_items":[],"yoast_head":"<!-- This site is optimized with the Yoast SEO plugin v20.6 - https:\/\/yoast.com\/wordpress\/plugins\/seo\/ -->\n<title>LOVE LICKERS - ACEITE EFECTO CALOR PANTY DROPPER - Tienda Er\u00f3tica<\/title>\n<meta name=\"robots\" content=\"noindex, follow, max-snippet:-1, max-image-preview:large, max-video-preview:-1\" \/>\n<meta property=\"og:locale\" content=\"es_ES\" \/>\n<meta property=\"og:type\" content=\"article\" \/>\n<meta property=\"og:title\" content=\"LOVE LICKERS - ACEITE EFECTO CALOR PANTY DROPPER - Tienda Er\u00f3tica\" \/>\n<meta property=\"og:description\" content=\"LOVE LICKERS &#8211; PANTY DROPPER Reconocido como el aceite de calentamiento de elecci\u00f3n en las habitaciones en todas partes. Aceites\" \/>\n<meta property=\"og:url\" content=\"https:\/\/demoweb.info\/sexshop001\/producto\/love-lickers-aceite-efecto-calor-panty-dropper\/\" \/>\n<meta property=\"og:site_name\" content=\"Tienda Er\u00f3tica\" \/>\n<meta property=\"article:modified_time\" content=\"2022-01-22T18:08:02+00:00\" \/>\n<meta property=\"og:image\" content=\"https:\/\/demoweb.info\/sexshop001\/wp-content\/uploads\/2022\/01\/LOVE-LICKERS-ACEITE-EFECTO-CALOR-PANTY-DROPPER.jpg\" \/>\n\t<meta property=\"og:image:width\" content=\"550\" \/>\n\t<meta property=\"og:image:height\" content=\"550\" \/>\n\t<meta property=\"og:image:type\" content=\"image\/jpeg\" \/>\n<meta name=\"twitter:card\" content=\"summary_large_image\" \/>\n<script type=\"application\/ld+json\" class=\"yoast-schema-graph\">{\"@context\":\"https:\/\/schema.org\",\"@graph\":[{\"@type\":\"WebPage\",\"@id\":\"https:\/\/demoweb.info\/sexshop001\/producto\/love-lickers-aceite-efecto-calor-panty-dropper\/\",\"url\":\"https:\/\/demoweb.info\/sexshop001\/producto\/love-lickers-aceite-efecto-calor-panty-dropper\/\",\"name\":\"LOVE LICKERS - ACEITE EFECTO CALOR PANTY DROPPER - Tienda Er\u00f3tica\",\"isPartOf\":{\"@id\":\"https:\/\/demoweb.info\/sexshop001\/#website\"},\"datePublished\":\"2022-01-22T18:08:01+00:00\",\"dateModified\":\"2022-01-22T18:08:02+00:00\",\"breadcrumb\":{\"@id\":\"https:\/\/demoweb.info\/sexshop001\/producto\/love-lickers-aceite-efecto-calor-panty-dropper\/#breadcrumb\"},\"inLanguage\":\"es\",\"potentialAction\":[{\"@type\":\"ReadAction\",\"target\":[\"https:\/\/demoweb.info\/sexshop001\/producto\/love-lickers-aceite-efecto-calor-panty-dropper\/\"]}]},{\"@type\":\"BreadcrumbList\",\"@id\":\"https:\/\/demoweb.info\/sexshop001\/producto\/love-lickers-aceite-efecto-calor-panty-dropper\/#breadcrumb\",\"itemListElement\":[{\"@type\":\"ListItem\",\"position\":1,\"name\":\"Portada\",\"item\":\"https:\/\/demoweb.info\/sexshop001\/\"},{\"@type\":\"ListItem\",\"position\":2,\"name\":\"Tienda\",\"item\":\"https:\/\/demoweb.info\/sexshop001\/tienda\/\"},{\"@type\":\"ListItem\",\"position\":3,\"name\":\"LOVE LICKERS &#8211; ACEITE EFECTO CALOR PANTY DROPPER\"}]},{\"@type\":\"WebSite\",\"@id\":\"https:\/\/demoweb.info\/sexshop001\/#website\",\"url\":\"https:\/\/demoweb.info\/sexshop001\/\",\"name\":\"Tienda Er\u00f3tica\",\"description\":\"DEMOWEB SL\",\"potentialAction\":[{\"@type\":\"SearchAction\",\"target\":{\"@type\":\"EntryPoint\",\"urlTemplate\":\"https:\/\/demoweb.info\/sexshop001\/?s={search_term_string}\"},\"query-input\":\"required name=search_term_string\"}],\"inLanguage\":\"es\"}]}<\/script>\n<!-- \/ Yoast SEO plugin. -->","yoast_head_json":{"title":"LOVE LICKERS - ACEITE EFECTO CALOR PANTY DROPPER - Tienda Er\u00f3tica","robots":{"index":"noindex","follow":"follow","max-snippet":"max-snippet:-1","max-image-preview":"max-image-preview:large","max-video-preview":"max-video-preview:-1"},"og_locale":"es_ES","og_type":"article","og_title":"LOVE LICKERS - ACEITE EFECTO CALOR PANTY DROPPER - Tienda Er\u00f3tica","og_description":"LOVE LICKERS &#8211; PANTY DROPPER Reconocido como el aceite de calentamiento de elecci\u00f3n en las habitaciones en todas partes. Aceites","og_url":"https:\/\/demoweb.info\/sexshop001\/producto\/love-lickers-aceite-efecto-calor-panty-dropper\/","og_site_name":"Tienda Er\u00f3tica","article_modified_time":"2022-01-22T18:08:02+00:00","og_image":[{"width":550,"height":550,"url":"https:\/\/demoweb.info\/sexshop001\/wp-content\/uploads\/2022\/01\/LOVE-LICKERS-ACEITE-EFECTO-CALOR-PANTY-DROPPER.jpg","type":"image\/jpeg"}],"twitter_card":"summary_large_image","schema":{"@context":"https:\/\/schema.org","@graph":[{"@type":"WebPage","@id":"https:\/\/demoweb.info\/sexshop001\/producto\/love-lickers-aceite-efecto-calor-panty-dropper\/","url":"https:\/\/demoweb.info\/sexshop001\/producto\/love-lickers-aceite-efecto-calor-panty-dropper\/","name":"LOVE LICKERS - ACEITE EFECTO CALOR PANTY DROPPER - Tienda Er\u00f3tica","isPartOf":{"@id":"https:\/\/demoweb.info\/sexshop001\/#website"},"datePublished":"2022-01-22T18:08:01+00:00","dateModified":"2022-01-22T18:08:02+00:00","breadcrumb":{"@id":"https:\/\/demoweb.info\/sexshop001\/producto\/love-lickers-aceite-efecto-calor-panty-dropper\/#breadcrumb"},"inLanguage":"es","potentialAction":[{"@type":"ReadAction","target":["https:\/\/demoweb.info\/sexshop001\/producto\/love-lickers-aceite-efecto-calor-panty-dropper\/"]}]},{"@type":"BreadcrumbList","@id":"https:\/\/demoweb.info\/sexshop001\/producto\/love-lickers-aceite-efecto-calor-panty-dropper\/#breadcrumb","itemListElement":[{"@type":"ListItem","position":1,"name":"Portada","item":"https:\/\/demoweb.info\/sexshop001\/"},{"@type":"ListItem","position":2,"name":"Tienda","item":"https:\/\/demoweb.info\/sexshop001\/tienda\/"},{"@type":"ListItem","position":3,"name":"LOVE LICKERS &#8211; ACEITE EFECTO CALOR PANTY DROPPER"}]},{"@type":"WebSite","@id":"https:\/\/demoweb.info\/sexshop001\/#website","url":"https:\/\/demoweb.info\/sexshop001\/","name":"Tienda Er\u00f3tica","description":"DEMOWEB SL","potentialAction":[{"@type":"SearchAction","target":{"@type":"EntryPoint","urlTemplate":"https:\/\/demoweb.info\/sexshop001\/?s={search_term_string}"},"query-input":"required name=search_term_string"}],"inLanguage":"es"}]}},"_links":{"self":[{"href":"https:\/\/demoweb.info\/sexshop001\/wp-json\/wp\/v3\/product\/63765","targetHints":{"allow":["GET"]}}],"collection":[{"href":"https:\/\/demoweb.info\/sexshop001\/wp-json\/wp\/v3\/product"}],"about":[{"href":"https:\/\/demoweb.info\/sexshop001\/wp-json\/wp\/v2\/types\/product"}],"replies":[{"embeddable":true,"href":"https:\/\/demoweb.info\/sexshop001\/wp-json\/wp\/v2\/comments?post=63765"}],"wp:featuredmedia":[{"embeddable":true,"href":"https:\/\/demoweb.info\/sexshop001\/wp-json\/wp\/v2\/media\/63766"}],"wp:attachment":[{"href":"https:\/\/demoweb.info\/sexshop001\/wp-json\/wp\/v2\/media?parent=63765"}],"wp:term":[{"taxonomy":"product_cat","embeddable":true,"href":"https:\/\/demoweb.info\/sexshop001\/wp-json\/wp\/v2\/product_cat?post=63765"},{"taxonomy":"product_tag","embeddable":true,"href":"https:\/\/demoweb.info\/sexshop001\/wp-json\/wp\/v2\/product_tag?post=63765"}],"curies":[{"name":"wp","href":"https:\/\/api.w.org\/{rel}","templated":true}]}}