{"id":63749,"date":"2022-01-22T19:07:35","date_gmt":"2022-01-22T18:07:35","guid":{"rendered":"https:\/\/demoweb.info\/sexshop001\/producto\/electrogel-gel-conductor-electroestimulacion-50ml\/"},"modified":"2022-01-22T19:07:49","modified_gmt":"2022-01-22T18:07:49","slug":"electrogel-gel-conductor-electroestimulacion-50ml","status":"publish","type":"product","link":"https:\/\/demoweb.info\/sexshop001\/producto\/electrogel-gel-conductor-electroestimulacion-50ml\/","title":{"rendered":"ELECTROGEL &#8211; GEL CONDUCTOR ELECTROESTIMULACI\u00d3N 50ML"},"content":{"rendered":"<p><strong>ELECTROGEL <\/strong><\/p>\n<p>ELECTROGEL ha sido especialmente dise\u00f1ado para mejorar tus juegos E-Stim creando una capa conductora en la piel\/juguete para mejorar tus sensaciones con tus juegos el\u00e9ctricos.<\/p>\n<p>Al usar solo un poco de este gel transparente mejorar\u00e1s la conductividad, por lo que sentir\u00e1s m\u00e1s sensaciones durante tus sesiones sexuales. Aplica en una capa fina, ya sea en el juguete o en la piel, para obtener mejores resultados. <\/p>\n<p>L\u00edmpialo con agua tibia despu\u00e9s de su uso. Mantenlo fuera del alcance de los ni\u00f1os. Gu\u00e1rdalo en un lugar seco y oscuro.<\/p>\n<p>Contiene: 50 ml<\/p>\n","protected":false},"excerpt":{"rendered":"<p>ELECTROGEL ELECTROGEL ha sido especialmente dise\u00f1ado para mejorar tus juegos E-Stim creando una capa conductora en la piel\/juguete para mejorar<\/p>\n","protected":false},"featured_media":63750,"comment_status":"open","ping_status":"open","template":"","meta":[],"product_cat":[492],"product_tag":[303,302],"class_list":["post-63749","product","type-product","status-publish","has-post-thumbnail","hentry","product_cat-electroestimulacion","product_tag-electroshock","product_tag-shots"],"bundled_by":[],"bundle_stock_status":"instock","bundle_stock_quantity":3,"bundle_virtual":false,"bundle_layout":"","bundle_add_to_cart_form_location":"","bundle_editable_in_cart":false,"bundle_sold_individually_context":"","bundle_item_grouping":"","bundle_min_size":"","bundle_max_size":"","bundled_items":[],"yoast_head":"<!-- This site is optimized with the Yoast SEO plugin v20.6 - https:\/\/yoast.com\/wordpress\/plugins\/seo\/ -->\n<title>ELECTROGEL - GEL CONDUCTOR ELECTROESTIMULACI\u00d3N 50ML - Tienda Er\u00f3tica<\/title>\n<meta name=\"robots\" content=\"noindex, follow, max-snippet:-1, max-image-preview:large, max-video-preview:-1\" \/>\n<meta property=\"og:locale\" content=\"es_ES\" \/>\n<meta property=\"og:type\" content=\"article\" \/>\n<meta property=\"og:title\" content=\"ELECTROGEL - GEL CONDUCTOR ELECTROESTIMULACI\u00d3N 50ML - Tienda Er\u00f3tica\" \/>\n<meta property=\"og:description\" content=\"ELECTROGEL ELECTROGEL ha sido especialmente dise\u00f1ado para mejorar tus juegos E-Stim creando una capa conductora en la piel\/juguete para mejorar\" \/>\n<meta property=\"og:url\" content=\"https:\/\/demoweb.info\/sexshop001\/producto\/electrogel-gel-conductor-electroestimulacion-50ml\/\" \/>\n<meta property=\"og:site_name\" content=\"Tienda Er\u00f3tica\" \/>\n<meta property=\"article:modified_time\" content=\"2022-01-22T18:07:49+00:00\" \/>\n<meta property=\"og:image\" content=\"https:\/\/demoweb.info\/sexshop001\/wp-content\/uploads\/2022\/01\/ELECTROGEL-GEL-CONDUCTOR-ELECTROESTIMULACION-50ML.jpg\" \/>\n\t<meta property=\"og:image:width\" content=\"550\" \/>\n\t<meta property=\"og:image:height\" content=\"550\" \/>\n\t<meta property=\"og:image:type\" content=\"image\/jpeg\" \/>\n<meta name=\"twitter:card\" content=\"summary_large_image\" \/>\n<meta name=\"twitter:label1\" content=\"Tiempo de lectura\" \/>\n\t<meta name=\"twitter:data1\" content=\"1 minuto\" \/>\n<script type=\"application\/ld+json\" class=\"yoast-schema-graph\">{\"@context\":\"https:\/\/schema.org\",\"@graph\":[{\"@type\":\"WebPage\",\"@id\":\"https:\/\/demoweb.info\/sexshop001\/producto\/electrogel-gel-conductor-electroestimulacion-50ml\/\",\"url\":\"https:\/\/demoweb.info\/sexshop001\/producto\/electrogel-gel-conductor-electroestimulacion-50ml\/\",\"name\":\"ELECTROGEL - GEL CONDUCTOR ELECTROESTIMULACI\u00d3N 50ML - Tienda Er\u00f3tica\",\"isPartOf\":{\"@id\":\"https:\/\/demoweb.info\/sexshop001\/#website\"},\"datePublished\":\"2022-01-22T18:07:35+00:00\",\"dateModified\":\"2022-01-22T18:07:49+00:00\",\"breadcrumb\":{\"@id\":\"https:\/\/demoweb.info\/sexshop001\/producto\/electrogel-gel-conductor-electroestimulacion-50ml\/#breadcrumb\"},\"inLanguage\":\"es\",\"potentialAction\":[{\"@type\":\"ReadAction\",\"target\":[\"https:\/\/demoweb.info\/sexshop001\/producto\/electrogel-gel-conductor-electroestimulacion-50ml\/\"]}]},{\"@type\":\"BreadcrumbList\",\"@id\":\"https:\/\/demoweb.info\/sexshop001\/producto\/electrogel-gel-conductor-electroestimulacion-50ml\/#breadcrumb\",\"itemListElement\":[{\"@type\":\"ListItem\",\"position\":1,\"name\":\"Portada\",\"item\":\"https:\/\/demoweb.info\/sexshop001\/\"},{\"@type\":\"ListItem\",\"position\":2,\"name\":\"Tienda\",\"item\":\"https:\/\/demoweb.info\/sexshop001\/tienda\/\"},{\"@type\":\"ListItem\",\"position\":3,\"name\":\"ELECTROGEL &#8211; GEL CONDUCTOR ELECTROESTIMULACI\u00d3N 50ML\"}]},{\"@type\":\"WebSite\",\"@id\":\"https:\/\/demoweb.info\/sexshop001\/#website\",\"url\":\"https:\/\/demoweb.info\/sexshop001\/\",\"name\":\"Tienda Er\u00f3tica\",\"description\":\"DEMOWEB SL\",\"potentialAction\":[{\"@type\":\"SearchAction\",\"target\":{\"@type\":\"EntryPoint\",\"urlTemplate\":\"https:\/\/demoweb.info\/sexshop001\/?s={search_term_string}\"},\"query-input\":\"required name=search_term_string\"}],\"inLanguage\":\"es\"}]}<\/script>\n<!-- \/ Yoast SEO plugin. -->","yoast_head_json":{"title":"ELECTROGEL - GEL CONDUCTOR ELECTROESTIMULACI\u00d3N 50ML - Tienda Er\u00f3tica","robots":{"index":"noindex","follow":"follow","max-snippet":"max-snippet:-1","max-image-preview":"max-image-preview:large","max-video-preview":"max-video-preview:-1"},"og_locale":"es_ES","og_type":"article","og_title":"ELECTROGEL - GEL CONDUCTOR ELECTROESTIMULACI\u00d3N 50ML - Tienda Er\u00f3tica","og_description":"ELECTROGEL ELECTROGEL ha sido especialmente dise\u00f1ado para mejorar tus juegos E-Stim creando una capa conductora en la piel\/juguete para mejorar","og_url":"https:\/\/demoweb.info\/sexshop001\/producto\/electrogel-gel-conductor-electroestimulacion-50ml\/","og_site_name":"Tienda Er\u00f3tica","article_modified_time":"2022-01-22T18:07:49+00:00","og_image":[{"width":550,"height":550,"url":"https:\/\/demoweb.info\/sexshop001\/wp-content\/uploads\/2022\/01\/ELECTROGEL-GEL-CONDUCTOR-ELECTROESTIMULACION-50ML.jpg","type":"image\/jpeg"}],"twitter_card":"summary_large_image","twitter_misc":{"Tiempo de lectura":"1 minuto"},"schema":{"@context":"https:\/\/schema.org","@graph":[{"@type":"WebPage","@id":"https:\/\/demoweb.info\/sexshop001\/producto\/electrogel-gel-conductor-electroestimulacion-50ml\/","url":"https:\/\/demoweb.info\/sexshop001\/producto\/electrogel-gel-conductor-electroestimulacion-50ml\/","name":"ELECTROGEL - GEL CONDUCTOR ELECTROESTIMULACI\u00d3N 50ML - Tienda Er\u00f3tica","isPartOf":{"@id":"https:\/\/demoweb.info\/sexshop001\/#website"},"datePublished":"2022-01-22T18:07:35+00:00","dateModified":"2022-01-22T18:07:49+00:00","breadcrumb":{"@id":"https:\/\/demoweb.info\/sexshop001\/producto\/electrogel-gel-conductor-electroestimulacion-50ml\/#breadcrumb"},"inLanguage":"es","potentialAction":[{"@type":"ReadAction","target":["https:\/\/demoweb.info\/sexshop001\/producto\/electrogel-gel-conductor-electroestimulacion-50ml\/"]}]},{"@type":"BreadcrumbList","@id":"https:\/\/demoweb.info\/sexshop001\/producto\/electrogel-gel-conductor-electroestimulacion-50ml\/#breadcrumb","itemListElement":[{"@type":"ListItem","position":1,"name":"Portada","item":"https:\/\/demoweb.info\/sexshop001\/"},{"@type":"ListItem","position":2,"name":"Tienda","item":"https:\/\/demoweb.info\/sexshop001\/tienda\/"},{"@type":"ListItem","position":3,"name":"ELECTROGEL &#8211; GEL CONDUCTOR ELECTROESTIMULACI\u00d3N 50ML"}]},{"@type":"WebSite","@id":"https:\/\/demoweb.info\/sexshop001\/#website","url":"https:\/\/demoweb.info\/sexshop001\/","name":"Tienda Er\u00f3tica","description":"DEMOWEB SL","potentialAction":[{"@type":"SearchAction","target":{"@type":"EntryPoint","urlTemplate":"https:\/\/demoweb.info\/sexshop001\/?s={search_term_string}"},"query-input":"required name=search_term_string"}],"inLanguage":"es"}]}},"_links":{"self":[{"href":"https:\/\/demoweb.info\/sexshop001\/wp-json\/wp\/v3\/product\/63749","targetHints":{"allow":["GET"]}}],"collection":[{"href":"https:\/\/demoweb.info\/sexshop001\/wp-json\/wp\/v3\/product"}],"about":[{"href":"https:\/\/demoweb.info\/sexshop001\/wp-json\/wp\/v2\/types\/product"}],"replies":[{"embeddable":true,"href":"https:\/\/demoweb.info\/sexshop001\/wp-json\/wp\/v2\/comments?post=63749"}],"wp:featuredmedia":[{"embeddable":true,"href":"https:\/\/demoweb.info\/sexshop001\/wp-json\/wp\/v2\/media\/63750"}],"wp:attachment":[{"href":"https:\/\/demoweb.info\/sexshop001\/wp-json\/wp\/v2\/media?parent=63749"}],"wp:term":[{"taxonomy":"product_cat","embeddable":true,"href":"https:\/\/demoweb.info\/sexshop001\/wp-json\/wp\/v2\/product_cat?post=63749"},{"taxonomy":"product_tag","embeddable":true,"href":"https:\/\/demoweb.info\/sexshop001\/wp-json\/wp\/v2\/product_tag?post=63749"}],"curies":[{"name":"wp","href":"https:\/\/api.w.org\/{rel}","templated":true}]}}