{"id":63599,"date":"2022-01-22T18:41:22","date_gmt":"2022-01-22T17:41:22","guid":{"rendered":"https:\/\/demoweb.info\/sexshop001\/producto\/fleshlight-fleshpump\/"},"modified":"2022-01-22T18:42:05","modified_gmt":"2022-01-22T17:42:05","slug":"fleshlight-fleshpump","status":"publish","type":"product","link":"https:\/\/demoweb.info\/sexshop001\/producto\/fleshlight-fleshpump\/","title":{"rendered":"FLESHLIGHT FLESHPUMP"},"content":{"rendered":"<p><strong>FLESHLIGHT FLESHPUMP<\/strong><\/p>\n<p>Para mejorar tu vida sexual, necesitas mejorar el rendimiento, el placer y el poder. El FleshPump \u2122 usa un sistema de vac\u00edo autom\u00e1tico para bombear sangre suavemente, segura y gradualmente hacia el interior del pene, haciendo que se hinche y se ponga erecto.<\/p>\n<p>El FleshPump \u2122 se maneja con dos botones simples para bombear y soltar, sin necesidad de bombeo manual torpe.<\/p>\n<p>\u00a1Ingresa en el reino de la resistencia sexual de alto rendimiento a trav\u00e9s de erecciones m\u00e1s fuertes y m\u00e1s firmes!<\/p>\n<p>RESULTADOS QUE PUEDES SENTIR:<\/p>\n<p>Maximiza la fuerza y la resistencia de tus erecciones con la terapia de vac\u00edo regular.<\/p>\n<p>INCLUYE:<\/p>\n<ul>\n<li>Bomba el\u00e9ctrica con v\u00e1lvula de seguridad de liberaci\u00f3n r\u00e1pida<\/li>\n<li>Manga de rosca est\u00e1ndar<\/li>\n<li>Bonus &#8211; Funda flexible para donuts<\/li>\n<li>Cilindro transparente que mide 19 x 7,6 cm<\/li>\n<li>Cable de carga USB<\/li>\n<li>Lubricante FleshPump \u2122<\/li>\n<li>Revisa el Manual de instrucciones y los T\u00e9rminos y condiciones.<\/li>\n<\/ul>\n","protected":false},"excerpt":{"rendered":"<p>FLESHLIGHT FLESHPUMP Para mejorar tu vida sexual, necesitas mejorar el rendimiento, el placer y el poder. El FleshPump \u2122 usa<\/p>\n","protected":false},"featured_media":63600,"comment_status":"open","ping_status":"open","template":"","meta":[],"product_cat":[479],"product_tag":[576,1630],"class_list":["post-63599","product","type-product","status-publish","has-post-thumbnail","hentry","product_cat-automaticos","product_tag-fleshlight","product_tag-fleshpump"],"bundled_by":[],"bundle_stock_status":"instock","bundle_stock_quantity":24,"bundle_virtual":false,"bundle_layout":"","bundle_add_to_cart_form_location":"","bundle_editable_in_cart":false,"bundle_sold_individually_context":"","bundle_item_grouping":"","bundle_min_size":"","bundle_max_size":"","bundled_items":[],"yoast_head":"<!-- This site is optimized with the Yoast SEO plugin v20.6 - https:\/\/yoast.com\/wordpress\/plugins\/seo\/ -->\n<title>FLESHLIGHT FLESHPUMP - Tienda Er\u00f3tica<\/title>\n<meta name=\"robots\" content=\"noindex, follow, max-snippet:-1, max-image-preview:large, max-video-preview:-1\" \/>\n<meta property=\"og:locale\" content=\"es_ES\" \/>\n<meta property=\"og:type\" content=\"article\" \/>\n<meta property=\"og:title\" content=\"FLESHLIGHT FLESHPUMP - Tienda Er\u00f3tica\" \/>\n<meta property=\"og:description\" content=\"FLESHLIGHT FLESHPUMP Para mejorar tu vida sexual, necesitas mejorar el rendimiento, el placer y el poder. El FleshPump \u2122 usa\" \/>\n<meta property=\"og:url\" content=\"https:\/\/demoweb.info\/sexshop001\/producto\/fleshlight-fleshpump\/\" \/>\n<meta property=\"og:site_name\" content=\"Tienda Er\u00f3tica\" \/>\n<meta property=\"article:modified_time\" content=\"2022-01-22T17:42:05+00:00\" \/>\n<meta property=\"og:image\" content=\"https:\/\/demoweb.info\/sexshop001\/wp-content\/uploads\/2022\/01\/FLESHLIGHT-FLESHPUMP.jpg\" \/>\n\t<meta property=\"og:image:width\" content=\"550\" \/>\n\t<meta property=\"og:image:height\" content=\"550\" \/>\n\t<meta property=\"og:image:type\" content=\"image\/jpeg\" \/>\n<meta name=\"twitter:card\" content=\"summary_large_image\" \/>\n<meta name=\"twitter:label1\" content=\"Tiempo de lectura\" \/>\n\t<meta name=\"twitter:data1\" content=\"1 minuto\" \/>\n<script type=\"application\/ld+json\" class=\"yoast-schema-graph\">{\"@context\":\"https:\/\/schema.org\",\"@graph\":[{\"@type\":\"WebPage\",\"@id\":\"https:\/\/demoweb.info\/sexshop001\/producto\/fleshlight-fleshpump\/\",\"url\":\"https:\/\/demoweb.info\/sexshop001\/producto\/fleshlight-fleshpump\/\",\"name\":\"FLESHLIGHT FLESHPUMP - Tienda Er\u00f3tica\",\"isPartOf\":{\"@id\":\"https:\/\/demoweb.info\/sexshop001\/#website\"},\"datePublished\":\"2022-01-22T17:41:22+00:00\",\"dateModified\":\"2022-01-22T17:42:05+00:00\",\"breadcrumb\":{\"@id\":\"https:\/\/demoweb.info\/sexshop001\/producto\/fleshlight-fleshpump\/#breadcrumb\"},\"inLanguage\":\"es\",\"potentialAction\":[{\"@type\":\"ReadAction\",\"target\":[\"https:\/\/demoweb.info\/sexshop001\/producto\/fleshlight-fleshpump\/\"]}]},{\"@type\":\"BreadcrumbList\",\"@id\":\"https:\/\/demoweb.info\/sexshop001\/producto\/fleshlight-fleshpump\/#breadcrumb\",\"itemListElement\":[{\"@type\":\"ListItem\",\"position\":1,\"name\":\"Portada\",\"item\":\"https:\/\/demoweb.info\/sexshop001\/\"},{\"@type\":\"ListItem\",\"position\":2,\"name\":\"Tienda\",\"item\":\"https:\/\/demoweb.info\/sexshop001\/tienda\/\"},{\"@type\":\"ListItem\",\"position\":3,\"name\":\"FLESHLIGHT FLESHPUMP\"}]},{\"@type\":\"WebSite\",\"@id\":\"https:\/\/demoweb.info\/sexshop001\/#website\",\"url\":\"https:\/\/demoweb.info\/sexshop001\/\",\"name\":\"Tienda Er\u00f3tica\",\"description\":\"DEMOWEB SL\",\"potentialAction\":[{\"@type\":\"SearchAction\",\"target\":{\"@type\":\"EntryPoint\",\"urlTemplate\":\"https:\/\/demoweb.info\/sexshop001\/?s={search_term_string}\"},\"query-input\":\"required name=search_term_string\"}],\"inLanguage\":\"es\"}]}<\/script>\n<!-- \/ Yoast SEO plugin. -->","yoast_head_json":{"title":"FLESHLIGHT FLESHPUMP - Tienda Er\u00f3tica","robots":{"index":"noindex","follow":"follow","max-snippet":"max-snippet:-1","max-image-preview":"max-image-preview:large","max-video-preview":"max-video-preview:-1"},"og_locale":"es_ES","og_type":"article","og_title":"FLESHLIGHT FLESHPUMP - Tienda Er\u00f3tica","og_description":"FLESHLIGHT FLESHPUMP Para mejorar tu vida sexual, necesitas mejorar el rendimiento, el placer y el poder. El FleshPump \u2122 usa","og_url":"https:\/\/demoweb.info\/sexshop001\/producto\/fleshlight-fleshpump\/","og_site_name":"Tienda Er\u00f3tica","article_modified_time":"2022-01-22T17:42:05+00:00","og_image":[{"width":550,"height":550,"url":"https:\/\/demoweb.info\/sexshop001\/wp-content\/uploads\/2022\/01\/FLESHLIGHT-FLESHPUMP.jpg","type":"image\/jpeg"}],"twitter_card":"summary_large_image","twitter_misc":{"Tiempo de lectura":"1 minuto"},"schema":{"@context":"https:\/\/schema.org","@graph":[{"@type":"WebPage","@id":"https:\/\/demoweb.info\/sexshop001\/producto\/fleshlight-fleshpump\/","url":"https:\/\/demoweb.info\/sexshop001\/producto\/fleshlight-fleshpump\/","name":"FLESHLIGHT FLESHPUMP - Tienda Er\u00f3tica","isPartOf":{"@id":"https:\/\/demoweb.info\/sexshop001\/#website"},"datePublished":"2022-01-22T17:41:22+00:00","dateModified":"2022-01-22T17:42:05+00:00","breadcrumb":{"@id":"https:\/\/demoweb.info\/sexshop001\/producto\/fleshlight-fleshpump\/#breadcrumb"},"inLanguage":"es","potentialAction":[{"@type":"ReadAction","target":["https:\/\/demoweb.info\/sexshop001\/producto\/fleshlight-fleshpump\/"]}]},{"@type":"BreadcrumbList","@id":"https:\/\/demoweb.info\/sexshop001\/producto\/fleshlight-fleshpump\/#breadcrumb","itemListElement":[{"@type":"ListItem","position":1,"name":"Portada","item":"https:\/\/demoweb.info\/sexshop001\/"},{"@type":"ListItem","position":2,"name":"Tienda","item":"https:\/\/demoweb.info\/sexshop001\/tienda\/"},{"@type":"ListItem","position":3,"name":"FLESHLIGHT FLESHPUMP"}]},{"@type":"WebSite","@id":"https:\/\/demoweb.info\/sexshop001\/#website","url":"https:\/\/demoweb.info\/sexshop001\/","name":"Tienda Er\u00f3tica","description":"DEMOWEB SL","potentialAction":[{"@type":"SearchAction","target":{"@type":"EntryPoint","urlTemplate":"https:\/\/demoweb.info\/sexshop001\/?s={search_term_string}"},"query-input":"required name=search_term_string"}],"inLanguage":"es"}]}},"_links":{"self":[{"href":"https:\/\/demoweb.info\/sexshop001\/wp-json\/wp\/v3\/product\/63599","targetHints":{"allow":["GET"]}}],"collection":[{"href":"https:\/\/demoweb.info\/sexshop001\/wp-json\/wp\/v3\/product"}],"about":[{"href":"https:\/\/demoweb.info\/sexshop001\/wp-json\/wp\/v2\/types\/product"}],"replies":[{"embeddable":true,"href":"https:\/\/demoweb.info\/sexshop001\/wp-json\/wp\/v2\/comments?post=63599"}],"wp:featuredmedia":[{"embeddable":true,"href":"https:\/\/demoweb.info\/sexshop001\/wp-json\/wp\/v2\/media\/63600"}],"wp:attachment":[{"href":"https:\/\/demoweb.info\/sexshop001\/wp-json\/wp\/v2\/media?parent=63599"}],"wp:term":[{"taxonomy":"product_cat","embeddable":true,"href":"https:\/\/demoweb.info\/sexshop001\/wp-json\/wp\/v2\/product_cat?post=63599"},{"taxonomy":"product_tag","embeddable":true,"href":"https:\/\/demoweb.info\/sexshop001\/wp-json\/wp\/v2\/product_tag?post=63599"}],"curies":[{"name":"wp","href":"https:\/\/api.w.org\/{rel}","templated":true}]}}