{"id":63467,"date":"2022-01-22T18:39:29","date_gmt":"2022-01-22T17:39:29","guid":{"rendered":"https:\/\/demoweb.info\/sexshop001\/producto\/eros-glide-lubricante-de-silicona-para-juguetes-30ml\/"},"modified":"2022-01-22T18:39:33","modified_gmt":"2022-01-22T17:39:33","slug":"eros-glide-lubricante-de-silicona-para-juguetes-30ml","status":"publish","type":"product","link":"https:\/\/demoweb.info\/sexshop001\/producto\/eros-glide-lubricante-de-silicona-para-juguetes-30ml\/","title":{"rendered":"EROS GLIDE LUBRICANTE DE SILICONA PARA JUGUETES 30ML"},"content":{"rendered":"<p><strong>EROS TOY SILICONE GLIDE <\/strong><\/p>\n<p>Para todo tipo de juguetes er\u00f3ticos, especialmente de silicona. <\/p>\n<p>\u00bfLe apasionan los juguetes de silicona y otros juguetes er\u00f3ticos? Sea vibrador, dildo o bolas chinas, <strong>Toy Silicone Glide<\/strong> se puede aplicar a cualquiera de sus juguetes. <\/p>\n<p>El gel lubricante se desarroll\u00f3 especialmente para el empleo en juguetes de placer, le da una sensaci\u00f3n deliciosa durante la penetraci\u00f3n y adem\u00e1s aumenta la capacidad deslizante durante las relaciones \u00edntimas. su f\u00f3rmula \u00fanica ayuda a obtener una larga capacidad deslizante. <\/p>\n<p>\u00a1As\u00ed nunca se terminar\u00e1 la diversi\u00f3n!. <\/p>\n<p>Caracter\u00edsticas:<br \/>\n&#8211; Dermatol\u00f3gicamente probado.<br \/>\n&#8211; Rinde mucho.<br \/>\n&#8211; Apropiado para el uso con preservativos de l\u00e1tex.<br \/>\n&#8211; No se queda pegajoso, ni se seca.<br \/>\n&#8211; No contiene conservantes.<br \/>\n&#8211; Neutro al gusto.<br \/>\n&#8211; Incoloro e inodoro.<br \/>\n&#8211; Capacidad deslizante extremadamente duradera.<br \/>\n&#8211; No contiene aceites ni perfumes.<\/p>\n<p>Contiene: 30ml<\/p>\n","protected":false},"excerpt":{"rendered":"<p>EROS TOY SILICONE GLIDE Para todo tipo de juguetes er\u00f3ticos, especialmente de silicona. \u00bfLe apasionan los juguetes de silicona y<\/p>\n","protected":false},"featured_media":63468,"comment_status":"open","ping_status":"open","template":"","meta":[],"product_cat":[638],"product_tag":[700,701],"class_list":["post-63467","product","type-product","status-publish","has-post-thumbnail","hentry","product_cat-silicona-lubricantes-aceites-y-lubricantes","product_tag-eros","product_tag-silicon-glides"],"bundled_by":[],"bundle_stock_status":"instock","bundle_stock_quantity":17,"bundle_virtual":false,"bundle_layout":"","bundle_add_to_cart_form_location":"","bundle_editable_in_cart":false,"bundle_sold_individually_context":"","bundle_item_grouping":"","bundle_min_size":"","bundle_max_size":"","bundled_items":[],"yoast_head":"<!-- This site is optimized with the Yoast SEO plugin v20.6 - https:\/\/yoast.com\/wordpress\/plugins\/seo\/ -->\n<title>EROS GLIDE LUBRICANTE DE SILICONA PARA JUGUETES 30ML - Tienda Er\u00f3tica<\/title>\n<meta name=\"robots\" content=\"noindex, follow, max-snippet:-1, max-image-preview:large, max-video-preview:-1\" \/>\n<meta property=\"og:locale\" content=\"es_ES\" \/>\n<meta property=\"og:type\" content=\"article\" \/>\n<meta property=\"og:title\" content=\"EROS GLIDE LUBRICANTE DE SILICONA PARA JUGUETES 30ML - Tienda Er\u00f3tica\" \/>\n<meta property=\"og:description\" content=\"EROS TOY SILICONE GLIDE Para todo tipo de juguetes er\u00f3ticos, especialmente de silicona. \u00bfLe apasionan los juguetes de silicona y\" \/>\n<meta property=\"og:url\" content=\"https:\/\/demoweb.info\/sexshop001\/producto\/eros-glide-lubricante-de-silicona-para-juguetes-30ml\/\" \/>\n<meta property=\"og:site_name\" content=\"Tienda Er\u00f3tica\" \/>\n<meta property=\"article:modified_time\" content=\"2022-01-22T17:39:33+00:00\" \/>\n<meta property=\"og:image\" content=\"https:\/\/demoweb.info\/sexshop001\/wp-content\/uploads\/2022\/01\/EROS-GLIDE-LUBRICANTE-DE-SILICONA-PARA-JUGUETES-30ML.jpg\" \/>\n\t<meta property=\"og:image:width\" content=\"550\" \/>\n\t<meta property=\"og:image:height\" content=\"550\" \/>\n\t<meta property=\"og:image:type\" content=\"image\/jpeg\" \/>\n<meta name=\"twitter:card\" content=\"summary_large_image\" \/>\n<meta name=\"twitter:label1\" content=\"Tiempo de lectura\" \/>\n\t<meta name=\"twitter:data1\" content=\"1 minuto\" \/>\n<script type=\"application\/ld+json\" class=\"yoast-schema-graph\">{\"@context\":\"https:\/\/schema.org\",\"@graph\":[{\"@type\":\"WebPage\",\"@id\":\"https:\/\/demoweb.info\/sexshop001\/producto\/eros-glide-lubricante-de-silicona-para-juguetes-30ml\/\",\"url\":\"https:\/\/demoweb.info\/sexshop001\/producto\/eros-glide-lubricante-de-silicona-para-juguetes-30ml\/\",\"name\":\"EROS GLIDE LUBRICANTE DE SILICONA PARA JUGUETES 30ML - Tienda Er\u00f3tica\",\"isPartOf\":{\"@id\":\"https:\/\/demoweb.info\/sexshop001\/#website\"},\"datePublished\":\"2022-01-22T17:39:29+00:00\",\"dateModified\":\"2022-01-22T17:39:33+00:00\",\"breadcrumb\":{\"@id\":\"https:\/\/demoweb.info\/sexshop001\/producto\/eros-glide-lubricante-de-silicona-para-juguetes-30ml\/#breadcrumb\"},\"inLanguage\":\"es\",\"potentialAction\":[{\"@type\":\"ReadAction\",\"target\":[\"https:\/\/demoweb.info\/sexshop001\/producto\/eros-glide-lubricante-de-silicona-para-juguetes-30ml\/\"]}]},{\"@type\":\"BreadcrumbList\",\"@id\":\"https:\/\/demoweb.info\/sexshop001\/producto\/eros-glide-lubricante-de-silicona-para-juguetes-30ml\/#breadcrumb\",\"itemListElement\":[{\"@type\":\"ListItem\",\"position\":1,\"name\":\"Portada\",\"item\":\"https:\/\/demoweb.info\/sexshop001\/\"},{\"@type\":\"ListItem\",\"position\":2,\"name\":\"Tienda\",\"item\":\"https:\/\/demoweb.info\/sexshop001\/tienda\/\"},{\"@type\":\"ListItem\",\"position\":3,\"name\":\"EROS GLIDE LUBRICANTE DE SILICONA PARA JUGUETES 30ML\"}]},{\"@type\":\"WebSite\",\"@id\":\"https:\/\/demoweb.info\/sexshop001\/#website\",\"url\":\"https:\/\/demoweb.info\/sexshop001\/\",\"name\":\"Tienda Er\u00f3tica\",\"description\":\"DEMOWEB SL\",\"potentialAction\":[{\"@type\":\"SearchAction\",\"target\":{\"@type\":\"EntryPoint\",\"urlTemplate\":\"https:\/\/demoweb.info\/sexshop001\/?s={search_term_string}\"},\"query-input\":\"required name=search_term_string\"}],\"inLanguage\":\"es\"}]}<\/script>\n<!-- \/ Yoast SEO plugin. -->","yoast_head_json":{"title":"EROS GLIDE LUBRICANTE DE SILICONA PARA JUGUETES 30ML - Tienda Er\u00f3tica","robots":{"index":"noindex","follow":"follow","max-snippet":"max-snippet:-1","max-image-preview":"max-image-preview:large","max-video-preview":"max-video-preview:-1"},"og_locale":"es_ES","og_type":"article","og_title":"EROS GLIDE LUBRICANTE DE SILICONA PARA JUGUETES 30ML - Tienda Er\u00f3tica","og_description":"EROS TOY SILICONE GLIDE Para todo tipo de juguetes er\u00f3ticos, especialmente de silicona. \u00bfLe apasionan los juguetes de silicona y","og_url":"https:\/\/demoweb.info\/sexshop001\/producto\/eros-glide-lubricante-de-silicona-para-juguetes-30ml\/","og_site_name":"Tienda Er\u00f3tica","article_modified_time":"2022-01-22T17:39:33+00:00","og_image":[{"width":550,"height":550,"url":"https:\/\/demoweb.info\/sexshop001\/wp-content\/uploads\/2022\/01\/EROS-GLIDE-LUBRICANTE-DE-SILICONA-PARA-JUGUETES-30ML.jpg","type":"image\/jpeg"}],"twitter_card":"summary_large_image","twitter_misc":{"Tiempo de lectura":"1 minuto"},"schema":{"@context":"https:\/\/schema.org","@graph":[{"@type":"WebPage","@id":"https:\/\/demoweb.info\/sexshop001\/producto\/eros-glide-lubricante-de-silicona-para-juguetes-30ml\/","url":"https:\/\/demoweb.info\/sexshop001\/producto\/eros-glide-lubricante-de-silicona-para-juguetes-30ml\/","name":"EROS GLIDE LUBRICANTE DE SILICONA PARA JUGUETES 30ML - Tienda Er\u00f3tica","isPartOf":{"@id":"https:\/\/demoweb.info\/sexshop001\/#website"},"datePublished":"2022-01-22T17:39:29+00:00","dateModified":"2022-01-22T17:39:33+00:00","breadcrumb":{"@id":"https:\/\/demoweb.info\/sexshop001\/producto\/eros-glide-lubricante-de-silicona-para-juguetes-30ml\/#breadcrumb"},"inLanguage":"es","potentialAction":[{"@type":"ReadAction","target":["https:\/\/demoweb.info\/sexshop001\/producto\/eros-glide-lubricante-de-silicona-para-juguetes-30ml\/"]}]},{"@type":"BreadcrumbList","@id":"https:\/\/demoweb.info\/sexshop001\/producto\/eros-glide-lubricante-de-silicona-para-juguetes-30ml\/#breadcrumb","itemListElement":[{"@type":"ListItem","position":1,"name":"Portada","item":"https:\/\/demoweb.info\/sexshop001\/"},{"@type":"ListItem","position":2,"name":"Tienda","item":"https:\/\/demoweb.info\/sexshop001\/tienda\/"},{"@type":"ListItem","position":3,"name":"EROS GLIDE LUBRICANTE DE SILICONA PARA JUGUETES 30ML"}]},{"@type":"WebSite","@id":"https:\/\/demoweb.info\/sexshop001\/#website","url":"https:\/\/demoweb.info\/sexshop001\/","name":"Tienda Er\u00f3tica","description":"DEMOWEB SL","potentialAction":[{"@type":"SearchAction","target":{"@type":"EntryPoint","urlTemplate":"https:\/\/demoweb.info\/sexshop001\/?s={search_term_string}"},"query-input":"required name=search_term_string"}],"inLanguage":"es"}]}},"_links":{"self":[{"href":"https:\/\/demoweb.info\/sexshop001\/wp-json\/wp\/v3\/product\/63467","targetHints":{"allow":["GET"]}}],"collection":[{"href":"https:\/\/demoweb.info\/sexshop001\/wp-json\/wp\/v3\/product"}],"about":[{"href":"https:\/\/demoweb.info\/sexshop001\/wp-json\/wp\/v2\/types\/product"}],"replies":[{"embeddable":true,"href":"https:\/\/demoweb.info\/sexshop001\/wp-json\/wp\/v2\/comments?post=63467"}],"wp:featuredmedia":[{"embeddable":true,"href":"https:\/\/demoweb.info\/sexshop001\/wp-json\/wp\/v2\/media\/63468"}],"wp:attachment":[{"href":"https:\/\/demoweb.info\/sexshop001\/wp-json\/wp\/v2\/media?parent=63467"}],"wp:term":[{"taxonomy":"product_cat","embeddable":true,"href":"https:\/\/demoweb.info\/sexshop001\/wp-json\/wp\/v2\/product_cat?post=63467"},{"taxonomy":"product_tag","embeddable":true,"href":"https:\/\/demoweb.info\/sexshop001\/wp-json\/wp\/v2\/product_tag?post=63467"}],"curies":[{"name":"wp","href":"https:\/\/api.w.org\/{rel}","templated":true}]}}