{"id":63439,"date":"2022-01-22T18:39:06","date_gmt":"2022-01-22T17:39:06","guid":{"rendered":"https:\/\/demoweb.info\/sexshop001\/producto\/surf-city-centerfold-vibrador-silicona-rosa\/"},"modified":"2022-01-22T18:39:12","modified_gmt":"2022-01-22T17:39:12","slug":"surf-city-centerfold-vibrador-silicona-rosa","status":"publish","type":"product","link":"https:\/\/demoweb.info\/sexshop001\/producto\/surf-city-centerfold-vibrador-silicona-rosa\/","title":{"rendered":"SURF CITY CENTERFOLD VIBRADOR SILICONA &#8211; ROSA"},"content":{"rendered":"<p><strong>SURF CITY CENTERFOLD<\/strong><\/p>\n<p>D\u00e9jate llevar por las olas de placer mientras California Dreaming \u2122 Surf City Centerfold te hace cosquillas y te conduce hacia el \u00e9xtasis.<\/p>\n<p>El potente masajeador tiene 3 intensas pulsaciones intensas y 10 funciones de vibraci\u00f3n para una experiencia de placer \u00fanica en la vida.<\/p>\n<p>La punta pulsante ofrece velocidades emocionantes y sensaciones que redefinen el placer.<\/p>\n<p>Elige la intensidad de tu placer con 3 emocionantes velocidades y sum\u00e9rjete en la apasionada estimulaci\u00f3n interna. Para empujarte por encima del borde, el ambiente sedoso tiene una funci\u00f3n de refuerzo de potencia que te agita las rodillas para obtener vibraciones m\u00e1ximas instant\u00e1neas.<\/p>\n<p>Caracter\u00edsticas:<\/p>\n<ul>\n<li>10 modos de vibraci\u00f3n<\/li>\n<li>Impermeable<\/li>\n<li>Material: Silicona y pl\u00e1stico ABS<\/li>\n<li>Recargable con USB<\/li>\n<li>Medidas: 16 x 3,75 cm<\/li>\n<\/ul>\n","protected":false},"excerpt":{"rendered":"<p>SURF CITY CENTERFOLD D\u00e9jate llevar por las olas de placer mientras California Dreaming \u2122 Surf City Centerfold te hace cosquillas<\/p>\n","protected":false},"featured_media":63440,"comment_status":"open","ping_status":"open","template":"","meta":[],"product_cat":[315],"product_tag":[660,663],"class_list":["post-63439","product","type-product","status-publish","has-post-thumbnail","hentry","product_cat-silicona-vibradores-juguetes-xxx","product_tag-calexotics","product_tag-california-dreaming"],"bundled_by":[],"bundle_stock_status":"outofstock","bundle_stock_quantity":0,"bundle_virtual":false,"bundle_layout":"","bundle_add_to_cart_form_location":"","bundle_editable_in_cart":false,"bundle_sold_individually_context":"","bundle_item_grouping":"","bundle_min_size":"","bundle_max_size":"","bundled_items":[],"yoast_head":"<!-- This site is optimized with the Yoast SEO plugin v20.6 - https:\/\/yoast.com\/wordpress\/plugins\/seo\/ -->\n<title>SURF CITY CENTERFOLD VIBRADOR SILICONA - ROSA - Tienda Er\u00f3tica<\/title>\n<meta name=\"robots\" content=\"noindex, follow, max-snippet:-1, max-image-preview:large, max-video-preview:-1\" \/>\n<meta property=\"og:locale\" content=\"es_ES\" \/>\n<meta property=\"og:type\" content=\"article\" \/>\n<meta property=\"og:title\" content=\"SURF CITY CENTERFOLD VIBRADOR SILICONA - ROSA - Tienda Er\u00f3tica\" \/>\n<meta property=\"og:description\" content=\"SURF CITY CENTERFOLD D\u00e9jate llevar por las olas de placer mientras California Dreaming \u2122 Surf City Centerfold te hace cosquillas\" \/>\n<meta property=\"og:url\" content=\"https:\/\/demoweb.info\/sexshop001\/producto\/surf-city-centerfold-vibrador-silicona-rosa\/\" \/>\n<meta property=\"og:site_name\" content=\"Tienda Er\u00f3tica\" \/>\n<meta property=\"article:modified_time\" content=\"2022-01-22T17:39:12+00:00\" \/>\n<meta property=\"og:image\" content=\"https:\/\/demoweb.info\/sexshop001\/wp-content\/uploads\/2022\/01\/SURF-CITY-CENTERFOLD-VIBRADOR-SILICONA-ROSA.jpg\" \/>\n\t<meta property=\"og:image:width\" content=\"550\" \/>\n\t<meta property=\"og:image:height\" content=\"550\" \/>\n\t<meta property=\"og:image:type\" content=\"image\/jpeg\" \/>\n<meta name=\"twitter:card\" content=\"summary_large_image\" \/>\n<meta name=\"twitter:label1\" content=\"Tiempo de lectura\" \/>\n\t<meta name=\"twitter:data1\" content=\"1 minuto\" \/>\n<script type=\"application\/ld+json\" class=\"yoast-schema-graph\">{\"@context\":\"https:\/\/schema.org\",\"@graph\":[{\"@type\":\"WebPage\",\"@id\":\"https:\/\/demoweb.info\/sexshop001\/producto\/surf-city-centerfold-vibrador-silicona-rosa\/\",\"url\":\"https:\/\/demoweb.info\/sexshop001\/producto\/surf-city-centerfold-vibrador-silicona-rosa\/\",\"name\":\"SURF CITY CENTERFOLD VIBRADOR SILICONA - ROSA - Tienda Er\u00f3tica\",\"isPartOf\":{\"@id\":\"https:\/\/demoweb.info\/sexshop001\/#website\"},\"datePublished\":\"2022-01-22T17:39:06+00:00\",\"dateModified\":\"2022-01-22T17:39:12+00:00\",\"breadcrumb\":{\"@id\":\"https:\/\/demoweb.info\/sexshop001\/producto\/surf-city-centerfold-vibrador-silicona-rosa\/#breadcrumb\"},\"inLanguage\":\"es\",\"potentialAction\":[{\"@type\":\"ReadAction\",\"target\":[\"https:\/\/demoweb.info\/sexshop001\/producto\/surf-city-centerfold-vibrador-silicona-rosa\/\"]}]},{\"@type\":\"BreadcrumbList\",\"@id\":\"https:\/\/demoweb.info\/sexshop001\/producto\/surf-city-centerfold-vibrador-silicona-rosa\/#breadcrumb\",\"itemListElement\":[{\"@type\":\"ListItem\",\"position\":1,\"name\":\"Portada\",\"item\":\"https:\/\/demoweb.info\/sexshop001\/\"},{\"@type\":\"ListItem\",\"position\":2,\"name\":\"Tienda\",\"item\":\"https:\/\/demoweb.info\/sexshop001\/tienda\/\"},{\"@type\":\"ListItem\",\"position\":3,\"name\":\"SURF CITY CENTERFOLD VIBRADOR SILICONA &#8211; ROSA\"}]},{\"@type\":\"WebSite\",\"@id\":\"https:\/\/demoweb.info\/sexshop001\/#website\",\"url\":\"https:\/\/demoweb.info\/sexshop001\/\",\"name\":\"Tienda Er\u00f3tica\",\"description\":\"DEMOWEB SL\",\"potentialAction\":[{\"@type\":\"SearchAction\",\"target\":{\"@type\":\"EntryPoint\",\"urlTemplate\":\"https:\/\/demoweb.info\/sexshop001\/?s={search_term_string}\"},\"query-input\":\"required name=search_term_string\"}],\"inLanguage\":\"es\"}]}<\/script>\n<!-- \/ Yoast SEO plugin. -->","yoast_head_json":{"title":"SURF CITY CENTERFOLD VIBRADOR SILICONA - ROSA - Tienda Er\u00f3tica","robots":{"index":"noindex","follow":"follow","max-snippet":"max-snippet:-1","max-image-preview":"max-image-preview:large","max-video-preview":"max-video-preview:-1"},"og_locale":"es_ES","og_type":"article","og_title":"SURF CITY CENTERFOLD VIBRADOR SILICONA - ROSA - Tienda Er\u00f3tica","og_description":"SURF CITY CENTERFOLD D\u00e9jate llevar por las olas de placer mientras California Dreaming \u2122 Surf City Centerfold te hace cosquillas","og_url":"https:\/\/demoweb.info\/sexshop001\/producto\/surf-city-centerfold-vibrador-silicona-rosa\/","og_site_name":"Tienda Er\u00f3tica","article_modified_time":"2022-01-22T17:39:12+00:00","og_image":[{"width":550,"height":550,"url":"https:\/\/demoweb.info\/sexshop001\/wp-content\/uploads\/2022\/01\/SURF-CITY-CENTERFOLD-VIBRADOR-SILICONA-ROSA.jpg","type":"image\/jpeg"}],"twitter_card":"summary_large_image","twitter_misc":{"Tiempo de lectura":"1 minuto"},"schema":{"@context":"https:\/\/schema.org","@graph":[{"@type":"WebPage","@id":"https:\/\/demoweb.info\/sexshop001\/producto\/surf-city-centerfold-vibrador-silicona-rosa\/","url":"https:\/\/demoweb.info\/sexshop001\/producto\/surf-city-centerfold-vibrador-silicona-rosa\/","name":"SURF CITY CENTERFOLD VIBRADOR SILICONA - ROSA - Tienda Er\u00f3tica","isPartOf":{"@id":"https:\/\/demoweb.info\/sexshop001\/#website"},"datePublished":"2022-01-22T17:39:06+00:00","dateModified":"2022-01-22T17:39:12+00:00","breadcrumb":{"@id":"https:\/\/demoweb.info\/sexshop001\/producto\/surf-city-centerfold-vibrador-silicona-rosa\/#breadcrumb"},"inLanguage":"es","potentialAction":[{"@type":"ReadAction","target":["https:\/\/demoweb.info\/sexshop001\/producto\/surf-city-centerfold-vibrador-silicona-rosa\/"]}]},{"@type":"BreadcrumbList","@id":"https:\/\/demoweb.info\/sexshop001\/producto\/surf-city-centerfold-vibrador-silicona-rosa\/#breadcrumb","itemListElement":[{"@type":"ListItem","position":1,"name":"Portada","item":"https:\/\/demoweb.info\/sexshop001\/"},{"@type":"ListItem","position":2,"name":"Tienda","item":"https:\/\/demoweb.info\/sexshop001\/tienda\/"},{"@type":"ListItem","position":3,"name":"SURF CITY CENTERFOLD VIBRADOR SILICONA &#8211; ROSA"}]},{"@type":"WebSite","@id":"https:\/\/demoweb.info\/sexshop001\/#website","url":"https:\/\/demoweb.info\/sexshop001\/","name":"Tienda Er\u00f3tica","description":"DEMOWEB SL","potentialAction":[{"@type":"SearchAction","target":{"@type":"EntryPoint","urlTemplate":"https:\/\/demoweb.info\/sexshop001\/?s={search_term_string}"},"query-input":"required name=search_term_string"}],"inLanguage":"es"}]}},"_links":{"self":[{"href":"https:\/\/demoweb.info\/sexshop001\/wp-json\/wp\/v3\/product\/63439","targetHints":{"allow":["GET"]}}],"collection":[{"href":"https:\/\/demoweb.info\/sexshop001\/wp-json\/wp\/v3\/product"}],"about":[{"href":"https:\/\/demoweb.info\/sexshop001\/wp-json\/wp\/v2\/types\/product"}],"replies":[{"embeddable":true,"href":"https:\/\/demoweb.info\/sexshop001\/wp-json\/wp\/v2\/comments?post=63439"}],"wp:featuredmedia":[{"embeddable":true,"href":"https:\/\/demoweb.info\/sexshop001\/wp-json\/wp\/v2\/media\/63440"}],"wp:attachment":[{"href":"https:\/\/demoweb.info\/sexshop001\/wp-json\/wp\/v2\/media?parent=63439"}],"wp:term":[{"taxonomy":"product_cat","embeddable":true,"href":"https:\/\/demoweb.info\/sexshop001\/wp-json\/wp\/v2\/product_cat?post=63439"},{"taxonomy":"product_tag","embeddable":true,"href":"https:\/\/demoweb.info\/sexshop001\/wp-json\/wp\/v2\/product_tag?post=63439"}],"curies":[{"name":"wp","href":"https:\/\/api.w.org\/{rel}","templated":true}]}}