{"id":63432,"date":"2022-01-22T18:39:06","date_gmt":"2022-01-22T17:39:06","guid":{"rendered":"https:\/\/demoweb.info\/sexshop001\/producto\/fifty-days-of-play-ingles\/"},"modified":"2022-01-22T18:39:07","modified_gmt":"2022-01-22T17:39:07","slug":"fifty-days-of-play-ingles","status":"publish","type":"product","link":"https:\/\/demoweb.info\/sexshop001\/producto\/fifty-days-of-play-ingles\/","title":{"rendered":"FIFTY DAYS OF PLAY &#8211; INGL\u00c9S"},"content":{"rendered":"<p><strong>FIFTY DAYS OF PLAY<\/strong><\/p>\n<p>Fifty Days of Play ofrece 50 invitaciones para aventuras emocionantes y placenteras para parejas amorosas que desean jugar.<\/p>\n<p>Fifty Days of Play tiene cinco niveles de juego sexy con diez sobres secretos para cada nivel, desde Virginal White hasta Vanilla, Light y Dark Grey hasta Seductive Black y est\u00e1 repleto de gestos \u00edntimos y rom\u00e1nticos, escenarios estimulantes, sugerencias traviesas y sorpresas er\u00f3ticas.<\/p>\n<p>Los jugadores est\u00e1n invitados a tirar el dado para ver qu\u00e9 sombra de maldad disfrutar\u00e1n ambos. Los sobres coordinados en color deciden qui\u00e9n ser\u00e1 el jugador dominante y qui\u00e9n jugar\u00e1 un papel m\u00e1s sumiso hoy.<\/p>\n<p>Contenido:<br \/>\n&#8211; 1 dado<br \/>\n&#8211; 50 Sobres de 5 tonalidades.<\/p>\n<p><strong>NOTA<\/strong>:<\/p>\n<ul>\n<li>Idioma: Ingl\u00e9s<\/li>\n<\/ul>\n","protected":false},"excerpt":{"rendered":"<p>FIFTY DAYS OF PLAY Fifty Days of Play ofrece 50 invitaciones para aventuras emocionantes y placenteras para parejas amorosas que<\/p>\n","protected":false},"featured_media":63433,"comment_status":"open","ping_status":"open","template":"","meta":[],"product_cat":[519],"product_tag":[383],"class_list":["post-63432","product","type-product","status-publish","has-post-thumbnail","hentry","product_cat-parejas","product_tag-kheper-games"],"bundled_by":[],"bundle_stock_status":"instock","bundle_stock_quantity":1,"bundle_virtual":false,"bundle_layout":"","bundle_add_to_cart_form_location":"","bundle_editable_in_cart":false,"bundle_sold_individually_context":"","bundle_item_grouping":"","bundle_min_size":"","bundle_max_size":"","bundled_items":[],"yoast_head":"<!-- This site is optimized with the Yoast SEO plugin v20.6 - https:\/\/yoast.com\/wordpress\/plugins\/seo\/ -->\n<title>FIFTY DAYS OF PLAY - INGL\u00c9S - Tienda Er\u00f3tica<\/title>\n<meta name=\"robots\" content=\"noindex, follow, max-snippet:-1, max-image-preview:large, max-video-preview:-1\" \/>\n<meta property=\"og:locale\" content=\"es_ES\" \/>\n<meta property=\"og:type\" content=\"article\" \/>\n<meta property=\"og:title\" content=\"FIFTY DAYS OF PLAY - INGL\u00c9S - Tienda Er\u00f3tica\" \/>\n<meta property=\"og:description\" content=\"FIFTY DAYS OF PLAY Fifty Days of Play ofrece 50 invitaciones para aventuras emocionantes y placenteras para parejas amorosas que\" \/>\n<meta property=\"og:url\" content=\"https:\/\/demoweb.info\/sexshop001\/producto\/fifty-days-of-play-ingles\/\" \/>\n<meta property=\"og:site_name\" content=\"Tienda Er\u00f3tica\" \/>\n<meta property=\"article:modified_time\" content=\"2022-01-22T17:39:07+00:00\" \/>\n<meta property=\"og:image\" content=\"https:\/\/demoweb.info\/sexshop001\/wp-content\/uploads\/2022\/01\/FIFTY-DAYS-OF-PLAY-INGLES.jpg\" \/>\n\t<meta property=\"og:image:width\" content=\"550\" \/>\n\t<meta property=\"og:image:height\" content=\"550\" \/>\n\t<meta property=\"og:image:type\" content=\"image\/jpeg\" \/>\n<meta name=\"twitter:card\" content=\"summary_large_image\" \/>\n<meta name=\"twitter:label1\" content=\"Tiempo de lectura\" \/>\n\t<meta name=\"twitter:data1\" content=\"1 minuto\" \/>\n<script type=\"application\/ld+json\" class=\"yoast-schema-graph\">{\"@context\":\"https:\/\/schema.org\",\"@graph\":[{\"@type\":\"WebPage\",\"@id\":\"https:\/\/demoweb.info\/sexshop001\/producto\/fifty-days-of-play-ingles\/\",\"url\":\"https:\/\/demoweb.info\/sexshop001\/producto\/fifty-days-of-play-ingles\/\",\"name\":\"FIFTY DAYS OF PLAY - INGL\u00c9S - Tienda Er\u00f3tica\",\"isPartOf\":{\"@id\":\"https:\/\/demoweb.info\/sexshop001\/#website\"},\"datePublished\":\"2022-01-22T17:39:06+00:00\",\"dateModified\":\"2022-01-22T17:39:07+00:00\",\"breadcrumb\":{\"@id\":\"https:\/\/demoweb.info\/sexshop001\/producto\/fifty-days-of-play-ingles\/#breadcrumb\"},\"inLanguage\":\"es\",\"potentialAction\":[{\"@type\":\"ReadAction\",\"target\":[\"https:\/\/demoweb.info\/sexshop001\/producto\/fifty-days-of-play-ingles\/\"]}]},{\"@type\":\"BreadcrumbList\",\"@id\":\"https:\/\/demoweb.info\/sexshop001\/producto\/fifty-days-of-play-ingles\/#breadcrumb\",\"itemListElement\":[{\"@type\":\"ListItem\",\"position\":1,\"name\":\"Portada\",\"item\":\"https:\/\/demoweb.info\/sexshop001\/\"},{\"@type\":\"ListItem\",\"position\":2,\"name\":\"Tienda\",\"item\":\"https:\/\/demoweb.info\/sexshop001\/tienda\/\"},{\"@type\":\"ListItem\",\"position\":3,\"name\":\"FIFTY DAYS OF PLAY &#8211; INGL\u00c9S\"}]},{\"@type\":\"WebSite\",\"@id\":\"https:\/\/demoweb.info\/sexshop001\/#website\",\"url\":\"https:\/\/demoweb.info\/sexshop001\/\",\"name\":\"Tienda Er\u00f3tica\",\"description\":\"DEMOWEB SL\",\"potentialAction\":[{\"@type\":\"SearchAction\",\"target\":{\"@type\":\"EntryPoint\",\"urlTemplate\":\"https:\/\/demoweb.info\/sexshop001\/?s={search_term_string}\"},\"query-input\":\"required name=search_term_string\"}],\"inLanguage\":\"es\"}]}<\/script>\n<!-- \/ Yoast SEO plugin. -->","yoast_head_json":{"title":"FIFTY DAYS OF PLAY - INGL\u00c9S - Tienda Er\u00f3tica","robots":{"index":"noindex","follow":"follow","max-snippet":"max-snippet:-1","max-image-preview":"max-image-preview:large","max-video-preview":"max-video-preview:-1"},"og_locale":"es_ES","og_type":"article","og_title":"FIFTY DAYS OF PLAY - INGL\u00c9S - Tienda Er\u00f3tica","og_description":"FIFTY DAYS OF PLAY Fifty Days of Play ofrece 50 invitaciones para aventuras emocionantes y placenteras para parejas amorosas que","og_url":"https:\/\/demoweb.info\/sexshop001\/producto\/fifty-days-of-play-ingles\/","og_site_name":"Tienda Er\u00f3tica","article_modified_time":"2022-01-22T17:39:07+00:00","og_image":[{"width":550,"height":550,"url":"https:\/\/demoweb.info\/sexshop001\/wp-content\/uploads\/2022\/01\/FIFTY-DAYS-OF-PLAY-INGLES.jpg","type":"image\/jpeg"}],"twitter_card":"summary_large_image","twitter_misc":{"Tiempo de lectura":"1 minuto"},"schema":{"@context":"https:\/\/schema.org","@graph":[{"@type":"WebPage","@id":"https:\/\/demoweb.info\/sexshop001\/producto\/fifty-days-of-play-ingles\/","url":"https:\/\/demoweb.info\/sexshop001\/producto\/fifty-days-of-play-ingles\/","name":"FIFTY DAYS OF PLAY - INGL\u00c9S - Tienda Er\u00f3tica","isPartOf":{"@id":"https:\/\/demoweb.info\/sexshop001\/#website"},"datePublished":"2022-01-22T17:39:06+00:00","dateModified":"2022-01-22T17:39:07+00:00","breadcrumb":{"@id":"https:\/\/demoweb.info\/sexshop001\/producto\/fifty-days-of-play-ingles\/#breadcrumb"},"inLanguage":"es","potentialAction":[{"@type":"ReadAction","target":["https:\/\/demoweb.info\/sexshop001\/producto\/fifty-days-of-play-ingles\/"]}]},{"@type":"BreadcrumbList","@id":"https:\/\/demoweb.info\/sexshop001\/producto\/fifty-days-of-play-ingles\/#breadcrumb","itemListElement":[{"@type":"ListItem","position":1,"name":"Portada","item":"https:\/\/demoweb.info\/sexshop001\/"},{"@type":"ListItem","position":2,"name":"Tienda","item":"https:\/\/demoweb.info\/sexshop001\/tienda\/"},{"@type":"ListItem","position":3,"name":"FIFTY DAYS OF PLAY &#8211; INGL\u00c9S"}]},{"@type":"WebSite","@id":"https:\/\/demoweb.info\/sexshop001\/#website","url":"https:\/\/demoweb.info\/sexshop001\/","name":"Tienda Er\u00f3tica","description":"DEMOWEB SL","potentialAction":[{"@type":"SearchAction","target":{"@type":"EntryPoint","urlTemplate":"https:\/\/demoweb.info\/sexshop001\/?s={search_term_string}"},"query-input":"required name=search_term_string"}],"inLanguage":"es"}]}},"_links":{"self":[{"href":"https:\/\/demoweb.info\/sexshop001\/wp-json\/wp\/v3\/product\/63432","targetHints":{"allow":["GET"]}}],"collection":[{"href":"https:\/\/demoweb.info\/sexshop001\/wp-json\/wp\/v3\/product"}],"about":[{"href":"https:\/\/demoweb.info\/sexshop001\/wp-json\/wp\/v2\/types\/product"}],"replies":[{"embeddable":true,"href":"https:\/\/demoweb.info\/sexshop001\/wp-json\/wp\/v2\/comments?post=63432"}],"wp:featuredmedia":[{"embeddable":true,"href":"https:\/\/demoweb.info\/sexshop001\/wp-json\/wp\/v2\/media\/63433"}],"wp:attachment":[{"href":"https:\/\/demoweb.info\/sexshop001\/wp-json\/wp\/v2\/media?parent=63432"}],"wp:term":[{"taxonomy":"product_cat","embeddable":true,"href":"https:\/\/demoweb.info\/sexshop001\/wp-json\/wp\/v2\/product_cat?post=63432"},{"taxonomy":"product_tag","embeddable":true,"href":"https:\/\/demoweb.info\/sexshop001\/wp-json\/wp\/v2\/product_tag?post=63432"}],"curies":[{"name":"wp","href":"https:\/\/api.w.org\/{rel}","templated":true}]}}