{"id":63429,"date":"2022-01-22T18:38:38","date_gmt":"2022-01-22T17:38:38","guid":{"rendered":"https:\/\/demoweb.info\/sexshop001\/producto\/mini-corazon-erotico\/"},"modified":"2022-01-22T18:39:03","modified_gmt":"2022-01-22T17:39:03","slug":"mini-corazon-erotico","status":"publish","type":"product","link":"https:\/\/demoweb.info\/sexshop001\/producto\/mini-corazon-erotico\/","title":{"rendered":"MINI CORAZ\u00d3N ER\u00d3TICO"},"content":{"rendered":"<p><strong>EROTIC HEART MINI (NO-SE-ES-IT)<\/strong><\/p>\n<p><em>Veintiuna aventuras sensuales para el placer mutuo.<\/em><\/p>\n<p>Usa el Coraz\u00f3n er\u00f3tico para agregar un toque de espontaneidad sensual a tus momentos \u00edntimos juntos, \u00a1y convierte una velada normal en una fuente de aventura placentera!<\/p>\n<p>El coraz\u00f3n er\u00f3tico es una caja con forma de coraz\u00f3n que contiene veinti\u00fan desaf\u00edos atractivos para ti y tu pareja. Midiendo menos de 7 cm de ancho, este peque\u00f1o coraz\u00f3n puede aparecer en cualquier lugar. Debajo de una almohada, en una canasta de picnic, con una copa de vino o durante una cena rom\u00e1ntica para dos: agrega una emoci\u00f3n y una sorpresa cada vez que te apetezca.<\/p>\n<p>M\u00edmate a ti mismo y a tu amante con este coraz\u00f3n lleno de inspiraci\u00f3n er\u00f3tica para veladas \u00edntimas. Y si tienes hambre de m\u00e1s, aseg\u00farate de revisar toda la gama de Corazones en la colecci\u00f3n Tease &#038; Please. \u00a1Emoci\u00f3n duradera garantizada!<\/p>\n","protected":false},"excerpt":{"rendered":"<p>EROTIC HEART MINI (NO-SE-ES-IT) Veintiuna aventuras sensuales para el placer mutuo. Usa el Coraz\u00f3n er\u00f3tico para agregar un toque de<\/p>\n","protected":false},"featured_media":63430,"comment_status":"open","ping_status":"open","template":"","meta":[],"product_cat":[367],"product_tag":[368],"class_list":["post-63429","product","type-product","status-publish","has-post-thumbnail","hentry","product_cat-juegos-pareja","product_tag-tease-and-please"],"bundled_by":[],"bundle_stock_status":"instock","bundle_stock_quantity":2,"bundle_virtual":false,"bundle_layout":"","bundle_add_to_cart_form_location":"","bundle_editable_in_cart":false,"bundle_sold_individually_context":"","bundle_item_grouping":"","bundle_min_size":"","bundle_max_size":"","bundled_items":[],"yoast_head":"<!-- This site is optimized with the Yoast SEO plugin v20.6 - https:\/\/yoast.com\/wordpress\/plugins\/seo\/ -->\n<title>MINI CORAZ\u00d3N ER\u00d3TICO - Tienda Er\u00f3tica<\/title>\n<meta name=\"robots\" content=\"noindex, follow, max-snippet:-1, max-image-preview:large, max-video-preview:-1\" \/>\n<meta property=\"og:locale\" content=\"es_ES\" \/>\n<meta property=\"og:type\" content=\"article\" \/>\n<meta property=\"og:title\" content=\"MINI CORAZ\u00d3N ER\u00d3TICO - Tienda Er\u00f3tica\" \/>\n<meta property=\"og:description\" content=\"EROTIC HEART MINI (NO-SE-ES-IT) Veintiuna aventuras sensuales para el placer mutuo. Usa el Coraz\u00f3n er\u00f3tico para agregar un toque de\" \/>\n<meta property=\"og:url\" content=\"https:\/\/demoweb.info\/sexshop001\/producto\/mini-corazon-erotico\/\" \/>\n<meta property=\"og:site_name\" content=\"Tienda Er\u00f3tica\" \/>\n<meta property=\"article:modified_time\" content=\"2022-01-22T17:39:03+00:00\" \/>\n<meta property=\"og:image\" content=\"https:\/\/demoweb.info\/sexshop001\/wp-content\/uploads\/2022\/01\/MINI-CORAZON-EROTICO.jpg\" \/>\n\t<meta property=\"og:image:width\" content=\"550\" \/>\n\t<meta property=\"og:image:height\" content=\"550\" \/>\n\t<meta property=\"og:image:type\" content=\"image\/jpeg\" \/>\n<meta name=\"twitter:card\" content=\"summary_large_image\" \/>\n<meta name=\"twitter:label1\" content=\"Tiempo de lectura\" \/>\n\t<meta name=\"twitter:data1\" content=\"1 minuto\" \/>\n<script type=\"application\/ld+json\" class=\"yoast-schema-graph\">{\"@context\":\"https:\/\/schema.org\",\"@graph\":[{\"@type\":\"WebPage\",\"@id\":\"https:\/\/demoweb.info\/sexshop001\/producto\/mini-corazon-erotico\/\",\"url\":\"https:\/\/demoweb.info\/sexshop001\/producto\/mini-corazon-erotico\/\",\"name\":\"MINI CORAZ\u00d3N ER\u00d3TICO - Tienda Er\u00f3tica\",\"isPartOf\":{\"@id\":\"https:\/\/demoweb.info\/sexshop001\/#website\"},\"datePublished\":\"2022-01-22T17:38:38+00:00\",\"dateModified\":\"2022-01-22T17:39:03+00:00\",\"breadcrumb\":{\"@id\":\"https:\/\/demoweb.info\/sexshop001\/producto\/mini-corazon-erotico\/#breadcrumb\"},\"inLanguage\":\"es\",\"potentialAction\":[{\"@type\":\"ReadAction\",\"target\":[\"https:\/\/demoweb.info\/sexshop001\/producto\/mini-corazon-erotico\/\"]}]},{\"@type\":\"BreadcrumbList\",\"@id\":\"https:\/\/demoweb.info\/sexshop001\/producto\/mini-corazon-erotico\/#breadcrumb\",\"itemListElement\":[{\"@type\":\"ListItem\",\"position\":1,\"name\":\"Portada\",\"item\":\"https:\/\/demoweb.info\/sexshop001\/\"},{\"@type\":\"ListItem\",\"position\":2,\"name\":\"Tienda\",\"item\":\"https:\/\/demoweb.info\/sexshop001\/tienda\/\"},{\"@type\":\"ListItem\",\"position\":3,\"name\":\"MINI CORAZ\u00d3N ER\u00d3TICO\"}]},{\"@type\":\"WebSite\",\"@id\":\"https:\/\/demoweb.info\/sexshop001\/#website\",\"url\":\"https:\/\/demoweb.info\/sexshop001\/\",\"name\":\"Tienda Er\u00f3tica\",\"description\":\"DEMOWEB SL\",\"potentialAction\":[{\"@type\":\"SearchAction\",\"target\":{\"@type\":\"EntryPoint\",\"urlTemplate\":\"https:\/\/demoweb.info\/sexshop001\/?s={search_term_string}\"},\"query-input\":\"required name=search_term_string\"}],\"inLanguage\":\"es\"}]}<\/script>\n<!-- \/ Yoast SEO plugin. -->","yoast_head_json":{"title":"MINI CORAZ\u00d3N ER\u00d3TICO - Tienda Er\u00f3tica","robots":{"index":"noindex","follow":"follow","max-snippet":"max-snippet:-1","max-image-preview":"max-image-preview:large","max-video-preview":"max-video-preview:-1"},"og_locale":"es_ES","og_type":"article","og_title":"MINI CORAZ\u00d3N ER\u00d3TICO - Tienda Er\u00f3tica","og_description":"EROTIC HEART MINI (NO-SE-ES-IT) Veintiuna aventuras sensuales para el placer mutuo. Usa el Coraz\u00f3n er\u00f3tico para agregar un toque de","og_url":"https:\/\/demoweb.info\/sexshop001\/producto\/mini-corazon-erotico\/","og_site_name":"Tienda Er\u00f3tica","article_modified_time":"2022-01-22T17:39:03+00:00","og_image":[{"width":550,"height":550,"url":"https:\/\/demoweb.info\/sexshop001\/wp-content\/uploads\/2022\/01\/MINI-CORAZON-EROTICO.jpg","type":"image\/jpeg"}],"twitter_card":"summary_large_image","twitter_misc":{"Tiempo de lectura":"1 minuto"},"schema":{"@context":"https:\/\/schema.org","@graph":[{"@type":"WebPage","@id":"https:\/\/demoweb.info\/sexshop001\/producto\/mini-corazon-erotico\/","url":"https:\/\/demoweb.info\/sexshop001\/producto\/mini-corazon-erotico\/","name":"MINI CORAZ\u00d3N ER\u00d3TICO - Tienda Er\u00f3tica","isPartOf":{"@id":"https:\/\/demoweb.info\/sexshop001\/#website"},"datePublished":"2022-01-22T17:38:38+00:00","dateModified":"2022-01-22T17:39:03+00:00","breadcrumb":{"@id":"https:\/\/demoweb.info\/sexshop001\/producto\/mini-corazon-erotico\/#breadcrumb"},"inLanguage":"es","potentialAction":[{"@type":"ReadAction","target":["https:\/\/demoweb.info\/sexshop001\/producto\/mini-corazon-erotico\/"]}]},{"@type":"BreadcrumbList","@id":"https:\/\/demoweb.info\/sexshop001\/producto\/mini-corazon-erotico\/#breadcrumb","itemListElement":[{"@type":"ListItem","position":1,"name":"Portada","item":"https:\/\/demoweb.info\/sexshop001\/"},{"@type":"ListItem","position":2,"name":"Tienda","item":"https:\/\/demoweb.info\/sexshop001\/tienda\/"},{"@type":"ListItem","position":3,"name":"MINI CORAZ\u00d3N ER\u00d3TICO"}]},{"@type":"WebSite","@id":"https:\/\/demoweb.info\/sexshop001\/#website","url":"https:\/\/demoweb.info\/sexshop001\/","name":"Tienda Er\u00f3tica","description":"DEMOWEB SL","potentialAction":[{"@type":"SearchAction","target":{"@type":"EntryPoint","urlTemplate":"https:\/\/demoweb.info\/sexshop001\/?s={search_term_string}"},"query-input":"required name=search_term_string"}],"inLanguage":"es"}]}},"_links":{"self":[{"href":"https:\/\/demoweb.info\/sexshop001\/wp-json\/wp\/v3\/product\/63429","targetHints":{"allow":["GET"]}}],"collection":[{"href":"https:\/\/demoweb.info\/sexshop001\/wp-json\/wp\/v3\/product"}],"about":[{"href":"https:\/\/demoweb.info\/sexshop001\/wp-json\/wp\/v2\/types\/product"}],"replies":[{"embeddable":true,"href":"https:\/\/demoweb.info\/sexshop001\/wp-json\/wp\/v2\/comments?post=63429"}],"wp:featuredmedia":[{"embeddable":true,"href":"https:\/\/demoweb.info\/sexshop001\/wp-json\/wp\/v2\/media\/63430"}],"wp:attachment":[{"href":"https:\/\/demoweb.info\/sexshop001\/wp-json\/wp\/v2\/media?parent=63429"}],"wp:term":[{"taxonomy":"product_cat","embeddable":true,"href":"https:\/\/demoweb.info\/sexshop001\/wp-json\/wp\/v2\/product_cat?post=63429"},{"taxonomy":"product_tag","embeddable":true,"href":"https:\/\/demoweb.info\/sexshop001\/wp-json\/wp\/v2\/product_tag?post=63429"}],"curies":[{"name":"wp","href":"https:\/\/api.w.org\/{rel}","templated":true}]}}