{"id":63427,"date":"2022-01-22T18:38:38","date_gmt":"2022-01-22T17:38:38","guid":{"rendered":"https:\/\/demoweb.info\/sexshop001\/producto\/fifty-nights-of-naughtiness\/"},"modified":"2022-01-22T18:39:02","modified_gmt":"2022-01-22T17:39:02","slug":"fifty-nights-of-naughtiness","status":"publish","type":"product","link":"https:\/\/demoweb.info\/sexshop001\/producto\/fifty-nights-of-naughtiness\/","title":{"rendered":"FIFTY NIGHTS OF NAUGHTINESS"},"content":{"rendered":"<p><strong>FIFTY NIGHTS OF NAUGHTINESS<\/strong><\/p>\n<p>\u00a1Da 50 pasos hacia la pasi\u00f3n al rojo vivo!<\/p>\n<p>Con diez sobres secretos en cada uno de los cinco niveles de juego, desde Virginal White, pasando por Pink, Red, Scarlet to Black, 50 Nights of Naughtiness est\u00e1 lleno de ideas sensuales, aventuras traviesas y sorpresas er\u00f3ticas.<\/p>\n<p>Introduce nuevas emociones e ideas en tu relaci\u00f3n mientras mantienes la intimidad amorosa que tu y tu pareja ya compart\u00eds.<\/p>\n<p>Simplemente tira el dado para ver qu\u00e9 sombra de maldad disfrutar\u00e1s esta noche. Tira un amarillo y tienes el poder de elegir cualquier tono dependiendo de tu estado de \u00e1nimo.<\/p>\n<p>\u00a1Ya sea que busqu\u00e9is momentos rom\u00e1nticos y tiernos juntos o quer\u00e1is agregar un poco de sabor a la velada, 50 Nights of Naughtiness lo entregar\u00e1n!<\/p>\n<p>Contenido:<br \/>\n&#8211; 10 Sobres Virginales Blancos &#8211; acciones tiernas y rom\u00e1nticas o sugerencias<br \/>\n&#8211; 10 Sobres Rosados &#8211; acciones o sugerencias descaradas y burlas<br \/>\n&#8211; 10 Sobres Rojos &#8211; acciones sensuales y experimentales o sugerencias.<br \/>\n&#8211; 10 Sobres Escarlata &#8211; acciones o sugerencias er\u00f3ticas y traviesas<br \/>\n&#8211; 10 sobres negros: acciones o sugerencias pervertidas y experimentales<\/p>\n","protected":false},"excerpt":{"rendered":"<p>FIFTY NIGHTS OF NAUGHTINESS \u00a1Da 50 pasos hacia la pasi\u00f3n al rojo vivo! Con diez sobres secretos en cada uno<\/p>\n","protected":false},"featured_media":63428,"comment_status":"open","ping_status":"open","template":"","meta":[],"product_cat":[367],"product_tag":[383],"class_list":["post-63427","product","type-product","status-publish","has-post-thumbnail","hentry","product_cat-juegos-pareja","product_tag-kheper-games"],"bundled_by":[],"bundle_stock_status":"instock","bundle_stock_quantity":2,"bundle_virtual":false,"bundle_layout":"","bundle_add_to_cart_form_location":"","bundle_editable_in_cart":false,"bundle_sold_individually_context":"","bundle_item_grouping":"","bundle_min_size":"","bundle_max_size":"","bundled_items":[],"yoast_head":"<!-- This site is optimized with the Yoast SEO plugin v20.6 - https:\/\/yoast.com\/wordpress\/plugins\/seo\/ -->\n<title>FIFTY NIGHTS OF NAUGHTINESS - Tienda Er\u00f3tica<\/title>\n<meta name=\"robots\" content=\"noindex, follow, max-snippet:-1, max-image-preview:large, max-video-preview:-1\" \/>\n<meta property=\"og:locale\" content=\"es_ES\" \/>\n<meta property=\"og:type\" content=\"article\" \/>\n<meta property=\"og:title\" content=\"FIFTY NIGHTS OF NAUGHTINESS - Tienda Er\u00f3tica\" \/>\n<meta property=\"og:description\" content=\"FIFTY NIGHTS OF NAUGHTINESS \u00a1Da 50 pasos hacia la pasi\u00f3n al rojo vivo! Con diez sobres secretos en cada uno\" \/>\n<meta property=\"og:url\" content=\"https:\/\/demoweb.info\/sexshop001\/producto\/fifty-nights-of-naughtiness\/\" \/>\n<meta property=\"og:site_name\" content=\"Tienda Er\u00f3tica\" \/>\n<meta property=\"article:modified_time\" content=\"2022-01-22T17:39:02+00:00\" \/>\n<meta property=\"og:image\" content=\"https:\/\/demoweb.info\/sexshop001\/wp-content\/uploads\/2022\/01\/FIFTY-NIGHTS-OF-NAUGHTINESS.jpg\" \/>\n\t<meta property=\"og:image:width\" content=\"550\" \/>\n\t<meta property=\"og:image:height\" content=\"550\" \/>\n\t<meta property=\"og:image:type\" content=\"image\/jpeg\" \/>\n<meta name=\"twitter:card\" content=\"summary_large_image\" \/>\n<meta name=\"twitter:label1\" content=\"Tiempo de lectura\" \/>\n\t<meta name=\"twitter:data1\" content=\"1 minuto\" \/>\n<script type=\"application\/ld+json\" class=\"yoast-schema-graph\">{\"@context\":\"https:\/\/schema.org\",\"@graph\":[{\"@type\":\"WebPage\",\"@id\":\"https:\/\/demoweb.info\/sexshop001\/producto\/fifty-nights-of-naughtiness\/\",\"url\":\"https:\/\/demoweb.info\/sexshop001\/producto\/fifty-nights-of-naughtiness\/\",\"name\":\"FIFTY NIGHTS OF NAUGHTINESS - Tienda Er\u00f3tica\",\"isPartOf\":{\"@id\":\"https:\/\/demoweb.info\/sexshop001\/#website\"},\"datePublished\":\"2022-01-22T17:38:38+00:00\",\"dateModified\":\"2022-01-22T17:39:02+00:00\",\"breadcrumb\":{\"@id\":\"https:\/\/demoweb.info\/sexshop001\/producto\/fifty-nights-of-naughtiness\/#breadcrumb\"},\"inLanguage\":\"es\",\"potentialAction\":[{\"@type\":\"ReadAction\",\"target\":[\"https:\/\/demoweb.info\/sexshop001\/producto\/fifty-nights-of-naughtiness\/\"]}]},{\"@type\":\"BreadcrumbList\",\"@id\":\"https:\/\/demoweb.info\/sexshop001\/producto\/fifty-nights-of-naughtiness\/#breadcrumb\",\"itemListElement\":[{\"@type\":\"ListItem\",\"position\":1,\"name\":\"Portada\",\"item\":\"https:\/\/demoweb.info\/sexshop001\/\"},{\"@type\":\"ListItem\",\"position\":2,\"name\":\"Tienda\",\"item\":\"https:\/\/demoweb.info\/sexshop001\/tienda\/\"},{\"@type\":\"ListItem\",\"position\":3,\"name\":\"FIFTY NIGHTS OF NAUGHTINESS\"}]},{\"@type\":\"WebSite\",\"@id\":\"https:\/\/demoweb.info\/sexshop001\/#website\",\"url\":\"https:\/\/demoweb.info\/sexshop001\/\",\"name\":\"Tienda Er\u00f3tica\",\"description\":\"DEMOWEB SL\",\"potentialAction\":[{\"@type\":\"SearchAction\",\"target\":{\"@type\":\"EntryPoint\",\"urlTemplate\":\"https:\/\/demoweb.info\/sexshop001\/?s={search_term_string}\"},\"query-input\":\"required name=search_term_string\"}],\"inLanguage\":\"es\"}]}<\/script>\n<!-- \/ Yoast SEO plugin. -->","yoast_head_json":{"title":"FIFTY NIGHTS OF NAUGHTINESS - Tienda Er\u00f3tica","robots":{"index":"noindex","follow":"follow","max-snippet":"max-snippet:-1","max-image-preview":"max-image-preview:large","max-video-preview":"max-video-preview:-1"},"og_locale":"es_ES","og_type":"article","og_title":"FIFTY NIGHTS OF NAUGHTINESS - Tienda Er\u00f3tica","og_description":"FIFTY NIGHTS OF NAUGHTINESS \u00a1Da 50 pasos hacia la pasi\u00f3n al rojo vivo! Con diez sobres secretos en cada uno","og_url":"https:\/\/demoweb.info\/sexshop001\/producto\/fifty-nights-of-naughtiness\/","og_site_name":"Tienda Er\u00f3tica","article_modified_time":"2022-01-22T17:39:02+00:00","og_image":[{"width":550,"height":550,"url":"https:\/\/demoweb.info\/sexshop001\/wp-content\/uploads\/2022\/01\/FIFTY-NIGHTS-OF-NAUGHTINESS.jpg","type":"image\/jpeg"}],"twitter_card":"summary_large_image","twitter_misc":{"Tiempo de lectura":"1 minuto"},"schema":{"@context":"https:\/\/schema.org","@graph":[{"@type":"WebPage","@id":"https:\/\/demoweb.info\/sexshop001\/producto\/fifty-nights-of-naughtiness\/","url":"https:\/\/demoweb.info\/sexshop001\/producto\/fifty-nights-of-naughtiness\/","name":"FIFTY NIGHTS OF NAUGHTINESS - Tienda Er\u00f3tica","isPartOf":{"@id":"https:\/\/demoweb.info\/sexshop001\/#website"},"datePublished":"2022-01-22T17:38:38+00:00","dateModified":"2022-01-22T17:39:02+00:00","breadcrumb":{"@id":"https:\/\/demoweb.info\/sexshop001\/producto\/fifty-nights-of-naughtiness\/#breadcrumb"},"inLanguage":"es","potentialAction":[{"@type":"ReadAction","target":["https:\/\/demoweb.info\/sexshop001\/producto\/fifty-nights-of-naughtiness\/"]}]},{"@type":"BreadcrumbList","@id":"https:\/\/demoweb.info\/sexshop001\/producto\/fifty-nights-of-naughtiness\/#breadcrumb","itemListElement":[{"@type":"ListItem","position":1,"name":"Portada","item":"https:\/\/demoweb.info\/sexshop001\/"},{"@type":"ListItem","position":2,"name":"Tienda","item":"https:\/\/demoweb.info\/sexshop001\/tienda\/"},{"@type":"ListItem","position":3,"name":"FIFTY NIGHTS OF NAUGHTINESS"}]},{"@type":"WebSite","@id":"https:\/\/demoweb.info\/sexshop001\/#website","url":"https:\/\/demoweb.info\/sexshop001\/","name":"Tienda Er\u00f3tica","description":"DEMOWEB SL","potentialAction":[{"@type":"SearchAction","target":{"@type":"EntryPoint","urlTemplate":"https:\/\/demoweb.info\/sexshop001\/?s={search_term_string}"},"query-input":"required name=search_term_string"}],"inLanguage":"es"}]}},"_links":{"self":[{"href":"https:\/\/demoweb.info\/sexshop001\/wp-json\/wp\/v3\/product\/63427","targetHints":{"allow":["GET"]}}],"collection":[{"href":"https:\/\/demoweb.info\/sexshop001\/wp-json\/wp\/v3\/product"}],"about":[{"href":"https:\/\/demoweb.info\/sexshop001\/wp-json\/wp\/v2\/types\/product"}],"replies":[{"embeddable":true,"href":"https:\/\/demoweb.info\/sexshop001\/wp-json\/wp\/v2\/comments?post=63427"}],"wp:featuredmedia":[{"embeddable":true,"href":"https:\/\/demoweb.info\/sexshop001\/wp-json\/wp\/v2\/media\/63428"}],"wp:attachment":[{"href":"https:\/\/demoweb.info\/sexshop001\/wp-json\/wp\/v2\/media?parent=63427"}],"wp:term":[{"taxonomy":"product_cat","embeddable":true,"href":"https:\/\/demoweb.info\/sexshop001\/wp-json\/wp\/v2\/product_cat?post=63427"},{"taxonomy":"product_tag","embeddable":true,"href":"https:\/\/demoweb.info\/sexshop001\/wp-json\/wp\/v2\/product_tag?post=63427"}],"curies":[{"name":"wp","href":"https:\/\/api.w.org\/{rel}","templated":true}]}}