{"id":63423,"date":"2022-01-22T18:38:38","date_gmt":"2022-01-22T17:38:38","guid":{"rendered":"https:\/\/demoweb.info\/sexshop001\/producto\/master-slave-edicion-deluxe\/"},"modified":"2022-01-22T18:38:58","modified_gmt":"2022-01-22T17:38:58","slug":"master-slave-edicion-deluxe","status":"publish","type":"product","link":"https:\/\/demoweb.info\/sexshop001\/producto\/master-slave-edicion-deluxe\/","title":{"rendered":"MASTER &#038; SLAVE EDICI\u00d3N DELUXE"},"content":{"rendered":"<p><strong>MASTER &#038; SLAVE EDITION DELUXE <\/strong><\/p>\n<p>Nunca se sabe lo que podr\u00eda pasar en este emocionante juego de poder y sumisi\u00f3n. \u00bfTe gustar\u00eda sujetar todas las cuerdas o preferir\u00edas estar atado y amordazado? \u00bfQuieres mandar o deseas obedecer? <\/p>\n<p>Sorpr\u00e9ndete con las tarjetas de tareas en las que puedes alternar entre ser dominante o sumiso, o ambos podr\u00e9is elegir vuestro rol favorito. Sin embargo, una cosa es segura: tus sentidos aumentar\u00e1n dram\u00e1ticamente y, lo que es m\u00e1s importante, todo lo que necesitas est\u00e1 en la caja del juego, que incluye un l\u00e1tigo, mordaza, pala, venda para los ojos, collar, estimulador de plumas, pu\u00f1os de mu\u00f1eca y tobillo, hogtie, bondage Cuerda y un cintur\u00f3n. Te deseamos diversi\u00f3n sin fin con este juego lleno de sorpresas er\u00f3ticas.<\/p>\n<p>MASTER &#038; SLAVE es una necesidad absoluta para aquellos que desean experimentar un poco con alguna er\u00f3tica perversa en su relaci\u00f3n sexual. Todos los accesorios que podr\u00edas desear se pueden encontrar en la caja.<\/p>\n<p>El juego tambi\u00e9n incluye 24 cartas con instrucciones claras, disponibles en 10 idiomas: ingl\u00e9s, espa\u00f1ol, franc\u00e9s, alem\u00e1n, holand\u00e9s, polaco, ruso, italiano, sueco y noruego.<\/p>\n","protected":false},"excerpt":{"rendered":"<p>MASTER &#038; SLAVE EDITION DELUXE Nunca se sabe lo que podr\u00eda pasar en este emocionante juego de poder y sumisi\u00f3n.<\/p>\n","protected":false},"featured_media":63424,"comment_status":"open","ping_status":"open","template":"","meta":[],"product_cat":[333],"product_tag":[368],"class_list":["post-63423","product","type-product","status-publish","has-post-thumbnail","hentry","product_cat-kits-bdsm","product_tag-tease-and-please"],"bundled_by":[],"bundle_stock_status":"instock","bundle_stock_quantity":1,"bundle_virtual":false,"bundle_layout":"","bundle_add_to_cart_form_location":"","bundle_editable_in_cart":false,"bundle_sold_individually_context":"","bundle_item_grouping":"","bundle_min_size":"","bundle_max_size":"","bundled_items":[],"yoast_head":"<!-- This site is optimized with the Yoast SEO plugin v20.6 - https:\/\/yoast.com\/wordpress\/plugins\/seo\/ -->\n<title>MASTER &amp; SLAVE EDICI\u00d3N DELUXE - Tienda Er\u00f3tica<\/title>\n<meta name=\"robots\" content=\"noindex, follow, max-snippet:-1, max-image-preview:large, max-video-preview:-1\" \/>\n<meta property=\"og:locale\" content=\"es_ES\" \/>\n<meta property=\"og:type\" content=\"article\" \/>\n<meta property=\"og:title\" content=\"MASTER &amp; SLAVE EDICI\u00d3N DELUXE - Tienda Er\u00f3tica\" \/>\n<meta property=\"og:description\" content=\"MASTER &#038; SLAVE EDITION DELUXE Nunca se sabe lo que podr\u00eda pasar en este emocionante juego de poder y sumisi\u00f3n.\" \/>\n<meta property=\"og:url\" content=\"https:\/\/demoweb.info\/sexshop001\/producto\/master-slave-edicion-deluxe\/\" \/>\n<meta property=\"og:site_name\" content=\"Tienda Er\u00f3tica\" \/>\n<meta property=\"article:modified_time\" content=\"2022-01-22T17:38:58+00:00\" \/>\n<meta property=\"og:image\" content=\"https:\/\/demoweb.info\/sexshop001\/wp-content\/uploads\/2022\/01\/MASTER-SLAVE-EDICION-DELUXE.jpg\" \/>\n\t<meta property=\"og:image:width\" content=\"550\" \/>\n\t<meta property=\"og:image:height\" content=\"550\" \/>\n\t<meta property=\"og:image:type\" content=\"image\/jpeg\" \/>\n<meta name=\"twitter:card\" content=\"summary_large_image\" \/>\n<meta name=\"twitter:label1\" content=\"Tiempo de lectura\" \/>\n\t<meta name=\"twitter:data1\" content=\"1 minuto\" \/>\n<script type=\"application\/ld+json\" class=\"yoast-schema-graph\">{\"@context\":\"https:\/\/schema.org\",\"@graph\":[{\"@type\":\"WebPage\",\"@id\":\"https:\/\/demoweb.info\/sexshop001\/producto\/master-slave-edicion-deluxe\/\",\"url\":\"https:\/\/demoweb.info\/sexshop001\/producto\/master-slave-edicion-deluxe\/\",\"name\":\"MASTER & SLAVE EDICI\u00d3N DELUXE - Tienda Er\u00f3tica\",\"isPartOf\":{\"@id\":\"https:\/\/demoweb.info\/sexshop001\/#website\"},\"datePublished\":\"2022-01-22T17:38:38+00:00\",\"dateModified\":\"2022-01-22T17:38:58+00:00\",\"breadcrumb\":{\"@id\":\"https:\/\/demoweb.info\/sexshop001\/producto\/master-slave-edicion-deluxe\/#breadcrumb\"},\"inLanguage\":\"es\",\"potentialAction\":[{\"@type\":\"ReadAction\",\"target\":[\"https:\/\/demoweb.info\/sexshop001\/producto\/master-slave-edicion-deluxe\/\"]}]},{\"@type\":\"BreadcrumbList\",\"@id\":\"https:\/\/demoweb.info\/sexshop001\/producto\/master-slave-edicion-deluxe\/#breadcrumb\",\"itemListElement\":[{\"@type\":\"ListItem\",\"position\":1,\"name\":\"Portada\",\"item\":\"https:\/\/demoweb.info\/sexshop001\/\"},{\"@type\":\"ListItem\",\"position\":2,\"name\":\"Tienda\",\"item\":\"https:\/\/demoweb.info\/sexshop001\/tienda\/\"},{\"@type\":\"ListItem\",\"position\":3,\"name\":\"MASTER &#038; SLAVE EDICI\u00d3N DELUXE\"}]},{\"@type\":\"WebSite\",\"@id\":\"https:\/\/demoweb.info\/sexshop001\/#website\",\"url\":\"https:\/\/demoweb.info\/sexshop001\/\",\"name\":\"Tienda Er\u00f3tica\",\"description\":\"DEMOWEB SL\",\"potentialAction\":[{\"@type\":\"SearchAction\",\"target\":{\"@type\":\"EntryPoint\",\"urlTemplate\":\"https:\/\/demoweb.info\/sexshop001\/?s={search_term_string}\"},\"query-input\":\"required name=search_term_string\"}],\"inLanguage\":\"es\"}]}<\/script>\n<!-- \/ Yoast SEO plugin. -->","yoast_head_json":{"title":"MASTER & SLAVE EDICI\u00d3N DELUXE - Tienda Er\u00f3tica","robots":{"index":"noindex","follow":"follow","max-snippet":"max-snippet:-1","max-image-preview":"max-image-preview:large","max-video-preview":"max-video-preview:-1"},"og_locale":"es_ES","og_type":"article","og_title":"MASTER & SLAVE EDICI\u00d3N DELUXE - Tienda Er\u00f3tica","og_description":"MASTER &#038; SLAVE EDITION DELUXE Nunca se sabe lo que podr\u00eda pasar en este emocionante juego de poder y sumisi\u00f3n.","og_url":"https:\/\/demoweb.info\/sexshop001\/producto\/master-slave-edicion-deluxe\/","og_site_name":"Tienda Er\u00f3tica","article_modified_time":"2022-01-22T17:38:58+00:00","og_image":[{"width":550,"height":550,"url":"https:\/\/demoweb.info\/sexshop001\/wp-content\/uploads\/2022\/01\/MASTER-SLAVE-EDICION-DELUXE.jpg","type":"image\/jpeg"}],"twitter_card":"summary_large_image","twitter_misc":{"Tiempo de lectura":"1 minuto"},"schema":{"@context":"https:\/\/schema.org","@graph":[{"@type":"WebPage","@id":"https:\/\/demoweb.info\/sexshop001\/producto\/master-slave-edicion-deluxe\/","url":"https:\/\/demoweb.info\/sexshop001\/producto\/master-slave-edicion-deluxe\/","name":"MASTER & SLAVE EDICI\u00d3N DELUXE - Tienda Er\u00f3tica","isPartOf":{"@id":"https:\/\/demoweb.info\/sexshop001\/#website"},"datePublished":"2022-01-22T17:38:38+00:00","dateModified":"2022-01-22T17:38:58+00:00","breadcrumb":{"@id":"https:\/\/demoweb.info\/sexshop001\/producto\/master-slave-edicion-deluxe\/#breadcrumb"},"inLanguage":"es","potentialAction":[{"@type":"ReadAction","target":["https:\/\/demoweb.info\/sexshop001\/producto\/master-slave-edicion-deluxe\/"]}]},{"@type":"BreadcrumbList","@id":"https:\/\/demoweb.info\/sexshop001\/producto\/master-slave-edicion-deluxe\/#breadcrumb","itemListElement":[{"@type":"ListItem","position":1,"name":"Portada","item":"https:\/\/demoweb.info\/sexshop001\/"},{"@type":"ListItem","position":2,"name":"Tienda","item":"https:\/\/demoweb.info\/sexshop001\/tienda\/"},{"@type":"ListItem","position":3,"name":"MASTER &#038; SLAVE EDICI\u00d3N DELUXE"}]},{"@type":"WebSite","@id":"https:\/\/demoweb.info\/sexshop001\/#website","url":"https:\/\/demoweb.info\/sexshop001\/","name":"Tienda Er\u00f3tica","description":"DEMOWEB SL","potentialAction":[{"@type":"SearchAction","target":{"@type":"EntryPoint","urlTemplate":"https:\/\/demoweb.info\/sexshop001\/?s={search_term_string}"},"query-input":"required name=search_term_string"}],"inLanguage":"es"}]}},"_links":{"self":[{"href":"https:\/\/demoweb.info\/sexshop001\/wp-json\/wp\/v3\/product\/63423","targetHints":{"allow":["GET"]}}],"collection":[{"href":"https:\/\/demoweb.info\/sexshop001\/wp-json\/wp\/v3\/product"}],"about":[{"href":"https:\/\/demoweb.info\/sexshop001\/wp-json\/wp\/v2\/types\/product"}],"replies":[{"embeddable":true,"href":"https:\/\/demoweb.info\/sexshop001\/wp-json\/wp\/v2\/comments?post=63423"}],"wp:featuredmedia":[{"embeddable":true,"href":"https:\/\/demoweb.info\/sexshop001\/wp-json\/wp\/v2\/media\/63424"}],"wp:attachment":[{"href":"https:\/\/demoweb.info\/sexshop001\/wp-json\/wp\/v2\/media?parent=63423"}],"wp:term":[{"taxonomy":"product_cat","embeddable":true,"href":"https:\/\/demoweb.info\/sexshop001\/wp-json\/wp\/v2\/product_cat?post=63423"},{"taxonomy":"product_tag","embeddable":true,"href":"https:\/\/demoweb.info\/sexshop001\/wp-json\/wp\/v2\/product_tag?post=63423"}],"curies":[{"name":"wp","href":"https:\/\/api.w.org\/{rel}","templated":true}]}}