{"id":63420,"date":"2022-01-22T18:38:38","date_gmt":"2022-01-22T17:38:38","guid":{"rendered":"https:\/\/demoweb.info\/sexshop001\/producto\/mision-intima-100-kinky\/"},"modified":"2022-01-22T18:38:56","modified_gmt":"2022-01-22T17:38:56","slug":"mision-intima-100-kinky","status":"publish","type":"product","link":"https:\/\/demoweb.info\/sexshop001\/producto\/mision-intima-100-kinky\/","title":{"rendered":"MISI\u00d3N \u00cdNTIMA 100% KINKY"},"content":{"rendered":"<p><strong>MISI\u00d3N \u00cdNTIMA 100% KINKY<\/strong><\/p>\n<p>Misi\u00f3n \u00cdntima Edici\u00f3n Alto Voltaje 100% KINKY.<\/p>\n<p>Tras el \u00e9xito mundial de la versi\u00f3n original del juego \u00abMisi\u00f3n \u00cdntima\u00bb, Moodzz acaba de lanzar la expansi\u00f3n \u00abAlto Voltaje &#8211; 100% KINKY\u00bb, destinada a aquellos que buscan aventuras er\u00f3ticas fuera de lo convencional. 100% KINKY incluye 240 pruebas y preguntas.<\/p>\n<p>Este juego os lleva a un viaje de descubrimiento sexual de alto voltaje. Es perfecto para parejas que conf\u00edan al 100% el uno en el otro y que quieren descubrir placeres er\u00f3ticos inusuales como juegos de rol, fetiches, ataduras, voyeurismo, placer y dolor, dominaci\u00f3n y sumisi\u00f3n. Las pr\u00e1cticas que se exploran en el juego podr\u00e1n ser tremendamente excitantes para una persona, quiz\u00e1 chocantes para otra, pero siempre son emocionantes y respetuosas.<\/p>\n<p>Las pruebas de tres niveles de intensidad os guiar\u00e1n por nuevos caminos er\u00f3ticos, mientras que los tres tipos de preguntas pondr\u00e1n a prueba vuestros conocimientos no vainilla y os permitir\u00e1n descubrir vuestras fantas\u00edas y deseos m\u00e1s atrevidos. Las pruebas empiezan suave y van calentando el ambiente poco a poco hasta llegar tan lejos como quer\u00e1is. Las tarjetas incluyen consejos e instrucciones detalladas para ayudaros a explorar el mundo del sexo kinky de manera segura.<\/p>\n<p>Antes de empezar el juego, cada jugador deber\u00e1 escoger un deseo largamente esperado. El deseo puede ser cualquier cosa, desde una fantas\u00eda er\u00f3tica (quiz\u00e1s poco convencional) que te gustar\u00eda hacer realidad hasta un simple (pero delicioso) desayuno en la cama. Despu\u00e9s de la partida, el ganador ver\u00e1 su deseo cumplido por su pareja. \u00a1En este juego no hay perdedores!<\/p>\n<p>Misi\u00f3n \u00cdntima Edici\u00f3n Alto Voltaje 100% KINKY es un juego emocionante, directo y atrevido, donde todo est\u00e1 permitido pero nada es obligatorio. Explorar\u00e9is suavemente vuestros l\u00edmites para superarlos jugando y acercaros a\u00fan m\u00e1s el uno al otro. En definitiva, este juego es absolutamente imprescindible para todos los que quieran disfrutar explorando el erotismo kinky de manera segura.<\/p>\n","protected":false},"excerpt":{"rendered":"<p>MISI\u00d3N \u00cdNTIMA 100% KINKY Misi\u00f3n \u00cdntima Edici\u00f3n Alto Voltaje 100% KINKY. Tras el \u00e9xito mundial de la versi\u00f3n original del<\/p>\n","protected":false},"featured_media":63421,"comment_status":"open","ping_status":"open","template":"","meta":[],"product_cat":[367],"product_tag":[368],"class_list":["post-63420","product","type-product","status-publish","has-post-thumbnail","hentry","product_cat-juegos-pareja","product_tag-tease-and-please"],"bundled_by":[],"bundle_stock_status":"instock","bundle_stock_quantity":4,"bundle_virtual":false,"bundle_layout":"","bundle_add_to_cart_form_location":"","bundle_editable_in_cart":false,"bundle_sold_individually_context":"","bundle_item_grouping":"","bundle_min_size":"","bundle_max_size":"","bundled_items":[],"yoast_head":"<!-- This site is optimized with the Yoast SEO plugin v20.6 - https:\/\/yoast.com\/wordpress\/plugins\/seo\/ -->\n<title>MISI\u00d3N \u00cdNTIMA 100% KINKY - Tienda Er\u00f3tica<\/title>\n<meta name=\"robots\" content=\"noindex, follow, max-snippet:-1, max-image-preview:large, max-video-preview:-1\" \/>\n<meta property=\"og:locale\" content=\"es_ES\" \/>\n<meta property=\"og:type\" content=\"article\" \/>\n<meta property=\"og:title\" content=\"MISI\u00d3N \u00cdNTIMA 100% KINKY - Tienda Er\u00f3tica\" \/>\n<meta property=\"og:description\" content=\"MISI\u00d3N \u00cdNTIMA 100% KINKY Misi\u00f3n \u00cdntima Edici\u00f3n Alto Voltaje 100% KINKY. Tras el \u00e9xito mundial de la versi\u00f3n original del\" \/>\n<meta property=\"og:url\" content=\"https:\/\/demoweb.info\/sexshop001\/producto\/mision-intima-100-kinky\/\" \/>\n<meta property=\"og:site_name\" content=\"Tienda Er\u00f3tica\" \/>\n<meta property=\"article:modified_time\" content=\"2022-01-22T17:38:56+00:00\" \/>\n<meta property=\"og:image\" content=\"https:\/\/demoweb.info\/sexshop001\/wp-content\/uploads\/2022\/01\/MISION-INTIMA-100-KINKY.jpg\" \/>\n\t<meta property=\"og:image:width\" content=\"550\" \/>\n\t<meta property=\"og:image:height\" content=\"550\" \/>\n\t<meta property=\"og:image:type\" content=\"image\/jpeg\" \/>\n<meta name=\"twitter:card\" content=\"summary_large_image\" \/>\n<meta name=\"twitter:label1\" content=\"Tiempo de lectura\" \/>\n\t<meta name=\"twitter:data1\" content=\"2 minutos\" \/>\n<script type=\"application\/ld+json\" class=\"yoast-schema-graph\">{\"@context\":\"https:\/\/schema.org\",\"@graph\":[{\"@type\":\"WebPage\",\"@id\":\"https:\/\/demoweb.info\/sexshop001\/producto\/mision-intima-100-kinky\/\",\"url\":\"https:\/\/demoweb.info\/sexshop001\/producto\/mision-intima-100-kinky\/\",\"name\":\"MISI\u00d3N \u00cdNTIMA 100% KINKY - Tienda Er\u00f3tica\",\"isPartOf\":{\"@id\":\"https:\/\/demoweb.info\/sexshop001\/#website\"},\"datePublished\":\"2022-01-22T17:38:38+00:00\",\"dateModified\":\"2022-01-22T17:38:56+00:00\",\"breadcrumb\":{\"@id\":\"https:\/\/demoweb.info\/sexshop001\/producto\/mision-intima-100-kinky\/#breadcrumb\"},\"inLanguage\":\"es\",\"potentialAction\":[{\"@type\":\"ReadAction\",\"target\":[\"https:\/\/demoweb.info\/sexshop001\/producto\/mision-intima-100-kinky\/\"]}]},{\"@type\":\"BreadcrumbList\",\"@id\":\"https:\/\/demoweb.info\/sexshop001\/producto\/mision-intima-100-kinky\/#breadcrumb\",\"itemListElement\":[{\"@type\":\"ListItem\",\"position\":1,\"name\":\"Portada\",\"item\":\"https:\/\/demoweb.info\/sexshop001\/\"},{\"@type\":\"ListItem\",\"position\":2,\"name\":\"Tienda\",\"item\":\"https:\/\/demoweb.info\/sexshop001\/tienda\/\"},{\"@type\":\"ListItem\",\"position\":3,\"name\":\"MISI\u00d3N \u00cdNTIMA 100% KINKY\"}]},{\"@type\":\"WebSite\",\"@id\":\"https:\/\/demoweb.info\/sexshop001\/#website\",\"url\":\"https:\/\/demoweb.info\/sexshop001\/\",\"name\":\"Tienda Er\u00f3tica\",\"description\":\"DEMOWEB SL\",\"potentialAction\":[{\"@type\":\"SearchAction\",\"target\":{\"@type\":\"EntryPoint\",\"urlTemplate\":\"https:\/\/demoweb.info\/sexshop001\/?s={search_term_string}\"},\"query-input\":\"required name=search_term_string\"}],\"inLanguage\":\"es\"}]}<\/script>\n<!-- \/ Yoast SEO plugin. -->","yoast_head_json":{"title":"MISI\u00d3N \u00cdNTIMA 100% KINKY - Tienda Er\u00f3tica","robots":{"index":"noindex","follow":"follow","max-snippet":"max-snippet:-1","max-image-preview":"max-image-preview:large","max-video-preview":"max-video-preview:-1"},"og_locale":"es_ES","og_type":"article","og_title":"MISI\u00d3N \u00cdNTIMA 100% KINKY - Tienda Er\u00f3tica","og_description":"MISI\u00d3N \u00cdNTIMA 100% KINKY Misi\u00f3n \u00cdntima Edici\u00f3n Alto Voltaje 100% KINKY. Tras el \u00e9xito mundial de la versi\u00f3n original del","og_url":"https:\/\/demoweb.info\/sexshop001\/producto\/mision-intima-100-kinky\/","og_site_name":"Tienda Er\u00f3tica","article_modified_time":"2022-01-22T17:38:56+00:00","og_image":[{"width":550,"height":550,"url":"https:\/\/demoweb.info\/sexshop001\/wp-content\/uploads\/2022\/01\/MISION-INTIMA-100-KINKY.jpg","type":"image\/jpeg"}],"twitter_card":"summary_large_image","twitter_misc":{"Tiempo de lectura":"2 minutos"},"schema":{"@context":"https:\/\/schema.org","@graph":[{"@type":"WebPage","@id":"https:\/\/demoweb.info\/sexshop001\/producto\/mision-intima-100-kinky\/","url":"https:\/\/demoweb.info\/sexshop001\/producto\/mision-intima-100-kinky\/","name":"MISI\u00d3N \u00cdNTIMA 100% KINKY - Tienda Er\u00f3tica","isPartOf":{"@id":"https:\/\/demoweb.info\/sexshop001\/#website"},"datePublished":"2022-01-22T17:38:38+00:00","dateModified":"2022-01-22T17:38:56+00:00","breadcrumb":{"@id":"https:\/\/demoweb.info\/sexshop001\/producto\/mision-intima-100-kinky\/#breadcrumb"},"inLanguage":"es","potentialAction":[{"@type":"ReadAction","target":["https:\/\/demoweb.info\/sexshop001\/producto\/mision-intima-100-kinky\/"]}]},{"@type":"BreadcrumbList","@id":"https:\/\/demoweb.info\/sexshop001\/producto\/mision-intima-100-kinky\/#breadcrumb","itemListElement":[{"@type":"ListItem","position":1,"name":"Portada","item":"https:\/\/demoweb.info\/sexshop001\/"},{"@type":"ListItem","position":2,"name":"Tienda","item":"https:\/\/demoweb.info\/sexshop001\/tienda\/"},{"@type":"ListItem","position":3,"name":"MISI\u00d3N \u00cdNTIMA 100% KINKY"}]},{"@type":"WebSite","@id":"https:\/\/demoweb.info\/sexshop001\/#website","url":"https:\/\/demoweb.info\/sexshop001\/","name":"Tienda Er\u00f3tica","description":"DEMOWEB SL","potentialAction":[{"@type":"SearchAction","target":{"@type":"EntryPoint","urlTemplate":"https:\/\/demoweb.info\/sexshop001\/?s={search_term_string}"},"query-input":"required name=search_term_string"}],"inLanguage":"es"}]}},"_links":{"self":[{"href":"https:\/\/demoweb.info\/sexshop001\/wp-json\/wp\/v3\/product\/63420","targetHints":{"allow":["GET"]}}],"collection":[{"href":"https:\/\/demoweb.info\/sexshop001\/wp-json\/wp\/v3\/product"}],"about":[{"href":"https:\/\/demoweb.info\/sexshop001\/wp-json\/wp\/v2\/types\/product"}],"replies":[{"embeddable":true,"href":"https:\/\/demoweb.info\/sexshop001\/wp-json\/wp\/v2\/comments?post=63420"}],"wp:featuredmedia":[{"embeddable":true,"href":"https:\/\/demoweb.info\/sexshop001\/wp-json\/wp\/v2\/media\/63421"}],"wp:attachment":[{"href":"https:\/\/demoweb.info\/sexshop001\/wp-json\/wp\/v2\/media?parent=63420"}],"wp:term":[{"taxonomy":"product_cat","embeddable":true,"href":"https:\/\/demoweb.info\/sexshop001\/wp-json\/wp\/v2\/product_cat?post=63420"},{"taxonomy":"product_tag","embeddable":true,"href":"https:\/\/demoweb.info\/sexshop001\/wp-json\/wp\/v2\/product_tag?post=63420"}],"curies":[{"name":"wp","href":"https:\/\/api.w.org\/{rel}","templated":true}]}}