{"id":63415,"date":"2022-01-22T18:38:38","date_gmt":"2022-01-22T17:38:38","guid":{"rendered":"https:\/\/demoweb.info\/sexshop001\/producto\/el-juego-de-la-verdad-erotic-edicion-parejas\/"},"modified":"2022-01-22T18:38:52","modified_gmt":"2022-01-22T17:38:52","slug":"el-juego-de-la-verdad-erotic-edicion-parejas","status":"publish","type":"product","link":"https:\/\/demoweb.info\/sexshop001\/producto\/el-juego-de-la-verdad-erotic-edicion-parejas\/","title":{"rendered":"EL JUEGO DE LA VERDAD EROTIC EDICI\u00d3N PAREJAS"},"content":{"rendered":"<p><strong>EL JUEGO DE LA VERDAD EROTIC COUPLE(S) EDITION (ES) <\/strong><\/p>\n<p>69 preguntas&#8230;, la verdad es lo \u00fanico que cuenta<\/p>\n<p>69 retos&#8230;, para el que se atreva<\/p>\n<p>Despu\u00e9s del \u00e9xito arrollador de \u00abEl juego de la verdad &#8211; Erotic Party Edition\u00bb, el conocido juego para grupos de amigos, MOODZZ ha creado una versi\u00f3n \u00edntima para parejas.<\/p>\n<p>Al igual que su antecesor, este juego er\u00f3tico para dos contiene 69 preguntas muy personales y 69 desaf\u00edos de lo m\u00e1s provocativo. Este juego atrevido y extremadamente excitante te unir\u00e1 mucho m\u00e1s a tu pareja, tanto dentro como fuera de la cama.<\/p>\n<p>Este juego atrevido y er\u00f3tico est\u00e1 dise\u00f1ado para una pareja, pero puedes jugar con m\u00e1s personas. En ese caso, \u00bfescoger\u00e1s a tu propia pareja cuando tengas que enfrentarte a un desaf\u00edo, o&#8230;? Decidid en com\u00fan qu\u00e9 os har\u00e1 disfrutar m\u00e1s.<\/p>\n<p>Tira al aire la moneda \u00abVerdad o Desaf\u00edo\u00bb incluida en el juego para averiguar qu\u00e9 tipo de tarjeta debes tomar. Con las tarjetas VERDAD, solo ganar\u00e1s puntos si das una respuesta sincera. Y cuantos m\u00e1s detalles, \u00a1mejor! Con las tarjetas DESAF\u00cdO ganar\u00e1s puntos al completar con \u00e9xito un reto sugerente. El n\u00famero de corazones de cada tarjeta determina cu\u00e1ntos puntos puedes ganar. \u00bfNo quieres responder a la pregunta o realizar la acci\u00f3n que te ha tocado? No hay ning\u00fan problema&#8230; pero esos puntos se restar\u00e1n de tu marcador. Todo est\u00e1 permitido, pero nada es obligatorio. \u00bfC\u00f3mo de lejos os atrever\u00e9is a llegar juntos?<\/p>\n<p>Algunos ejemplos de preguntas y desaf\u00edos:<\/p>\n<p>&#8211; Durante al menos 30 segundos, imita c\u00f3mo tu orgasmo va subiendo de intensidad lentamente hasta hacerte explotar. Usa todo tu cuerpo si lo necesitas y no te olvides de a\u00f1adir efectos de sonido.<\/p>\n<p>&#8211; \u00bfQu\u00e9 pr\u00e1ctica sexual te encantar\u00eda hacer con tu pareja pero nunca hab\u00e9is probado juntos?<\/p>\n<p>&#8211; \u00bfTe atreves a apostar a que eres capaz de encontrar al menos cinco zonas er\u00f3genas de tu pareja usando solo la lengua? Para decidir si has superado el desaf\u00edo, tu pareja deber\u00e1 ser un juez severo pero justo. Preparados, listos, \u00a1ya!<\/p>\n<p>Se puede jugar a \u00abEl juego de la verdad &#8211; Edici\u00f3n er\u00f3tica para parejas\u00bb en pareja o entre varias parejas. Este juego atrevido y apasionado garantiza una experiencia aut\u00e9ntica, excitante y llena de diversi\u00f3n. Si jug\u00e1is con puntuaci\u00f3n, decidid de antemano el premio del ganador (y lo que esper\u00e1is del perdedor).<\/p>\n<p>\u00a1Ha llegado la hora de \u00abEl juego de la verdad &#8211; Edici\u00f3n er\u00f3tica para parejas\u00bb! \u00bfQui\u00e9n se atreve?<\/p>\n","protected":false},"excerpt":{"rendered":"<p>EL JUEGO DE LA VERDAD EROTIC COUPLE(S) EDITION (ES) 69 preguntas&#8230;, la verdad es lo \u00fanico que cuenta 69 retos&#8230;,<\/p>\n","protected":false},"featured_media":63416,"comment_status":"open","ping_status":"open","template":"","meta":[],"product_cat":[367],"product_tag":[368],"class_list":["post-63415","product","type-product","status-publish","has-post-thumbnail","hentry","product_cat-juegos-pareja","product_tag-tease-and-please"],"bundled_by":[],"bundle_stock_status":"instock","bundle_stock_quantity":7,"bundle_virtual":false,"bundle_layout":"","bundle_add_to_cart_form_location":"","bundle_editable_in_cart":false,"bundle_sold_individually_context":"","bundle_item_grouping":"","bundle_min_size":"","bundle_max_size":"","bundled_items":[],"yoast_head":"<!-- This site is optimized with the Yoast SEO plugin v20.6 - https:\/\/yoast.com\/wordpress\/plugins\/seo\/ -->\n<title>EL JUEGO DE LA VERDAD EROTIC EDICI\u00d3N PAREJAS - Tienda Er\u00f3tica<\/title>\n<meta name=\"robots\" content=\"noindex, follow, max-snippet:-1, max-image-preview:large, max-video-preview:-1\" \/>\n<meta property=\"og:locale\" content=\"es_ES\" \/>\n<meta property=\"og:type\" content=\"article\" \/>\n<meta property=\"og:title\" content=\"EL JUEGO DE LA VERDAD EROTIC EDICI\u00d3N PAREJAS - Tienda Er\u00f3tica\" \/>\n<meta property=\"og:description\" content=\"EL JUEGO DE LA VERDAD EROTIC COUPLE(S) EDITION (ES) 69 preguntas&#8230;, la verdad es lo \u00fanico que cuenta 69 retos&#8230;,\" \/>\n<meta property=\"og:url\" content=\"https:\/\/demoweb.info\/sexshop001\/producto\/el-juego-de-la-verdad-erotic-edicion-parejas\/\" \/>\n<meta property=\"og:site_name\" content=\"Tienda Er\u00f3tica\" \/>\n<meta property=\"article:modified_time\" content=\"2022-01-22T17:38:52+00:00\" \/>\n<meta property=\"og:image\" content=\"https:\/\/demoweb.info\/sexshop001\/wp-content\/uploads\/2022\/01\/EL-JUEGO-DE-LA-VERDAD-EROTIC-EDICION-PAREJAS.jpg\" \/>\n\t<meta property=\"og:image:width\" content=\"550\" \/>\n\t<meta property=\"og:image:height\" content=\"550\" \/>\n\t<meta property=\"og:image:type\" content=\"image\/jpeg\" \/>\n<meta name=\"twitter:card\" content=\"summary_large_image\" \/>\n<meta name=\"twitter:label1\" content=\"Tiempo de lectura\" \/>\n\t<meta name=\"twitter:data1\" content=\"2 minutos\" \/>\n<script type=\"application\/ld+json\" class=\"yoast-schema-graph\">{\"@context\":\"https:\/\/schema.org\",\"@graph\":[{\"@type\":\"WebPage\",\"@id\":\"https:\/\/demoweb.info\/sexshop001\/producto\/el-juego-de-la-verdad-erotic-edicion-parejas\/\",\"url\":\"https:\/\/demoweb.info\/sexshop001\/producto\/el-juego-de-la-verdad-erotic-edicion-parejas\/\",\"name\":\"EL JUEGO DE LA VERDAD EROTIC EDICI\u00d3N PAREJAS - Tienda Er\u00f3tica\",\"isPartOf\":{\"@id\":\"https:\/\/demoweb.info\/sexshop001\/#website\"},\"datePublished\":\"2022-01-22T17:38:38+00:00\",\"dateModified\":\"2022-01-22T17:38:52+00:00\",\"breadcrumb\":{\"@id\":\"https:\/\/demoweb.info\/sexshop001\/producto\/el-juego-de-la-verdad-erotic-edicion-parejas\/#breadcrumb\"},\"inLanguage\":\"es\",\"potentialAction\":[{\"@type\":\"ReadAction\",\"target\":[\"https:\/\/demoweb.info\/sexshop001\/producto\/el-juego-de-la-verdad-erotic-edicion-parejas\/\"]}]},{\"@type\":\"BreadcrumbList\",\"@id\":\"https:\/\/demoweb.info\/sexshop001\/producto\/el-juego-de-la-verdad-erotic-edicion-parejas\/#breadcrumb\",\"itemListElement\":[{\"@type\":\"ListItem\",\"position\":1,\"name\":\"Portada\",\"item\":\"https:\/\/demoweb.info\/sexshop001\/\"},{\"@type\":\"ListItem\",\"position\":2,\"name\":\"Tienda\",\"item\":\"https:\/\/demoweb.info\/sexshop001\/tienda\/\"},{\"@type\":\"ListItem\",\"position\":3,\"name\":\"EL JUEGO DE LA VERDAD EROTIC EDICI\u00d3N PAREJAS\"}]},{\"@type\":\"WebSite\",\"@id\":\"https:\/\/demoweb.info\/sexshop001\/#website\",\"url\":\"https:\/\/demoweb.info\/sexshop001\/\",\"name\":\"Tienda Er\u00f3tica\",\"description\":\"DEMOWEB SL\",\"potentialAction\":[{\"@type\":\"SearchAction\",\"target\":{\"@type\":\"EntryPoint\",\"urlTemplate\":\"https:\/\/demoweb.info\/sexshop001\/?s={search_term_string}\"},\"query-input\":\"required name=search_term_string\"}],\"inLanguage\":\"es\"}]}<\/script>\n<!-- \/ Yoast SEO plugin. -->","yoast_head_json":{"title":"EL JUEGO DE LA VERDAD EROTIC EDICI\u00d3N PAREJAS - Tienda Er\u00f3tica","robots":{"index":"noindex","follow":"follow","max-snippet":"max-snippet:-1","max-image-preview":"max-image-preview:large","max-video-preview":"max-video-preview:-1"},"og_locale":"es_ES","og_type":"article","og_title":"EL JUEGO DE LA VERDAD EROTIC EDICI\u00d3N PAREJAS - Tienda Er\u00f3tica","og_description":"EL JUEGO DE LA VERDAD EROTIC COUPLE(S) EDITION (ES) 69 preguntas&#8230;, la verdad es lo \u00fanico que cuenta 69 retos&#8230;,","og_url":"https:\/\/demoweb.info\/sexshop001\/producto\/el-juego-de-la-verdad-erotic-edicion-parejas\/","og_site_name":"Tienda Er\u00f3tica","article_modified_time":"2022-01-22T17:38:52+00:00","og_image":[{"width":550,"height":550,"url":"https:\/\/demoweb.info\/sexshop001\/wp-content\/uploads\/2022\/01\/EL-JUEGO-DE-LA-VERDAD-EROTIC-EDICION-PAREJAS.jpg","type":"image\/jpeg"}],"twitter_card":"summary_large_image","twitter_misc":{"Tiempo de lectura":"2 minutos"},"schema":{"@context":"https:\/\/schema.org","@graph":[{"@type":"WebPage","@id":"https:\/\/demoweb.info\/sexshop001\/producto\/el-juego-de-la-verdad-erotic-edicion-parejas\/","url":"https:\/\/demoweb.info\/sexshop001\/producto\/el-juego-de-la-verdad-erotic-edicion-parejas\/","name":"EL JUEGO DE LA VERDAD EROTIC EDICI\u00d3N PAREJAS - Tienda Er\u00f3tica","isPartOf":{"@id":"https:\/\/demoweb.info\/sexshop001\/#website"},"datePublished":"2022-01-22T17:38:38+00:00","dateModified":"2022-01-22T17:38:52+00:00","breadcrumb":{"@id":"https:\/\/demoweb.info\/sexshop001\/producto\/el-juego-de-la-verdad-erotic-edicion-parejas\/#breadcrumb"},"inLanguage":"es","potentialAction":[{"@type":"ReadAction","target":["https:\/\/demoweb.info\/sexshop001\/producto\/el-juego-de-la-verdad-erotic-edicion-parejas\/"]}]},{"@type":"BreadcrumbList","@id":"https:\/\/demoweb.info\/sexshop001\/producto\/el-juego-de-la-verdad-erotic-edicion-parejas\/#breadcrumb","itemListElement":[{"@type":"ListItem","position":1,"name":"Portada","item":"https:\/\/demoweb.info\/sexshop001\/"},{"@type":"ListItem","position":2,"name":"Tienda","item":"https:\/\/demoweb.info\/sexshop001\/tienda\/"},{"@type":"ListItem","position":3,"name":"EL JUEGO DE LA VERDAD EROTIC EDICI\u00d3N PAREJAS"}]},{"@type":"WebSite","@id":"https:\/\/demoweb.info\/sexshop001\/#website","url":"https:\/\/demoweb.info\/sexshop001\/","name":"Tienda Er\u00f3tica","description":"DEMOWEB SL","potentialAction":[{"@type":"SearchAction","target":{"@type":"EntryPoint","urlTemplate":"https:\/\/demoweb.info\/sexshop001\/?s={search_term_string}"},"query-input":"required name=search_term_string"}],"inLanguage":"es"}]}},"_links":{"self":[{"href":"https:\/\/demoweb.info\/sexshop001\/wp-json\/wp\/v3\/product\/63415","targetHints":{"allow":["GET"]}}],"collection":[{"href":"https:\/\/demoweb.info\/sexshop001\/wp-json\/wp\/v3\/product"}],"about":[{"href":"https:\/\/demoweb.info\/sexshop001\/wp-json\/wp\/v2\/types\/product"}],"replies":[{"embeddable":true,"href":"https:\/\/demoweb.info\/sexshop001\/wp-json\/wp\/v2\/comments?post=63415"}],"wp:featuredmedia":[{"embeddable":true,"href":"https:\/\/demoweb.info\/sexshop001\/wp-json\/wp\/v2\/media\/63416"}],"wp:attachment":[{"href":"https:\/\/demoweb.info\/sexshop001\/wp-json\/wp\/v2\/media?parent=63415"}],"wp:term":[{"taxonomy":"product_cat","embeddable":true,"href":"https:\/\/demoweb.info\/sexshop001\/wp-json\/wp\/v2\/product_cat?post=63415"},{"taxonomy":"product_tag","embeddable":true,"href":"https:\/\/demoweb.info\/sexshop001\/wp-json\/wp\/v2\/product_tag?post=63415"}],"curies":[{"name":"wp","href":"https:\/\/api.w.org\/{rel}","templated":true}]}}