{"id":63410,"date":"2022-01-22T18:38:38","date_gmt":"2022-01-22T17:38:38","guid":{"rendered":"https:\/\/demoweb.info\/sexshop001\/producto\/el-juego-de-la-verdad-erotic-party-edition\/"},"modified":"2022-01-22T18:38:48","modified_gmt":"2022-01-22T17:38:48","slug":"el-juego-de-la-verdad-erotic-party-edition","status":"publish","type":"product","link":"https:\/\/demoweb.info\/sexshop001\/producto\/el-juego-de-la-verdad-erotic-party-edition\/","title":{"rendered":"EL JUEGO DE LA VERDAD EROTIC PARTY EDITION"},"content":{"rendered":"<p><strong>EL JUEGO DE LA VERDAD EROTIC PARTY EDITION <\/strong><\/p>\n<p>69 preguntas&#8230;, la verdad es lo \u00fanico que cuenta.<br \/>\n69 retos&#8230;, para el que se atreva.<\/p>\n<p>Los creadores del juego er\u00f3tico, favorito mundialmente, \u201cEl juego del deseo\u201d han creado el conocido juego \u201cEl juego de la Verdad\u201d en versi\u00f3n er\u00f3tica. El juego consiste en 69 preguntas picantes y 69 atrevidos desafios. El juego es atrevido, ingenuo y excitante.<\/p>\n<p>\u201cEl juego de la Verdad\u201d est\u00e1 pensado para 3 o m\u00e1s amigos.<\/p>\n<p>Determina con ayuda de una moneda qu\u00e9 carta debes tomar. Con una carta Verdad s\u00f3lo ganas puntos si respondes de manera sincera. Cuanto m\u00e1s detallada sea la respuesta, mucho mejor.<\/p>\n<p>Con una carta Desaf\u00edo obtienes puntos si realizas una acci\u00f3n atrevida. \u00bfNo quieres responder a la pregunta ni realizar la acci\u00f3n? No es problema, pero te descontar\u00e1n estos puntos. Todo est\u00e1 permitido y nada est\u00e1 obligado. \u00bfHasta d\u00f3nde os atreve\u00eds a llegar?<\/p>\n<p>Algunos ejemplos de preguntas y actividades:<\/p>\n<p>&#8211; T\u00fambate boca arriba con una venda en los ojos y tus manos a lo largo de tu cuerpo. Los otros jugadores ponen cada uno una mano sobre tu cuerpo. Adivina d\u00f3nde se encuentra la mano de cada uno.<\/p>\n<p>&#8211; \u00bfCu\u00e1l es tu fantas\u00eda m\u00e1s p\u00edcara?<\/p>\n<p>&#8211; \u00a1Azotes! Pide al jugador a tu izquierda que te pegue en el culo. 3 azotes son suficiente.<\/p>\n<p>&#8211; La persona a tu derecha esconde una moneda debajo de su ropa. Tu debes encontrarla con los ojos cerrados.<\/p>\n<p>El juego de la Verdad Erotic Party Edition, es para jugar con los amigos (18+) antes de salir por ah\u00ed, durante una fiesta o simplemente cuando tene\u00eds ganas de experimentar sensaciones y emoci\u00f3n en grupo. Es un juego p\u00edcaro y atrevido que garantiza unos momentos ingenuos y excitantes. Si juga\u00eds con puntuaci\u00f3n, determinad de antemano el premio del ganador (y lo que espera\u00eds del perdedor).<\/p>\n<p>Simplemente, El Juego de la Verdad, \u00bfqui\u00e9n se atreve?<\/p>\n","protected":false},"excerpt":{"rendered":"<p>EL JUEGO DE LA VERDAD EROTIC PARTY EDITION 69 preguntas&#8230;, la verdad es lo \u00fanico que cuenta. 69 retos&#8230;, para<\/p>\n","protected":false},"featured_media":63411,"comment_status":"open","ping_status":"open","template":"","meta":[],"product_cat":[387],"product_tag":[368],"class_list":["post-63410","product","type-product","status-publish","has-post-thumbnail","hentry","product_cat-juegos-sociedad","product_tag-tease-and-please"],"bundled_by":[],"bundle_stock_status":"instock","bundle_stock_quantity":2,"bundle_virtual":false,"bundle_layout":"","bundle_add_to_cart_form_location":"","bundle_editable_in_cart":false,"bundle_sold_individually_context":"","bundle_item_grouping":"","bundle_min_size":"","bundle_max_size":"","bundled_items":[],"yoast_head":"<!-- This site is optimized with the Yoast SEO plugin v20.6 - https:\/\/yoast.com\/wordpress\/plugins\/seo\/ -->\n<title>EL JUEGO DE LA VERDAD EROTIC PARTY EDITION - Tienda Er\u00f3tica<\/title>\n<meta name=\"robots\" content=\"noindex, follow, max-snippet:-1, max-image-preview:large, max-video-preview:-1\" \/>\n<meta property=\"og:locale\" content=\"es_ES\" \/>\n<meta property=\"og:type\" content=\"article\" \/>\n<meta property=\"og:title\" content=\"EL JUEGO DE LA VERDAD EROTIC PARTY EDITION - Tienda Er\u00f3tica\" \/>\n<meta property=\"og:description\" content=\"EL JUEGO DE LA VERDAD EROTIC PARTY EDITION 69 preguntas&#8230;, la verdad es lo \u00fanico que cuenta. 69 retos&#8230;, para\" \/>\n<meta property=\"og:url\" content=\"https:\/\/demoweb.info\/sexshop001\/producto\/el-juego-de-la-verdad-erotic-party-edition\/\" \/>\n<meta property=\"og:site_name\" content=\"Tienda Er\u00f3tica\" \/>\n<meta property=\"article:modified_time\" content=\"2022-01-22T17:38:48+00:00\" \/>\n<meta property=\"og:image\" content=\"https:\/\/demoweb.info\/sexshop001\/wp-content\/uploads\/2022\/01\/EL-JUEGO-DE-LA-VERDAD-EROTIC-PARTY-EDITION.jpg\" \/>\n\t<meta property=\"og:image:width\" content=\"550\" \/>\n\t<meta property=\"og:image:height\" content=\"550\" \/>\n\t<meta property=\"og:image:type\" content=\"image\/jpeg\" \/>\n<meta name=\"twitter:card\" content=\"summary_large_image\" \/>\n<meta name=\"twitter:label1\" content=\"Tiempo de lectura\" \/>\n\t<meta name=\"twitter:data1\" content=\"2 minutos\" \/>\n<script type=\"application\/ld+json\" class=\"yoast-schema-graph\">{\"@context\":\"https:\/\/schema.org\",\"@graph\":[{\"@type\":\"WebPage\",\"@id\":\"https:\/\/demoweb.info\/sexshop001\/producto\/el-juego-de-la-verdad-erotic-party-edition\/\",\"url\":\"https:\/\/demoweb.info\/sexshop001\/producto\/el-juego-de-la-verdad-erotic-party-edition\/\",\"name\":\"EL JUEGO DE LA VERDAD EROTIC PARTY EDITION - Tienda Er\u00f3tica\",\"isPartOf\":{\"@id\":\"https:\/\/demoweb.info\/sexshop001\/#website\"},\"datePublished\":\"2022-01-22T17:38:38+00:00\",\"dateModified\":\"2022-01-22T17:38:48+00:00\",\"breadcrumb\":{\"@id\":\"https:\/\/demoweb.info\/sexshop001\/producto\/el-juego-de-la-verdad-erotic-party-edition\/#breadcrumb\"},\"inLanguage\":\"es\",\"potentialAction\":[{\"@type\":\"ReadAction\",\"target\":[\"https:\/\/demoweb.info\/sexshop001\/producto\/el-juego-de-la-verdad-erotic-party-edition\/\"]}]},{\"@type\":\"BreadcrumbList\",\"@id\":\"https:\/\/demoweb.info\/sexshop001\/producto\/el-juego-de-la-verdad-erotic-party-edition\/#breadcrumb\",\"itemListElement\":[{\"@type\":\"ListItem\",\"position\":1,\"name\":\"Portada\",\"item\":\"https:\/\/demoweb.info\/sexshop001\/\"},{\"@type\":\"ListItem\",\"position\":2,\"name\":\"Tienda\",\"item\":\"https:\/\/demoweb.info\/sexshop001\/tienda\/\"},{\"@type\":\"ListItem\",\"position\":3,\"name\":\"EL JUEGO DE LA VERDAD EROTIC PARTY EDITION\"}]},{\"@type\":\"WebSite\",\"@id\":\"https:\/\/demoweb.info\/sexshop001\/#website\",\"url\":\"https:\/\/demoweb.info\/sexshop001\/\",\"name\":\"Tienda Er\u00f3tica\",\"description\":\"DEMOWEB SL\",\"potentialAction\":[{\"@type\":\"SearchAction\",\"target\":{\"@type\":\"EntryPoint\",\"urlTemplate\":\"https:\/\/demoweb.info\/sexshop001\/?s={search_term_string}\"},\"query-input\":\"required name=search_term_string\"}],\"inLanguage\":\"es\"}]}<\/script>\n<!-- \/ Yoast SEO plugin. -->","yoast_head_json":{"title":"EL JUEGO DE LA VERDAD EROTIC PARTY EDITION - Tienda Er\u00f3tica","robots":{"index":"noindex","follow":"follow","max-snippet":"max-snippet:-1","max-image-preview":"max-image-preview:large","max-video-preview":"max-video-preview:-1"},"og_locale":"es_ES","og_type":"article","og_title":"EL JUEGO DE LA VERDAD EROTIC PARTY EDITION - Tienda Er\u00f3tica","og_description":"EL JUEGO DE LA VERDAD EROTIC PARTY EDITION 69 preguntas&#8230;, la verdad es lo \u00fanico que cuenta. 69 retos&#8230;, para","og_url":"https:\/\/demoweb.info\/sexshop001\/producto\/el-juego-de-la-verdad-erotic-party-edition\/","og_site_name":"Tienda Er\u00f3tica","article_modified_time":"2022-01-22T17:38:48+00:00","og_image":[{"width":550,"height":550,"url":"https:\/\/demoweb.info\/sexshop001\/wp-content\/uploads\/2022\/01\/EL-JUEGO-DE-LA-VERDAD-EROTIC-PARTY-EDITION.jpg","type":"image\/jpeg"}],"twitter_card":"summary_large_image","twitter_misc":{"Tiempo de lectura":"2 minutos"},"schema":{"@context":"https:\/\/schema.org","@graph":[{"@type":"WebPage","@id":"https:\/\/demoweb.info\/sexshop001\/producto\/el-juego-de-la-verdad-erotic-party-edition\/","url":"https:\/\/demoweb.info\/sexshop001\/producto\/el-juego-de-la-verdad-erotic-party-edition\/","name":"EL JUEGO DE LA VERDAD EROTIC PARTY EDITION - Tienda Er\u00f3tica","isPartOf":{"@id":"https:\/\/demoweb.info\/sexshop001\/#website"},"datePublished":"2022-01-22T17:38:38+00:00","dateModified":"2022-01-22T17:38:48+00:00","breadcrumb":{"@id":"https:\/\/demoweb.info\/sexshop001\/producto\/el-juego-de-la-verdad-erotic-party-edition\/#breadcrumb"},"inLanguage":"es","potentialAction":[{"@type":"ReadAction","target":["https:\/\/demoweb.info\/sexshop001\/producto\/el-juego-de-la-verdad-erotic-party-edition\/"]}]},{"@type":"BreadcrumbList","@id":"https:\/\/demoweb.info\/sexshop001\/producto\/el-juego-de-la-verdad-erotic-party-edition\/#breadcrumb","itemListElement":[{"@type":"ListItem","position":1,"name":"Portada","item":"https:\/\/demoweb.info\/sexshop001\/"},{"@type":"ListItem","position":2,"name":"Tienda","item":"https:\/\/demoweb.info\/sexshop001\/tienda\/"},{"@type":"ListItem","position":3,"name":"EL JUEGO DE LA VERDAD EROTIC PARTY EDITION"}]},{"@type":"WebSite","@id":"https:\/\/demoweb.info\/sexshop001\/#website","url":"https:\/\/demoweb.info\/sexshop001\/","name":"Tienda Er\u00f3tica","description":"DEMOWEB SL","potentialAction":[{"@type":"SearchAction","target":{"@type":"EntryPoint","urlTemplate":"https:\/\/demoweb.info\/sexshop001\/?s={search_term_string}"},"query-input":"required name=search_term_string"}],"inLanguage":"es"}]}},"_links":{"self":[{"href":"https:\/\/demoweb.info\/sexshop001\/wp-json\/wp\/v3\/product\/63410","targetHints":{"allow":["GET"]}}],"collection":[{"href":"https:\/\/demoweb.info\/sexshop001\/wp-json\/wp\/v3\/product"}],"about":[{"href":"https:\/\/demoweb.info\/sexshop001\/wp-json\/wp\/v2\/types\/product"}],"replies":[{"embeddable":true,"href":"https:\/\/demoweb.info\/sexshop001\/wp-json\/wp\/v2\/comments?post=63410"}],"wp:featuredmedia":[{"embeddable":true,"href":"https:\/\/demoweb.info\/sexshop001\/wp-json\/wp\/v2\/media\/63411"}],"wp:attachment":[{"href":"https:\/\/demoweb.info\/sexshop001\/wp-json\/wp\/v2\/media?parent=63410"}],"wp:term":[{"taxonomy":"product_cat","embeddable":true,"href":"https:\/\/demoweb.info\/sexshop001\/wp-json\/wp\/v2\/product_cat?post=63410"},{"taxonomy":"product_tag","embeddable":true,"href":"https:\/\/demoweb.info\/sexshop001\/wp-json\/wp\/v2\/product_tag?post=63410"}],"curies":[{"name":"wp","href":"https:\/\/api.w.org\/{rel}","templated":true}]}}