{"id":63390,"date":"2022-01-22T18:38:09","date_gmt":"2022-01-22T17:38:09","guid":{"rendered":"https:\/\/demoweb.info\/sexshop001\/producto\/kheper-games-bedroom-commands-juego-de-cartas\/"},"modified":"2022-01-22T18:38:33","modified_gmt":"2022-01-22T17:38:33","slug":"kheper-games-bedroom-commands-juego-de-cartas","status":"publish","type":"product","link":"https:\/\/demoweb.info\/sexshop001\/producto\/kheper-games-bedroom-commands-juego-de-cartas\/","title":{"rendered":"KHEPER GAMES &#8211; BEDROOM COMMANDS JUEGO DE CARTAS"},"content":{"rendered":"<p><strong>KHEPER GAMES &#8211; BEDROOM COMMANDS CARD GAME<\/strong><\/p>\n<p>\u00a1Toma el control de tu vida amorosa!<\/p>\n<p>Bedroom Commands es un juego de cartas de dos mazos. Una baraja es para Dirty Daddy y la otra para Sexy Bitch.<\/p>\n<p>Cuando cualquiera de los dos se sienta con ganas de hacerse cargo de su vida amorosa, selecciona una tarjeta para revelar una acci\u00f3n para la noche. Algunas cartas son divertidas, traviesas y sexys. Otras tarjetas ofrecen sugerencias de sexo \u00fanicas para aportar variedad en su relaci\u00f3n.<\/p>\n<p>Instrucciones en ingl\u00e9s. <\/p>\n<p>El juego es ingl\u00e9s.<\/p>\n","protected":false},"excerpt":{"rendered":"<p>KHEPER GAMES &#8211; BEDROOM COMMANDS CARD GAME \u00a1Toma el control de tu vida amorosa! Bedroom Commands es un juego de<\/p>\n","protected":false},"featured_media":63391,"comment_status":"open","ping_status":"open","template":"","meta":[],"product_cat":[384],"product_tag":[383],"class_list":["post-63390","product","type-product","status-publish","has-post-thumbnail","hentry","product_cat-barajas","product_tag-kheper-games"],"bundled_by":[],"bundle_stock_status":"instock","bundle_stock_quantity":1,"bundle_virtual":false,"bundle_layout":"","bundle_add_to_cart_form_location":"","bundle_editable_in_cart":false,"bundle_sold_individually_context":"","bundle_item_grouping":"","bundle_min_size":"","bundle_max_size":"","bundled_items":[],"yoast_head":"<!-- This site is optimized with the Yoast SEO plugin v20.6 - https:\/\/yoast.com\/wordpress\/plugins\/seo\/ -->\n<title>KHEPER GAMES - BEDROOM COMMANDS JUEGO DE CARTAS - Tienda Er\u00f3tica<\/title>\n<meta name=\"robots\" content=\"noindex, follow, max-snippet:-1, max-image-preview:large, max-video-preview:-1\" \/>\n<meta property=\"og:locale\" content=\"es_ES\" \/>\n<meta property=\"og:type\" content=\"article\" \/>\n<meta property=\"og:title\" content=\"KHEPER GAMES - BEDROOM COMMANDS JUEGO DE CARTAS - Tienda Er\u00f3tica\" \/>\n<meta property=\"og:description\" content=\"KHEPER GAMES &#8211; BEDROOM COMMANDS CARD GAME \u00a1Toma el control de tu vida amorosa! Bedroom Commands es un juego de\" \/>\n<meta property=\"og:url\" content=\"https:\/\/demoweb.info\/sexshop001\/producto\/kheper-games-bedroom-commands-juego-de-cartas\/\" \/>\n<meta property=\"og:site_name\" content=\"Tienda Er\u00f3tica\" \/>\n<meta property=\"article:modified_time\" content=\"2022-01-22T17:38:33+00:00\" \/>\n<meta property=\"og:image\" content=\"https:\/\/demoweb.info\/sexshop001\/wp-content\/uploads\/2022\/01\/KHEPER-GAMES-BEDROOM-COMMANDS-JUEGO-DE-CARTAS.jpg\" \/>\n\t<meta property=\"og:image:width\" content=\"550\" \/>\n\t<meta property=\"og:image:height\" content=\"550\" \/>\n\t<meta property=\"og:image:type\" content=\"image\/jpeg\" \/>\n<meta name=\"twitter:card\" content=\"summary_large_image\" \/>\n<script type=\"application\/ld+json\" class=\"yoast-schema-graph\">{\"@context\":\"https:\/\/schema.org\",\"@graph\":[{\"@type\":\"WebPage\",\"@id\":\"https:\/\/demoweb.info\/sexshop001\/producto\/kheper-games-bedroom-commands-juego-de-cartas\/\",\"url\":\"https:\/\/demoweb.info\/sexshop001\/producto\/kheper-games-bedroom-commands-juego-de-cartas\/\",\"name\":\"KHEPER GAMES - BEDROOM COMMANDS JUEGO DE CARTAS - Tienda Er\u00f3tica\",\"isPartOf\":{\"@id\":\"https:\/\/demoweb.info\/sexshop001\/#website\"},\"datePublished\":\"2022-01-22T17:38:09+00:00\",\"dateModified\":\"2022-01-22T17:38:33+00:00\",\"breadcrumb\":{\"@id\":\"https:\/\/demoweb.info\/sexshop001\/producto\/kheper-games-bedroom-commands-juego-de-cartas\/#breadcrumb\"},\"inLanguage\":\"es\",\"potentialAction\":[{\"@type\":\"ReadAction\",\"target\":[\"https:\/\/demoweb.info\/sexshop001\/producto\/kheper-games-bedroom-commands-juego-de-cartas\/\"]}]},{\"@type\":\"BreadcrumbList\",\"@id\":\"https:\/\/demoweb.info\/sexshop001\/producto\/kheper-games-bedroom-commands-juego-de-cartas\/#breadcrumb\",\"itemListElement\":[{\"@type\":\"ListItem\",\"position\":1,\"name\":\"Portada\",\"item\":\"https:\/\/demoweb.info\/sexshop001\/\"},{\"@type\":\"ListItem\",\"position\":2,\"name\":\"Tienda\",\"item\":\"https:\/\/demoweb.info\/sexshop001\/tienda\/\"},{\"@type\":\"ListItem\",\"position\":3,\"name\":\"KHEPER GAMES &#8211; BEDROOM COMMANDS JUEGO DE CARTAS\"}]},{\"@type\":\"WebSite\",\"@id\":\"https:\/\/demoweb.info\/sexshop001\/#website\",\"url\":\"https:\/\/demoweb.info\/sexshop001\/\",\"name\":\"Tienda Er\u00f3tica\",\"description\":\"DEMOWEB SL\",\"potentialAction\":[{\"@type\":\"SearchAction\",\"target\":{\"@type\":\"EntryPoint\",\"urlTemplate\":\"https:\/\/demoweb.info\/sexshop001\/?s={search_term_string}\"},\"query-input\":\"required name=search_term_string\"}],\"inLanguage\":\"es\"}]}<\/script>\n<!-- \/ Yoast SEO plugin. -->","yoast_head_json":{"title":"KHEPER GAMES - BEDROOM COMMANDS JUEGO DE CARTAS - Tienda Er\u00f3tica","robots":{"index":"noindex","follow":"follow","max-snippet":"max-snippet:-1","max-image-preview":"max-image-preview:large","max-video-preview":"max-video-preview:-1"},"og_locale":"es_ES","og_type":"article","og_title":"KHEPER GAMES - BEDROOM COMMANDS JUEGO DE CARTAS - Tienda Er\u00f3tica","og_description":"KHEPER GAMES &#8211; BEDROOM COMMANDS CARD GAME \u00a1Toma el control de tu vida amorosa! Bedroom Commands es un juego de","og_url":"https:\/\/demoweb.info\/sexshop001\/producto\/kheper-games-bedroom-commands-juego-de-cartas\/","og_site_name":"Tienda Er\u00f3tica","article_modified_time":"2022-01-22T17:38:33+00:00","og_image":[{"width":550,"height":550,"url":"https:\/\/demoweb.info\/sexshop001\/wp-content\/uploads\/2022\/01\/KHEPER-GAMES-BEDROOM-COMMANDS-JUEGO-DE-CARTAS.jpg","type":"image\/jpeg"}],"twitter_card":"summary_large_image","schema":{"@context":"https:\/\/schema.org","@graph":[{"@type":"WebPage","@id":"https:\/\/demoweb.info\/sexshop001\/producto\/kheper-games-bedroom-commands-juego-de-cartas\/","url":"https:\/\/demoweb.info\/sexshop001\/producto\/kheper-games-bedroom-commands-juego-de-cartas\/","name":"KHEPER GAMES - BEDROOM COMMANDS JUEGO DE CARTAS - Tienda Er\u00f3tica","isPartOf":{"@id":"https:\/\/demoweb.info\/sexshop001\/#website"},"datePublished":"2022-01-22T17:38:09+00:00","dateModified":"2022-01-22T17:38:33+00:00","breadcrumb":{"@id":"https:\/\/demoweb.info\/sexshop001\/producto\/kheper-games-bedroom-commands-juego-de-cartas\/#breadcrumb"},"inLanguage":"es","potentialAction":[{"@type":"ReadAction","target":["https:\/\/demoweb.info\/sexshop001\/producto\/kheper-games-bedroom-commands-juego-de-cartas\/"]}]},{"@type":"BreadcrumbList","@id":"https:\/\/demoweb.info\/sexshop001\/producto\/kheper-games-bedroom-commands-juego-de-cartas\/#breadcrumb","itemListElement":[{"@type":"ListItem","position":1,"name":"Portada","item":"https:\/\/demoweb.info\/sexshop001\/"},{"@type":"ListItem","position":2,"name":"Tienda","item":"https:\/\/demoweb.info\/sexshop001\/tienda\/"},{"@type":"ListItem","position":3,"name":"KHEPER GAMES &#8211; BEDROOM COMMANDS JUEGO DE CARTAS"}]},{"@type":"WebSite","@id":"https:\/\/demoweb.info\/sexshop001\/#website","url":"https:\/\/demoweb.info\/sexshop001\/","name":"Tienda Er\u00f3tica","description":"DEMOWEB SL","potentialAction":[{"@type":"SearchAction","target":{"@type":"EntryPoint","urlTemplate":"https:\/\/demoweb.info\/sexshop001\/?s={search_term_string}"},"query-input":"required name=search_term_string"}],"inLanguage":"es"}]}},"_links":{"self":[{"href":"https:\/\/demoweb.info\/sexshop001\/wp-json\/wp\/v3\/product\/63390","targetHints":{"allow":["GET"]}}],"collection":[{"href":"https:\/\/demoweb.info\/sexshop001\/wp-json\/wp\/v3\/product"}],"about":[{"href":"https:\/\/demoweb.info\/sexshop001\/wp-json\/wp\/v2\/types\/product"}],"replies":[{"embeddable":true,"href":"https:\/\/demoweb.info\/sexshop001\/wp-json\/wp\/v2\/comments?post=63390"}],"wp:featuredmedia":[{"embeddable":true,"href":"https:\/\/demoweb.info\/sexshop001\/wp-json\/wp\/v2\/media\/63391"}],"wp:attachment":[{"href":"https:\/\/demoweb.info\/sexshop001\/wp-json\/wp\/v2\/media?parent=63390"}],"wp:term":[{"taxonomy":"product_cat","embeddable":true,"href":"https:\/\/demoweb.info\/sexshop001\/wp-json\/wp\/v2\/product_cat?post=63390"},{"taxonomy":"product_tag","embeddable":true,"href":"https:\/\/demoweb.info\/sexshop001\/wp-json\/wp\/v2\/product_tag?post=63390"}],"curies":[{"name":"wp","href":"https:\/\/api.w.org\/{rel}","templated":true}]}}