{"id":63387,"date":"2022-01-22T18:38:09","date_gmt":"2022-01-22T17:38:09","guid":{"rendered":"https:\/\/demoweb.info\/sexshop001\/producto\/kheper-games-foreplay-juego-para-el-bano\/"},"modified":"2022-01-22T18:38:30","modified_gmt":"2022-01-22T17:38:30","slug":"kheper-games-foreplay-juego-para-el-bano","status":"publish","type":"product","link":"https:\/\/demoweb.info\/sexshop001\/producto\/kheper-games-foreplay-juego-para-el-bano\/","title":{"rendered":"KHEPER GAMES &#8211; FOREPLAY JUEGO PARA EL BA\u00d1O"},"content":{"rendered":"<p><strong>KHEPER GAMES &#8211; FOREPLAY BATH SET<\/strong><\/p>\n<p>\u00a1Calienta tu ba\u00f1era sin usar el agua caliente!<\/p>\n<p>Cada paquete incluye 150 gr de sales de ba\u00f1o y 5 tarjetas de sugerencias rom\u00e1nticas. Las tarjetas ofrecen ideas atractivas, divertidas e \u00edntimas de maneras con las que tu y tu pareja podr\u00e9is disfrutar compartiendo una bonita y c\u00e1lida velada. <\/p>\n<p>Contiene: 150 gramos de sales de ba\u00f1o de vainilla \/ lavanda (para 5 ba\u00f1os) y 5 tarjetas de actividades de juego para el agua a prueba de agua.<\/p>\n","protected":false},"excerpt":{"rendered":"<p>KHEPER GAMES &#8211; FOREPLAY BATH SET \u00a1Calienta tu ba\u00f1era sin usar el agua caliente! Cada paquete incluye 150 gr de<\/p>\n","protected":false},"featured_media":63388,"comment_status":"open","ping_status":"open","template":"","meta":[],"product_cat":[367],"product_tag":[383],"class_list":["post-63387","product","type-product","status-publish","has-post-thumbnail","hentry","product_cat-juegos-pareja","product_tag-kheper-games"],"bundled_by":[],"bundle_stock_status":"instock","bundle_stock_quantity":1,"bundle_virtual":false,"bundle_layout":"","bundle_add_to_cart_form_location":"","bundle_editable_in_cart":false,"bundle_sold_individually_context":"","bundle_item_grouping":"","bundle_min_size":"","bundle_max_size":"","bundled_items":[],"yoast_head":"<!-- This site is optimized with the Yoast SEO plugin v20.6 - https:\/\/yoast.com\/wordpress\/plugins\/seo\/ -->\n<title>KHEPER GAMES - FOREPLAY JUEGO PARA EL BA\u00d1O - Tienda Er\u00f3tica<\/title>\n<meta name=\"robots\" content=\"noindex, follow, max-snippet:-1, max-image-preview:large, max-video-preview:-1\" \/>\n<meta property=\"og:locale\" content=\"es_ES\" \/>\n<meta property=\"og:type\" content=\"article\" \/>\n<meta property=\"og:title\" content=\"KHEPER GAMES - FOREPLAY JUEGO PARA EL BA\u00d1O - Tienda Er\u00f3tica\" \/>\n<meta property=\"og:description\" content=\"KHEPER GAMES &#8211; FOREPLAY BATH SET \u00a1Calienta tu ba\u00f1era sin usar el agua caliente! Cada paquete incluye 150 gr de\" \/>\n<meta property=\"og:url\" content=\"https:\/\/demoweb.info\/sexshop001\/producto\/kheper-games-foreplay-juego-para-el-bano\/\" \/>\n<meta property=\"og:site_name\" content=\"Tienda Er\u00f3tica\" \/>\n<meta property=\"article:modified_time\" content=\"2022-01-22T17:38:30+00:00\" \/>\n<meta property=\"og:image\" content=\"https:\/\/demoweb.info\/sexshop001\/wp-content\/uploads\/2022\/01\/KHEPER-GAMES-FOREPLAY-JUEGO-PARA-EL-BANO.jpg\" \/>\n\t<meta property=\"og:image:width\" content=\"550\" \/>\n\t<meta property=\"og:image:height\" content=\"550\" \/>\n\t<meta property=\"og:image:type\" content=\"image\/jpeg\" \/>\n<meta name=\"twitter:card\" content=\"summary_large_image\" \/>\n<script type=\"application\/ld+json\" class=\"yoast-schema-graph\">{\"@context\":\"https:\/\/schema.org\",\"@graph\":[{\"@type\":\"WebPage\",\"@id\":\"https:\/\/demoweb.info\/sexshop001\/producto\/kheper-games-foreplay-juego-para-el-bano\/\",\"url\":\"https:\/\/demoweb.info\/sexshop001\/producto\/kheper-games-foreplay-juego-para-el-bano\/\",\"name\":\"KHEPER GAMES - FOREPLAY JUEGO PARA EL BA\u00d1O - Tienda Er\u00f3tica\",\"isPartOf\":{\"@id\":\"https:\/\/demoweb.info\/sexshop001\/#website\"},\"datePublished\":\"2022-01-22T17:38:09+00:00\",\"dateModified\":\"2022-01-22T17:38:30+00:00\",\"breadcrumb\":{\"@id\":\"https:\/\/demoweb.info\/sexshop001\/producto\/kheper-games-foreplay-juego-para-el-bano\/#breadcrumb\"},\"inLanguage\":\"es\",\"potentialAction\":[{\"@type\":\"ReadAction\",\"target\":[\"https:\/\/demoweb.info\/sexshop001\/producto\/kheper-games-foreplay-juego-para-el-bano\/\"]}]},{\"@type\":\"BreadcrumbList\",\"@id\":\"https:\/\/demoweb.info\/sexshop001\/producto\/kheper-games-foreplay-juego-para-el-bano\/#breadcrumb\",\"itemListElement\":[{\"@type\":\"ListItem\",\"position\":1,\"name\":\"Portada\",\"item\":\"https:\/\/demoweb.info\/sexshop001\/\"},{\"@type\":\"ListItem\",\"position\":2,\"name\":\"Tienda\",\"item\":\"https:\/\/demoweb.info\/sexshop001\/tienda\/\"},{\"@type\":\"ListItem\",\"position\":3,\"name\":\"KHEPER GAMES &#8211; FOREPLAY JUEGO PARA EL BA\u00d1O\"}]},{\"@type\":\"WebSite\",\"@id\":\"https:\/\/demoweb.info\/sexshop001\/#website\",\"url\":\"https:\/\/demoweb.info\/sexshop001\/\",\"name\":\"Tienda Er\u00f3tica\",\"description\":\"DEMOWEB SL\",\"potentialAction\":[{\"@type\":\"SearchAction\",\"target\":{\"@type\":\"EntryPoint\",\"urlTemplate\":\"https:\/\/demoweb.info\/sexshop001\/?s={search_term_string}\"},\"query-input\":\"required name=search_term_string\"}],\"inLanguage\":\"es\"}]}<\/script>\n<!-- \/ Yoast SEO plugin. -->","yoast_head_json":{"title":"KHEPER GAMES - FOREPLAY JUEGO PARA EL BA\u00d1O - Tienda Er\u00f3tica","robots":{"index":"noindex","follow":"follow","max-snippet":"max-snippet:-1","max-image-preview":"max-image-preview:large","max-video-preview":"max-video-preview:-1"},"og_locale":"es_ES","og_type":"article","og_title":"KHEPER GAMES - FOREPLAY JUEGO PARA EL BA\u00d1O - Tienda Er\u00f3tica","og_description":"KHEPER GAMES &#8211; FOREPLAY BATH SET \u00a1Calienta tu ba\u00f1era sin usar el agua caliente! Cada paquete incluye 150 gr de","og_url":"https:\/\/demoweb.info\/sexshop001\/producto\/kheper-games-foreplay-juego-para-el-bano\/","og_site_name":"Tienda Er\u00f3tica","article_modified_time":"2022-01-22T17:38:30+00:00","og_image":[{"width":550,"height":550,"url":"https:\/\/demoweb.info\/sexshop001\/wp-content\/uploads\/2022\/01\/KHEPER-GAMES-FOREPLAY-JUEGO-PARA-EL-BANO.jpg","type":"image\/jpeg"}],"twitter_card":"summary_large_image","schema":{"@context":"https:\/\/schema.org","@graph":[{"@type":"WebPage","@id":"https:\/\/demoweb.info\/sexshop001\/producto\/kheper-games-foreplay-juego-para-el-bano\/","url":"https:\/\/demoweb.info\/sexshop001\/producto\/kheper-games-foreplay-juego-para-el-bano\/","name":"KHEPER GAMES - FOREPLAY JUEGO PARA EL BA\u00d1O - Tienda Er\u00f3tica","isPartOf":{"@id":"https:\/\/demoweb.info\/sexshop001\/#website"},"datePublished":"2022-01-22T17:38:09+00:00","dateModified":"2022-01-22T17:38:30+00:00","breadcrumb":{"@id":"https:\/\/demoweb.info\/sexshop001\/producto\/kheper-games-foreplay-juego-para-el-bano\/#breadcrumb"},"inLanguage":"es","potentialAction":[{"@type":"ReadAction","target":["https:\/\/demoweb.info\/sexshop001\/producto\/kheper-games-foreplay-juego-para-el-bano\/"]}]},{"@type":"BreadcrumbList","@id":"https:\/\/demoweb.info\/sexshop001\/producto\/kheper-games-foreplay-juego-para-el-bano\/#breadcrumb","itemListElement":[{"@type":"ListItem","position":1,"name":"Portada","item":"https:\/\/demoweb.info\/sexshop001\/"},{"@type":"ListItem","position":2,"name":"Tienda","item":"https:\/\/demoweb.info\/sexshop001\/tienda\/"},{"@type":"ListItem","position":3,"name":"KHEPER GAMES &#8211; FOREPLAY JUEGO PARA EL BA\u00d1O"}]},{"@type":"WebSite","@id":"https:\/\/demoweb.info\/sexshop001\/#website","url":"https:\/\/demoweb.info\/sexshop001\/","name":"Tienda Er\u00f3tica","description":"DEMOWEB SL","potentialAction":[{"@type":"SearchAction","target":{"@type":"EntryPoint","urlTemplate":"https:\/\/demoweb.info\/sexshop001\/?s={search_term_string}"},"query-input":"required name=search_term_string"}],"inLanguage":"es"}]}},"_links":{"self":[{"href":"https:\/\/demoweb.info\/sexshop001\/wp-json\/wp\/v3\/product\/63387","targetHints":{"allow":["GET"]}}],"collection":[{"href":"https:\/\/demoweb.info\/sexshop001\/wp-json\/wp\/v3\/product"}],"about":[{"href":"https:\/\/demoweb.info\/sexshop001\/wp-json\/wp\/v2\/types\/product"}],"replies":[{"embeddable":true,"href":"https:\/\/demoweb.info\/sexshop001\/wp-json\/wp\/v2\/comments?post=63387"}],"wp:featuredmedia":[{"embeddable":true,"href":"https:\/\/demoweb.info\/sexshop001\/wp-json\/wp\/v2\/media\/63388"}],"wp:attachment":[{"href":"https:\/\/demoweb.info\/sexshop001\/wp-json\/wp\/v2\/media?parent=63387"}],"wp:term":[{"taxonomy":"product_cat","embeddable":true,"href":"https:\/\/demoweb.info\/sexshop001\/wp-json\/wp\/v2\/product_cat?post=63387"},{"taxonomy":"product_tag","embeddable":true,"href":"https:\/\/demoweb.info\/sexshop001\/wp-json\/wp\/v2\/product_tag?post=63387"}],"curies":[{"name":"wp","href":"https:\/\/api.w.org\/{rel}","templated":true}]}}