{"id":63360,"date":"2022-01-22T18:38:09","date_gmt":"2022-01-22T17:38:09","guid":{"rendered":"https:\/\/demoweb.info\/sexshop001\/producto\/feelztoys-ella-lipstick-vibrador-azul\/"},"modified":"2022-01-22T18:38:09","modified_gmt":"2022-01-22T17:38:09","slug":"feelztoys-ella-lipstick-vibrador-azul","status":"publish","type":"product","link":"https:\/\/demoweb.info\/sexshop001\/producto\/feelztoys-ella-lipstick-vibrador-azul\/","title":{"rendered":"FEELZTOYS &#8211; ELLA LIPSTICK VIBRADOR AZUL"},"content":{"rendered":"<p><strong>FEELZTOYS &#8211; ELLA LIPSTICK VIBRATOR <\/strong><\/p>\n<p>\u00bfTienes curiosidad por un vibrador y te gustar\u00eda probar uno que sea moderno y de tama\u00f1o de viaje, para que nadie se de cuenta si lo llevas contigo? \u00a1Entonces los vibradores de ELLA Lipstick son tu nuevo BFF!<\/p>\n<p>Los vibradores ELLA Lipstick son dulces, b\u00e1sicos y brindan fuertes vibraciones en ambos lados. Con su dimensi\u00f3n robusta de 12 cm, podr\u00e1s llevar estos masajeadores de viaje a donde quiera que vayas. Perfectos para experimentar en cualquier momento y en cualquier lugar.<\/p>\n<p>Estos vibradores vienen en cajas modernas, tienes 3 preciosos colores para elegir y lo mejor de todo: \u00a1tienen un nivel de precios muy aceptable!<\/p>\n<p>Los vibradores ELLA son resistentes al agua, por lo que puedes limpiarlos f\u00e1cilmente debajo del grifo. No tendr\u00e1s problemas para recargarlos, ya que reciben alimentaci\u00f3n con 1 pila AAA (no incluida).<\/p>\n<p>Caracter\u00edstcicas:<br \/>\n&#8211; Fuertes vibraciones<br \/>\n&#8211; Motor silencioso susurro<br \/>\n&#8211; Funciona con pilas: 1xAAA-Battery (no incluida)<br \/>\n&#8211; Material de Body Safe (libre de ftalatos)<br \/>\n&#8211; No hay materiales olorosos.<br \/>\n&#8211; Usabilidad a ambos lados.<br \/>\n&#8211; Dimensi\u00f3n del tama\u00f1o del recorrido (125mm x 28mm)<br \/>\n&#8211; A prueba de salpicaduras (en modo &#39;on&#39;)<\/p>\n","protected":false},"excerpt":{"rendered":"<p>FEELZTOYS &#8211; ELLA LIPSTICK VIBRATOR \u00bfTienes curiosidad por un vibrador y te gustar\u00eda probar uno que sea moderno y de<\/p>\n","protected":false},"featured_media":63361,"comment_status":"open","ping_status":"open","template":"","meta":[],"product_cat":[995],"product_tag":[373],"class_list":["post-63360","product","type-product","status-publish","has-post-thumbnail","hentry","product_cat-pintalabios","product_tag-feelztoys"],"bundled_by":[],"bundle_stock_status":"instock","bundle_stock_quantity":2,"bundle_virtual":false,"bundle_layout":"","bundle_add_to_cart_form_location":"","bundle_editable_in_cart":false,"bundle_sold_individually_context":"","bundle_item_grouping":"","bundle_min_size":"","bundle_max_size":"","bundled_items":[],"yoast_head":"<!-- This site is optimized with the Yoast SEO plugin v20.6 - https:\/\/yoast.com\/wordpress\/plugins\/seo\/ -->\n<title>FEELZTOYS - ELLA LIPSTICK VIBRADOR AZUL - Tienda Er\u00f3tica<\/title>\n<meta name=\"robots\" content=\"noindex, follow, max-snippet:-1, max-image-preview:large, max-video-preview:-1\" \/>\n<meta property=\"og:locale\" content=\"es_ES\" \/>\n<meta property=\"og:type\" content=\"article\" \/>\n<meta property=\"og:title\" content=\"FEELZTOYS - ELLA LIPSTICK VIBRADOR AZUL - Tienda Er\u00f3tica\" \/>\n<meta property=\"og:description\" content=\"FEELZTOYS &#8211; ELLA LIPSTICK VIBRATOR \u00bfTienes curiosidad por un vibrador y te gustar\u00eda probar uno que sea moderno y de\" \/>\n<meta property=\"og:url\" content=\"https:\/\/demoweb.info\/sexshop001\/producto\/feelztoys-ella-lipstick-vibrador-azul\/\" \/>\n<meta property=\"og:site_name\" content=\"Tienda Er\u00f3tica\" \/>\n<meta property=\"og:image\" content=\"https:\/\/demoweb.info\/sexshop001\/wp-content\/uploads\/2022\/01\/FEELZTOYS-ELLA-LIPSTICK-VIBRADOR-AZUL.jpg\" \/>\n\t<meta property=\"og:image:width\" content=\"550\" \/>\n\t<meta property=\"og:image:height\" content=\"550\" \/>\n\t<meta property=\"og:image:type\" content=\"image\/jpeg\" \/>\n<meta name=\"twitter:card\" content=\"summary_large_image\" \/>\n<meta name=\"twitter:label1\" content=\"Tiempo de lectura\" \/>\n\t<meta name=\"twitter:data1\" content=\"1 minuto\" \/>\n<script type=\"application\/ld+json\" class=\"yoast-schema-graph\">{\"@context\":\"https:\/\/schema.org\",\"@graph\":[{\"@type\":\"WebPage\",\"@id\":\"https:\/\/demoweb.info\/sexshop001\/producto\/feelztoys-ella-lipstick-vibrador-azul\/\",\"url\":\"https:\/\/demoweb.info\/sexshop001\/producto\/feelztoys-ella-lipstick-vibrador-azul\/\",\"name\":\"FEELZTOYS - ELLA LIPSTICK VIBRADOR AZUL - Tienda Er\u00f3tica\",\"isPartOf\":{\"@id\":\"https:\/\/demoweb.info\/sexshop001\/#website\"},\"datePublished\":\"2022-01-22T17:38:09+00:00\",\"dateModified\":\"2022-01-22T17:38:09+00:00\",\"breadcrumb\":{\"@id\":\"https:\/\/demoweb.info\/sexshop001\/producto\/feelztoys-ella-lipstick-vibrador-azul\/#breadcrumb\"},\"inLanguage\":\"es\",\"potentialAction\":[{\"@type\":\"ReadAction\",\"target\":[\"https:\/\/demoweb.info\/sexshop001\/producto\/feelztoys-ella-lipstick-vibrador-azul\/\"]}]},{\"@type\":\"BreadcrumbList\",\"@id\":\"https:\/\/demoweb.info\/sexshop001\/producto\/feelztoys-ella-lipstick-vibrador-azul\/#breadcrumb\",\"itemListElement\":[{\"@type\":\"ListItem\",\"position\":1,\"name\":\"Portada\",\"item\":\"https:\/\/demoweb.info\/sexshop001\/\"},{\"@type\":\"ListItem\",\"position\":2,\"name\":\"Tienda\",\"item\":\"https:\/\/demoweb.info\/sexshop001\/tienda\/\"},{\"@type\":\"ListItem\",\"position\":3,\"name\":\"FEELZTOYS &#8211; ELLA LIPSTICK VIBRADOR AZUL\"}]},{\"@type\":\"WebSite\",\"@id\":\"https:\/\/demoweb.info\/sexshop001\/#website\",\"url\":\"https:\/\/demoweb.info\/sexshop001\/\",\"name\":\"Tienda Er\u00f3tica\",\"description\":\"DEMOWEB SL\",\"potentialAction\":[{\"@type\":\"SearchAction\",\"target\":{\"@type\":\"EntryPoint\",\"urlTemplate\":\"https:\/\/demoweb.info\/sexshop001\/?s={search_term_string}\"},\"query-input\":\"required name=search_term_string\"}],\"inLanguage\":\"es\"}]}<\/script>\n<!-- \/ Yoast SEO plugin. -->","yoast_head_json":{"title":"FEELZTOYS - ELLA LIPSTICK VIBRADOR AZUL - Tienda Er\u00f3tica","robots":{"index":"noindex","follow":"follow","max-snippet":"max-snippet:-1","max-image-preview":"max-image-preview:large","max-video-preview":"max-video-preview:-1"},"og_locale":"es_ES","og_type":"article","og_title":"FEELZTOYS - ELLA LIPSTICK VIBRADOR AZUL - Tienda Er\u00f3tica","og_description":"FEELZTOYS &#8211; ELLA LIPSTICK VIBRATOR \u00bfTienes curiosidad por un vibrador y te gustar\u00eda probar uno que sea moderno y de","og_url":"https:\/\/demoweb.info\/sexshop001\/producto\/feelztoys-ella-lipstick-vibrador-azul\/","og_site_name":"Tienda Er\u00f3tica","og_image":[{"width":550,"height":550,"url":"https:\/\/demoweb.info\/sexshop001\/wp-content\/uploads\/2022\/01\/FEELZTOYS-ELLA-LIPSTICK-VIBRADOR-AZUL.jpg","type":"image\/jpeg"}],"twitter_card":"summary_large_image","twitter_misc":{"Tiempo de lectura":"1 minuto"},"schema":{"@context":"https:\/\/schema.org","@graph":[{"@type":"WebPage","@id":"https:\/\/demoweb.info\/sexshop001\/producto\/feelztoys-ella-lipstick-vibrador-azul\/","url":"https:\/\/demoweb.info\/sexshop001\/producto\/feelztoys-ella-lipstick-vibrador-azul\/","name":"FEELZTOYS - ELLA LIPSTICK VIBRADOR AZUL - Tienda Er\u00f3tica","isPartOf":{"@id":"https:\/\/demoweb.info\/sexshop001\/#website"},"datePublished":"2022-01-22T17:38:09+00:00","dateModified":"2022-01-22T17:38:09+00:00","breadcrumb":{"@id":"https:\/\/demoweb.info\/sexshop001\/producto\/feelztoys-ella-lipstick-vibrador-azul\/#breadcrumb"},"inLanguage":"es","potentialAction":[{"@type":"ReadAction","target":["https:\/\/demoweb.info\/sexshop001\/producto\/feelztoys-ella-lipstick-vibrador-azul\/"]}]},{"@type":"BreadcrumbList","@id":"https:\/\/demoweb.info\/sexshop001\/producto\/feelztoys-ella-lipstick-vibrador-azul\/#breadcrumb","itemListElement":[{"@type":"ListItem","position":1,"name":"Portada","item":"https:\/\/demoweb.info\/sexshop001\/"},{"@type":"ListItem","position":2,"name":"Tienda","item":"https:\/\/demoweb.info\/sexshop001\/tienda\/"},{"@type":"ListItem","position":3,"name":"FEELZTOYS &#8211; ELLA LIPSTICK VIBRADOR AZUL"}]},{"@type":"WebSite","@id":"https:\/\/demoweb.info\/sexshop001\/#website","url":"https:\/\/demoweb.info\/sexshop001\/","name":"Tienda Er\u00f3tica","description":"DEMOWEB SL","potentialAction":[{"@type":"SearchAction","target":{"@type":"EntryPoint","urlTemplate":"https:\/\/demoweb.info\/sexshop001\/?s={search_term_string}"},"query-input":"required name=search_term_string"}],"inLanguage":"es"}]}},"_links":{"self":[{"href":"https:\/\/demoweb.info\/sexshop001\/wp-json\/wp\/v3\/product\/63360","targetHints":{"allow":["GET"]}}],"collection":[{"href":"https:\/\/demoweb.info\/sexshop001\/wp-json\/wp\/v3\/product"}],"about":[{"href":"https:\/\/demoweb.info\/sexshop001\/wp-json\/wp\/v2\/types\/product"}],"replies":[{"embeddable":true,"href":"https:\/\/demoweb.info\/sexshop001\/wp-json\/wp\/v2\/comments?post=63360"}],"wp:featuredmedia":[{"embeddable":true,"href":"https:\/\/demoweb.info\/sexshop001\/wp-json\/wp\/v2\/media\/63361"}],"wp:attachment":[{"href":"https:\/\/demoweb.info\/sexshop001\/wp-json\/wp\/v2\/media?parent=63360"}],"wp:term":[{"taxonomy":"product_cat","embeddable":true,"href":"https:\/\/demoweb.info\/sexshop001\/wp-json\/wp\/v2\/product_cat?post=63360"},{"taxonomy":"product_tag","embeddable":true,"href":"https:\/\/demoweb.info\/sexshop001\/wp-json\/wp\/v2\/product_tag?post=63360"}],"curies":[{"name":"wp","href":"https:\/\/api.w.org\/{rel}","templated":true}]}}